{"id":39796,"date":"2022-01-22T14:15:55","date_gmt":"2022-01-22T13:15:55","guid":{"rendered":"https:\/\/demoweb.info\/sexshop001\/producto\/le-desir-sexy-lingerie-calendario-de-adviento\/"},"modified":"2022-01-22T14:15:55","modified_gmt":"2022-01-22T13:15:55","slug":"le-desir-sexy-lingerie-calendario-de-adviento","status":"publish","type":"product","link":"https:\/\/demoweb.info\/sexshop001\/producto\/le-desir-sexy-lingerie-calendario-de-adviento\/","title":{"rendered":"LE DESIR SEXY LINGERIE CALENDARIO DE ADVIENTO"},"content":{"rendered":"<p><strong>LE DESIR SEXY LINGERIE CALENDER <\/strong><\/p>\n<p>Este set de regalo de Le Desir est\u00e1 repleto de sorpresas sexys para mantenerte entretenido durante d\u00edas. La elecci\u00f3n es tuya cu\u00e1ndo (y cu\u00e1ntos) abre.S La funda intercambiable alrededor de la caja lo convierte en el regalo perfecto para regalar no solo durante las vacaciones, sino durante todo el a\u00f1o.<\/p>\n<p>Lleno de ocho obsequios especiales, se garantizan ocho nuevas aventuras en el dormitorio. Pero estamos seguros de que los art\u00edculos te ser\u00e1n \u00fatiles con m\u00e1s frecuencia.<\/p>\n<p>Desde lencer\u00eda sensual hasta juguetes vibradores sexys, siempre te sorprender\u00e1s. La caja de regalo se ve y se siente tan lujosa como los art\u00edculos que encuentras en el interior, lo que hace que abrir los regalos sea una fiesta por s\u00ed sola.<\/p>\n<p>Pensar en el pr\u00f3ximo regalo te traer\u00e1 una sensaci\u00f3n de emoci\u00f3n durante el d\u00eda y te har\u00e1 desear tu dormitorio como nunca antes. Ya sea que decidas quedarte con estos obsequios para t\u00ed o si los vas a abrir y usar junto con un compa\u00f1ero, este conjunto es puro placer.<\/p>\n<p>La caja de m\u00faltiples obsequios de Le Desir: puedes elegir si quieres convertirte en un santa secreto muy sexy o simplemente regalar diversi\u00f3n sexy durante d\u00edas y d\u00edas en un cumplea\u00f1os, una despedida de soltero o, por ejemplo, un aniversario de boda.<\/p>\n<p>Incluye:<\/p>\n<p><strong>2 conjuntos de lencer\u00eda LE DESIR<\/strong><\/p>\n<p>\n<strong>Bala<\/strong><br \/>\nDimensiones: 10x2x2 cm<br \/>\nPeso: 27 gramos<br \/>\nMaterial: ABS, Silicona<br \/>\nModos de velocidad: 10<br \/>\nMultivelocidad: s\u00ed<br \/>\nRecargable: si<br \/>\nTiempo de recarga: 120 minutos.<br \/>\nVida \u00fatil de la bater\u00eda recargada: 60 minutos<\/p>\n<p><strong>Varita m\u00e1gica<\/strong><br \/>\nDimensiones: 15,5&#215;3,6&#215;3,6 cm<br \/>\nPeso: 90 gramos<br \/>\nMaterial: ABS, Silicona<br \/>\nModos de velocidad: 10<br \/>\nMultivelocidad: s\u00ed<br \/>\nRecargable: si<br \/>\nTiempo de recarga: 120 minutos.<br \/>\nVida \u00fatil de la bater\u00eda recargada: 60 minutos<\/p>\n<p><strong>Esposas<\/strong><br \/>\nDimensiones: 5&#215;0,8&#215;37 cm<br \/>\nPeso: 24 gramos.<br \/>\nMaterial: Encaje, Banda el\u00e1stica, Metal<\/p>\n<p><strong>Mascara para los ojos<\/strong><br \/>\nDimensiones: 20&#215;7,5&#215;0,2 cm<br \/>\nPeso: 5 gramos<br \/>\nMaterial: poli\u00e9ster, cinta<\/p>\n<p><strong>L\u00e1tigo<\/strong><br \/>\nDimensiones: 1.2&#215;1.2&#215;45 cm<br \/>\nPeso: 17 gramos<br \/>\nMaterial: poli\u00e9ster, metal, cinta de seda, ABS<\/p>\n<p>Todos los art\u00edculos son libres de ftalatos.<\/p>\n","protected":false},"excerpt":{"rendered":"<p>LE DESIR SEXY LINGERIE CALENDER Este set de regalo de Le Desir est\u00e1 repleto de sorpresas sexys para mantenerte entretenido<\/p>\n","protected":false},"featured_media":39797,"comment_status":"open","ping_status":"open","template":"","meta":[],"product_cat":[836],"product_tag":[935,302],"class_list":["post-39796","product","type-product","status-publish","has-post-thumbnail","hentry","product_cat-date-un-capricho","product_tag-le-desir","product_tag-shots"],"bundled_by":[],"bundle_stock_status":"instock","bundle_stock_quantity":14,"bundle_virtual":false,"bundle_layout":"","bundle_add_to_cart_form_location":"","bundle_editable_in_cart":false,"bundle_sold_individually_context":"","bundle_item_grouping":"","bundle_min_size":"","bundle_max_size":"","bundled_items":[],"yoast_head":"<!-- This site is optimized with the Yoast SEO plugin v20.6 - https:\/\/yoast.com\/wordpress\/plugins\/seo\/ -->\n<title>LE DESIR SEXY LINGERIE CALENDARIO DE ADVIENTO - Tienda Er\u00f3tica<\/title>\n<meta name=\"robots\" content=\"noindex, follow, max-snippet:-1, max-image-preview:large, max-video-preview:-1\" \/>\n<meta property=\"og:locale\" content=\"es_ES\" \/>\n<meta property=\"og:type\" content=\"article\" \/>\n<meta property=\"og:title\" content=\"LE DESIR SEXY LINGERIE CALENDARIO DE ADVIENTO - Tienda Er\u00f3tica\" \/>\n<meta property=\"og:description\" content=\"LE DESIR SEXY LINGERIE CALENDER Este set de regalo de Le Desir est\u00e1 repleto de sorpresas sexys para mantenerte entretenido\" \/>\n<meta property=\"og:url\" content=\"https:\/\/demoweb.info\/sexshop001\/producto\/le-desir-sexy-lingerie-calendario-de-adviento\/\" \/>\n<meta property=\"og:site_name\" content=\"Tienda Er\u00f3tica\" \/>\n<meta property=\"og:image\" content=\"https:\/\/demoweb.info\/sexshop001\/wp-content\/uploads\/2022\/01\/LE-DESIR-SEXY-LINGERIE-CALENDARIO-DE-ADVIENTO.jpg\" \/>\n\t<meta property=\"og:image:width\" content=\"550\" \/>\n\t<meta property=\"og:image:height\" content=\"550\" \/>\n\t<meta property=\"og:image:type\" content=\"image\/jpeg\" \/>\n<meta name=\"twitter:card\" content=\"summary_large_image\" \/>\n<meta name=\"twitter:label1\" content=\"Tiempo de lectura\" \/>\n\t<meta name=\"twitter:data1\" content=\"2 minutos\" \/>\n<script type=\"application\/ld+json\" class=\"yoast-schema-graph\">{\"@context\":\"https:\/\/schema.org\",\"@graph\":[{\"@type\":\"WebPage\",\"@id\":\"https:\/\/demoweb.info\/sexshop001\/producto\/le-desir-sexy-lingerie-calendario-de-adviento\/\",\"url\":\"https:\/\/demoweb.info\/sexshop001\/producto\/le-desir-sexy-lingerie-calendario-de-adviento\/\",\"name\":\"LE DESIR SEXY LINGERIE CALENDARIO DE ADVIENTO - Tienda Er\u00f3tica\",\"isPartOf\":{\"@id\":\"https:\/\/demoweb.info\/sexshop001\/#website\"},\"datePublished\":\"2022-01-22T13:15:55+00:00\",\"dateModified\":\"2022-01-22T13:15:55+00:00\",\"breadcrumb\":{\"@id\":\"https:\/\/demoweb.info\/sexshop001\/producto\/le-desir-sexy-lingerie-calendario-de-adviento\/#breadcrumb\"},\"inLanguage\":\"es\",\"potentialAction\":[{\"@type\":\"ReadAction\",\"target\":[\"https:\/\/demoweb.info\/sexshop001\/producto\/le-desir-sexy-lingerie-calendario-de-adviento\/\"]}]},{\"@type\":\"BreadcrumbList\",\"@id\":\"https:\/\/demoweb.info\/sexshop001\/producto\/le-desir-sexy-lingerie-calendario-de-adviento\/#breadcrumb\",\"itemListElement\":[{\"@type\":\"ListItem\",\"position\":1,\"name\":\"Portada\",\"item\":\"https:\/\/demoweb.info\/sexshop001\/\"},{\"@type\":\"ListItem\",\"position\":2,\"name\":\"Tienda\",\"item\":\"https:\/\/demoweb.info\/sexshop001\/tienda\/\"},{\"@type\":\"ListItem\",\"position\":3,\"name\":\"LE DESIR SEXY LINGERIE CALENDARIO DE ADVIENTO\"}]},{\"@type\":\"WebSite\",\"@id\":\"https:\/\/demoweb.info\/sexshop001\/#website\",\"url\":\"https:\/\/demoweb.info\/sexshop001\/\",\"name\":\"Tienda Er\u00f3tica\",\"description\":\"DEMOWEB SL\",\"potentialAction\":[{\"@type\":\"SearchAction\",\"target\":{\"@type\":\"EntryPoint\",\"urlTemplate\":\"https:\/\/demoweb.info\/sexshop001\/?s={search_term_string}\"},\"query-input\":\"required name=search_term_string\"}],\"inLanguage\":\"es\"}]}<\/script>\n<!-- \/ Yoast SEO plugin. -->","yoast_head_json":{"title":"LE DESIR SEXY LINGERIE CALENDARIO DE ADVIENTO - Tienda Er\u00f3tica","robots":{"index":"noindex","follow":"follow","max-snippet":"max-snippet:-1","max-image-preview":"max-image-preview:large","max-video-preview":"max-video-preview:-1"},"og_locale":"es_ES","og_type":"article","og_title":"LE DESIR SEXY LINGERIE CALENDARIO DE ADVIENTO - Tienda Er\u00f3tica","og_description":"LE DESIR SEXY LINGERIE CALENDER Este set de regalo de Le Desir est\u00e1 repleto de sorpresas sexys para mantenerte entretenido","og_url":"https:\/\/demoweb.info\/sexshop001\/producto\/le-desir-sexy-lingerie-calendario-de-adviento\/","og_site_name":"Tienda Er\u00f3tica","og_image":[{"width":550,"height":550,"url":"https:\/\/demoweb.info\/sexshop001\/wp-content\/uploads\/2022\/01\/LE-DESIR-SEXY-LINGERIE-CALENDARIO-DE-ADVIENTO.jpg","type":"image\/jpeg"}],"twitter_card":"summary_large_image","twitter_misc":{"Tiempo de lectura":"2 minutos"},"schema":{"@context":"https:\/\/schema.org","@graph":[{"@type":"WebPage","@id":"https:\/\/demoweb.info\/sexshop001\/producto\/le-desir-sexy-lingerie-calendario-de-adviento\/","url":"https:\/\/demoweb.info\/sexshop001\/producto\/le-desir-sexy-lingerie-calendario-de-adviento\/","name":"LE DESIR SEXY LINGERIE CALENDARIO DE ADVIENTO - Tienda Er\u00f3tica","isPartOf":{"@id":"https:\/\/demoweb.info\/sexshop001\/#website"},"datePublished":"2022-01-22T13:15:55+00:00","dateModified":"2022-01-22T13:15:55+00:00","breadcrumb":{"@id":"https:\/\/demoweb.info\/sexshop001\/producto\/le-desir-sexy-lingerie-calendario-de-adviento\/#breadcrumb"},"inLanguage":"es","potentialAction":[{"@type":"ReadAction","target":["https:\/\/demoweb.info\/sexshop001\/producto\/le-desir-sexy-lingerie-calendario-de-adviento\/"]}]},{"@type":"BreadcrumbList","@id":"https:\/\/demoweb.info\/sexshop001\/producto\/le-desir-sexy-lingerie-calendario-de-adviento\/#breadcrumb","itemListElement":[{"@type":"ListItem","position":1,"name":"Portada","item":"https:\/\/demoweb.info\/sexshop001\/"},{"@type":"ListItem","position":2,"name":"Tienda","item":"https:\/\/demoweb.info\/sexshop001\/tienda\/"},{"@type":"ListItem","position":3,"name":"LE DESIR SEXY LINGERIE CALENDARIO DE ADVIENTO"}]},{"@type":"WebSite","@id":"https:\/\/demoweb.info\/sexshop001\/#website","url":"https:\/\/demoweb.info\/sexshop001\/","name":"Tienda Er\u00f3tica","description":"DEMOWEB SL","potentialAction":[{"@type":"SearchAction","target":{"@type":"EntryPoint","urlTemplate":"https:\/\/demoweb.info\/sexshop001\/?s={search_term_string}"},"query-input":"required name=search_term_string"}],"inLanguage":"es"}]}},"_links":{"self":[{"href":"https:\/\/demoweb.info\/sexshop001\/wp-json\/wp\/v3\/product\/39796","targetHints":{"allow":["GET"]}}],"collection":[{"href":"https:\/\/demoweb.info\/sexshop001\/wp-json\/wp\/v3\/product"}],"about":[{"href":"https:\/\/demoweb.info\/sexshop001\/wp-json\/wp\/v2\/types\/product"}],"replies":[{"embeddable":true,"href":"https:\/\/demoweb.info\/sexshop001\/wp-json\/wp\/v2\/comments?post=39796"}],"wp:featuredmedia":[{"embeddable":true,"href":"https:\/\/demoweb.info\/sexshop001\/wp-json\/wp\/v2\/media\/39797"}],"wp:attachment":[{"href":"https:\/\/demoweb.info\/sexshop001\/wp-json\/wp\/v2\/media?parent=39796"}],"wp:term":[{"taxonomy":"product_cat","embeddable":true,"href":"https:\/\/demoweb.info\/sexshop001\/wp-json\/wp\/v2\/product_cat?post=39796"},{"taxonomy":"product_tag","embeddable":true,"href":"https:\/\/demoweb.info\/sexshop001\/wp-json\/wp\/v2\/product_tag?post=39796"}],"curies":[{"name":"wp","href":"https:\/\/api.w.org\/{rel}","templated":true}]}}