{"id":39794,"date":"2022-01-22T14:15:37","date_gmt":"2022-01-22T13:15:37","guid":{"rendered":"https:\/\/demoweb.info\/sexshop001\/producto\/almas\/"},"modified":"2022-01-22T14:15:53","modified_gmt":"2022-01-22T13:15:53","slug":"almas","status":"publish","type":"product","link":"https:\/\/demoweb.info\/sexshop001\/producto\/almas\/","title":{"rendered":"ALMAS"},"content":{"rendered":"<p><strong>ALMAS<\/strong><\/p>\n<p>Noemi Casquet.<\/p>\n<p>Descubre el final de la bilog\u00eda Cuerpos y Almas de @mamacasquet<\/p>\n<p>Todo cuerpo es un disfraz. Toda alma esconde una verdad.<\/p>\n<p>\u00bfQue es lo evidente?, te preguntar\u00e1s. Lo evidente es que todo forma parte de un plan maestro para que las almas se encuentren.<\/p>\n<p>As\u00ed comienza el enigm\u00e1tico manuscrito que el hombre de las gafas redondas entrega a Ruth en el momento m\u00e1s desconcertante de su vida. Entre sus p\u00e1ginas, ella encontrar\u00e1 un hilo del que tirar para deshacer su madeja de disfraces y mentiras.<\/p>\n<p>\u00bfQuien es ese desconocido que aparece y se desvanece como por arte de magia en las noches m\u00e1s locas de Madrid? \u00bfPor que se tropieza siempre con el en esas madrugadas de polvos blancos y pastillas del amor? \u00bfPueden dos almas sincronizarse con un choque de pupilas?<\/p>\n<p>Es hora de terminar el juego y dejar caer los disfraces. Porque una mentira compartida puede convertirse, de pronto, en la verdad.<\/p>\n<ul>\n<li>N&ordm; de p\u00e1ginas: 352<\/li>\n<li>Editorial: S.A. EDICIONES B<\/li>\n<li>Idioma: CASTELLANO<\/li>\n<li>Encuadernaci\u00f3n: Tapa blanda<\/li>\n<li>ISBN: 9788466669924<\/li>\n<li>A\u00f1o de edici\u00f3n: 2021<\/li>\n<li>Plaza de edici\u00f3n: ES<\/li>\n<li>Fecha de lanzamiento: 04\/11\/2021<\/li>\n<\/ul>\n","protected":false},"excerpt":{"rendered":"<p>ALMAS Noemi Casquet. Descubre el final de la bilog\u00eda Cuerpos y Almas de @mamacasquet Todo cuerpo es un disfraz. Toda<\/p>\n","protected":false},"featured_media":39795,"comment_status":"open","ping_status":"open","template":"","meta":[],"product_cat":[414],"product_tag":[945],"class_list":["post-39794","product","type-product","status-publish","has-post-thumbnail","hentry","product_cat-libros","product_tag-ediciones-b"],"bundled_by":[],"bundle_stock_status":"instock","bundle_stock_quantity":3,"bundle_virtual":false,"bundle_layout":"","bundle_add_to_cart_form_location":"","bundle_editable_in_cart":false,"bundle_sold_individually_context":"","bundle_item_grouping":"","bundle_min_size":"","bundle_max_size":"","bundled_items":[],"yoast_head":"<!-- This site is optimized with the Yoast SEO plugin v20.6 - https:\/\/yoast.com\/wordpress\/plugins\/seo\/ -->\n<title>ALMAS - Tienda Er\u00f3tica<\/title>\n<meta name=\"robots\" content=\"noindex, follow, max-snippet:-1, max-image-preview:large, max-video-preview:-1\" \/>\n<meta property=\"og:locale\" content=\"es_ES\" \/>\n<meta property=\"og:type\" content=\"article\" \/>\n<meta property=\"og:title\" content=\"ALMAS - Tienda Er\u00f3tica\" \/>\n<meta property=\"og:description\" content=\"ALMAS Noemi Casquet. Descubre el final de la bilog\u00eda Cuerpos y Almas de @mamacasquet Todo cuerpo es un disfraz. Toda\" \/>\n<meta property=\"og:url\" content=\"https:\/\/demoweb.info\/sexshop001\/producto\/almas\/\" \/>\n<meta property=\"og:site_name\" content=\"Tienda Er\u00f3tica\" \/>\n<meta property=\"article:modified_time\" content=\"2022-01-22T13:15:53+00:00\" \/>\n<meta property=\"og:image\" content=\"https:\/\/demoweb.info\/sexshop001\/wp-content\/uploads\/2022\/01\/ALMAS.jpg\" \/>\n\t<meta property=\"og:image:width\" content=\"550\" \/>\n\t<meta property=\"og:image:height\" content=\"550\" \/>\n\t<meta property=\"og:image:type\" content=\"image\/jpeg\" \/>\n<meta name=\"twitter:card\" content=\"summary_large_image\" \/>\n<meta name=\"twitter:label1\" content=\"Tiempo de lectura\" \/>\n\t<meta name=\"twitter:data1\" content=\"1 minuto\" \/>\n<script type=\"application\/ld+json\" class=\"yoast-schema-graph\">{\"@context\":\"https:\/\/schema.org\",\"@graph\":[{\"@type\":\"WebPage\",\"@id\":\"https:\/\/demoweb.info\/sexshop001\/producto\/almas\/\",\"url\":\"https:\/\/demoweb.info\/sexshop001\/producto\/almas\/\",\"name\":\"ALMAS - Tienda Er\u00f3tica\",\"isPartOf\":{\"@id\":\"https:\/\/demoweb.info\/sexshop001\/#website\"},\"datePublished\":\"2022-01-22T13:15:37+00:00\",\"dateModified\":\"2022-01-22T13:15:53+00:00\",\"breadcrumb\":{\"@id\":\"https:\/\/demoweb.info\/sexshop001\/producto\/almas\/#breadcrumb\"},\"inLanguage\":\"es\",\"potentialAction\":[{\"@type\":\"ReadAction\",\"target\":[\"https:\/\/demoweb.info\/sexshop001\/producto\/almas\/\"]}]},{\"@type\":\"BreadcrumbList\",\"@id\":\"https:\/\/demoweb.info\/sexshop001\/producto\/almas\/#breadcrumb\",\"itemListElement\":[{\"@type\":\"ListItem\",\"position\":1,\"name\":\"Portada\",\"item\":\"https:\/\/demoweb.info\/sexshop001\/\"},{\"@type\":\"ListItem\",\"position\":2,\"name\":\"Tienda\",\"item\":\"https:\/\/demoweb.info\/sexshop001\/tienda\/\"},{\"@type\":\"ListItem\",\"position\":3,\"name\":\"ALMAS\"}]},{\"@type\":\"WebSite\",\"@id\":\"https:\/\/demoweb.info\/sexshop001\/#website\",\"url\":\"https:\/\/demoweb.info\/sexshop001\/\",\"name\":\"Tienda Er\u00f3tica\",\"description\":\"DEMOWEB SL\",\"potentialAction\":[{\"@type\":\"SearchAction\",\"target\":{\"@type\":\"EntryPoint\",\"urlTemplate\":\"https:\/\/demoweb.info\/sexshop001\/?s={search_term_string}\"},\"query-input\":\"required name=search_term_string\"}],\"inLanguage\":\"es\"}]}<\/script>\n<!-- \/ Yoast SEO plugin. -->","yoast_head_json":{"title":"ALMAS - Tienda Er\u00f3tica","robots":{"index":"noindex","follow":"follow","max-snippet":"max-snippet:-1","max-image-preview":"max-image-preview:large","max-video-preview":"max-video-preview:-1"},"og_locale":"es_ES","og_type":"article","og_title":"ALMAS - Tienda Er\u00f3tica","og_description":"ALMAS Noemi Casquet. Descubre el final de la bilog\u00eda Cuerpos y Almas de @mamacasquet Todo cuerpo es un disfraz. Toda","og_url":"https:\/\/demoweb.info\/sexshop001\/producto\/almas\/","og_site_name":"Tienda Er\u00f3tica","article_modified_time":"2022-01-22T13:15:53+00:00","og_image":[{"width":550,"height":550,"url":"https:\/\/demoweb.info\/sexshop001\/wp-content\/uploads\/2022\/01\/ALMAS.jpg","type":"image\/jpeg"}],"twitter_card":"summary_large_image","twitter_misc":{"Tiempo de lectura":"1 minuto"},"schema":{"@context":"https:\/\/schema.org","@graph":[{"@type":"WebPage","@id":"https:\/\/demoweb.info\/sexshop001\/producto\/almas\/","url":"https:\/\/demoweb.info\/sexshop001\/producto\/almas\/","name":"ALMAS - Tienda Er\u00f3tica","isPartOf":{"@id":"https:\/\/demoweb.info\/sexshop001\/#website"},"datePublished":"2022-01-22T13:15:37+00:00","dateModified":"2022-01-22T13:15:53+00:00","breadcrumb":{"@id":"https:\/\/demoweb.info\/sexshop001\/producto\/almas\/#breadcrumb"},"inLanguage":"es","potentialAction":[{"@type":"ReadAction","target":["https:\/\/demoweb.info\/sexshop001\/producto\/almas\/"]}]},{"@type":"BreadcrumbList","@id":"https:\/\/demoweb.info\/sexshop001\/producto\/almas\/#breadcrumb","itemListElement":[{"@type":"ListItem","position":1,"name":"Portada","item":"https:\/\/demoweb.info\/sexshop001\/"},{"@type":"ListItem","position":2,"name":"Tienda","item":"https:\/\/demoweb.info\/sexshop001\/tienda\/"},{"@type":"ListItem","position":3,"name":"ALMAS"}]},{"@type":"WebSite","@id":"https:\/\/demoweb.info\/sexshop001\/#website","url":"https:\/\/demoweb.info\/sexshop001\/","name":"Tienda Er\u00f3tica","description":"DEMOWEB SL","potentialAction":[{"@type":"SearchAction","target":{"@type":"EntryPoint","urlTemplate":"https:\/\/demoweb.info\/sexshop001\/?s={search_term_string}"},"query-input":"required name=search_term_string"}],"inLanguage":"es"}]}},"_links":{"self":[{"href":"https:\/\/demoweb.info\/sexshop001\/wp-json\/wp\/v3\/product\/39794","targetHints":{"allow":["GET"]}}],"collection":[{"href":"https:\/\/demoweb.info\/sexshop001\/wp-json\/wp\/v3\/product"}],"about":[{"href":"https:\/\/demoweb.info\/sexshop001\/wp-json\/wp\/v2\/types\/product"}],"replies":[{"embeddable":true,"href":"https:\/\/demoweb.info\/sexshop001\/wp-json\/wp\/v2\/comments?post=39794"}],"wp:featuredmedia":[{"embeddable":true,"href":"https:\/\/demoweb.info\/sexshop001\/wp-json\/wp\/v2\/media\/39795"}],"wp:attachment":[{"href":"https:\/\/demoweb.info\/sexshop001\/wp-json\/wp\/v2\/media?parent=39794"}],"wp:term":[{"taxonomy":"product_cat","embeddable":true,"href":"https:\/\/demoweb.info\/sexshop001\/wp-json\/wp\/v2\/product_cat?post=39794"},{"taxonomy":"product_tag","embeddable":true,"href":"https:\/\/demoweb.info\/sexshop001\/wp-json\/wp\/v2\/product_tag?post=39794"}],"curies":[{"name":"wp","href":"https:\/\/api.w.org\/{rel}","templated":true}]}}