{"id":39740,"date":"2022-01-22T14:15:18","date_gmt":"2022-01-22T13:15:18","guid":{"rendered":"https:\/\/demoweb.info\/sexshop001\/producto\/plug-dulce-sensacion-negro\/"},"modified":"2022-01-22T14:15:20","modified_gmt":"2022-01-22T13:15:20","slug":"plug-dulce-sensacion-negro","status":"publish","type":"product","link":"https:\/\/demoweb.info\/sexshop001\/producto\/plug-dulce-sensacion-negro\/","title":{"rendered":"PLUG DULCE SENSACI\u00d3N NEGRO"},"content":{"rendered":"<p><strong>SWEET SENSATION BLACK<\/strong><\/p>\n<p>Tap\u00f3n anal de gama de juego anal por Toy Joy. Dise\u00f1o elegante y fabricado en materiales de alta calidad. Un plug anal completo que ofrece una perfecta estimulaci\u00f3n gracias a las bolas anales que lo componen, permitiendo aumentar el placer progresivamente con una base m\u00e1s ancha para mayor seguridad. La elecci\u00f3n perfecta para los amantes del juego anal. Fabricado en silicona.<\/p>\n<p>Uso: Lubricar por la parte superior antes de su uso<\/p>\n<p>Medidas insertables: 12 cm x 3 cm<\/p>\n","protected":false},"excerpt":{"rendered":"<p>SWEET SENSATION BLACK Tap\u00f3n anal de gama de juego anal por Toy Joy. Dise\u00f1o elegante y fabricado en materiales de<\/p>\n","protected":false},"featured_media":39741,"comment_status":"open","ping_status":"open","template":"","meta":[],"product_cat":[338],"product_tag":[256,247],"class_list":["post-39740","product","type-product","status-publish","has-post-thumbnail","hentry","product_cat-silicona-plugs","product_tag-anal-play","product_tag-toyjoy"],"bundled_by":[],"bundle_stock_status":"outofstock","bundle_stock_quantity":0,"bundle_virtual":false,"bundle_layout":"","bundle_add_to_cart_form_location":"","bundle_editable_in_cart":false,"bundle_sold_individually_context":"","bundle_item_grouping":"","bundle_min_size":"","bundle_max_size":"","bundled_items":[],"yoast_head":"<!-- This site is optimized with the Yoast SEO plugin v20.6 - https:\/\/yoast.com\/wordpress\/plugins\/seo\/ -->\n<title>PLUG DULCE SENSACI\u00d3N NEGRO - Tienda Er\u00f3tica<\/title>\n<meta name=\"robots\" content=\"noindex, follow, max-snippet:-1, max-image-preview:large, max-video-preview:-1\" \/>\n<meta property=\"og:locale\" content=\"es_ES\" \/>\n<meta property=\"og:type\" content=\"article\" \/>\n<meta property=\"og:title\" content=\"PLUG DULCE SENSACI\u00d3N NEGRO - Tienda Er\u00f3tica\" \/>\n<meta property=\"og:description\" content=\"SWEET SENSATION BLACK Tap\u00f3n anal de gama de juego anal por Toy Joy. Dise\u00f1o elegante y fabricado en materiales de\" \/>\n<meta property=\"og:url\" content=\"https:\/\/demoweb.info\/sexshop001\/producto\/plug-dulce-sensacion-negro\/\" \/>\n<meta property=\"og:site_name\" content=\"Tienda Er\u00f3tica\" \/>\n<meta property=\"article:modified_time\" content=\"2022-01-22T13:15:20+00:00\" \/>\n<meta property=\"og:image\" content=\"https:\/\/demoweb.info\/sexshop001\/wp-content\/uploads\/2022\/01\/PLUG-DULCE-SENSACION-NEGRO.jpg\" \/>\n\t<meta property=\"og:image:width\" content=\"550\" \/>\n\t<meta property=\"og:image:height\" content=\"550\" \/>\n\t<meta property=\"og:image:type\" content=\"image\/jpeg\" \/>\n<meta name=\"twitter:card\" content=\"summary_large_image\" \/>\n<script type=\"application\/ld+json\" class=\"yoast-schema-graph\">{\"@context\":\"https:\/\/schema.org\",\"@graph\":[{\"@type\":\"WebPage\",\"@id\":\"https:\/\/demoweb.info\/sexshop001\/producto\/plug-dulce-sensacion-negro\/\",\"url\":\"https:\/\/demoweb.info\/sexshop001\/producto\/plug-dulce-sensacion-negro\/\",\"name\":\"PLUG DULCE SENSACI\u00d3N NEGRO - Tienda Er\u00f3tica\",\"isPartOf\":{\"@id\":\"https:\/\/demoweb.info\/sexshop001\/#website\"},\"datePublished\":\"2022-01-22T13:15:18+00:00\",\"dateModified\":\"2022-01-22T13:15:20+00:00\",\"breadcrumb\":{\"@id\":\"https:\/\/demoweb.info\/sexshop001\/producto\/plug-dulce-sensacion-negro\/#breadcrumb\"},\"inLanguage\":\"es\",\"potentialAction\":[{\"@type\":\"ReadAction\",\"target\":[\"https:\/\/demoweb.info\/sexshop001\/producto\/plug-dulce-sensacion-negro\/\"]}]},{\"@type\":\"BreadcrumbList\",\"@id\":\"https:\/\/demoweb.info\/sexshop001\/producto\/plug-dulce-sensacion-negro\/#breadcrumb\",\"itemListElement\":[{\"@type\":\"ListItem\",\"position\":1,\"name\":\"Portada\",\"item\":\"https:\/\/demoweb.info\/sexshop001\/\"},{\"@type\":\"ListItem\",\"position\":2,\"name\":\"Tienda\",\"item\":\"https:\/\/demoweb.info\/sexshop001\/tienda\/\"},{\"@type\":\"ListItem\",\"position\":3,\"name\":\"PLUG DULCE SENSACI\u00d3N NEGRO\"}]},{\"@type\":\"WebSite\",\"@id\":\"https:\/\/demoweb.info\/sexshop001\/#website\",\"url\":\"https:\/\/demoweb.info\/sexshop001\/\",\"name\":\"Tienda Er\u00f3tica\",\"description\":\"DEMOWEB SL\",\"potentialAction\":[{\"@type\":\"SearchAction\",\"target\":{\"@type\":\"EntryPoint\",\"urlTemplate\":\"https:\/\/demoweb.info\/sexshop001\/?s={search_term_string}\"},\"query-input\":\"required name=search_term_string\"}],\"inLanguage\":\"es\"}]}<\/script>\n<!-- \/ Yoast SEO plugin. -->","yoast_head_json":{"title":"PLUG DULCE SENSACI\u00d3N NEGRO - Tienda Er\u00f3tica","robots":{"index":"noindex","follow":"follow","max-snippet":"max-snippet:-1","max-image-preview":"max-image-preview:large","max-video-preview":"max-video-preview:-1"},"og_locale":"es_ES","og_type":"article","og_title":"PLUG DULCE SENSACI\u00d3N NEGRO - Tienda Er\u00f3tica","og_description":"SWEET SENSATION BLACK Tap\u00f3n anal de gama de juego anal por Toy Joy. Dise\u00f1o elegante y fabricado en materiales de","og_url":"https:\/\/demoweb.info\/sexshop001\/producto\/plug-dulce-sensacion-negro\/","og_site_name":"Tienda Er\u00f3tica","article_modified_time":"2022-01-22T13:15:20+00:00","og_image":[{"width":550,"height":550,"url":"https:\/\/demoweb.info\/sexshop001\/wp-content\/uploads\/2022\/01\/PLUG-DULCE-SENSACION-NEGRO.jpg","type":"image\/jpeg"}],"twitter_card":"summary_large_image","schema":{"@context":"https:\/\/schema.org","@graph":[{"@type":"WebPage","@id":"https:\/\/demoweb.info\/sexshop001\/producto\/plug-dulce-sensacion-negro\/","url":"https:\/\/demoweb.info\/sexshop001\/producto\/plug-dulce-sensacion-negro\/","name":"PLUG DULCE SENSACI\u00d3N NEGRO - Tienda Er\u00f3tica","isPartOf":{"@id":"https:\/\/demoweb.info\/sexshop001\/#website"},"datePublished":"2022-01-22T13:15:18+00:00","dateModified":"2022-01-22T13:15:20+00:00","breadcrumb":{"@id":"https:\/\/demoweb.info\/sexshop001\/producto\/plug-dulce-sensacion-negro\/#breadcrumb"},"inLanguage":"es","potentialAction":[{"@type":"ReadAction","target":["https:\/\/demoweb.info\/sexshop001\/producto\/plug-dulce-sensacion-negro\/"]}]},{"@type":"BreadcrumbList","@id":"https:\/\/demoweb.info\/sexshop001\/producto\/plug-dulce-sensacion-negro\/#breadcrumb","itemListElement":[{"@type":"ListItem","position":1,"name":"Portada","item":"https:\/\/demoweb.info\/sexshop001\/"},{"@type":"ListItem","position":2,"name":"Tienda","item":"https:\/\/demoweb.info\/sexshop001\/tienda\/"},{"@type":"ListItem","position":3,"name":"PLUG DULCE SENSACI\u00d3N NEGRO"}]},{"@type":"WebSite","@id":"https:\/\/demoweb.info\/sexshop001\/#website","url":"https:\/\/demoweb.info\/sexshop001\/","name":"Tienda Er\u00f3tica","description":"DEMOWEB SL","potentialAction":[{"@type":"SearchAction","target":{"@type":"EntryPoint","urlTemplate":"https:\/\/demoweb.info\/sexshop001\/?s={search_term_string}"},"query-input":"required name=search_term_string"}],"inLanguage":"es"}]}},"_links":{"self":[{"href":"https:\/\/demoweb.info\/sexshop001\/wp-json\/wp\/v3\/product\/39740","targetHints":{"allow":["GET"]}}],"collection":[{"href":"https:\/\/demoweb.info\/sexshop001\/wp-json\/wp\/v3\/product"}],"about":[{"href":"https:\/\/demoweb.info\/sexshop001\/wp-json\/wp\/v2\/types\/product"}],"replies":[{"embeddable":true,"href":"https:\/\/demoweb.info\/sexshop001\/wp-json\/wp\/v2\/comments?post=39740"}],"wp:featuredmedia":[{"embeddable":true,"href":"https:\/\/demoweb.info\/sexshop001\/wp-json\/wp\/v2\/media\/39741"}],"wp:attachment":[{"href":"https:\/\/demoweb.info\/sexshop001\/wp-json\/wp\/v2\/media?parent=39740"}],"wp:term":[{"taxonomy":"product_cat","embeddable":true,"href":"https:\/\/demoweb.info\/sexshop001\/wp-json\/wp\/v2\/product_cat?post=39740"},{"taxonomy":"product_tag","embeddable":true,"href":"https:\/\/demoweb.info\/sexshop001\/wp-json\/wp\/v2\/product_tag?post=39740"}],"curies":[{"name":"wp","href":"https:\/\/api.w.org\/{rel}","templated":true}]}}