{"id":39708,"date":"2022-01-22T14:14:59","date_gmt":"2022-01-22T13:14:59","guid":{"rendered":"https:\/\/demoweb.info\/sexshop001\/producto\/kit-alargamiento-para-ellos\/"},"modified":"2022-01-22T14:15:00","modified_gmt":"2022-01-22T13:15:00","slug":"kit-alargamiento-para-ellos","status":"publish","type":"product","link":"https:\/\/demoweb.info\/sexshop001\/producto\/kit-alargamiento-para-ellos\/","title":{"rendered":"KIT ALARGAMIENTO PARA ELLOS"},"content":{"rendered":"<p><strong>HIS ENLARGEMENT KIT<\/strong><\/p>\n<p>Kit para ellos compuesto de diferentes accesorios para el pene. Dispone de una bomba de succi\u00f3n que favorece la erecci\u00f3n, para conseguir mayor satisfacci\u00f3n puedes utilizar las fundas de pl\u00e1stico transparente para el pene con diferentes texturas.<\/p>\n<p>Fabricado en PVC.<\/p>\n","protected":false},"excerpt":{"rendered":"<p>HIS ENLARGEMENT KIT Kit para ellos compuesto de diferentes accesorios para el pene. Dispone de una bomba de succi\u00f3n que<\/p>\n","protected":false},"featured_media":39709,"comment_status":"open","ping_status":"open","template":"","meta":[],"product_cat":[495],"product_tag":[660,1287],"class_list":["post-39708","product","type-product","status-publish","has-post-thumbnail","hentry","product_cat-basicos","product_tag-calexotics","product_tag-kits"],"bundled_by":[],"bundle_stock_status":"outofstock","bundle_stock_quantity":0,"bundle_virtual":false,"bundle_layout":"","bundle_add_to_cart_form_location":"","bundle_editable_in_cart":false,"bundle_sold_individually_context":"","bundle_item_grouping":"","bundle_min_size":"","bundle_max_size":"","bundled_items":[],"yoast_head":"<!-- This site is optimized with the Yoast SEO plugin v20.6 - https:\/\/yoast.com\/wordpress\/plugins\/seo\/ -->\n<title>KIT ALARGAMIENTO PARA ELLOS - Tienda Er\u00f3tica<\/title>\n<meta name=\"robots\" content=\"noindex, follow, max-snippet:-1, max-image-preview:large, max-video-preview:-1\" \/>\n<meta property=\"og:locale\" content=\"es_ES\" \/>\n<meta property=\"og:type\" content=\"article\" \/>\n<meta property=\"og:title\" content=\"KIT ALARGAMIENTO PARA ELLOS - Tienda Er\u00f3tica\" \/>\n<meta property=\"og:description\" content=\"HIS ENLARGEMENT KIT Kit para ellos compuesto de diferentes accesorios para el pene. Dispone de una bomba de succi\u00f3n que\" \/>\n<meta property=\"og:url\" content=\"https:\/\/demoweb.info\/sexshop001\/producto\/kit-alargamiento-para-ellos\/\" \/>\n<meta property=\"og:site_name\" content=\"Tienda Er\u00f3tica\" \/>\n<meta property=\"article:modified_time\" content=\"2022-01-22T13:15:00+00:00\" \/>\n<meta property=\"og:image\" content=\"https:\/\/demoweb.info\/sexshop001\/wp-content\/uploads\/2022\/01\/KIT-ALARGAMIENTO-PARA-ELLOS.jpg\" \/>\n\t<meta property=\"og:image:width\" content=\"550\" \/>\n\t<meta property=\"og:image:height\" content=\"550\" \/>\n\t<meta property=\"og:image:type\" content=\"image\/jpeg\" \/>\n<meta name=\"twitter:card\" content=\"summary_large_image\" \/>\n<script type=\"application\/ld+json\" class=\"yoast-schema-graph\">{\"@context\":\"https:\/\/schema.org\",\"@graph\":[{\"@type\":\"WebPage\",\"@id\":\"https:\/\/demoweb.info\/sexshop001\/producto\/kit-alargamiento-para-ellos\/\",\"url\":\"https:\/\/demoweb.info\/sexshop001\/producto\/kit-alargamiento-para-ellos\/\",\"name\":\"KIT ALARGAMIENTO PARA ELLOS - Tienda Er\u00f3tica\",\"isPartOf\":{\"@id\":\"https:\/\/demoweb.info\/sexshop001\/#website\"},\"datePublished\":\"2022-01-22T13:14:59+00:00\",\"dateModified\":\"2022-01-22T13:15:00+00:00\",\"breadcrumb\":{\"@id\":\"https:\/\/demoweb.info\/sexshop001\/producto\/kit-alargamiento-para-ellos\/#breadcrumb\"},\"inLanguage\":\"es\",\"potentialAction\":[{\"@type\":\"ReadAction\",\"target\":[\"https:\/\/demoweb.info\/sexshop001\/producto\/kit-alargamiento-para-ellos\/\"]}]},{\"@type\":\"BreadcrumbList\",\"@id\":\"https:\/\/demoweb.info\/sexshop001\/producto\/kit-alargamiento-para-ellos\/#breadcrumb\",\"itemListElement\":[{\"@type\":\"ListItem\",\"position\":1,\"name\":\"Portada\",\"item\":\"https:\/\/demoweb.info\/sexshop001\/\"},{\"@type\":\"ListItem\",\"position\":2,\"name\":\"Tienda\",\"item\":\"https:\/\/demoweb.info\/sexshop001\/tienda\/\"},{\"@type\":\"ListItem\",\"position\":3,\"name\":\"KIT ALARGAMIENTO PARA ELLOS\"}]},{\"@type\":\"WebSite\",\"@id\":\"https:\/\/demoweb.info\/sexshop001\/#website\",\"url\":\"https:\/\/demoweb.info\/sexshop001\/\",\"name\":\"Tienda Er\u00f3tica\",\"description\":\"DEMOWEB SL\",\"potentialAction\":[{\"@type\":\"SearchAction\",\"target\":{\"@type\":\"EntryPoint\",\"urlTemplate\":\"https:\/\/demoweb.info\/sexshop001\/?s={search_term_string}\"},\"query-input\":\"required name=search_term_string\"}],\"inLanguage\":\"es\"}]}<\/script>\n<!-- \/ Yoast SEO plugin. -->","yoast_head_json":{"title":"KIT ALARGAMIENTO PARA ELLOS - Tienda Er\u00f3tica","robots":{"index":"noindex","follow":"follow","max-snippet":"max-snippet:-1","max-image-preview":"max-image-preview:large","max-video-preview":"max-video-preview:-1"},"og_locale":"es_ES","og_type":"article","og_title":"KIT ALARGAMIENTO PARA ELLOS - Tienda Er\u00f3tica","og_description":"HIS ENLARGEMENT KIT Kit para ellos compuesto de diferentes accesorios para el pene. Dispone de una bomba de succi\u00f3n que","og_url":"https:\/\/demoweb.info\/sexshop001\/producto\/kit-alargamiento-para-ellos\/","og_site_name":"Tienda Er\u00f3tica","article_modified_time":"2022-01-22T13:15:00+00:00","og_image":[{"width":550,"height":550,"url":"https:\/\/demoweb.info\/sexshop001\/wp-content\/uploads\/2022\/01\/KIT-ALARGAMIENTO-PARA-ELLOS.jpg","type":"image\/jpeg"}],"twitter_card":"summary_large_image","schema":{"@context":"https:\/\/schema.org","@graph":[{"@type":"WebPage","@id":"https:\/\/demoweb.info\/sexshop001\/producto\/kit-alargamiento-para-ellos\/","url":"https:\/\/demoweb.info\/sexshop001\/producto\/kit-alargamiento-para-ellos\/","name":"KIT ALARGAMIENTO PARA ELLOS - Tienda Er\u00f3tica","isPartOf":{"@id":"https:\/\/demoweb.info\/sexshop001\/#website"},"datePublished":"2022-01-22T13:14:59+00:00","dateModified":"2022-01-22T13:15:00+00:00","breadcrumb":{"@id":"https:\/\/demoweb.info\/sexshop001\/producto\/kit-alargamiento-para-ellos\/#breadcrumb"},"inLanguage":"es","potentialAction":[{"@type":"ReadAction","target":["https:\/\/demoweb.info\/sexshop001\/producto\/kit-alargamiento-para-ellos\/"]}]},{"@type":"BreadcrumbList","@id":"https:\/\/demoweb.info\/sexshop001\/producto\/kit-alargamiento-para-ellos\/#breadcrumb","itemListElement":[{"@type":"ListItem","position":1,"name":"Portada","item":"https:\/\/demoweb.info\/sexshop001\/"},{"@type":"ListItem","position":2,"name":"Tienda","item":"https:\/\/demoweb.info\/sexshop001\/tienda\/"},{"@type":"ListItem","position":3,"name":"KIT ALARGAMIENTO PARA ELLOS"}]},{"@type":"WebSite","@id":"https:\/\/demoweb.info\/sexshop001\/#website","url":"https:\/\/demoweb.info\/sexshop001\/","name":"Tienda Er\u00f3tica","description":"DEMOWEB SL","potentialAction":[{"@type":"SearchAction","target":{"@type":"EntryPoint","urlTemplate":"https:\/\/demoweb.info\/sexshop001\/?s={search_term_string}"},"query-input":"required name=search_term_string"}],"inLanguage":"es"}]}},"_links":{"self":[{"href":"https:\/\/demoweb.info\/sexshop001\/wp-json\/wp\/v3\/product\/39708","targetHints":{"allow":["GET"]}}],"collection":[{"href":"https:\/\/demoweb.info\/sexshop001\/wp-json\/wp\/v3\/product"}],"about":[{"href":"https:\/\/demoweb.info\/sexshop001\/wp-json\/wp\/v2\/types\/product"}],"replies":[{"embeddable":true,"href":"https:\/\/demoweb.info\/sexshop001\/wp-json\/wp\/v2\/comments?post=39708"}],"wp:featuredmedia":[{"embeddable":true,"href":"https:\/\/demoweb.info\/sexshop001\/wp-json\/wp\/v2\/media\/39709"}],"wp:attachment":[{"href":"https:\/\/demoweb.info\/sexshop001\/wp-json\/wp\/v2\/media?parent=39708"}],"wp:term":[{"taxonomy":"product_cat","embeddable":true,"href":"https:\/\/demoweb.info\/sexshop001\/wp-json\/wp\/v2\/product_cat?post=39708"},{"taxonomy":"product_tag","embeddable":true,"href":"https:\/\/demoweb.info\/sexshop001\/wp-json\/wp\/v2\/product_tag?post=39708"}],"curies":[{"name":"wp","href":"https:\/\/api.w.org\/{rel}","templated":true}]}}