{"id":39669,"date":"2022-01-22T14:14:37","date_gmt":"2022-01-22T13:14:37","guid":{"rendered":"https:\/\/demoweb.info\/sexshop001\/producto\/petite-jack-vibrador-rosa\/"},"modified":"2022-01-22T14:14:38","modified_gmt":"2022-01-22T13:14:38","slug":"petite-jack-vibrador-rosa","status":"publish","type":"product","link":"https:\/\/demoweb.info\/sexshop001\/producto\/petite-jack-vibrador-rosa\/","title":{"rendered":"PETITE JACK VIBRADOR ROSA"},"content":{"rendered":"<p><strong>PETITE JACK RABBIT PINK<\/strong><\/p>\n<p>Petite Jack rabbit es un vibrador con conejito rampante de color rosa. Dispone diferentes velocidades de vibraci\u00f3n as\u00ed como variedad es sus modos. Movimiento de rotaci\u00f3n que favorece la estimulaci\u00f3n del punto femenino. Fabricado en TPR<\/p>\n<p>3 Batteries AAA<\/p>\n<p>Medidas: 12 cm x 3 cm<\/p>\n","protected":false},"excerpt":{"rendered":"<p>PETITE JACK RABBIT PINK Petite Jack rabbit es un vibrador con conejito rampante de color rosa. Dispone diferentes velocidades de<\/p>\n","protected":false},"featured_media":39670,"comment_status":"open","ping_status":"open","template":"","meta":[],"product_cat":[434],"product_tag":[660],"class_list":["post-39669","product","type-product","status-publish","has-post-thumbnail","hentry","product_cat-doble-estimulacion-vibradores-juguetes-xxx","product_tag-calexotics"],"bundled_by":[],"bundle_stock_status":"outofstock","bundle_stock_quantity":0,"bundle_virtual":false,"bundle_layout":"","bundle_add_to_cart_form_location":"","bundle_editable_in_cart":false,"bundle_sold_individually_context":"","bundle_item_grouping":"","bundle_min_size":"","bundle_max_size":"","bundled_items":[],"yoast_head":"<!-- This site is optimized with the Yoast SEO plugin v20.6 - https:\/\/yoast.com\/wordpress\/plugins\/seo\/ -->\n<title>PETITE JACK VIBRADOR ROSA - Tienda Er\u00f3tica<\/title>\n<meta name=\"robots\" content=\"noindex, follow, max-snippet:-1, max-image-preview:large, max-video-preview:-1\" \/>\n<meta property=\"og:locale\" content=\"es_ES\" \/>\n<meta property=\"og:type\" content=\"article\" \/>\n<meta property=\"og:title\" content=\"PETITE JACK VIBRADOR ROSA - Tienda Er\u00f3tica\" \/>\n<meta property=\"og:description\" content=\"PETITE JACK RABBIT PINK Petite Jack rabbit es un vibrador con conejito rampante de color rosa. Dispone diferentes velocidades de\" \/>\n<meta property=\"og:url\" content=\"https:\/\/demoweb.info\/sexshop001\/producto\/petite-jack-vibrador-rosa\/\" \/>\n<meta property=\"og:site_name\" content=\"Tienda Er\u00f3tica\" \/>\n<meta property=\"article:modified_time\" content=\"2022-01-22T13:14:38+00:00\" \/>\n<meta property=\"og:image\" content=\"https:\/\/demoweb.info\/sexshop001\/wp-content\/uploads\/2022\/01\/PETITE-JACK-VIBRADOR-ROSA.jpg\" \/>\n\t<meta property=\"og:image:width\" content=\"550\" \/>\n\t<meta property=\"og:image:height\" content=\"550\" \/>\n\t<meta property=\"og:image:type\" content=\"image\/jpeg\" \/>\n<meta name=\"twitter:card\" content=\"summary_large_image\" \/>\n<script type=\"application\/ld+json\" class=\"yoast-schema-graph\">{\"@context\":\"https:\/\/schema.org\",\"@graph\":[{\"@type\":\"WebPage\",\"@id\":\"https:\/\/demoweb.info\/sexshop001\/producto\/petite-jack-vibrador-rosa\/\",\"url\":\"https:\/\/demoweb.info\/sexshop001\/producto\/petite-jack-vibrador-rosa\/\",\"name\":\"PETITE JACK VIBRADOR ROSA - Tienda Er\u00f3tica\",\"isPartOf\":{\"@id\":\"https:\/\/demoweb.info\/sexshop001\/#website\"},\"datePublished\":\"2022-01-22T13:14:37+00:00\",\"dateModified\":\"2022-01-22T13:14:38+00:00\",\"breadcrumb\":{\"@id\":\"https:\/\/demoweb.info\/sexshop001\/producto\/petite-jack-vibrador-rosa\/#breadcrumb\"},\"inLanguage\":\"es\",\"potentialAction\":[{\"@type\":\"ReadAction\",\"target\":[\"https:\/\/demoweb.info\/sexshop001\/producto\/petite-jack-vibrador-rosa\/\"]}]},{\"@type\":\"BreadcrumbList\",\"@id\":\"https:\/\/demoweb.info\/sexshop001\/producto\/petite-jack-vibrador-rosa\/#breadcrumb\",\"itemListElement\":[{\"@type\":\"ListItem\",\"position\":1,\"name\":\"Portada\",\"item\":\"https:\/\/demoweb.info\/sexshop001\/\"},{\"@type\":\"ListItem\",\"position\":2,\"name\":\"Tienda\",\"item\":\"https:\/\/demoweb.info\/sexshop001\/tienda\/\"},{\"@type\":\"ListItem\",\"position\":3,\"name\":\"PETITE JACK VIBRADOR ROSA\"}]},{\"@type\":\"WebSite\",\"@id\":\"https:\/\/demoweb.info\/sexshop001\/#website\",\"url\":\"https:\/\/demoweb.info\/sexshop001\/\",\"name\":\"Tienda Er\u00f3tica\",\"description\":\"DEMOWEB SL\",\"potentialAction\":[{\"@type\":\"SearchAction\",\"target\":{\"@type\":\"EntryPoint\",\"urlTemplate\":\"https:\/\/demoweb.info\/sexshop001\/?s={search_term_string}\"},\"query-input\":\"required name=search_term_string\"}],\"inLanguage\":\"es\"}]}<\/script>\n<!-- \/ Yoast SEO plugin. -->","yoast_head_json":{"title":"PETITE JACK VIBRADOR ROSA - Tienda Er\u00f3tica","robots":{"index":"noindex","follow":"follow","max-snippet":"max-snippet:-1","max-image-preview":"max-image-preview:large","max-video-preview":"max-video-preview:-1"},"og_locale":"es_ES","og_type":"article","og_title":"PETITE JACK VIBRADOR ROSA - Tienda Er\u00f3tica","og_description":"PETITE JACK RABBIT PINK Petite Jack rabbit es un vibrador con conejito rampante de color rosa. Dispone diferentes velocidades de","og_url":"https:\/\/demoweb.info\/sexshop001\/producto\/petite-jack-vibrador-rosa\/","og_site_name":"Tienda Er\u00f3tica","article_modified_time":"2022-01-22T13:14:38+00:00","og_image":[{"width":550,"height":550,"url":"https:\/\/demoweb.info\/sexshop001\/wp-content\/uploads\/2022\/01\/PETITE-JACK-VIBRADOR-ROSA.jpg","type":"image\/jpeg"}],"twitter_card":"summary_large_image","schema":{"@context":"https:\/\/schema.org","@graph":[{"@type":"WebPage","@id":"https:\/\/demoweb.info\/sexshop001\/producto\/petite-jack-vibrador-rosa\/","url":"https:\/\/demoweb.info\/sexshop001\/producto\/petite-jack-vibrador-rosa\/","name":"PETITE JACK VIBRADOR ROSA - Tienda Er\u00f3tica","isPartOf":{"@id":"https:\/\/demoweb.info\/sexshop001\/#website"},"datePublished":"2022-01-22T13:14:37+00:00","dateModified":"2022-01-22T13:14:38+00:00","breadcrumb":{"@id":"https:\/\/demoweb.info\/sexshop001\/producto\/petite-jack-vibrador-rosa\/#breadcrumb"},"inLanguage":"es","potentialAction":[{"@type":"ReadAction","target":["https:\/\/demoweb.info\/sexshop001\/producto\/petite-jack-vibrador-rosa\/"]}]},{"@type":"BreadcrumbList","@id":"https:\/\/demoweb.info\/sexshop001\/producto\/petite-jack-vibrador-rosa\/#breadcrumb","itemListElement":[{"@type":"ListItem","position":1,"name":"Portada","item":"https:\/\/demoweb.info\/sexshop001\/"},{"@type":"ListItem","position":2,"name":"Tienda","item":"https:\/\/demoweb.info\/sexshop001\/tienda\/"},{"@type":"ListItem","position":3,"name":"PETITE JACK VIBRADOR ROSA"}]},{"@type":"WebSite","@id":"https:\/\/demoweb.info\/sexshop001\/#website","url":"https:\/\/demoweb.info\/sexshop001\/","name":"Tienda Er\u00f3tica","description":"DEMOWEB SL","potentialAction":[{"@type":"SearchAction","target":{"@type":"EntryPoint","urlTemplate":"https:\/\/demoweb.info\/sexshop001\/?s={search_term_string}"},"query-input":"required name=search_term_string"}],"inLanguage":"es"}]}},"_links":{"self":[{"href":"https:\/\/demoweb.info\/sexshop001\/wp-json\/wp\/v3\/product\/39669","targetHints":{"allow":["GET"]}}],"collection":[{"href":"https:\/\/demoweb.info\/sexshop001\/wp-json\/wp\/v3\/product"}],"about":[{"href":"https:\/\/demoweb.info\/sexshop001\/wp-json\/wp\/v2\/types\/product"}],"replies":[{"embeddable":true,"href":"https:\/\/demoweb.info\/sexshop001\/wp-json\/wp\/v2\/comments?post=39669"}],"wp:featuredmedia":[{"embeddable":true,"href":"https:\/\/demoweb.info\/sexshop001\/wp-json\/wp\/v2\/media\/39670"}],"wp:attachment":[{"href":"https:\/\/demoweb.info\/sexshop001\/wp-json\/wp\/v2\/media?parent=39669"}],"wp:term":[{"taxonomy":"product_cat","embeddable":true,"href":"https:\/\/demoweb.info\/sexshop001\/wp-json\/wp\/v2\/product_cat?post=39669"},{"taxonomy":"product_tag","embeddable":true,"href":"https:\/\/demoweb.info\/sexshop001\/wp-json\/wp\/v2\/product_tag?post=39669"}],"curies":[{"name":"wp","href":"https:\/\/api.w.org\/{rel}","templated":true}]}}