{"id":39540,"date":"2022-01-22T14:13:25","date_gmt":"2022-01-22T13:13:25","guid":{"rendered":"https:\/\/demoweb.info\/sexshop001\/producto\/benjamin-dore-para-una-noche-de-seduccion\/"},"modified":"2022-01-22T14:13:25","modified_gmt":"2022-01-22T13:13:25","slug":"benjamin-dore-para-una-noche-de-seduccion","status":"publish","type":"product","link":"https:\/\/demoweb.info\/sexshop001\/producto\/benjamin-dore-para-una-noche-de-seduccion\/","title":{"rendered":"BENJAMIN DORE PARA UNA NOCHE DE SEDUCCI\u00d3N"},"content":{"rendered":"<p><strong><!--StartFragment--><!--StartFragment--><!--StartFragment--><!--StartFragment--><!--StartFragment--><!--StartFragment--><!--StartFragment--><!--StartFragment--><!--StartFragment--><!--StartFragment--><\/strong><strong>BENJAMIN DORE PARA UNA NOCHE DE SEDUCCI\u00d3N<\/strong><strong><!--EndFragment--><\/strong><!--EndFragment--><!--EndFragment--><!--EndFragment--><!--EndFragment--><!--EndFragment--><!--EndFragment--><!--EndFragment--><!--EndFragment--><!--EndFragment--><\/p>\n<p>Es un ESTUCHE con un BERJAMIN DORE CON LAMINAS DE ORO DE 22 KILATES de car\u00e1cter afrutado, fresco y joven, compuesto por un vino espumoso muy selecto CON LAMINAS DE ORO de 22 KILATES PARA UNA NOCHE DE SEDUCCION<\/p>\n<p>Y ademas contiene el JUEGO DE LAS ANILLAS que tirando las anillas y acertando dentro del berjamin el jugador QUE MAS ACIERTE tendra un privilegio en utilizar los ARTICULOS CUANDO QUIERA mas contiene una CINTA DE BONDAGE, VENDA PARA LOS OJOS, PLUMA ESTIMULANTE Y 1 un TANGAS ROJO.<\/p>\n","protected":false},"excerpt":{"rendered":"<p>BENJAMIN DORE PARA UNA NOCHE DE SEDUCCI\u00d3N Es un ESTUCHE con un BERJAMIN DORE CON LAMINAS DE ORO DE 22<\/p>\n","protected":false},"featured_media":39541,"comment_status":"open","ping_status":"open","template":"","meta":[],"product_cat":[839],"product_tag":[412],"class_list":["post-39540","product","type-product","status-publish","has-post-thumbnail","hentry","product_cat-amigo-invisible","product_tag-diverty-sex"],"bundled_by":[],"bundle_stock_status":"instock","bundle_stock_quantity":6,"bundle_virtual":false,"bundle_layout":"","bundle_add_to_cart_form_location":"","bundle_editable_in_cart":false,"bundle_sold_individually_context":"","bundle_item_grouping":"","bundle_min_size":"","bundle_max_size":"","bundled_items":[],"yoast_head":"<!-- This site is optimized with the Yoast SEO plugin v20.6 - https:\/\/yoast.com\/wordpress\/plugins\/seo\/ -->\n<title>BENJAMIN DORE PARA UNA NOCHE DE SEDUCCI\u00d3N - Tienda Er\u00f3tica<\/title>\n<meta name=\"robots\" content=\"noindex, follow, max-snippet:-1, max-image-preview:large, max-video-preview:-1\" \/>\n<meta property=\"og:locale\" content=\"es_ES\" \/>\n<meta property=\"og:type\" content=\"article\" \/>\n<meta property=\"og:title\" content=\"BENJAMIN DORE PARA UNA NOCHE DE SEDUCCI\u00d3N - Tienda Er\u00f3tica\" \/>\n<meta property=\"og:description\" content=\"BENJAMIN DORE PARA UNA NOCHE DE SEDUCCI\u00d3N Es un ESTUCHE con un BERJAMIN DORE CON LAMINAS DE ORO DE 22\" \/>\n<meta property=\"og:url\" content=\"https:\/\/demoweb.info\/sexshop001\/producto\/benjamin-dore-para-una-noche-de-seduccion\/\" \/>\n<meta property=\"og:site_name\" content=\"Tienda Er\u00f3tica\" \/>\n<meta property=\"og:image\" content=\"https:\/\/demoweb.info\/sexshop001\/wp-content\/uploads\/2022\/01\/BENJAMIN-DORE-PARA-UNA-NOCHE-DE-SEDUCCION.jpg\" \/>\n\t<meta property=\"og:image:width\" content=\"550\" \/>\n\t<meta property=\"og:image:height\" content=\"550\" \/>\n\t<meta property=\"og:image:type\" content=\"image\/jpeg\" \/>\n<meta name=\"twitter:card\" content=\"summary_large_image\" \/>\n<script type=\"application\/ld+json\" class=\"yoast-schema-graph\">{\"@context\":\"https:\/\/schema.org\",\"@graph\":[{\"@type\":\"WebPage\",\"@id\":\"https:\/\/demoweb.info\/sexshop001\/producto\/benjamin-dore-para-una-noche-de-seduccion\/\",\"url\":\"https:\/\/demoweb.info\/sexshop001\/producto\/benjamin-dore-para-una-noche-de-seduccion\/\",\"name\":\"BENJAMIN DORE PARA UNA NOCHE DE SEDUCCI\u00d3N - Tienda Er\u00f3tica\",\"isPartOf\":{\"@id\":\"https:\/\/demoweb.info\/sexshop001\/#website\"},\"datePublished\":\"2022-01-22T13:13:25+00:00\",\"dateModified\":\"2022-01-22T13:13:25+00:00\",\"breadcrumb\":{\"@id\":\"https:\/\/demoweb.info\/sexshop001\/producto\/benjamin-dore-para-una-noche-de-seduccion\/#breadcrumb\"},\"inLanguage\":\"es\",\"potentialAction\":[{\"@type\":\"ReadAction\",\"target\":[\"https:\/\/demoweb.info\/sexshop001\/producto\/benjamin-dore-para-una-noche-de-seduccion\/\"]}]},{\"@type\":\"BreadcrumbList\",\"@id\":\"https:\/\/demoweb.info\/sexshop001\/producto\/benjamin-dore-para-una-noche-de-seduccion\/#breadcrumb\",\"itemListElement\":[{\"@type\":\"ListItem\",\"position\":1,\"name\":\"Portada\",\"item\":\"https:\/\/demoweb.info\/sexshop001\/\"},{\"@type\":\"ListItem\",\"position\":2,\"name\":\"Tienda\",\"item\":\"https:\/\/demoweb.info\/sexshop001\/tienda\/\"},{\"@type\":\"ListItem\",\"position\":3,\"name\":\"BENJAMIN DORE PARA UNA NOCHE DE SEDUCCI\u00d3N\"}]},{\"@type\":\"WebSite\",\"@id\":\"https:\/\/demoweb.info\/sexshop001\/#website\",\"url\":\"https:\/\/demoweb.info\/sexshop001\/\",\"name\":\"Tienda Er\u00f3tica\",\"description\":\"DEMOWEB SL\",\"potentialAction\":[{\"@type\":\"SearchAction\",\"target\":{\"@type\":\"EntryPoint\",\"urlTemplate\":\"https:\/\/demoweb.info\/sexshop001\/?s={search_term_string}\"},\"query-input\":\"required name=search_term_string\"}],\"inLanguage\":\"es\"}]}<\/script>\n<!-- \/ Yoast SEO plugin. -->","yoast_head_json":{"title":"BENJAMIN DORE PARA UNA NOCHE DE SEDUCCI\u00d3N - Tienda Er\u00f3tica","robots":{"index":"noindex","follow":"follow","max-snippet":"max-snippet:-1","max-image-preview":"max-image-preview:large","max-video-preview":"max-video-preview:-1"},"og_locale":"es_ES","og_type":"article","og_title":"BENJAMIN DORE PARA UNA NOCHE DE SEDUCCI\u00d3N - Tienda Er\u00f3tica","og_description":"BENJAMIN DORE PARA UNA NOCHE DE SEDUCCI\u00d3N Es un ESTUCHE con un BERJAMIN DORE CON LAMINAS DE ORO DE 22","og_url":"https:\/\/demoweb.info\/sexshop001\/producto\/benjamin-dore-para-una-noche-de-seduccion\/","og_site_name":"Tienda Er\u00f3tica","og_image":[{"width":550,"height":550,"url":"https:\/\/demoweb.info\/sexshop001\/wp-content\/uploads\/2022\/01\/BENJAMIN-DORE-PARA-UNA-NOCHE-DE-SEDUCCION.jpg","type":"image\/jpeg"}],"twitter_card":"summary_large_image","schema":{"@context":"https:\/\/schema.org","@graph":[{"@type":"WebPage","@id":"https:\/\/demoweb.info\/sexshop001\/producto\/benjamin-dore-para-una-noche-de-seduccion\/","url":"https:\/\/demoweb.info\/sexshop001\/producto\/benjamin-dore-para-una-noche-de-seduccion\/","name":"BENJAMIN DORE PARA UNA NOCHE DE SEDUCCI\u00d3N - Tienda Er\u00f3tica","isPartOf":{"@id":"https:\/\/demoweb.info\/sexshop001\/#website"},"datePublished":"2022-01-22T13:13:25+00:00","dateModified":"2022-01-22T13:13:25+00:00","breadcrumb":{"@id":"https:\/\/demoweb.info\/sexshop001\/producto\/benjamin-dore-para-una-noche-de-seduccion\/#breadcrumb"},"inLanguage":"es","potentialAction":[{"@type":"ReadAction","target":["https:\/\/demoweb.info\/sexshop001\/producto\/benjamin-dore-para-una-noche-de-seduccion\/"]}]},{"@type":"BreadcrumbList","@id":"https:\/\/demoweb.info\/sexshop001\/producto\/benjamin-dore-para-una-noche-de-seduccion\/#breadcrumb","itemListElement":[{"@type":"ListItem","position":1,"name":"Portada","item":"https:\/\/demoweb.info\/sexshop001\/"},{"@type":"ListItem","position":2,"name":"Tienda","item":"https:\/\/demoweb.info\/sexshop001\/tienda\/"},{"@type":"ListItem","position":3,"name":"BENJAMIN DORE PARA UNA NOCHE DE SEDUCCI\u00d3N"}]},{"@type":"WebSite","@id":"https:\/\/demoweb.info\/sexshop001\/#website","url":"https:\/\/demoweb.info\/sexshop001\/","name":"Tienda Er\u00f3tica","description":"DEMOWEB SL","potentialAction":[{"@type":"SearchAction","target":{"@type":"EntryPoint","urlTemplate":"https:\/\/demoweb.info\/sexshop001\/?s={search_term_string}"},"query-input":"required name=search_term_string"}],"inLanguage":"es"}]}},"_links":{"self":[{"href":"https:\/\/demoweb.info\/sexshop001\/wp-json\/wp\/v3\/product\/39540","targetHints":{"allow":["GET"]}}],"collection":[{"href":"https:\/\/demoweb.info\/sexshop001\/wp-json\/wp\/v3\/product"}],"about":[{"href":"https:\/\/demoweb.info\/sexshop001\/wp-json\/wp\/v2\/types\/product"}],"replies":[{"embeddable":true,"href":"https:\/\/demoweb.info\/sexshop001\/wp-json\/wp\/v2\/comments?post=39540"}],"wp:featuredmedia":[{"embeddable":true,"href":"https:\/\/demoweb.info\/sexshop001\/wp-json\/wp\/v2\/media\/39541"}],"wp:attachment":[{"href":"https:\/\/demoweb.info\/sexshop001\/wp-json\/wp\/v2\/media?parent=39540"}],"wp:term":[{"taxonomy":"product_cat","embeddable":true,"href":"https:\/\/demoweb.info\/sexshop001\/wp-json\/wp\/v2\/product_cat?post=39540"},{"taxonomy":"product_tag","embeddable":true,"href":"https:\/\/demoweb.info\/sexshop001\/wp-json\/wp\/v2\/product_tag?post=39540"}],"curies":[{"name":"wp","href":"https:\/\/api.w.org\/{rel}","templated":true}]}}