{"id":39475,"date":"2022-01-22T14:12:39","date_gmt":"2022-01-22T13:12:39","guid":{"rendered":"https:\/\/demoweb.info\/sexshop001\/producto\/satisfyer-hot-lover-pink-dark-pink-con-app\/"},"modified":"2022-01-22T14:12:47","modified_gmt":"2022-01-22T13:12:47","slug":"satisfyer-hot-lover-pink-dark-pink-con-app","status":"publish","type":"product","link":"https:\/\/demoweb.info\/sexshop001\/producto\/satisfyer-hot-lover-pink-dark-pink-con-app\/","title":{"rendered":"SATISFYER HOT LOVER PINK\/DARK PINK CON APP"},"content":{"rendered":"<p><strong>SATISFYER HOT LOVER INCL. BLUETOOTH AND APP<\/strong><\/p>\n<p>Vibrador doble motor de silicona, recargable, con calor (se activa de forma independiente) con APP por bluetooth.<\/p>\n<ul>\n<li>Dotado de dos potentes motores independientes.<\/li>\n<li>Eje de silicona m\u00e1s una punta flexible.<\/li>\n<li>Vibraciones silenciosas.<\/li>\n<li>Impermeable.<\/li>\n<li>Creado con comodidad ergon\u00f3mica y dise\u00f1o minimalista.<\/li>\n<li>Presenta un acento de oro rosa cromado.<\/li>\n<li>Compatible con cualquier tel\u00e9fono inteligente, tableta y reloj de Apple Android o Apple.<\/li>\n<li>Interminable variedad de programas con la aplicaci\u00f3n Satisfyer (tambi\u00e9n se puede usar sin m\u00f3vil)<\/li>\n<\/ul>\n<p>\nLa nueva aplicaci\u00f3n Satisfyer Connect est\u00e1 disponible para todos los sistemas operativos, tanto Android como iOS, incluido Apple Watch. Es gratis y te volver\u00e1 a sorprender cada mes con sus emocionantes funciones. La aplicaci\u00f3n se conecta a trav\u00e9s de Bluetooth o Internet y controla tu vibrador de cl\u00edtoris con impresionantes combinaciones de vibraciones. Funciona como un control remoto y puede usar el micr\u00f3fono de su tel\u00e9fono celular para convertir el ruido ambiental en vibraciones o transferir listas de reproducci\u00f3n completas de Spotify a su cl\u00edtoris con ritmos impresionantes.<\/p>\n<p>La aplicaci\u00f3n cumple con los estrictos requisitos de las leyes de protecci\u00f3n de datos alemanas y europeas. Eso significa que solo usted tiene acceso a la aplicaci\u00f3n y puede disfrutar sin molestias.<\/p>\n<p>Por supuesto, tambi\u00e9n puede permitir que su socio controle la aplicaci\u00f3n para obtener experiencias de hormigueo adicionales o permitir que otros usuarios controlen su Satsifyer en los chats de video. Una vez que su Satisfyer est\u00e9 agotado, puede recargarlo f\u00e1cilmente con el cable de carga magn\u00e9tico USB incluido. Este proporcionador de placer le proporcionar\u00e1 un momento excepcionalmente emocionante: solo, con su pareja o en un chat de video.<\/p>\n<p>Caracter\u00edsticas:<\/p>\n<ul>\n<li>Estimulador de cl\u00edtoris de dise\u00f1o ergon\u00f3mico.<\/li>\n<li>Combinando ondas de presi\u00f3n junto con vibraciones adicionales.<\/li>\n<li>Modo susurro.<\/li>\n<li>Recargable.<\/li>\n<li>Impermeable.<\/li>\n<li>Compatible con cualquier tel\u00e9fono inteligente, tableta y reloj de Apple Android o Apple.<\/li>\n<li>Interminable variedad de programas con la aplicaci\u00f3n Satisfyer (tambi\u00e9n se puede utilizar sin).<\/li>\n<\/ul>\n<p>\nDimensiones:<\/p>\n<ul>\n<li>Longitud: 13cm<\/li>\n<\/ul>\n","protected":false},"excerpt":{"rendered":"<p>SATISFYER HOT LOVER INCL. BLUETOOTH AND APP Vibrador doble motor de silicona, recargable, con calor (se activa de forma independiente)<\/p>\n","protected":false},"featured_media":39476,"comment_status":"open","ping_status":"open","template":"","meta":[],"product_cat":[504],"product_tag":[442,615],"class_list":["post-39475","product","type-product","status-publish","has-post-thumbnail","hentry","product_cat-con-app","product_tag-satisfyer","product_tag-vibrator"],"bundled_by":[],"bundle_stock_status":"outofstock","bundle_stock_quantity":0,"bundle_virtual":false,"bundle_layout":"","bundle_add_to_cart_form_location":"","bundle_editable_in_cart":false,"bundle_sold_individually_context":"","bundle_item_grouping":"","bundle_min_size":"","bundle_max_size":"","bundled_items":[],"yoast_head":"<!-- This site is optimized with the Yoast SEO plugin v20.6 - https:\/\/yoast.com\/wordpress\/plugins\/seo\/ -->\n<title>SATISFYER HOT LOVER PINK\/DARK PINK CON APP - Tienda Er\u00f3tica<\/title>\n<meta name=\"robots\" content=\"noindex, follow, max-snippet:-1, max-image-preview:large, max-video-preview:-1\" \/>\n<meta property=\"og:locale\" content=\"es_ES\" \/>\n<meta property=\"og:type\" content=\"article\" \/>\n<meta property=\"og:title\" content=\"SATISFYER HOT LOVER PINK\/DARK PINK CON APP - Tienda Er\u00f3tica\" \/>\n<meta property=\"og:description\" content=\"SATISFYER HOT LOVER INCL. BLUETOOTH AND APP Vibrador doble motor de silicona, recargable, con calor (se activa de forma independiente)\" \/>\n<meta property=\"og:url\" content=\"https:\/\/demoweb.info\/sexshop001\/producto\/satisfyer-hot-lover-pink-dark-pink-con-app\/\" \/>\n<meta property=\"og:site_name\" content=\"Tienda Er\u00f3tica\" \/>\n<meta property=\"article:modified_time\" content=\"2022-01-22T13:12:47+00:00\" \/>\n<meta property=\"og:image\" content=\"https:\/\/demoweb.info\/sexshop001\/wp-content\/uploads\/2022\/01\/SATISFYER-HOT-LOVER-PINKDARK-PINK-CON-APP.jpg\" \/>\n\t<meta property=\"og:image:width\" content=\"550\" \/>\n\t<meta property=\"og:image:height\" content=\"550\" \/>\n\t<meta property=\"og:image:type\" content=\"image\/jpeg\" \/>\n<meta name=\"twitter:card\" content=\"summary_large_image\" \/>\n<meta name=\"twitter:label1\" content=\"Tiempo de lectura\" \/>\n\t<meta name=\"twitter:data1\" content=\"2 minutos\" \/>\n<script type=\"application\/ld+json\" class=\"yoast-schema-graph\">{\"@context\":\"https:\/\/schema.org\",\"@graph\":[{\"@type\":\"WebPage\",\"@id\":\"https:\/\/demoweb.info\/sexshop001\/producto\/satisfyer-hot-lover-pink-dark-pink-con-app\/\",\"url\":\"https:\/\/demoweb.info\/sexshop001\/producto\/satisfyer-hot-lover-pink-dark-pink-con-app\/\",\"name\":\"SATISFYER HOT LOVER PINK\/DARK PINK CON APP - Tienda Er\u00f3tica\",\"isPartOf\":{\"@id\":\"https:\/\/demoweb.info\/sexshop001\/#website\"},\"datePublished\":\"2022-01-22T13:12:39+00:00\",\"dateModified\":\"2022-01-22T13:12:47+00:00\",\"breadcrumb\":{\"@id\":\"https:\/\/demoweb.info\/sexshop001\/producto\/satisfyer-hot-lover-pink-dark-pink-con-app\/#breadcrumb\"},\"inLanguage\":\"es\",\"potentialAction\":[{\"@type\":\"ReadAction\",\"target\":[\"https:\/\/demoweb.info\/sexshop001\/producto\/satisfyer-hot-lover-pink-dark-pink-con-app\/\"]}]},{\"@type\":\"BreadcrumbList\",\"@id\":\"https:\/\/demoweb.info\/sexshop001\/producto\/satisfyer-hot-lover-pink-dark-pink-con-app\/#breadcrumb\",\"itemListElement\":[{\"@type\":\"ListItem\",\"position\":1,\"name\":\"Portada\",\"item\":\"https:\/\/demoweb.info\/sexshop001\/\"},{\"@type\":\"ListItem\",\"position\":2,\"name\":\"Tienda\",\"item\":\"https:\/\/demoweb.info\/sexshop001\/tienda\/\"},{\"@type\":\"ListItem\",\"position\":3,\"name\":\"SATISFYER HOT LOVER PINK\/DARK PINK CON APP\"}]},{\"@type\":\"WebSite\",\"@id\":\"https:\/\/demoweb.info\/sexshop001\/#website\",\"url\":\"https:\/\/demoweb.info\/sexshop001\/\",\"name\":\"Tienda Er\u00f3tica\",\"description\":\"DEMOWEB SL\",\"potentialAction\":[{\"@type\":\"SearchAction\",\"target\":{\"@type\":\"EntryPoint\",\"urlTemplate\":\"https:\/\/demoweb.info\/sexshop001\/?s={search_term_string}\"},\"query-input\":\"required name=search_term_string\"}],\"inLanguage\":\"es\"}]}<\/script>\n<!-- \/ Yoast SEO plugin. -->","yoast_head_json":{"title":"SATISFYER HOT LOVER PINK\/DARK PINK CON APP - Tienda Er\u00f3tica","robots":{"index":"noindex","follow":"follow","max-snippet":"max-snippet:-1","max-image-preview":"max-image-preview:large","max-video-preview":"max-video-preview:-1"},"og_locale":"es_ES","og_type":"article","og_title":"SATISFYER HOT LOVER PINK\/DARK PINK CON APP - Tienda Er\u00f3tica","og_description":"SATISFYER HOT LOVER INCL. BLUETOOTH AND APP Vibrador doble motor de silicona, recargable, con calor (se activa de forma independiente)","og_url":"https:\/\/demoweb.info\/sexshop001\/producto\/satisfyer-hot-lover-pink-dark-pink-con-app\/","og_site_name":"Tienda Er\u00f3tica","article_modified_time":"2022-01-22T13:12:47+00:00","og_image":[{"width":550,"height":550,"url":"https:\/\/demoweb.info\/sexshop001\/wp-content\/uploads\/2022\/01\/SATISFYER-HOT-LOVER-PINKDARK-PINK-CON-APP.jpg","type":"image\/jpeg"}],"twitter_card":"summary_large_image","twitter_misc":{"Tiempo de lectura":"2 minutos"},"schema":{"@context":"https:\/\/schema.org","@graph":[{"@type":"WebPage","@id":"https:\/\/demoweb.info\/sexshop001\/producto\/satisfyer-hot-lover-pink-dark-pink-con-app\/","url":"https:\/\/demoweb.info\/sexshop001\/producto\/satisfyer-hot-lover-pink-dark-pink-con-app\/","name":"SATISFYER HOT LOVER PINK\/DARK PINK CON APP - Tienda Er\u00f3tica","isPartOf":{"@id":"https:\/\/demoweb.info\/sexshop001\/#website"},"datePublished":"2022-01-22T13:12:39+00:00","dateModified":"2022-01-22T13:12:47+00:00","breadcrumb":{"@id":"https:\/\/demoweb.info\/sexshop001\/producto\/satisfyer-hot-lover-pink-dark-pink-con-app\/#breadcrumb"},"inLanguage":"es","potentialAction":[{"@type":"ReadAction","target":["https:\/\/demoweb.info\/sexshop001\/producto\/satisfyer-hot-lover-pink-dark-pink-con-app\/"]}]},{"@type":"BreadcrumbList","@id":"https:\/\/demoweb.info\/sexshop001\/producto\/satisfyer-hot-lover-pink-dark-pink-con-app\/#breadcrumb","itemListElement":[{"@type":"ListItem","position":1,"name":"Portada","item":"https:\/\/demoweb.info\/sexshop001\/"},{"@type":"ListItem","position":2,"name":"Tienda","item":"https:\/\/demoweb.info\/sexshop001\/tienda\/"},{"@type":"ListItem","position":3,"name":"SATISFYER HOT LOVER PINK\/DARK PINK CON APP"}]},{"@type":"WebSite","@id":"https:\/\/demoweb.info\/sexshop001\/#website","url":"https:\/\/demoweb.info\/sexshop001\/","name":"Tienda Er\u00f3tica","description":"DEMOWEB SL","potentialAction":[{"@type":"SearchAction","target":{"@type":"EntryPoint","urlTemplate":"https:\/\/demoweb.info\/sexshop001\/?s={search_term_string}"},"query-input":"required name=search_term_string"}],"inLanguage":"es"}]}},"_links":{"self":[{"href":"https:\/\/demoweb.info\/sexshop001\/wp-json\/wp\/v3\/product\/39475","targetHints":{"allow":["GET"]}}],"collection":[{"href":"https:\/\/demoweb.info\/sexshop001\/wp-json\/wp\/v3\/product"}],"about":[{"href":"https:\/\/demoweb.info\/sexshop001\/wp-json\/wp\/v2\/types\/product"}],"replies":[{"embeddable":true,"href":"https:\/\/demoweb.info\/sexshop001\/wp-json\/wp\/v2\/comments?post=39475"}],"wp:featuredmedia":[{"embeddable":true,"href":"https:\/\/demoweb.info\/sexshop001\/wp-json\/wp\/v2\/media\/39476"}],"wp:attachment":[{"href":"https:\/\/demoweb.info\/sexshop001\/wp-json\/wp\/v2\/media?parent=39475"}],"wp:term":[{"taxonomy":"product_cat","embeddable":true,"href":"https:\/\/demoweb.info\/sexshop001\/wp-json\/wp\/v2\/product_cat?post=39475"},{"taxonomy":"product_tag","embeddable":true,"href":"https:\/\/demoweb.info\/sexshop001\/wp-json\/wp\/v2\/product_tag?post=39475"}],"curies":[{"name":"wp","href":"https:\/\/api.w.org\/{rel}","templated":true}]}}