{"id":39453,"date":"2022-01-22T14:12:20","date_gmt":"2022-01-22T13:12:20","guid":{"rendered":"https:\/\/demoweb.info\/sexshop001\/producto\/cuerpos\/"},"modified":"2022-01-22T14:12:33","modified_gmt":"2022-01-22T13:12:33","slug":"cuerpos","status":"publish","type":"product","link":"https:\/\/demoweb.info\/sexshop001\/producto\/cuerpos\/","title":{"rendered":"CUERPOS"},"content":{"rendered":"<p><strong>CUERPOS<\/strong><\/p>\n<p>Noemi Casquet.<\/p>\n<p>\u00bfQuien quieres ser esta noche?<\/p>\n<p>La nueva novela de Noem\u00ed Casquet, autora de la trilog\u00eda Zorras. M\u00e1s de 150.000 ejemplares vendidos.<\/p>\n<p>\u00bfQuien eres cuando no eres? \u00bfHasta d\u00f3nde est\u00e1s dispuesta a llegar?<\/p>\n<p>Ruth est\u00e1 en ca\u00edda libre. Entre la desilusi\u00f3n #que lejos quedaron sus sue\u00f1os de triunfar como actriz# y la autocompasi\u00f3n, no sabe que la vida, un d\u00eda cualquiera, puede golpearte tan fuerte que todos los problemas de antes te resulten insignificantes.<\/p>\n<p>Ser\u00e1 entonces cuando Ruth se refugie en un juego muy especial, cuyas normas solo puede marcar ella misma. Es un juego antiguo y peligroso, que casi todos hemos probado o deseado probar alguna vez. El juego de dejar de ser ella y convertirse en otra por las noches.<\/p>\n<p>Electra lleva una peluca roja y sabe atraer todas las miradas. Sus noches se miden por orgasmos y la invitan a las fiestas m\u00e1s salvajes. Electra no tiene miedo de nada, mientras que Ruth vive muy asustada; por eso le cuesta tanto volver a ser ella al quitarse la peluca. Cuanto m\u00e1s profundo es el dolor, mayor es el enga\u00f1o. \u00bfO es al reves?<\/p>\n<ul>\n<li>N&ordm; de p\u00e1ginas: 352<\/li>\n<li>Editorial: S.A. EDICIONES B<\/li>\n<li>Idioma: CASTELLANO<\/li>\n<li>Encuadernaci\u00f3n: Tapa blanda<\/li>\n<li>ISBN: 9788466669900<\/li>\n<li>A\u00f1o de edici\u00f3n: 2021<\/li>\n<li>Plaza de edici\u00f3n: ES<\/li>\n<li>Fecha de lanzamiento: 07\/10\/2021<\/li>\n<\/ul>\n","protected":false},"excerpt":{"rendered":"<p>CUERPOS Noemi Casquet. \u00bfQuien quieres ser esta noche? La nueva novela de Noem\u00ed Casquet, autora de la trilog\u00eda Zorras. M\u00e1s<\/p>\n","protected":false},"featured_media":39454,"comment_status":"open","ping_status":"open","template":"","meta":[],"product_cat":[414],"product_tag":[945],"class_list":["post-39453","product","type-product","status-publish","has-post-thumbnail","hentry","product_cat-libros","product_tag-ediciones-b"],"bundled_by":[],"bundle_stock_status":"instock","bundle_stock_quantity":2,"bundle_virtual":false,"bundle_layout":"","bundle_add_to_cart_form_location":"","bundle_editable_in_cart":false,"bundle_sold_individually_context":"","bundle_item_grouping":"","bundle_min_size":"","bundle_max_size":"","bundled_items":[],"yoast_head":"<!-- This site is optimized with the Yoast SEO plugin v20.6 - https:\/\/yoast.com\/wordpress\/plugins\/seo\/ -->\n<title>CUERPOS - Tienda Er\u00f3tica<\/title>\n<meta name=\"robots\" content=\"noindex, follow, max-snippet:-1, max-image-preview:large, max-video-preview:-1\" \/>\n<meta property=\"og:locale\" content=\"es_ES\" \/>\n<meta property=\"og:type\" content=\"article\" \/>\n<meta property=\"og:title\" content=\"CUERPOS - Tienda Er\u00f3tica\" \/>\n<meta property=\"og:description\" content=\"CUERPOS Noemi Casquet. \u00bfQuien quieres ser esta noche? La nueva novela de Noem\u00ed Casquet, autora de la trilog\u00eda Zorras. M\u00e1s\" \/>\n<meta property=\"og:url\" content=\"https:\/\/demoweb.info\/sexshop001\/producto\/cuerpos\/\" \/>\n<meta property=\"og:site_name\" content=\"Tienda Er\u00f3tica\" \/>\n<meta property=\"article:modified_time\" content=\"2022-01-22T13:12:33+00:00\" \/>\n<meta property=\"og:image\" content=\"https:\/\/demoweb.info\/sexshop001\/wp-content\/uploads\/2022\/01\/CUERPOS.jpg\" \/>\n\t<meta property=\"og:image:width\" content=\"550\" \/>\n\t<meta property=\"og:image:height\" content=\"550\" \/>\n\t<meta property=\"og:image:type\" content=\"image\/jpeg\" \/>\n<meta name=\"twitter:card\" content=\"summary_large_image\" \/>\n<meta name=\"twitter:label1\" content=\"Tiempo de lectura\" \/>\n\t<meta name=\"twitter:data1\" content=\"1 minuto\" \/>\n<script type=\"application\/ld+json\" class=\"yoast-schema-graph\">{\"@context\":\"https:\/\/schema.org\",\"@graph\":[{\"@type\":\"WebPage\",\"@id\":\"https:\/\/demoweb.info\/sexshop001\/producto\/cuerpos\/\",\"url\":\"https:\/\/demoweb.info\/sexshop001\/producto\/cuerpos\/\",\"name\":\"CUERPOS - Tienda Er\u00f3tica\",\"isPartOf\":{\"@id\":\"https:\/\/demoweb.info\/sexshop001\/#website\"},\"datePublished\":\"2022-01-22T13:12:20+00:00\",\"dateModified\":\"2022-01-22T13:12:33+00:00\",\"breadcrumb\":{\"@id\":\"https:\/\/demoweb.info\/sexshop001\/producto\/cuerpos\/#breadcrumb\"},\"inLanguage\":\"es\",\"potentialAction\":[{\"@type\":\"ReadAction\",\"target\":[\"https:\/\/demoweb.info\/sexshop001\/producto\/cuerpos\/\"]}]},{\"@type\":\"BreadcrumbList\",\"@id\":\"https:\/\/demoweb.info\/sexshop001\/producto\/cuerpos\/#breadcrumb\",\"itemListElement\":[{\"@type\":\"ListItem\",\"position\":1,\"name\":\"Portada\",\"item\":\"https:\/\/demoweb.info\/sexshop001\/\"},{\"@type\":\"ListItem\",\"position\":2,\"name\":\"Tienda\",\"item\":\"https:\/\/demoweb.info\/sexshop001\/tienda\/\"},{\"@type\":\"ListItem\",\"position\":3,\"name\":\"CUERPOS\"}]},{\"@type\":\"WebSite\",\"@id\":\"https:\/\/demoweb.info\/sexshop001\/#website\",\"url\":\"https:\/\/demoweb.info\/sexshop001\/\",\"name\":\"Tienda Er\u00f3tica\",\"description\":\"DEMOWEB SL\",\"potentialAction\":[{\"@type\":\"SearchAction\",\"target\":{\"@type\":\"EntryPoint\",\"urlTemplate\":\"https:\/\/demoweb.info\/sexshop001\/?s={search_term_string}\"},\"query-input\":\"required name=search_term_string\"}],\"inLanguage\":\"es\"}]}<\/script>\n<!-- \/ Yoast SEO plugin. -->","yoast_head_json":{"title":"CUERPOS - Tienda Er\u00f3tica","robots":{"index":"noindex","follow":"follow","max-snippet":"max-snippet:-1","max-image-preview":"max-image-preview:large","max-video-preview":"max-video-preview:-1"},"og_locale":"es_ES","og_type":"article","og_title":"CUERPOS - Tienda Er\u00f3tica","og_description":"CUERPOS Noemi Casquet. \u00bfQuien quieres ser esta noche? La nueva novela de Noem\u00ed Casquet, autora de la trilog\u00eda Zorras. M\u00e1s","og_url":"https:\/\/demoweb.info\/sexshop001\/producto\/cuerpos\/","og_site_name":"Tienda Er\u00f3tica","article_modified_time":"2022-01-22T13:12:33+00:00","og_image":[{"width":550,"height":550,"url":"https:\/\/demoweb.info\/sexshop001\/wp-content\/uploads\/2022\/01\/CUERPOS.jpg","type":"image\/jpeg"}],"twitter_card":"summary_large_image","twitter_misc":{"Tiempo de lectura":"1 minuto"},"schema":{"@context":"https:\/\/schema.org","@graph":[{"@type":"WebPage","@id":"https:\/\/demoweb.info\/sexshop001\/producto\/cuerpos\/","url":"https:\/\/demoweb.info\/sexshop001\/producto\/cuerpos\/","name":"CUERPOS - Tienda Er\u00f3tica","isPartOf":{"@id":"https:\/\/demoweb.info\/sexshop001\/#website"},"datePublished":"2022-01-22T13:12:20+00:00","dateModified":"2022-01-22T13:12:33+00:00","breadcrumb":{"@id":"https:\/\/demoweb.info\/sexshop001\/producto\/cuerpos\/#breadcrumb"},"inLanguage":"es","potentialAction":[{"@type":"ReadAction","target":["https:\/\/demoweb.info\/sexshop001\/producto\/cuerpos\/"]}]},{"@type":"BreadcrumbList","@id":"https:\/\/demoweb.info\/sexshop001\/producto\/cuerpos\/#breadcrumb","itemListElement":[{"@type":"ListItem","position":1,"name":"Portada","item":"https:\/\/demoweb.info\/sexshop001\/"},{"@type":"ListItem","position":2,"name":"Tienda","item":"https:\/\/demoweb.info\/sexshop001\/tienda\/"},{"@type":"ListItem","position":3,"name":"CUERPOS"}]},{"@type":"WebSite","@id":"https:\/\/demoweb.info\/sexshop001\/#website","url":"https:\/\/demoweb.info\/sexshop001\/","name":"Tienda Er\u00f3tica","description":"DEMOWEB SL","potentialAction":[{"@type":"SearchAction","target":{"@type":"EntryPoint","urlTemplate":"https:\/\/demoweb.info\/sexshop001\/?s={search_term_string}"},"query-input":"required name=search_term_string"}],"inLanguage":"es"}]}},"_links":{"self":[{"href":"https:\/\/demoweb.info\/sexshop001\/wp-json\/wp\/v3\/product\/39453","targetHints":{"allow":["GET"]}}],"collection":[{"href":"https:\/\/demoweb.info\/sexshop001\/wp-json\/wp\/v3\/product"}],"about":[{"href":"https:\/\/demoweb.info\/sexshop001\/wp-json\/wp\/v2\/types\/product"}],"replies":[{"embeddable":true,"href":"https:\/\/demoweb.info\/sexshop001\/wp-json\/wp\/v2\/comments?post=39453"}],"wp:featuredmedia":[{"embeddable":true,"href":"https:\/\/demoweb.info\/sexshop001\/wp-json\/wp\/v2\/media\/39454"}],"wp:attachment":[{"href":"https:\/\/demoweb.info\/sexshop001\/wp-json\/wp\/v2\/media?parent=39453"}],"wp:term":[{"taxonomy":"product_cat","embeddable":true,"href":"https:\/\/demoweb.info\/sexshop001\/wp-json\/wp\/v2\/product_cat?post=39453"},{"taxonomy":"product_tag","embeddable":true,"href":"https:\/\/demoweb.info\/sexshop001\/wp-json\/wp\/v2\/product_tag?post=39453"}],"curies":[{"name":"wp","href":"https:\/\/api.w.org\/{rel}","templated":true}]}}