{"id":39413,"date":"2022-01-22T14:12:01","date_gmt":"2022-01-22T13:12:01","guid":{"rendered":"https:\/\/demoweb.info\/sexshop001\/producto\/huevo-vibrador-recargable-10-velocidades-negro\/"},"modified":"2022-01-22T14:12:09","modified_gmt":"2022-01-22T13:12:09","slug":"huevo-vibrador-recargable-10-velocidades-negro","status":"publish","type":"product","link":"https:\/\/demoweb.info\/sexshop001\/producto\/huevo-vibrador-recargable-10-velocidades-negro\/","title":{"rendered":"HUEVO VIBRADOR RECARGABLE 10 VELOCIDADES NEGRO"},"content":{"rendered":"<p><strong>RECHARGEABLE VIBRATING EGG &#8211; BLACK<\/strong><\/p>\n<p>Este recargable huevo vibrador dispone de 10 diferentes pocisiones muy estimulantes que pueden ajustarse con el control remoto sin cables. Desde una sensaci\u00f3n confortable y agradable hasta una vibraci\u00f3n extremadamente vibrante, puedes controlarlo con su control remoto inal\u00e1mbrico desde una distancia de hasta 20 metros. Y es resistente al agua.<\/p>\n<p>El consolador posee una capa suave y sedosa que le da una apariencia y textura \u00fanicas. El control remoto est\u00e1 hecho de acero inoxidable y tiene un cierre que lo hace f\u00e1cil de llevar en un llavero.<\/p>\n<p><em>Consejo: dele el control remoto a su pareja. \u00c9l\/ Ella podr\u00e1 controlar el huevo.<\/em><\/p>\n<p>Medidas: 7,8 cm x 3,2 cm<\/p>\n","protected":false},"excerpt":{"rendered":"<p>RECHARGEABLE VIBRATING EGG &#8211; BLACK Este recargable huevo vibrador dispone de 10 diferentes pocisiones muy estimulantes que pueden ajustarse con<\/p>\n","protected":false},"featured_media":39414,"comment_status":"open","ping_status":"open","template":"","meta":[],"product_cat":[322],"product_tag":[302,547],"class_list":["post-39413","product","type-product","status-publish","has-post-thumbnail","hentry","product_cat-con-mando","product_tag-shots","product_tag-shots-toys"],"bundled_by":[],"bundle_stock_status":"outofstock","bundle_stock_quantity":0,"bundle_virtual":false,"bundle_layout":"","bundle_add_to_cart_form_location":"","bundle_editable_in_cart":false,"bundle_sold_individually_context":"","bundle_item_grouping":"","bundle_min_size":"","bundle_max_size":"","bundled_items":[],"yoast_head":"<!-- This site is optimized with the Yoast SEO plugin v20.6 - https:\/\/yoast.com\/wordpress\/plugins\/seo\/ -->\n<title>HUEVO VIBRADOR RECARGABLE 10 VELOCIDADES NEGRO - Tienda Er\u00f3tica<\/title>\n<meta name=\"robots\" content=\"noindex, follow, max-snippet:-1, max-image-preview:large, max-video-preview:-1\" \/>\n<meta property=\"og:locale\" content=\"es_ES\" \/>\n<meta property=\"og:type\" content=\"article\" \/>\n<meta property=\"og:title\" content=\"HUEVO VIBRADOR RECARGABLE 10 VELOCIDADES NEGRO - Tienda Er\u00f3tica\" \/>\n<meta property=\"og:description\" content=\"RECHARGEABLE VIBRATING EGG &#8211; BLACK Este recargable huevo vibrador dispone de 10 diferentes pocisiones muy estimulantes que pueden ajustarse con\" \/>\n<meta property=\"og:url\" content=\"https:\/\/demoweb.info\/sexshop001\/producto\/huevo-vibrador-recargable-10-velocidades-negro\/\" \/>\n<meta property=\"og:site_name\" content=\"Tienda Er\u00f3tica\" \/>\n<meta property=\"article:modified_time\" content=\"2022-01-22T13:12:09+00:00\" \/>\n<meta property=\"og:image\" content=\"https:\/\/demoweb.info\/sexshop001\/wp-content\/uploads\/2022\/01\/HUEVO-VIBRADOR-RECARGABLE-10-VELOCIDADES-NEGRO.jpg\" \/>\n\t<meta property=\"og:image:width\" content=\"550\" \/>\n\t<meta property=\"og:image:height\" content=\"550\" \/>\n\t<meta property=\"og:image:type\" content=\"image\/jpeg\" \/>\n<meta name=\"twitter:card\" content=\"summary_large_image\" \/>\n<meta name=\"twitter:label1\" content=\"Tiempo de lectura\" \/>\n\t<meta name=\"twitter:data1\" content=\"1 minuto\" \/>\n<script type=\"application\/ld+json\" class=\"yoast-schema-graph\">{\"@context\":\"https:\/\/schema.org\",\"@graph\":[{\"@type\":\"WebPage\",\"@id\":\"https:\/\/demoweb.info\/sexshop001\/producto\/huevo-vibrador-recargable-10-velocidades-negro\/\",\"url\":\"https:\/\/demoweb.info\/sexshop001\/producto\/huevo-vibrador-recargable-10-velocidades-negro\/\",\"name\":\"HUEVO VIBRADOR RECARGABLE 10 VELOCIDADES NEGRO - Tienda Er\u00f3tica\",\"isPartOf\":{\"@id\":\"https:\/\/demoweb.info\/sexshop001\/#website\"},\"datePublished\":\"2022-01-22T13:12:01+00:00\",\"dateModified\":\"2022-01-22T13:12:09+00:00\",\"breadcrumb\":{\"@id\":\"https:\/\/demoweb.info\/sexshop001\/producto\/huevo-vibrador-recargable-10-velocidades-negro\/#breadcrumb\"},\"inLanguage\":\"es\",\"potentialAction\":[{\"@type\":\"ReadAction\",\"target\":[\"https:\/\/demoweb.info\/sexshop001\/producto\/huevo-vibrador-recargable-10-velocidades-negro\/\"]}]},{\"@type\":\"BreadcrumbList\",\"@id\":\"https:\/\/demoweb.info\/sexshop001\/producto\/huevo-vibrador-recargable-10-velocidades-negro\/#breadcrumb\",\"itemListElement\":[{\"@type\":\"ListItem\",\"position\":1,\"name\":\"Portada\",\"item\":\"https:\/\/demoweb.info\/sexshop001\/\"},{\"@type\":\"ListItem\",\"position\":2,\"name\":\"Tienda\",\"item\":\"https:\/\/demoweb.info\/sexshop001\/tienda\/\"},{\"@type\":\"ListItem\",\"position\":3,\"name\":\"HUEVO VIBRADOR RECARGABLE 10 VELOCIDADES NEGRO\"}]},{\"@type\":\"WebSite\",\"@id\":\"https:\/\/demoweb.info\/sexshop001\/#website\",\"url\":\"https:\/\/demoweb.info\/sexshop001\/\",\"name\":\"Tienda Er\u00f3tica\",\"description\":\"DEMOWEB SL\",\"potentialAction\":[{\"@type\":\"SearchAction\",\"target\":{\"@type\":\"EntryPoint\",\"urlTemplate\":\"https:\/\/demoweb.info\/sexshop001\/?s={search_term_string}\"},\"query-input\":\"required name=search_term_string\"}],\"inLanguage\":\"es\"}]}<\/script>\n<!-- \/ Yoast SEO plugin. -->","yoast_head_json":{"title":"HUEVO VIBRADOR RECARGABLE 10 VELOCIDADES NEGRO - Tienda Er\u00f3tica","robots":{"index":"noindex","follow":"follow","max-snippet":"max-snippet:-1","max-image-preview":"max-image-preview:large","max-video-preview":"max-video-preview:-1"},"og_locale":"es_ES","og_type":"article","og_title":"HUEVO VIBRADOR RECARGABLE 10 VELOCIDADES NEGRO - Tienda Er\u00f3tica","og_description":"RECHARGEABLE VIBRATING EGG &#8211; BLACK Este recargable huevo vibrador dispone de 10 diferentes pocisiones muy estimulantes que pueden ajustarse con","og_url":"https:\/\/demoweb.info\/sexshop001\/producto\/huevo-vibrador-recargable-10-velocidades-negro\/","og_site_name":"Tienda Er\u00f3tica","article_modified_time":"2022-01-22T13:12:09+00:00","og_image":[{"width":550,"height":550,"url":"https:\/\/demoweb.info\/sexshop001\/wp-content\/uploads\/2022\/01\/HUEVO-VIBRADOR-RECARGABLE-10-VELOCIDADES-NEGRO.jpg","type":"image\/jpeg"}],"twitter_card":"summary_large_image","twitter_misc":{"Tiempo de lectura":"1 minuto"},"schema":{"@context":"https:\/\/schema.org","@graph":[{"@type":"WebPage","@id":"https:\/\/demoweb.info\/sexshop001\/producto\/huevo-vibrador-recargable-10-velocidades-negro\/","url":"https:\/\/demoweb.info\/sexshop001\/producto\/huevo-vibrador-recargable-10-velocidades-negro\/","name":"HUEVO VIBRADOR RECARGABLE 10 VELOCIDADES NEGRO - Tienda Er\u00f3tica","isPartOf":{"@id":"https:\/\/demoweb.info\/sexshop001\/#website"},"datePublished":"2022-01-22T13:12:01+00:00","dateModified":"2022-01-22T13:12:09+00:00","breadcrumb":{"@id":"https:\/\/demoweb.info\/sexshop001\/producto\/huevo-vibrador-recargable-10-velocidades-negro\/#breadcrumb"},"inLanguage":"es","potentialAction":[{"@type":"ReadAction","target":["https:\/\/demoweb.info\/sexshop001\/producto\/huevo-vibrador-recargable-10-velocidades-negro\/"]}]},{"@type":"BreadcrumbList","@id":"https:\/\/demoweb.info\/sexshop001\/producto\/huevo-vibrador-recargable-10-velocidades-negro\/#breadcrumb","itemListElement":[{"@type":"ListItem","position":1,"name":"Portada","item":"https:\/\/demoweb.info\/sexshop001\/"},{"@type":"ListItem","position":2,"name":"Tienda","item":"https:\/\/demoweb.info\/sexshop001\/tienda\/"},{"@type":"ListItem","position":3,"name":"HUEVO VIBRADOR RECARGABLE 10 VELOCIDADES NEGRO"}]},{"@type":"WebSite","@id":"https:\/\/demoweb.info\/sexshop001\/#website","url":"https:\/\/demoweb.info\/sexshop001\/","name":"Tienda Er\u00f3tica","description":"DEMOWEB SL","potentialAction":[{"@type":"SearchAction","target":{"@type":"EntryPoint","urlTemplate":"https:\/\/demoweb.info\/sexshop001\/?s={search_term_string}"},"query-input":"required name=search_term_string"}],"inLanguage":"es"}]}},"_links":{"self":[{"href":"https:\/\/demoweb.info\/sexshop001\/wp-json\/wp\/v3\/product\/39413","targetHints":{"allow":["GET"]}}],"collection":[{"href":"https:\/\/demoweb.info\/sexshop001\/wp-json\/wp\/v3\/product"}],"about":[{"href":"https:\/\/demoweb.info\/sexshop001\/wp-json\/wp\/v2\/types\/product"}],"replies":[{"embeddable":true,"href":"https:\/\/demoweb.info\/sexshop001\/wp-json\/wp\/v2\/comments?post=39413"}],"wp:featuredmedia":[{"embeddable":true,"href":"https:\/\/demoweb.info\/sexshop001\/wp-json\/wp\/v2\/media\/39414"}],"wp:attachment":[{"href":"https:\/\/demoweb.info\/sexshop001\/wp-json\/wp\/v2\/media?parent=39413"}],"wp:term":[{"taxonomy":"product_cat","embeddable":true,"href":"https:\/\/demoweb.info\/sexshop001\/wp-json\/wp\/v2\/product_cat?post=39413"},{"taxonomy":"product_tag","embeddable":true,"href":"https:\/\/demoweb.info\/sexshop001\/wp-json\/wp\/v2\/product_tag?post=39413"}],"curies":[{"name":"wp","href":"https:\/\/api.w.org\/{rel}","templated":true}]}}