{"id":39351,"date":"2022-01-22T14:11:32","date_gmt":"2022-01-22T13:11:32","guid":{"rendered":"https:\/\/demoweb.info\/sexshop001\/producto\/ribbed-dotted-and-flared-3-pack\/"},"modified":"2022-01-22T14:11:32","modified_gmt":"2022-01-22T13:11:32","slug":"ribbed-dotted-and-flared-3-pack","status":"publish","type":"product","link":"https:\/\/demoweb.info\/sexshop001\/producto\/ribbed-dotted-and-flared-3-pack\/","title":{"rendered":"RIBBED DOTTED AND FLARED &#8211; 3 PACK"},"content":{"rendered":"<p><strong>RIBBED DOTTED AND FLARED &#8211; 3 PACK<\/strong><\/p>\n<p>Los preservativos EXS acanalados y punteados tienen 56 mm de ancho y un c\u00f3modo extremo de tetina acampanado. Este preservativo EXS es acanalado y punteado para una mayor estimulaci\u00f3n de su pareja. Los preservativos EXS acanalados y punteados no huelen a l\u00e1tex y est\u00e1n fabricados con un l\u00e1tex fino pero resistente y sedoso.<\/p>\n<p><strong>CARACTER\u00cdSTICAS<\/strong><\/p>\n<ul>\n<li>Dimensiones del producto: 6,6 x 2,3 cm<\/li>\n<li>Peso del producto: 17 gram<\/li>\n<li>Volumen del producto: 6,6 ml<\/li>\n<li>Materiales: Natural rubber latex<\/li>\n<\/ul>\n","protected":false},"excerpt":{"rendered":"<p>RIBBED DOTTED AND FLARED &#8211; 3 PACK Los preservativos EXS acanalados y punteados tienen 56 mm de ancho y un<\/p>\n","protected":false},"featured_media":39352,"comment_status":"open","ping_status":"open","template":"","meta":[],"product_cat":[621],"product_tag":[763,1119],"class_list":["post-39351","product","type-product","status-publish","has-post-thumbnail","hentry","product_cat-naturales","product_tag-exs-condoms","product_tag-healthcare"],"bundled_by":[],"bundle_stock_status":"outofstock","bundle_stock_quantity":0,"bundle_virtual":false,"bundle_layout":"","bundle_add_to_cart_form_location":"","bundle_editable_in_cart":false,"bundle_sold_individually_context":"","bundle_item_grouping":"","bundle_min_size":"","bundle_max_size":"","bundled_items":[],"yoast_head":"<!-- This site is optimized with the Yoast SEO plugin v20.6 - https:\/\/yoast.com\/wordpress\/plugins\/seo\/ -->\n<title>RIBBED DOTTED AND FLARED - 3 PACK - Tienda Er\u00f3tica<\/title>\n<meta name=\"robots\" content=\"noindex, follow, max-snippet:-1, max-image-preview:large, max-video-preview:-1\" \/>\n<meta property=\"og:locale\" content=\"es_ES\" \/>\n<meta property=\"og:type\" content=\"article\" \/>\n<meta property=\"og:title\" content=\"RIBBED DOTTED AND FLARED - 3 PACK - Tienda Er\u00f3tica\" \/>\n<meta property=\"og:description\" content=\"RIBBED DOTTED AND FLARED &#8211; 3 PACK Los preservativos EXS acanalados y punteados tienen 56 mm de ancho y un\" \/>\n<meta property=\"og:url\" content=\"https:\/\/demoweb.info\/sexshop001\/producto\/ribbed-dotted-and-flared-3-pack\/\" \/>\n<meta property=\"og:site_name\" content=\"Tienda Er\u00f3tica\" \/>\n<meta property=\"og:image\" content=\"https:\/\/demoweb.info\/sexshop001\/wp-content\/uploads\/2022\/01\/RIBBED-DOTTED-AND-FLARED-3-PACK.jpg\" \/>\n\t<meta property=\"og:image:width\" content=\"550\" \/>\n\t<meta property=\"og:image:height\" content=\"550\" \/>\n\t<meta property=\"og:image:type\" content=\"image\/jpeg\" \/>\n<meta name=\"twitter:card\" content=\"summary_large_image\" \/>\n<script type=\"application\/ld+json\" class=\"yoast-schema-graph\">{\"@context\":\"https:\/\/schema.org\",\"@graph\":[{\"@type\":\"WebPage\",\"@id\":\"https:\/\/demoweb.info\/sexshop001\/producto\/ribbed-dotted-and-flared-3-pack\/\",\"url\":\"https:\/\/demoweb.info\/sexshop001\/producto\/ribbed-dotted-and-flared-3-pack\/\",\"name\":\"RIBBED DOTTED AND FLARED - 3 PACK - Tienda Er\u00f3tica\",\"isPartOf\":{\"@id\":\"https:\/\/demoweb.info\/sexshop001\/#website\"},\"datePublished\":\"2022-01-22T13:11:32+00:00\",\"dateModified\":\"2022-01-22T13:11:32+00:00\",\"breadcrumb\":{\"@id\":\"https:\/\/demoweb.info\/sexshop001\/producto\/ribbed-dotted-and-flared-3-pack\/#breadcrumb\"},\"inLanguage\":\"es\",\"potentialAction\":[{\"@type\":\"ReadAction\",\"target\":[\"https:\/\/demoweb.info\/sexshop001\/producto\/ribbed-dotted-and-flared-3-pack\/\"]}]},{\"@type\":\"BreadcrumbList\",\"@id\":\"https:\/\/demoweb.info\/sexshop001\/producto\/ribbed-dotted-and-flared-3-pack\/#breadcrumb\",\"itemListElement\":[{\"@type\":\"ListItem\",\"position\":1,\"name\":\"Portada\",\"item\":\"https:\/\/demoweb.info\/sexshop001\/\"},{\"@type\":\"ListItem\",\"position\":2,\"name\":\"Tienda\",\"item\":\"https:\/\/demoweb.info\/sexshop001\/tienda\/\"},{\"@type\":\"ListItem\",\"position\":3,\"name\":\"RIBBED DOTTED AND FLARED &#8211; 3 PACK\"}]},{\"@type\":\"WebSite\",\"@id\":\"https:\/\/demoweb.info\/sexshop001\/#website\",\"url\":\"https:\/\/demoweb.info\/sexshop001\/\",\"name\":\"Tienda Er\u00f3tica\",\"description\":\"DEMOWEB SL\",\"potentialAction\":[{\"@type\":\"SearchAction\",\"target\":{\"@type\":\"EntryPoint\",\"urlTemplate\":\"https:\/\/demoweb.info\/sexshop001\/?s={search_term_string}\"},\"query-input\":\"required name=search_term_string\"}],\"inLanguage\":\"es\"}]}<\/script>\n<!-- \/ Yoast SEO plugin. -->","yoast_head_json":{"title":"RIBBED DOTTED AND FLARED - 3 PACK - Tienda Er\u00f3tica","robots":{"index":"noindex","follow":"follow","max-snippet":"max-snippet:-1","max-image-preview":"max-image-preview:large","max-video-preview":"max-video-preview:-1"},"og_locale":"es_ES","og_type":"article","og_title":"RIBBED DOTTED AND FLARED - 3 PACK - Tienda Er\u00f3tica","og_description":"RIBBED DOTTED AND FLARED &#8211; 3 PACK Los preservativos EXS acanalados y punteados tienen 56 mm de ancho y un","og_url":"https:\/\/demoweb.info\/sexshop001\/producto\/ribbed-dotted-and-flared-3-pack\/","og_site_name":"Tienda Er\u00f3tica","og_image":[{"width":550,"height":550,"url":"https:\/\/demoweb.info\/sexshop001\/wp-content\/uploads\/2022\/01\/RIBBED-DOTTED-AND-FLARED-3-PACK.jpg","type":"image\/jpeg"}],"twitter_card":"summary_large_image","schema":{"@context":"https:\/\/schema.org","@graph":[{"@type":"WebPage","@id":"https:\/\/demoweb.info\/sexshop001\/producto\/ribbed-dotted-and-flared-3-pack\/","url":"https:\/\/demoweb.info\/sexshop001\/producto\/ribbed-dotted-and-flared-3-pack\/","name":"RIBBED DOTTED AND FLARED - 3 PACK - Tienda Er\u00f3tica","isPartOf":{"@id":"https:\/\/demoweb.info\/sexshop001\/#website"},"datePublished":"2022-01-22T13:11:32+00:00","dateModified":"2022-01-22T13:11:32+00:00","breadcrumb":{"@id":"https:\/\/demoweb.info\/sexshop001\/producto\/ribbed-dotted-and-flared-3-pack\/#breadcrumb"},"inLanguage":"es","potentialAction":[{"@type":"ReadAction","target":["https:\/\/demoweb.info\/sexshop001\/producto\/ribbed-dotted-and-flared-3-pack\/"]}]},{"@type":"BreadcrumbList","@id":"https:\/\/demoweb.info\/sexshop001\/producto\/ribbed-dotted-and-flared-3-pack\/#breadcrumb","itemListElement":[{"@type":"ListItem","position":1,"name":"Portada","item":"https:\/\/demoweb.info\/sexshop001\/"},{"@type":"ListItem","position":2,"name":"Tienda","item":"https:\/\/demoweb.info\/sexshop001\/tienda\/"},{"@type":"ListItem","position":3,"name":"RIBBED DOTTED AND FLARED &#8211; 3 PACK"}]},{"@type":"WebSite","@id":"https:\/\/demoweb.info\/sexshop001\/#website","url":"https:\/\/demoweb.info\/sexshop001\/","name":"Tienda Er\u00f3tica","description":"DEMOWEB SL","potentialAction":[{"@type":"SearchAction","target":{"@type":"EntryPoint","urlTemplate":"https:\/\/demoweb.info\/sexshop001\/?s={search_term_string}"},"query-input":"required name=search_term_string"}],"inLanguage":"es"}]}},"_links":{"self":[{"href":"https:\/\/demoweb.info\/sexshop001\/wp-json\/wp\/v3\/product\/39351","targetHints":{"allow":["GET"]}}],"collection":[{"href":"https:\/\/demoweb.info\/sexshop001\/wp-json\/wp\/v3\/product"}],"about":[{"href":"https:\/\/demoweb.info\/sexshop001\/wp-json\/wp\/v2\/types\/product"}],"replies":[{"embeddable":true,"href":"https:\/\/demoweb.info\/sexshop001\/wp-json\/wp\/v2\/comments?post=39351"}],"wp:featuredmedia":[{"embeddable":true,"href":"https:\/\/demoweb.info\/sexshop001\/wp-json\/wp\/v2\/media\/39352"}],"wp:attachment":[{"href":"https:\/\/demoweb.info\/sexshop001\/wp-json\/wp\/v2\/media?parent=39351"}],"wp:term":[{"taxonomy":"product_cat","embeddable":true,"href":"https:\/\/demoweb.info\/sexshop001\/wp-json\/wp\/v2\/product_cat?post=39351"},{"taxonomy":"product_tag","embeddable":true,"href":"https:\/\/demoweb.info\/sexshop001\/wp-json\/wp\/v2\/product_tag?post=39351"}],"curies":[{"name":"wp","href":"https:\/\/api.w.org\/{rel}","templated":true}]}}