{"id":39314,"date":"2022-01-22T14:11:04","date_gmt":"2022-01-22T13:11:04","guid":{"rendered":"https:\/\/demoweb.info\/sexshop001\/producto\/we-vibe-bond-negro\/"},"modified":"2022-01-22T14:11:10","modified_gmt":"2022-01-22T13:11:10","slug":"we-vibe-bond-negro","status":"publish","type":"product","link":"https:\/\/demoweb.info\/sexshop001\/producto\/we-vibe-bond-negro\/","title":{"rendered":"WE-VIBE BOND NEGRO"},"content":{"rendered":"<p><strong>WE-VIBE BOND <\/strong><\/p>\n<p>Este anillo de estimulaci\u00f3n ponible, controlado por aplicaci\u00f3n o con mando a distancia, es una celebraci\u00f3n del v\u00ednculo entre las parejas sexuales y subraya la importancia de la intimidad curiosa y aventurera. Lleva Bond debajo de la ropa para hacer que cada momento sea placentero y util\u00edzalo para llegar a una experiencia m\u00e1s estimulante.<\/p>\n<p>&#8211; Anillo estimulador ponible<\/p>\n<p>Bond puede llevarse puesto de forma discreta, proporcionando sutiles sensaciones que aumentan la excitaci\u00f3n, incluso en p\u00fablico. Disfruta el juego sexual y la excitaci\u00f3n en cualquier lugar, en las citas y hasta en tus quehaceres, aumentando la anticipaci\u00f3n y saboreando las sensaciones.<\/p>\n<p>&#8211; Forma ergon\u00f3mica<\/p>\n<p>Bond es c\u00f3modo de llevar, incluso durante largos periodos de tiempo. La suave y sedosa silicona ofrece una agradable sensaci\u00f3n en la piel, y el sistema de apertura r\u00e1pida y f\u00e1cil de poner significa que Bond es f\u00e1cil de colocar y de quitar.<\/p>\n<p>&#8211; Silicona m\u00e9dica<\/p>\n<p>Hecho con silicona m\u00e9dica, sin ftalatos, BPA ni l\u00e1tex.<\/p>\n<p>&#8211; Larga duraci\u00f3n<\/p>\n<p>Bond es recargable y te brinda hasta 2 horas de juego con una sola carga. Bond se suministra con una garant\u00eda de 2 a\u00f1os.<\/p>\n<p>&#8211; Ajuste individual<\/p>\n<p>Bond est\u00e1 dise\u00f1ado para adaptarse a casi cualquier tama\u00f1o de pene. Con el Custom Fit link puedes elegir f\u00e1cilmente entre dos tama\u00f1os.<\/p>\n<p>&#8211; Control de la aplicaci\u00f3n We-Connect<\/p>\n<p>Con la aplicaci\u00f3n gratuita We-Connect puedes jugar y compartir el control de Bond desde cualquier lugar, acceder a toda la gama de ajustes de intensidad y patrones de vibraci\u00f3n de Bond, as\u00ed como jugar junto con otros juguetes We-Vibe.<\/p>\n<p>&#8211; Silencioso<\/p>\n<p>Listo para que te diviertas espont\u00e1neamente sin importar d\u00f3nde est\u00e9s: vibraciones ultrasilenciosas para la estimulaci\u00f3n encubierta en cualquier lugar.<\/p>\n<p>&#8211; H\u00famedo y salvaje<\/p>\n<p>Bond es resistente al agua (IPX7) por lo que se puede disfrutar en cualquier lugar y es f\u00e1cil de limpiar<\/p>\n<p>&#8211; C\u00f3mo jugar<\/p>\n<p>Coloca la banda de silicona alrededor del pene y los test\u00edculos y cierra el anillo. El tama\u00f1o del anillo es de 35 mm, pero puede extenderse si se desea utilizando el ajuste individual Custom Fit link. Comienza pulsando el bot\u00f3n Vibe Descubre 10 niveles de intensidad diferentes utilizando el mando a distancia o la aplicaci\u00f3n. Con su forma perfecta para un juego c\u00f3modo y discreto, Bond se puede llevar en p\u00fablico y controlarse con la aplicaci\u00f3n para el jugueteo sexual encubierto.<\/p>\n","protected":false},"excerpt":{"rendered":"<p>WE-VIBE BOND Este anillo de estimulaci\u00f3n ponible, controlado por aplicaci\u00f3n o con mando a distancia, es una celebraci\u00f3n del v\u00ednculo<\/p>\n","protected":false},"featured_media":39315,"comment_status":"open","ping_status":"open","template":"","meta":[],"product_cat":[438],"product_tag":[444],"class_list":["post-39314","product","type-product","status-publish","has-post-thumbnail","hentry","product_cat-con-vibrador-anillos","product_tag-we-vibe"],"bundled_by":[],"bundle_stock_status":"instock","bundle_stock_quantity":1,"bundle_virtual":false,"bundle_layout":"","bundle_add_to_cart_form_location":"","bundle_editable_in_cart":false,"bundle_sold_individually_context":"","bundle_item_grouping":"","bundle_min_size":"","bundle_max_size":"","bundled_items":[],"yoast_head":"<!-- This site is optimized with the Yoast SEO plugin v20.6 - https:\/\/yoast.com\/wordpress\/plugins\/seo\/ -->\n<title>WE-VIBE BOND NEGRO - Tienda Er\u00f3tica<\/title>\n<meta name=\"robots\" content=\"noindex, follow, max-snippet:-1, max-image-preview:large, max-video-preview:-1\" \/>\n<meta property=\"og:locale\" content=\"es_ES\" \/>\n<meta property=\"og:type\" content=\"article\" \/>\n<meta property=\"og:title\" content=\"WE-VIBE BOND NEGRO - Tienda Er\u00f3tica\" \/>\n<meta property=\"og:description\" content=\"WE-VIBE BOND Este anillo de estimulaci\u00f3n ponible, controlado por aplicaci\u00f3n o con mando a distancia, es una celebraci\u00f3n del v\u00ednculo\" \/>\n<meta property=\"og:url\" content=\"https:\/\/demoweb.info\/sexshop001\/producto\/we-vibe-bond-negro\/\" \/>\n<meta property=\"og:site_name\" content=\"Tienda Er\u00f3tica\" \/>\n<meta property=\"article:modified_time\" content=\"2022-01-22T13:11:10+00:00\" \/>\n<meta property=\"og:image\" content=\"https:\/\/demoweb.info\/sexshop001\/wp-content\/uploads\/2022\/01\/WE-VIBE-BOND-NEGRO.jpg\" \/>\n\t<meta property=\"og:image:width\" content=\"550\" \/>\n\t<meta property=\"og:image:height\" content=\"550\" \/>\n\t<meta property=\"og:image:type\" content=\"image\/jpeg\" \/>\n<meta name=\"twitter:card\" content=\"summary_large_image\" \/>\n<meta name=\"twitter:label1\" content=\"Tiempo de lectura\" \/>\n\t<meta name=\"twitter:data1\" content=\"2 minutos\" \/>\n<script type=\"application\/ld+json\" class=\"yoast-schema-graph\">{\"@context\":\"https:\/\/schema.org\",\"@graph\":[{\"@type\":\"WebPage\",\"@id\":\"https:\/\/demoweb.info\/sexshop001\/producto\/we-vibe-bond-negro\/\",\"url\":\"https:\/\/demoweb.info\/sexshop001\/producto\/we-vibe-bond-negro\/\",\"name\":\"WE-VIBE BOND NEGRO - Tienda Er\u00f3tica\",\"isPartOf\":{\"@id\":\"https:\/\/demoweb.info\/sexshop001\/#website\"},\"datePublished\":\"2022-01-22T13:11:04+00:00\",\"dateModified\":\"2022-01-22T13:11:10+00:00\",\"breadcrumb\":{\"@id\":\"https:\/\/demoweb.info\/sexshop001\/producto\/we-vibe-bond-negro\/#breadcrumb\"},\"inLanguage\":\"es\",\"potentialAction\":[{\"@type\":\"ReadAction\",\"target\":[\"https:\/\/demoweb.info\/sexshop001\/producto\/we-vibe-bond-negro\/\"]}]},{\"@type\":\"BreadcrumbList\",\"@id\":\"https:\/\/demoweb.info\/sexshop001\/producto\/we-vibe-bond-negro\/#breadcrumb\",\"itemListElement\":[{\"@type\":\"ListItem\",\"position\":1,\"name\":\"Portada\",\"item\":\"https:\/\/demoweb.info\/sexshop001\/\"},{\"@type\":\"ListItem\",\"position\":2,\"name\":\"Tienda\",\"item\":\"https:\/\/demoweb.info\/sexshop001\/tienda\/\"},{\"@type\":\"ListItem\",\"position\":3,\"name\":\"WE-VIBE BOND NEGRO\"}]},{\"@type\":\"WebSite\",\"@id\":\"https:\/\/demoweb.info\/sexshop001\/#website\",\"url\":\"https:\/\/demoweb.info\/sexshop001\/\",\"name\":\"Tienda Er\u00f3tica\",\"description\":\"DEMOWEB SL\",\"potentialAction\":[{\"@type\":\"SearchAction\",\"target\":{\"@type\":\"EntryPoint\",\"urlTemplate\":\"https:\/\/demoweb.info\/sexshop001\/?s={search_term_string}\"},\"query-input\":\"required name=search_term_string\"}],\"inLanguage\":\"es\"}]}<\/script>\n<!-- \/ Yoast SEO plugin. -->","yoast_head_json":{"title":"WE-VIBE BOND NEGRO - Tienda Er\u00f3tica","robots":{"index":"noindex","follow":"follow","max-snippet":"max-snippet:-1","max-image-preview":"max-image-preview:large","max-video-preview":"max-video-preview:-1"},"og_locale":"es_ES","og_type":"article","og_title":"WE-VIBE BOND NEGRO - Tienda Er\u00f3tica","og_description":"WE-VIBE BOND Este anillo de estimulaci\u00f3n ponible, controlado por aplicaci\u00f3n o con mando a distancia, es una celebraci\u00f3n del v\u00ednculo","og_url":"https:\/\/demoweb.info\/sexshop001\/producto\/we-vibe-bond-negro\/","og_site_name":"Tienda Er\u00f3tica","article_modified_time":"2022-01-22T13:11:10+00:00","og_image":[{"width":550,"height":550,"url":"https:\/\/demoweb.info\/sexshop001\/wp-content\/uploads\/2022\/01\/WE-VIBE-BOND-NEGRO.jpg","type":"image\/jpeg"}],"twitter_card":"summary_large_image","twitter_misc":{"Tiempo de lectura":"2 minutos"},"schema":{"@context":"https:\/\/schema.org","@graph":[{"@type":"WebPage","@id":"https:\/\/demoweb.info\/sexshop001\/producto\/we-vibe-bond-negro\/","url":"https:\/\/demoweb.info\/sexshop001\/producto\/we-vibe-bond-negro\/","name":"WE-VIBE BOND NEGRO - Tienda Er\u00f3tica","isPartOf":{"@id":"https:\/\/demoweb.info\/sexshop001\/#website"},"datePublished":"2022-01-22T13:11:04+00:00","dateModified":"2022-01-22T13:11:10+00:00","breadcrumb":{"@id":"https:\/\/demoweb.info\/sexshop001\/producto\/we-vibe-bond-negro\/#breadcrumb"},"inLanguage":"es","potentialAction":[{"@type":"ReadAction","target":["https:\/\/demoweb.info\/sexshop001\/producto\/we-vibe-bond-negro\/"]}]},{"@type":"BreadcrumbList","@id":"https:\/\/demoweb.info\/sexshop001\/producto\/we-vibe-bond-negro\/#breadcrumb","itemListElement":[{"@type":"ListItem","position":1,"name":"Portada","item":"https:\/\/demoweb.info\/sexshop001\/"},{"@type":"ListItem","position":2,"name":"Tienda","item":"https:\/\/demoweb.info\/sexshop001\/tienda\/"},{"@type":"ListItem","position":3,"name":"WE-VIBE BOND NEGRO"}]},{"@type":"WebSite","@id":"https:\/\/demoweb.info\/sexshop001\/#website","url":"https:\/\/demoweb.info\/sexshop001\/","name":"Tienda Er\u00f3tica","description":"DEMOWEB SL","potentialAction":[{"@type":"SearchAction","target":{"@type":"EntryPoint","urlTemplate":"https:\/\/demoweb.info\/sexshop001\/?s={search_term_string}"},"query-input":"required name=search_term_string"}],"inLanguage":"es"}]}},"_links":{"self":[{"href":"https:\/\/demoweb.info\/sexshop001\/wp-json\/wp\/v3\/product\/39314","targetHints":{"allow":["GET"]}}],"collection":[{"href":"https:\/\/demoweb.info\/sexshop001\/wp-json\/wp\/v3\/product"}],"about":[{"href":"https:\/\/demoweb.info\/sexshop001\/wp-json\/wp\/v2\/types\/product"}],"replies":[{"embeddable":true,"href":"https:\/\/demoweb.info\/sexshop001\/wp-json\/wp\/v2\/comments?post=39314"}],"wp:featuredmedia":[{"embeddable":true,"href":"https:\/\/demoweb.info\/sexshop001\/wp-json\/wp\/v2\/media\/39315"}],"wp:attachment":[{"href":"https:\/\/demoweb.info\/sexshop001\/wp-json\/wp\/v2\/media?parent=39314"}],"wp:term":[{"taxonomy":"product_cat","embeddable":true,"href":"https:\/\/demoweb.info\/sexshop001\/wp-json\/wp\/v2\/product_cat?post=39314"},{"taxonomy":"product_tag","embeddable":true,"href":"https:\/\/demoweb.info\/sexshop001\/wp-json\/wp\/v2\/product_tag?post=39314"}],"curies":[{"name":"wp","href":"https:\/\/api.w.org\/{rel}","templated":true}]}}