{"id":39290,"date":"2022-01-22T14:10:50","date_gmt":"2022-01-22T13:10:50","guid":{"rendered":"https:\/\/demoweb.info\/sexshop001\/producto\/thin-tool-pene-anal\/"},"modified":"2022-01-22T14:10:56","modified_gmt":"2022-01-22T13:10:56","slug":"thin-tool-pene-anal","status":"publish","type":"product","link":"https:\/\/demoweb.info\/sexshop001\/producto\/thin-tool-pene-anal\/","title":{"rendered":"THIN TOOL PENE ANAL"},"content":{"rendered":"<p><strong>THIN TOOL &#8211; SKIN<\/strong><\/p>\n<p>Herramienta fina de Doc Johnson con una cabeza y el cuerpo venoso perfecto para los principiantes en el juego anal. Este juguete tiene una base plana para que puedas usarlo c\u00f3modamente. Est\u00e1 hecho de PVC sin ftalatos, que incluye la f\u00f3rmula antibacteriana Sil-A-Gel Doc<\/p>\n<p>Caracter\u00edsticas:<br \/>\n&#8211; Longitud Total (cm): 18,92<br \/>\n&#8211; Longitud Insertable (cm): 16,89<br \/>\n&#8211; Di\u00e1metro (cm): 4,32<br \/>\n&#8211; Circunferencia (cm): 13,56<\/p>\n","protected":false},"excerpt":{"rendered":"<p>THIN TOOL &#8211; SKIN Herramienta fina de Doc Johnson con una cabeza y el cuerpo venoso perfecto para los principiantes<\/p>\n","protected":false},"featured_media":39291,"comment_status":"open","ping_status":"open","template":"","meta":[],"product_cat":[915],"product_tag":[460],"class_list":["post-39290","product","type-product","status-publish","has-post-thumbnail","hentry","product_cat-anales-penes","product_tag-doc-johnson"],"bundled_by":[],"bundle_stock_status":"outofstock","bundle_stock_quantity":0,"bundle_virtual":false,"bundle_layout":"","bundle_add_to_cart_form_location":"","bundle_editable_in_cart":false,"bundle_sold_individually_context":"","bundle_item_grouping":"","bundle_min_size":"","bundle_max_size":"","bundled_items":[],"yoast_head":"<!-- This site is optimized with the Yoast SEO plugin v20.6 - https:\/\/yoast.com\/wordpress\/plugins\/seo\/ -->\n<title>THIN TOOL PENE ANAL - Tienda Er\u00f3tica<\/title>\n<meta name=\"robots\" content=\"noindex, follow, max-snippet:-1, max-image-preview:large, max-video-preview:-1\" \/>\n<meta property=\"og:locale\" content=\"es_ES\" \/>\n<meta property=\"og:type\" content=\"article\" \/>\n<meta property=\"og:title\" content=\"THIN TOOL PENE ANAL - Tienda Er\u00f3tica\" \/>\n<meta property=\"og:description\" content=\"THIN TOOL &#8211; SKIN Herramienta fina de Doc Johnson con una cabeza y el cuerpo venoso perfecto para los principiantes\" \/>\n<meta property=\"og:url\" content=\"https:\/\/demoweb.info\/sexshop001\/producto\/thin-tool-pene-anal\/\" \/>\n<meta property=\"og:site_name\" content=\"Tienda Er\u00f3tica\" \/>\n<meta property=\"article:modified_time\" content=\"2022-01-22T13:10:56+00:00\" \/>\n<meta property=\"og:image\" content=\"https:\/\/demoweb.info\/sexshop001\/wp-content\/uploads\/2022\/01\/THIN-TOOL-PENE-ANAL.jpg\" \/>\n\t<meta property=\"og:image:width\" content=\"550\" \/>\n\t<meta property=\"og:image:height\" content=\"550\" \/>\n\t<meta property=\"og:image:type\" content=\"image\/jpeg\" \/>\n<meta name=\"twitter:card\" content=\"summary_large_image\" \/>\n<script type=\"application\/ld+json\" class=\"yoast-schema-graph\">{\"@context\":\"https:\/\/schema.org\",\"@graph\":[{\"@type\":\"WebPage\",\"@id\":\"https:\/\/demoweb.info\/sexshop001\/producto\/thin-tool-pene-anal\/\",\"url\":\"https:\/\/demoweb.info\/sexshop001\/producto\/thin-tool-pene-anal\/\",\"name\":\"THIN TOOL PENE ANAL - Tienda Er\u00f3tica\",\"isPartOf\":{\"@id\":\"https:\/\/demoweb.info\/sexshop001\/#website\"},\"datePublished\":\"2022-01-22T13:10:50+00:00\",\"dateModified\":\"2022-01-22T13:10:56+00:00\",\"breadcrumb\":{\"@id\":\"https:\/\/demoweb.info\/sexshop001\/producto\/thin-tool-pene-anal\/#breadcrumb\"},\"inLanguage\":\"es\",\"potentialAction\":[{\"@type\":\"ReadAction\",\"target\":[\"https:\/\/demoweb.info\/sexshop001\/producto\/thin-tool-pene-anal\/\"]}]},{\"@type\":\"BreadcrumbList\",\"@id\":\"https:\/\/demoweb.info\/sexshop001\/producto\/thin-tool-pene-anal\/#breadcrumb\",\"itemListElement\":[{\"@type\":\"ListItem\",\"position\":1,\"name\":\"Portada\",\"item\":\"https:\/\/demoweb.info\/sexshop001\/\"},{\"@type\":\"ListItem\",\"position\":2,\"name\":\"Tienda\",\"item\":\"https:\/\/demoweb.info\/sexshop001\/tienda\/\"},{\"@type\":\"ListItem\",\"position\":3,\"name\":\"THIN TOOL PENE ANAL\"}]},{\"@type\":\"WebSite\",\"@id\":\"https:\/\/demoweb.info\/sexshop001\/#website\",\"url\":\"https:\/\/demoweb.info\/sexshop001\/\",\"name\":\"Tienda Er\u00f3tica\",\"description\":\"DEMOWEB SL\",\"potentialAction\":[{\"@type\":\"SearchAction\",\"target\":{\"@type\":\"EntryPoint\",\"urlTemplate\":\"https:\/\/demoweb.info\/sexshop001\/?s={search_term_string}\"},\"query-input\":\"required name=search_term_string\"}],\"inLanguage\":\"es\"}]}<\/script>\n<!-- \/ Yoast SEO plugin. -->","yoast_head_json":{"title":"THIN TOOL PENE ANAL - Tienda Er\u00f3tica","robots":{"index":"noindex","follow":"follow","max-snippet":"max-snippet:-1","max-image-preview":"max-image-preview:large","max-video-preview":"max-video-preview:-1"},"og_locale":"es_ES","og_type":"article","og_title":"THIN TOOL PENE ANAL - Tienda Er\u00f3tica","og_description":"THIN TOOL &#8211; SKIN Herramienta fina de Doc Johnson con una cabeza y el cuerpo venoso perfecto para los principiantes","og_url":"https:\/\/demoweb.info\/sexshop001\/producto\/thin-tool-pene-anal\/","og_site_name":"Tienda Er\u00f3tica","article_modified_time":"2022-01-22T13:10:56+00:00","og_image":[{"width":550,"height":550,"url":"https:\/\/demoweb.info\/sexshop001\/wp-content\/uploads\/2022\/01\/THIN-TOOL-PENE-ANAL.jpg","type":"image\/jpeg"}],"twitter_card":"summary_large_image","schema":{"@context":"https:\/\/schema.org","@graph":[{"@type":"WebPage","@id":"https:\/\/demoweb.info\/sexshop001\/producto\/thin-tool-pene-anal\/","url":"https:\/\/demoweb.info\/sexshop001\/producto\/thin-tool-pene-anal\/","name":"THIN TOOL PENE ANAL - Tienda Er\u00f3tica","isPartOf":{"@id":"https:\/\/demoweb.info\/sexshop001\/#website"},"datePublished":"2022-01-22T13:10:50+00:00","dateModified":"2022-01-22T13:10:56+00:00","breadcrumb":{"@id":"https:\/\/demoweb.info\/sexshop001\/producto\/thin-tool-pene-anal\/#breadcrumb"},"inLanguage":"es","potentialAction":[{"@type":"ReadAction","target":["https:\/\/demoweb.info\/sexshop001\/producto\/thin-tool-pene-anal\/"]}]},{"@type":"BreadcrumbList","@id":"https:\/\/demoweb.info\/sexshop001\/producto\/thin-tool-pene-anal\/#breadcrumb","itemListElement":[{"@type":"ListItem","position":1,"name":"Portada","item":"https:\/\/demoweb.info\/sexshop001\/"},{"@type":"ListItem","position":2,"name":"Tienda","item":"https:\/\/demoweb.info\/sexshop001\/tienda\/"},{"@type":"ListItem","position":3,"name":"THIN TOOL PENE ANAL"}]},{"@type":"WebSite","@id":"https:\/\/demoweb.info\/sexshop001\/#website","url":"https:\/\/demoweb.info\/sexshop001\/","name":"Tienda Er\u00f3tica","description":"DEMOWEB SL","potentialAction":[{"@type":"SearchAction","target":{"@type":"EntryPoint","urlTemplate":"https:\/\/demoweb.info\/sexshop001\/?s={search_term_string}"},"query-input":"required name=search_term_string"}],"inLanguage":"es"}]}},"_links":{"self":[{"href":"https:\/\/demoweb.info\/sexshop001\/wp-json\/wp\/v3\/product\/39290","targetHints":{"allow":["GET"]}}],"collection":[{"href":"https:\/\/demoweb.info\/sexshop001\/wp-json\/wp\/v3\/product"}],"about":[{"href":"https:\/\/demoweb.info\/sexshop001\/wp-json\/wp\/v2\/types\/product"}],"replies":[{"embeddable":true,"href":"https:\/\/demoweb.info\/sexshop001\/wp-json\/wp\/v2\/comments?post=39290"}],"wp:featuredmedia":[{"embeddable":true,"href":"https:\/\/demoweb.info\/sexshop001\/wp-json\/wp\/v2\/media\/39291"}],"wp:attachment":[{"href":"https:\/\/demoweb.info\/sexshop001\/wp-json\/wp\/v2\/media?parent=39290"}],"wp:term":[{"taxonomy":"product_cat","embeddable":true,"href":"https:\/\/demoweb.info\/sexshop001\/wp-json\/wp\/v2\/product_cat?post=39290"},{"taxonomy":"product_tag","embeddable":true,"href":"https:\/\/demoweb.info\/sexshop001\/wp-json\/wp\/v2\/product_tag?post=39290"}],"curies":[{"name":"wp","href":"https:\/\/api.w.org\/{rel}","templated":true}]}}