{"id":39269,"date":"2022-01-22T14:10:35","date_gmt":"2022-01-22T13:10:35","guid":{"rendered":"https:\/\/demoweb.info\/sexshop001\/producto\/cuerda-japonesa-de-algodon-negro\/"},"modified":"2022-01-22T14:10:44","modified_gmt":"2022-01-22T13:10:44","slug":"cuerda-japonesa-de-algodon-negro","status":"publish","type":"product","link":"https:\/\/demoweb.info\/sexshop001\/producto\/cuerda-japonesa-de-algodon-negro\/","title":{"rendered":"CUERDA JAPONESA DE ALGOD\u00d3N NEGRO"},"content":{"rendered":"<p><strong>COTTON BONDAGE ROPE JAPANESSE &#8211; BLACK<\/strong><\/p>\n<p>Cuerda de servidumbre fabricada en algod\u00f3n suave que no da\u00f1a tu piel. La longitud de 10 metros te da mucha libertad para hacer lo que quieras, se pueden atar las mu\u00f1ecas o los tobillos antes de conectar la cuerda a una cabecera, o puede crear sus propios dise\u00f1os de servidumbre.<\/p>\n<p>Esta delicia estilo japon\u00e9s es una necesidad para cualquier pareja l\u00fadica.<\/p><\/p>\n","protected":false},"excerpt":{"rendered":"<p>COTTON BONDAGE ROPE JAPANESSE &#8211; BLACK Cuerda de servidumbre fabricada en algod\u00f3n suave que no da\u00f1a tu piel. La longitud<\/p>\n","protected":false},"featured_media":39270,"comment_status":"open","ping_status":"open","template":"","meta":[],"product_cat":[309],"product_tag":[460],"class_list":["post-39269","product","type-product","status-publish","has-post-thumbnail","hentry","product_cat-cintas-y-cuerdas","product_tag-doc-johnson"],"bundled_by":[],"bundle_stock_status":"instock","bundle_stock_quantity":3,"bundle_virtual":false,"bundle_layout":"","bundle_add_to_cart_form_location":"","bundle_editable_in_cart":false,"bundle_sold_individually_context":"","bundle_item_grouping":"","bundle_min_size":"","bundle_max_size":"","bundled_items":[],"yoast_head":"<!-- This site is optimized with the Yoast SEO plugin v20.6 - https:\/\/yoast.com\/wordpress\/plugins\/seo\/ -->\n<title>CUERDA JAPONESA DE ALGOD\u00d3N NEGRO - Tienda Er\u00f3tica<\/title>\n<meta name=\"robots\" content=\"noindex, follow, max-snippet:-1, max-image-preview:large, max-video-preview:-1\" \/>\n<meta property=\"og:locale\" content=\"es_ES\" \/>\n<meta property=\"og:type\" content=\"article\" \/>\n<meta property=\"og:title\" content=\"CUERDA JAPONESA DE ALGOD\u00d3N NEGRO - Tienda Er\u00f3tica\" \/>\n<meta property=\"og:description\" content=\"COTTON BONDAGE ROPE JAPANESSE &#8211; BLACK Cuerda de servidumbre fabricada en algod\u00f3n suave que no da\u00f1a tu piel. La longitud\" \/>\n<meta property=\"og:url\" content=\"https:\/\/demoweb.info\/sexshop001\/producto\/cuerda-japonesa-de-algodon-negro\/\" \/>\n<meta property=\"og:site_name\" content=\"Tienda Er\u00f3tica\" \/>\n<meta property=\"article:modified_time\" content=\"2022-01-22T13:10:44+00:00\" \/>\n<meta property=\"og:image\" content=\"https:\/\/demoweb.info\/sexshop001\/wp-content\/uploads\/2022\/01\/CUERDA-JAPONESA-DE-ALGODON-NEGRO.jpg\" \/>\n\t<meta property=\"og:image:width\" content=\"550\" \/>\n\t<meta property=\"og:image:height\" content=\"550\" \/>\n\t<meta property=\"og:image:type\" content=\"image\/jpeg\" \/>\n<meta name=\"twitter:card\" content=\"summary_large_image\" \/>\n<script type=\"application\/ld+json\" class=\"yoast-schema-graph\">{\"@context\":\"https:\/\/schema.org\",\"@graph\":[{\"@type\":\"WebPage\",\"@id\":\"https:\/\/demoweb.info\/sexshop001\/producto\/cuerda-japonesa-de-algodon-negro\/\",\"url\":\"https:\/\/demoweb.info\/sexshop001\/producto\/cuerda-japonesa-de-algodon-negro\/\",\"name\":\"CUERDA JAPONESA DE ALGOD\u00d3N NEGRO - Tienda Er\u00f3tica\",\"isPartOf\":{\"@id\":\"https:\/\/demoweb.info\/sexshop001\/#website\"},\"datePublished\":\"2022-01-22T13:10:35+00:00\",\"dateModified\":\"2022-01-22T13:10:44+00:00\",\"breadcrumb\":{\"@id\":\"https:\/\/demoweb.info\/sexshop001\/producto\/cuerda-japonesa-de-algodon-negro\/#breadcrumb\"},\"inLanguage\":\"es\",\"potentialAction\":[{\"@type\":\"ReadAction\",\"target\":[\"https:\/\/demoweb.info\/sexshop001\/producto\/cuerda-japonesa-de-algodon-negro\/\"]}]},{\"@type\":\"BreadcrumbList\",\"@id\":\"https:\/\/demoweb.info\/sexshop001\/producto\/cuerda-japonesa-de-algodon-negro\/#breadcrumb\",\"itemListElement\":[{\"@type\":\"ListItem\",\"position\":1,\"name\":\"Portada\",\"item\":\"https:\/\/demoweb.info\/sexshop001\/\"},{\"@type\":\"ListItem\",\"position\":2,\"name\":\"Tienda\",\"item\":\"https:\/\/demoweb.info\/sexshop001\/tienda\/\"},{\"@type\":\"ListItem\",\"position\":3,\"name\":\"CUERDA JAPONESA DE ALGOD\u00d3N NEGRO\"}]},{\"@type\":\"WebSite\",\"@id\":\"https:\/\/demoweb.info\/sexshop001\/#website\",\"url\":\"https:\/\/demoweb.info\/sexshop001\/\",\"name\":\"Tienda Er\u00f3tica\",\"description\":\"DEMOWEB SL\",\"potentialAction\":[{\"@type\":\"SearchAction\",\"target\":{\"@type\":\"EntryPoint\",\"urlTemplate\":\"https:\/\/demoweb.info\/sexshop001\/?s={search_term_string}\"},\"query-input\":\"required name=search_term_string\"}],\"inLanguage\":\"es\"}]}<\/script>\n<!-- \/ Yoast SEO plugin. -->","yoast_head_json":{"title":"CUERDA JAPONESA DE ALGOD\u00d3N NEGRO - Tienda Er\u00f3tica","robots":{"index":"noindex","follow":"follow","max-snippet":"max-snippet:-1","max-image-preview":"max-image-preview:large","max-video-preview":"max-video-preview:-1"},"og_locale":"es_ES","og_type":"article","og_title":"CUERDA JAPONESA DE ALGOD\u00d3N NEGRO - Tienda Er\u00f3tica","og_description":"COTTON BONDAGE ROPE JAPANESSE &#8211; BLACK Cuerda de servidumbre fabricada en algod\u00f3n suave que no da\u00f1a tu piel. La longitud","og_url":"https:\/\/demoweb.info\/sexshop001\/producto\/cuerda-japonesa-de-algodon-negro\/","og_site_name":"Tienda Er\u00f3tica","article_modified_time":"2022-01-22T13:10:44+00:00","og_image":[{"width":550,"height":550,"url":"https:\/\/demoweb.info\/sexshop001\/wp-content\/uploads\/2022\/01\/CUERDA-JAPONESA-DE-ALGODON-NEGRO.jpg","type":"image\/jpeg"}],"twitter_card":"summary_large_image","schema":{"@context":"https:\/\/schema.org","@graph":[{"@type":"WebPage","@id":"https:\/\/demoweb.info\/sexshop001\/producto\/cuerda-japonesa-de-algodon-negro\/","url":"https:\/\/demoweb.info\/sexshop001\/producto\/cuerda-japonesa-de-algodon-negro\/","name":"CUERDA JAPONESA DE ALGOD\u00d3N NEGRO - Tienda Er\u00f3tica","isPartOf":{"@id":"https:\/\/demoweb.info\/sexshop001\/#website"},"datePublished":"2022-01-22T13:10:35+00:00","dateModified":"2022-01-22T13:10:44+00:00","breadcrumb":{"@id":"https:\/\/demoweb.info\/sexshop001\/producto\/cuerda-japonesa-de-algodon-negro\/#breadcrumb"},"inLanguage":"es","potentialAction":[{"@type":"ReadAction","target":["https:\/\/demoweb.info\/sexshop001\/producto\/cuerda-japonesa-de-algodon-negro\/"]}]},{"@type":"BreadcrumbList","@id":"https:\/\/demoweb.info\/sexshop001\/producto\/cuerda-japonesa-de-algodon-negro\/#breadcrumb","itemListElement":[{"@type":"ListItem","position":1,"name":"Portada","item":"https:\/\/demoweb.info\/sexshop001\/"},{"@type":"ListItem","position":2,"name":"Tienda","item":"https:\/\/demoweb.info\/sexshop001\/tienda\/"},{"@type":"ListItem","position":3,"name":"CUERDA JAPONESA DE ALGOD\u00d3N NEGRO"}]},{"@type":"WebSite","@id":"https:\/\/demoweb.info\/sexshop001\/#website","url":"https:\/\/demoweb.info\/sexshop001\/","name":"Tienda Er\u00f3tica","description":"DEMOWEB SL","potentialAction":[{"@type":"SearchAction","target":{"@type":"EntryPoint","urlTemplate":"https:\/\/demoweb.info\/sexshop001\/?s={search_term_string}"},"query-input":"required name=search_term_string"}],"inLanguage":"es"}]}},"_links":{"self":[{"href":"https:\/\/demoweb.info\/sexshop001\/wp-json\/wp\/v3\/product\/39269","targetHints":{"allow":["GET"]}}],"collection":[{"href":"https:\/\/demoweb.info\/sexshop001\/wp-json\/wp\/v3\/product"}],"about":[{"href":"https:\/\/demoweb.info\/sexshop001\/wp-json\/wp\/v2\/types\/product"}],"replies":[{"embeddable":true,"href":"https:\/\/demoweb.info\/sexshop001\/wp-json\/wp\/v2\/comments?post=39269"}],"wp:featuredmedia":[{"embeddable":true,"href":"https:\/\/demoweb.info\/sexshop001\/wp-json\/wp\/v2\/media\/39270"}],"wp:attachment":[{"href":"https:\/\/demoweb.info\/sexshop001\/wp-json\/wp\/v2\/media?parent=39269"}],"wp:term":[{"taxonomy":"product_cat","embeddable":true,"href":"https:\/\/demoweb.info\/sexshop001\/wp-json\/wp\/v2\/product_cat?post=39269"},{"taxonomy":"product_tag","embeddable":true,"href":"https:\/\/demoweb.info\/sexshop001\/wp-json\/wp\/v2\/product_tag?post=39269"}],"curies":[{"name":"wp","href":"https:\/\/api.w.org\/{rel}","templated":true}]}}