{"id":39210,"date":"2022-01-22T14:10:06","date_gmt":"2022-01-22T13:10:06","guid":{"rendered":"https:\/\/demoweb.info\/sexshop001\/producto\/brianas-ur3-pocket-pussy-masturbador-para-ellos\/"},"modified":"2022-01-22T14:10:08","modified_gmt":"2022-01-22T13:10:08","slug":"brianas-ur3-pocket-pussy-masturbador-para-ellos","status":"publish","type":"product","link":"https:\/\/demoweb.info\/sexshop001\/producto\/brianas-ur3-pocket-pussy-masturbador-para-ellos\/","title":{"rendered":"BRIANAS UR3 POCKET PUSSY MASTURBADOR PARA ELLOS"},"content":{"rendered":"<p><strong>BRIANA&#39;S UR3 POCKET PUSSY<\/strong><\/p>\n<p>BRIANA&#39;S UR3 POCKET PUSSY, es la r\u00e9plica perfecta de la sensual vagina, de esta popular actriz, de una calidad insuperable, gracias al nuevo material UR3 UltraRealistic 3.0, lo \u00faltimo en simulaci\u00f3n del tacto de la piel humana.<br \/>\nLos labios vaginales, han sido reproducidos hasta el m\u00ednimo detalle, como nunca antes se hab\u00eda conseguido en art\u00edculos similares. El novedoso material interior de esta vagina, permite que despu\u00e9s de cada uso vuelva a recupere su forma original. <br \/>\nFabricado por la prestigiosa marca DOC JOHNSON, todo un s\u00edmbolo de garant\u00eda y calidad.<\/p>\n","protected":false},"excerpt":{"rendered":"<p>BRIANA&#39;S UR3 POCKET PUSSY BRIANA&#39;S UR3 POCKET PUSSY, es la r\u00e9plica perfecta de la sensual vagina, de esta popular actriz,<\/p>\n","protected":false},"featured_media":39211,"comment_status":"open","ping_status":"open","template":"","meta":[],"product_cat":[541],"product_tag":[460],"class_list":["post-39210","product","type-product","status-publish","has-post-thumbnail","hentry","product_cat-vaginas","product_tag-doc-johnson"],"bundled_by":[],"bundle_stock_status":"outofstock","bundle_stock_quantity":0,"bundle_virtual":false,"bundle_layout":"","bundle_add_to_cart_form_location":"","bundle_editable_in_cart":false,"bundle_sold_individually_context":"","bundle_item_grouping":"","bundle_min_size":"","bundle_max_size":"","bundled_items":[],"yoast_head":"<!-- This site is optimized with the Yoast SEO plugin v20.6 - https:\/\/yoast.com\/wordpress\/plugins\/seo\/ -->\n<title>BRIANAS UR3 POCKET PUSSY MASTURBADOR PARA ELLOS - Tienda Er\u00f3tica<\/title>\n<meta name=\"robots\" content=\"noindex, follow, max-snippet:-1, max-image-preview:large, max-video-preview:-1\" \/>\n<meta property=\"og:locale\" content=\"es_ES\" \/>\n<meta property=\"og:type\" content=\"article\" \/>\n<meta property=\"og:title\" content=\"BRIANAS UR3 POCKET PUSSY MASTURBADOR PARA ELLOS - Tienda Er\u00f3tica\" \/>\n<meta property=\"og:description\" content=\"BRIANA&#039;S UR3 POCKET PUSSY BRIANA&#039;S UR3 POCKET PUSSY, es la r\u00e9plica perfecta de la sensual vagina, de esta popular actriz,\" \/>\n<meta property=\"og:url\" content=\"https:\/\/demoweb.info\/sexshop001\/producto\/brianas-ur3-pocket-pussy-masturbador-para-ellos\/\" \/>\n<meta property=\"og:site_name\" content=\"Tienda Er\u00f3tica\" \/>\n<meta property=\"article:modified_time\" content=\"2022-01-22T13:10:08+00:00\" \/>\n<meta property=\"og:image\" content=\"https:\/\/demoweb.info\/sexshop001\/wp-content\/uploads\/2022\/01\/BRIANAS-UR3-POCKET-PUSSY-MASTURBADOR-PARA-ELLOS.jpg\" \/>\n\t<meta property=\"og:image:width\" content=\"550\" \/>\n\t<meta property=\"og:image:height\" content=\"550\" \/>\n\t<meta property=\"og:image:type\" content=\"image\/jpeg\" \/>\n<meta name=\"twitter:card\" content=\"summary_large_image\" \/>\n<meta name=\"twitter:label1\" content=\"Tiempo de lectura\" \/>\n\t<meta name=\"twitter:data1\" content=\"1 minuto\" \/>\n<script type=\"application\/ld+json\" class=\"yoast-schema-graph\">{\"@context\":\"https:\/\/schema.org\",\"@graph\":[{\"@type\":\"WebPage\",\"@id\":\"https:\/\/demoweb.info\/sexshop001\/producto\/brianas-ur3-pocket-pussy-masturbador-para-ellos\/\",\"url\":\"https:\/\/demoweb.info\/sexshop001\/producto\/brianas-ur3-pocket-pussy-masturbador-para-ellos\/\",\"name\":\"BRIANAS UR3 POCKET PUSSY MASTURBADOR PARA ELLOS - Tienda Er\u00f3tica\",\"isPartOf\":{\"@id\":\"https:\/\/demoweb.info\/sexshop001\/#website\"},\"datePublished\":\"2022-01-22T13:10:06+00:00\",\"dateModified\":\"2022-01-22T13:10:08+00:00\",\"breadcrumb\":{\"@id\":\"https:\/\/demoweb.info\/sexshop001\/producto\/brianas-ur3-pocket-pussy-masturbador-para-ellos\/#breadcrumb\"},\"inLanguage\":\"es\",\"potentialAction\":[{\"@type\":\"ReadAction\",\"target\":[\"https:\/\/demoweb.info\/sexshop001\/producto\/brianas-ur3-pocket-pussy-masturbador-para-ellos\/\"]}]},{\"@type\":\"BreadcrumbList\",\"@id\":\"https:\/\/demoweb.info\/sexshop001\/producto\/brianas-ur3-pocket-pussy-masturbador-para-ellos\/#breadcrumb\",\"itemListElement\":[{\"@type\":\"ListItem\",\"position\":1,\"name\":\"Portada\",\"item\":\"https:\/\/demoweb.info\/sexshop001\/\"},{\"@type\":\"ListItem\",\"position\":2,\"name\":\"Tienda\",\"item\":\"https:\/\/demoweb.info\/sexshop001\/tienda\/\"},{\"@type\":\"ListItem\",\"position\":3,\"name\":\"BRIANAS UR3 POCKET PUSSY MASTURBADOR PARA ELLOS\"}]},{\"@type\":\"WebSite\",\"@id\":\"https:\/\/demoweb.info\/sexshop001\/#website\",\"url\":\"https:\/\/demoweb.info\/sexshop001\/\",\"name\":\"Tienda Er\u00f3tica\",\"description\":\"DEMOWEB SL\",\"potentialAction\":[{\"@type\":\"SearchAction\",\"target\":{\"@type\":\"EntryPoint\",\"urlTemplate\":\"https:\/\/demoweb.info\/sexshop001\/?s={search_term_string}\"},\"query-input\":\"required name=search_term_string\"}],\"inLanguage\":\"es\"}]}<\/script>\n<!-- \/ Yoast SEO plugin. -->","yoast_head_json":{"title":"BRIANAS UR3 POCKET PUSSY MASTURBADOR PARA ELLOS - Tienda Er\u00f3tica","robots":{"index":"noindex","follow":"follow","max-snippet":"max-snippet:-1","max-image-preview":"max-image-preview:large","max-video-preview":"max-video-preview:-1"},"og_locale":"es_ES","og_type":"article","og_title":"BRIANAS UR3 POCKET PUSSY MASTURBADOR PARA ELLOS - Tienda Er\u00f3tica","og_description":"BRIANA&#39;S UR3 POCKET PUSSY BRIANA&#39;S UR3 POCKET PUSSY, es la r\u00e9plica perfecta de la sensual vagina, de esta popular actriz,","og_url":"https:\/\/demoweb.info\/sexshop001\/producto\/brianas-ur3-pocket-pussy-masturbador-para-ellos\/","og_site_name":"Tienda Er\u00f3tica","article_modified_time":"2022-01-22T13:10:08+00:00","og_image":[{"width":550,"height":550,"url":"https:\/\/demoweb.info\/sexshop001\/wp-content\/uploads\/2022\/01\/BRIANAS-UR3-POCKET-PUSSY-MASTURBADOR-PARA-ELLOS.jpg","type":"image\/jpeg"}],"twitter_card":"summary_large_image","twitter_misc":{"Tiempo de lectura":"1 minuto"},"schema":{"@context":"https:\/\/schema.org","@graph":[{"@type":"WebPage","@id":"https:\/\/demoweb.info\/sexshop001\/producto\/brianas-ur3-pocket-pussy-masturbador-para-ellos\/","url":"https:\/\/demoweb.info\/sexshop001\/producto\/brianas-ur3-pocket-pussy-masturbador-para-ellos\/","name":"BRIANAS UR3 POCKET PUSSY MASTURBADOR PARA ELLOS - Tienda Er\u00f3tica","isPartOf":{"@id":"https:\/\/demoweb.info\/sexshop001\/#website"},"datePublished":"2022-01-22T13:10:06+00:00","dateModified":"2022-01-22T13:10:08+00:00","breadcrumb":{"@id":"https:\/\/demoweb.info\/sexshop001\/producto\/brianas-ur3-pocket-pussy-masturbador-para-ellos\/#breadcrumb"},"inLanguage":"es","potentialAction":[{"@type":"ReadAction","target":["https:\/\/demoweb.info\/sexshop001\/producto\/brianas-ur3-pocket-pussy-masturbador-para-ellos\/"]}]},{"@type":"BreadcrumbList","@id":"https:\/\/demoweb.info\/sexshop001\/producto\/brianas-ur3-pocket-pussy-masturbador-para-ellos\/#breadcrumb","itemListElement":[{"@type":"ListItem","position":1,"name":"Portada","item":"https:\/\/demoweb.info\/sexshop001\/"},{"@type":"ListItem","position":2,"name":"Tienda","item":"https:\/\/demoweb.info\/sexshop001\/tienda\/"},{"@type":"ListItem","position":3,"name":"BRIANAS UR3 POCKET PUSSY MASTURBADOR PARA ELLOS"}]},{"@type":"WebSite","@id":"https:\/\/demoweb.info\/sexshop001\/#website","url":"https:\/\/demoweb.info\/sexshop001\/","name":"Tienda Er\u00f3tica","description":"DEMOWEB SL","potentialAction":[{"@type":"SearchAction","target":{"@type":"EntryPoint","urlTemplate":"https:\/\/demoweb.info\/sexshop001\/?s={search_term_string}"},"query-input":"required name=search_term_string"}],"inLanguage":"es"}]}},"_links":{"self":[{"href":"https:\/\/demoweb.info\/sexshop001\/wp-json\/wp\/v3\/product\/39210","targetHints":{"allow":["GET"]}}],"collection":[{"href":"https:\/\/demoweb.info\/sexshop001\/wp-json\/wp\/v3\/product"}],"about":[{"href":"https:\/\/demoweb.info\/sexshop001\/wp-json\/wp\/v2\/types\/product"}],"replies":[{"embeddable":true,"href":"https:\/\/demoweb.info\/sexshop001\/wp-json\/wp\/v2\/comments?post=39210"}],"wp:featuredmedia":[{"embeddable":true,"href":"https:\/\/demoweb.info\/sexshop001\/wp-json\/wp\/v2\/media\/39211"}],"wp:attachment":[{"href":"https:\/\/demoweb.info\/sexshop001\/wp-json\/wp\/v2\/media?parent=39210"}],"wp:term":[{"taxonomy":"product_cat","embeddable":true,"href":"https:\/\/demoweb.info\/sexshop001\/wp-json\/wp\/v2\/product_cat?post=39210"},{"taxonomy":"product_tag","embeddable":true,"href":"https:\/\/demoweb.info\/sexshop001\/wp-json\/wp\/v2\/product_tag?post=39210"}],"curies":[{"name":"wp","href":"https:\/\/api.w.org\/{rel}","templated":true}]}}