{"id":39170,"date":"2022-01-22T14:09:36","date_gmt":"2022-01-22T13:09:36","guid":{"rendered":"https:\/\/demoweb.info\/sexshop001\/producto\/hacia-la-luz-luz-y-sombras-4\/"},"modified":"2022-01-22T14:09:43","modified_gmt":"2022-01-22T13:09:43","slug":"hacia-la-luz-luz-y-sombras-4","status":"publish","type":"product","link":"https:\/\/demoweb.info\/sexshop001\/producto\/hacia-la-luz-luz-y-sombras-4\/","title":{"rendered":"HACIA LA LUZ (LUZ Y SOMBRAS 4)"},"content":{"rendered":"<p><strong>HACIA LA LUZ (LUZ Y SOMBRAS 4)<\/strong><\/p>\n<p>Alice Raine<\/p>\n<p><!--StartFragment--><strong>En la cuarta y \u00faltima entrega de la serie \u00abLuz y sombras\u00bb conocer\u00e1s los destinos de sus protagonistas y vivir\u00e1s con ellos el ardiente desenlace de la saga m\u00e1s excitante de los \u00faltimos tiempos.<\/strong><!--EndFragment--><\/p>\n<p>Nicholas y Rebecca planean su boda con toda la ilusi\u00f3n y los nervios t\u00edpicos de la situaci\u00f3n. Nathan, en cambio, sabe que no desea casarse, pero a\u00fan desea menos perder a la \u00fanica mujer que le ha importado en su vida, Stella, la sumisa con quien ha alcanzado una relaci\u00f3n plena y que ha iluminado los rincones m\u00e1s oscuros de su coraz\u00f3n.<\/p>\n<p>Pero un descubrimiento inesperado y un terrible accidente pondr\u00e1n en jaque la boda y la felicidad de ambas parejas. Porque en el mundo del amor no hay nada seguro. Ni siquiera los d\u00edas m\u00e1s luminosos est\u00e1n libres de sombras&#8230;<\/p>\n<p>Hay hombres capaces de acelerarte el coraz\u00f3n con una mirada. Hay mujeres que pueden cambiarte la vida. Hay sombras que solo el amor puede disipar.<\/p>\n<p>Hay historias que te atrapan desde la primera p\u00e1gina.<\/p>\n<p>Esta es una de ellas.<\/p>\n<ul>\n<li>Formato, p\u00e1ginas: TAPA BLANDA CON SOLAPA, 384<\/li>\n<li>Medidas: 151 X 229 mm<\/li>\n<\/ul>\n","protected":false},"excerpt":{"rendered":"<p>HACIA LA LUZ (LUZ Y SOMBRAS 4) Alice Raine En la cuarta y \u00faltima entrega de la serie \u00abLuz y<\/p>\n","protected":false},"featured_media":39171,"comment_status":"open","ping_status":"open","template":"","meta":[],"product_cat":[414],"product_tag":[416],"class_list":["post-39170","product","type-product","status-publish","has-post-thumbnail","hentry","product_cat-libros","product_tag-grijalbo"],"bundled_by":[],"bundle_stock_status":"instock","bundle_stock_quantity":1,"bundle_virtual":false,"bundle_layout":"","bundle_add_to_cart_form_location":"","bundle_editable_in_cart":false,"bundle_sold_individually_context":"","bundle_item_grouping":"","bundle_min_size":"","bundle_max_size":"","bundled_items":[],"yoast_head":"<!-- This site is optimized with the Yoast SEO plugin v20.6 - https:\/\/yoast.com\/wordpress\/plugins\/seo\/ -->\n<title>HACIA LA LUZ (LUZ Y SOMBRAS 4) - Tienda Er\u00f3tica<\/title>\n<meta name=\"robots\" content=\"noindex, follow, max-snippet:-1, max-image-preview:large, max-video-preview:-1\" \/>\n<meta property=\"og:locale\" content=\"es_ES\" \/>\n<meta property=\"og:type\" content=\"article\" \/>\n<meta property=\"og:title\" content=\"HACIA LA LUZ (LUZ Y SOMBRAS 4) - Tienda Er\u00f3tica\" \/>\n<meta property=\"og:description\" content=\"HACIA LA LUZ (LUZ Y SOMBRAS 4) Alice Raine En la cuarta y \u00faltima entrega de la serie \u00abLuz y\" \/>\n<meta property=\"og:url\" content=\"https:\/\/demoweb.info\/sexshop001\/producto\/hacia-la-luz-luz-y-sombras-4\/\" \/>\n<meta property=\"og:site_name\" content=\"Tienda Er\u00f3tica\" \/>\n<meta property=\"article:modified_time\" content=\"2022-01-22T13:09:43+00:00\" \/>\n<meta property=\"og:image\" content=\"https:\/\/demoweb.info\/sexshop001\/wp-content\/uploads\/2022\/01\/HACIA-LA-LUZ-LUZ-Y-SOMBRAS-4.jpg\" \/>\n\t<meta property=\"og:image:width\" content=\"550\" \/>\n\t<meta property=\"og:image:height\" content=\"550\" \/>\n\t<meta property=\"og:image:type\" content=\"image\/jpeg\" \/>\n<meta name=\"twitter:card\" content=\"summary_large_image\" \/>\n<meta name=\"twitter:label1\" content=\"Tiempo de lectura\" \/>\n\t<meta name=\"twitter:data1\" content=\"1 minuto\" \/>\n<script type=\"application\/ld+json\" class=\"yoast-schema-graph\">{\"@context\":\"https:\/\/schema.org\",\"@graph\":[{\"@type\":\"WebPage\",\"@id\":\"https:\/\/demoweb.info\/sexshop001\/producto\/hacia-la-luz-luz-y-sombras-4\/\",\"url\":\"https:\/\/demoweb.info\/sexshop001\/producto\/hacia-la-luz-luz-y-sombras-4\/\",\"name\":\"HACIA LA LUZ (LUZ Y SOMBRAS 4) - Tienda Er\u00f3tica\",\"isPartOf\":{\"@id\":\"https:\/\/demoweb.info\/sexshop001\/#website\"},\"datePublished\":\"2022-01-22T13:09:36+00:00\",\"dateModified\":\"2022-01-22T13:09:43+00:00\",\"breadcrumb\":{\"@id\":\"https:\/\/demoweb.info\/sexshop001\/producto\/hacia-la-luz-luz-y-sombras-4\/#breadcrumb\"},\"inLanguage\":\"es\",\"potentialAction\":[{\"@type\":\"ReadAction\",\"target\":[\"https:\/\/demoweb.info\/sexshop001\/producto\/hacia-la-luz-luz-y-sombras-4\/\"]}]},{\"@type\":\"BreadcrumbList\",\"@id\":\"https:\/\/demoweb.info\/sexshop001\/producto\/hacia-la-luz-luz-y-sombras-4\/#breadcrumb\",\"itemListElement\":[{\"@type\":\"ListItem\",\"position\":1,\"name\":\"Portada\",\"item\":\"https:\/\/demoweb.info\/sexshop001\/\"},{\"@type\":\"ListItem\",\"position\":2,\"name\":\"Tienda\",\"item\":\"https:\/\/demoweb.info\/sexshop001\/tienda\/\"},{\"@type\":\"ListItem\",\"position\":3,\"name\":\"HACIA LA LUZ (LUZ Y SOMBRAS 4)\"}]},{\"@type\":\"WebSite\",\"@id\":\"https:\/\/demoweb.info\/sexshop001\/#website\",\"url\":\"https:\/\/demoweb.info\/sexshop001\/\",\"name\":\"Tienda Er\u00f3tica\",\"description\":\"DEMOWEB SL\",\"potentialAction\":[{\"@type\":\"SearchAction\",\"target\":{\"@type\":\"EntryPoint\",\"urlTemplate\":\"https:\/\/demoweb.info\/sexshop001\/?s={search_term_string}\"},\"query-input\":\"required name=search_term_string\"}],\"inLanguage\":\"es\"}]}<\/script>\n<!-- \/ Yoast SEO plugin. -->","yoast_head_json":{"title":"HACIA LA LUZ (LUZ Y SOMBRAS 4) - Tienda Er\u00f3tica","robots":{"index":"noindex","follow":"follow","max-snippet":"max-snippet:-1","max-image-preview":"max-image-preview:large","max-video-preview":"max-video-preview:-1"},"og_locale":"es_ES","og_type":"article","og_title":"HACIA LA LUZ (LUZ Y SOMBRAS 4) - Tienda Er\u00f3tica","og_description":"HACIA LA LUZ (LUZ Y SOMBRAS 4) Alice Raine En la cuarta y \u00faltima entrega de la serie \u00abLuz y","og_url":"https:\/\/demoweb.info\/sexshop001\/producto\/hacia-la-luz-luz-y-sombras-4\/","og_site_name":"Tienda Er\u00f3tica","article_modified_time":"2022-01-22T13:09:43+00:00","og_image":[{"width":550,"height":550,"url":"https:\/\/demoweb.info\/sexshop001\/wp-content\/uploads\/2022\/01\/HACIA-LA-LUZ-LUZ-Y-SOMBRAS-4.jpg","type":"image\/jpeg"}],"twitter_card":"summary_large_image","twitter_misc":{"Tiempo de lectura":"1 minuto"},"schema":{"@context":"https:\/\/schema.org","@graph":[{"@type":"WebPage","@id":"https:\/\/demoweb.info\/sexshop001\/producto\/hacia-la-luz-luz-y-sombras-4\/","url":"https:\/\/demoweb.info\/sexshop001\/producto\/hacia-la-luz-luz-y-sombras-4\/","name":"HACIA LA LUZ (LUZ Y SOMBRAS 4) - Tienda Er\u00f3tica","isPartOf":{"@id":"https:\/\/demoweb.info\/sexshop001\/#website"},"datePublished":"2022-01-22T13:09:36+00:00","dateModified":"2022-01-22T13:09:43+00:00","breadcrumb":{"@id":"https:\/\/demoweb.info\/sexshop001\/producto\/hacia-la-luz-luz-y-sombras-4\/#breadcrumb"},"inLanguage":"es","potentialAction":[{"@type":"ReadAction","target":["https:\/\/demoweb.info\/sexshop001\/producto\/hacia-la-luz-luz-y-sombras-4\/"]}]},{"@type":"BreadcrumbList","@id":"https:\/\/demoweb.info\/sexshop001\/producto\/hacia-la-luz-luz-y-sombras-4\/#breadcrumb","itemListElement":[{"@type":"ListItem","position":1,"name":"Portada","item":"https:\/\/demoweb.info\/sexshop001\/"},{"@type":"ListItem","position":2,"name":"Tienda","item":"https:\/\/demoweb.info\/sexshop001\/tienda\/"},{"@type":"ListItem","position":3,"name":"HACIA LA LUZ (LUZ Y SOMBRAS 4)"}]},{"@type":"WebSite","@id":"https:\/\/demoweb.info\/sexshop001\/#website","url":"https:\/\/demoweb.info\/sexshop001\/","name":"Tienda Er\u00f3tica","description":"DEMOWEB SL","potentialAction":[{"@type":"SearchAction","target":{"@type":"EntryPoint","urlTemplate":"https:\/\/demoweb.info\/sexshop001\/?s={search_term_string}"},"query-input":"required name=search_term_string"}],"inLanguage":"es"}]}},"_links":{"self":[{"href":"https:\/\/demoweb.info\/sexshop001\/wp-json\/wp\/v3\/product\/39170","targetHints":{"allow":["GET"]}}],"collection":[{"href":"https:\/\/demoweb.info\/sexshop001\/wp-json\/wp\/v3\/product"}],"about":[{"href":"https:\/\/demoweb.info\/sexshop001\/wp-json\/wp\/v2\/types\/product"}],"replies":[{"embeddable":true,"href":"https:\/\/demoweb.info\/sexshop001\/wp-json\/wp\/v2\/comments?post=39170"}],"wp:featuredmedia":[{"embeddable":true,"href":"https:\/\/demoweb.info\/sexshop001\/wp-json\/wp\/v2\/media\/39171"}],"wp:attachment":[{"href":"https:\/\/demoweb.info\/sexshop001\/wp-json\/wp\/v2\/media?parent=39170"}],"wp:term":[{"taxonomy":"product_cat","embeddable":true,"href":"https:\/\/demoweb.info\/sexshop001\/wp-json\/wp\/v2\/product_cat?post=39170"},{"taxonomy":"product_tag","embeddable":true,"href":"https:\/\/demoweb.info\/sexshop001\/wp-json\/wp\/v2\/product_tag?post=39170"}],"curies":[{"name":"wp","href":"https:\/\/api.w.org\/{rel}","templated":true}]}}