{"id":39168,"date":"2022-01-22T14:09:36","date_gmt":"2022-01-22T13:09:36","guid":{"rendered":"https:\/\/demoweb.info\/sexshop001\/producto\/a-contraluz-luz-y-sombras-3\/"},"modified":"2022-01-22T14:09:42","modified_gmt":"2022-01-22T13:09:42","slug":"a-contraluz-luz-y-sombras-3","status":"publish","type":"product","link":"https:\/\/demoweb.info\/sexshop001\/producto\/a-contraluz-luz-y-sombras-3\/","title":{"rendered":"A CONTRALUZ (LUZ Y SOMBRAS 3)"},"content":{"rendered":"<p><strong>A CONTRALUZ (LUZ Y SOMBRAS 3)<\/strong><\/p>\n<p>Alice Raine<\/p>\n<p>Nathan ha descubierto que sus sentimientos hacia Stella van m\u00e1s all\u00e1 del placer de su sumisi\u00f3n, pero, \u00bfser\u00e1 capaz de enamorar a la mujer que se ha entregado a \u00e9l porque colmaba sus fantas\u00edas m\u00e1s inconfesables?<\/p>\n<p>Al mismo tiempo, Stella se est\u00e1 enamorando de Nathan y reconoce que el erotismo sin barreras de los primeros encuentros est\u00e1 dando paso a otra clase de relaci\u00f3n en la que ambos se sienten m\u00e1s inseguros. La incertidumbre conlleva problemas a los que esta pareja desinhibida todav\u00eda no se hab\u00eda tenido que enfrentar.<\/p>\n<p>Hay hombres capaces de acelerarte el coraz\u00f3n con una mirada. Hay mujeres que pueden cambiarte la vida. Hay sombras que solo el amor puede disipar.<\/p>\n<p>Hay historias que te atrapan desde la primera p\u00e1gina.<\/p>\n<p>Esta es una de ellas.<\/p>\n<ul>\n<li>Formato, p\u00e1ginas: TAPA BLANDA CON SOLAPA, 304<\/li>\n<li>Medidas: 152 X 230 mm<\/li>\n<\/ul>\n","protected":false},"excerpt":{"rendered":"<p>A CONTRALUZ (LUZ Y SOMBRAS 3) Alice Raine Nathan ha descubierto que sus sentimientos hacia Stella van m\u00e1s all\u00e1 del<\/p>\n","protected":false},"featured_media":39169,"comment_status":"open","ping_status":"open","template":"","meta":[],"product_cat":[414],"product_tag":[416],"class_list":["post-39168","product","type-product","status-publish","has-post-thumbnail","hentry","product_cat-libros","product_tag-grijalbo"],"bundled_by":[],"bundle_stock_status":"instock","bundle_stock_quantity":2,"bundle_virtual":false,"bundle_layout":"","bundle_add_to_cart_form_location":"","bundle_editable_in_cart":false,"bundle_sold_individually_context":"","bundle_item_grouping":"","bundle_min_size":"","bundle_max_size":"","bundled_items":[],"yoast_head":"<!-- This site is optimized with the Yoast SEO plugin v20.6 - https:\/\/yoast.com\/wordpress\/plugins\/seo\/ -->\n<title>A CONTRALUZ (LUZ Y SOMBRAS 3) - Tienda Er\u00f3tica<\/title>\n<meta name=\"robots\" content=\"noindex, follow, max-snippet:-1, max-image-preview:large, max-video-preview:-1\" \/>\n<meta property=\"og:locale\" content=\"es_ES\" \/>\n<meta property=\"og:type\" content=\"article\" \/>\n<meta property=\"og:title\" content=\"A CONTRALUZ (LUZ Y SOMBRAS 3) - Tienda Er\u00f3tica\" \/>\n<meta property=\"og:description\" content=\"A CONTRALUZ (LUZ Y SOMBRAS 3) Alice Raine Nathan ha descubierto que sus sentimientos hacia Stella van m\u00e1s all\u00e1 del\" \/>\n<meta property=\"og:url\" content=\"https:\/\/demoweb.info\/sexshop001\/producto\/a-contraluz-luz-y-sombras-3\/\" \/>\n<meta property=\"og:site_name\" content=\"Tienda Er\u00f3tica\" \/>\n<meta property=\"article:modified_time\" content=\"2022-01-22T13:09:42+00:00\" \/>\n<meta property=\"og:image\" content=\"https:\/\/demoweb.info\/sexshop001\/wp-content\/uploads\/2022\/01\/A-CONTRALUZ-LUZ-Y-SOMBRAS-3.jpg\" \/>\n\t<meta property=\"og:image:width\" content=\"550\" \/>\n\t<meta property=\"og:image:height\" content=\"550\" \/>\n\t<meta property=\"og:image:type\" content=\"image\/jpeg\" \/>\n<meta name=\"twitter:card\" content=\"summary_large_image\" \/>\n<meta name=\"twitter:label1\" content=\"Tiempo de lectura\" \/>\n\t<meta name=\"twitter:data1\" content=\"1 minuto\" \/>\n<script type=\"application\/ld+json\" class=\"yoast-schema-graph\">{\"@context\":\"https:\/\/schema.org\",\"@graph\":[{\"@type\":\"WebPage\",\"@id\":\"https:\/\/demoweb.info\/sexshop001\/producto\/a-contraluz-luz-y-sombras-3\/\",\"url\":\"https:\/\/demoweb.info\/sexshop001\/producto\/a-contraluz-luz-y-sombras-3\/\",\"name\":\"A CONTRALUZ (LUZ Y SOMBRAS 3) - Tienda Er\u00f3tica\",\"isPartOf\":{\"@id\":\"https:\/\/demoweb.info\/sexshop001\/#website\"},\"datePublished\":\"2022-01-22T13:09:36+00:00\",\"dateModified\":\"2022-01-22T13:09:42+00:00\",\"breadcrumb\":{\"@id\":\"https:\/\/demoweb.info\/sexshop001\/producto\/a-contraluz-luz-y-sombras-3\/#breadcrumb\"},\"inLanguage\":\"es\",\"potentialAction\":[{\"@type\":\"ReadAction\",\"target\":[\"https:\/\/demoweb.info\/sexshop001\/producto\/a-contraluz-luz-y-sombras-3\/\"]}]},{\"@type\":\"BreadcrumbList\",\"@id\":\"https:\/\/demoweb.info\/sexshop001\/producto\/a-contraluz-luz-y-sombras-3\/#breadcrumb\",\"itemListElement\":[{\"@type\":\"ListItem\",\"position\":1,\"name\":\"Portada\",\"item\":\"https:\/\/demoweb.info\/sexshop001\/\"},{\"@type\":\"ListItem\",\"position\":2,\"name\":\"Tienda\",\"item\":\"https:\/\/demoweb.info\/sexshop001\/tienda\/\"},{\"@type\":\"ListItem\",\"position\":3,\"name\":\"A CONTRALUZ (LUZ Y SOMBRAS 3)\"}]},{\"@type\":\"WebSite\",\"@id\":\"https:\/\/demoweb.info\/sexshop001\/#website\",\"url\":\"https:\/\/demoweb.info\/sexshop001\/\",\"name\":\"Tienda Er\u00f3tica\",\"description\":\"DEMOWEB SL\",\"potentialAction\":[{\"@type\":\"SearchAction\",\"target\":{\"@type\":\"EntryPoint\",\"urlTemplate\":\"https:\/\/demoweb.info\/sexshop001\/?s={search_term_string}\"},\"query-input\":\"required name=search_term_string\"}],\"inLanguage\":\"es\"}]}<\/script>\n<!-- \/ Yoast SEO plugin. -->","yoast_head_json":{"title":"A CONTRALUZ (LUZ Y SOMBRAS 3) - Tienda Er\u00f3tica","robots":{"index":"noindex","follow":"follow","max-snippet":"max-snippet:-1","max-image-preview":"max-image-preview:large","max-video-preview":"max-video-preview:-1"},"og_locale":"es_ES","og_type":"article","og_title":"A CONTRALUZ (LUZ Y SOMBRAS 3) - Tienda Er\u00f3tica","og_description":"A CONTRALUZ (LUZ Y SOMBRAS 3) Alice Raine Nathan ha descubierto que sus sentimientos hacia Stella van m\u00e1s all\u00e1 del","og_url":"https:\/\/demoweb.info\/sexshop001\/producto\/a-contraluz-luz-y-sombras-3\/","og_site_name":"Tienda Er\u00f3tica","article_modified_time":"2022-01-22T13:09:42+00:00","og_image":[{"width":550,"height":550,"url":"https:\/\/demoweb.info\/sexshop001\/wp-content\/uploads\/2022\/01\/A-CONTRALUZ-LUZ-Y-SOMBRAS-3.jpg","type":"image\/jpeg"}],"twitter_card":"summary_large_image","twitter_misc":{"Tiempo de lectura":"1 minuto"},"schema":{"@context":"https:\/\/schema.org","@graph":[{"@type":"WebPage","@id":"https:\/\/demoweb.info\/sexshop001\/producto\/a-contraluz-luz-y-sombras-3\/","url":"https:\/\/demoweb.info\/sexshop001\/producto\/a-contraluz-luz-y-sombras-3\/","name":"A CONTRALUZ (LUZ Y SOMBRAS 3) - Tienda Er\u00f3tica","isPartOf":{"@id":"https:\/\/demoweb.info\/sexshop001\/#website"},"datePublished":"2022-01-22T13:09:36+00:00","dateModified":"2022-01-22T13:09:42+00:00","breadcrumb":{"@id":"https:\/\/demoweb.info\/sexshop001\/producto\/a-contraluz-luz-y-sombras-3\/#breadcrumb"},"inLanguage":"es","potentialAction":[{"@type":"ReadAction","target":["https:\/\/demoweb.info\/sexshop001\/producto\/a-contraluz-luz-y-sombras-3\/"]}]},{"@type":"BreadcrumbList","@id":"https:\/\/demoweb.info\/sexshop001\/producto\/a-contraluz-luz-y-sombras-3\/#breadcrumb","itemListElement":[{"@type":"ListItem","position":1,"name":"Portada","item":"https:\/\/demoweb.info\/sexshop001\/"},{"@type":"ListItem","position":2,"name":"Tienda","item":"https:\/\/demoweb.info\/sexshop001\/tienda\/"},{"@type":"ListItem","position":3,"name":"A CONTRALUZ (LUZ Y SOMBRAS 3)"}]},{"@type":"WebSite","@id":"https:\/\/demoweb.info\/sexshop001\/#website","url":"https:\/\/demoweb.info\/sexshop001\/","name":"Tienda Er\u00f3tica","description":"DEMOWEB SL","potentialAction":[{"@type":"SearchAction","target":{"@type":"EntryPoint","urlTemplate":"https:\/\/demoweb.info\/sexshop001\/?s={search_term_string}"},"query-input":"required name=search_term_string"}],"inLanguage":"es"}]}},"_links":{"self":[{"href":"https:\/\/demoweb.info\/sexshop001\/wp-json\/wp\/v3\/product\/39168","targetHints":{"allow":["GET"]}}],"collection":[{"href":"https:\/\/demoweb.info\/sexshop001\/wp-json\/wp\/v3\/product"}],"about":[{"href":"https:\/\/demoweb.info\/sexshop001\/wp-json\/wp\/v2\/types\/product"}],"replies":[{"embeddable":true,"href":"https:\/\/demoweb.info\/sexshop001\/wp-json\/wp\/v2\/comments?post=39168"}],"wp:featuredmedia":[{"embeddable":true,"href":"https:\/\/demoweb.info\/sexshop001\/wp-json\/wp\/v2\/media\/39169"}],"wp:attachment":[{"href":"https:\/\/demoweb.info\/sexshop001\/wp-json\/wp\/v2\/media?parent=39168"}],"wp:term":[{"taxonomy":"product_cat","embeddable":true,"href":"https:\/\/demoweb.info\/sexshop001\/wp-json\/wp\/v2\/product_cat?post=39168"},{"taxonomy":"product_tag","embeddable":true,"href":"https:\/\/demoweb.info\/sexshop001\/wp-json\/wp\/v2\/product_tag?post=39168"}],"curies":[{"name":"wp","href":"https:\/\/api.w.org\/{rel}","templated":true}]}}