{"id":38936,"date":"2022-01-22T14:06:54","date_gmt":"2022-01-22T13:06:54","guid":{"rendered":"https:\/\/demoweb.info\/sexshop001\/producto\/truskyn-plug-anal-morado\/"},"modified":"2022-01-22T14:07:08","modified_gmt":"2022-01-22T13:07:08","slug":"truskyn-plug-anal-morado","status":"publish","type":"product","link":"https:\/\/demoweb.info\/sexshop001\/producto\/truskyn-plug-anal-morado\/","title":{"rendered":"TRUSKYN PLUG ANAL MORADO"},"content":{"rendered":"<p><strong>TRUSKYN THE TRU PLUG &#8211; TAPER &#8211; PURPLE<\/strong><\/p>\n<p>Truskyn es un plug de tacto suave que crea la sensaci\u00f3n blanda de la piel real. Est\u00e1 fabricado con pura silicona y cumplir\u00e1 sus fantas\u00edas \u00edntimas secretas.<\/p>\n<p>&bull; 10 cm de longitud insertable \/ 3 cm de di\u00e1metro<br \/>\n&bull; Punta afilada para facilitar la inserci\u00f3n<br \/>\n&bull; Densidad dual innovadora<br \/>\n&bull; Exterior suave, con acabado acolchado<br \/>\n&bull; Hipoalerg\u00e9nico<br \/>\n&bull; No poroso y sin olor<br \/>\n&bull; Libre de ftalatos<br \/>\n&bull; Aumenta la temperatura de la temperatura corporal<br \/>\n&bull; F\u00e1cil de limpiar (puede lavarse en el lavavajillas)<\/p>\n","protected":false},"excerpt":{"rendered":"<p>TRUSKYN THE TRU PLUG &#8211; TAPER &#8211; PURPLE Truskyn es un plug de tacto suave que crea la sensaci\u00f3n blanda<\/p>\n","protected":false},"featured_media":38937,"comment_status":"open","ping_status":"open","template":"","meta":[],"product_cat":[338],"product_tag":[460,1267],"class_list":["post-38936","product","type-product","status-publish","has-post-thumbnail","hentry","product_cat-silicona-plugs","product_tag-doc-johnson","product_tag-platinum"],"bundled_by":[],"bundle_stock_status":"instock","bundle_stock_quantity":1,"bundle_virtual":false,"bundle_layout":"","bundle_add_to_cart_form_location":"","bundle_editable_in_cart":false,"bundle_sold_individually_context":"","bundle_item_grouping":"","bundle_min_size":"","bundle_max_size":"","bundled_items":[],"yoast_head":"<!-- This site is optimized with the Yoast SEO plugin v20.6 - https:\/\/yoast.com\/wordpress\/plugins\/seo\/ -->\n<title>TRUSKYN PLUG ANAL MORADO - Tienda Er\u00f3tica<\/title>\n<meta name=\"robots\" content=\"noindex, follow, max-snippet:-1, max-image-preview:large, max-video-preview:-1\" \/>\n<meta property=\"og:locale\" content=\"es_ES\" \/>\n<meta property=\"og:type\" content=\"article\" \/>\n<meta property=\"og:title\" content=\"TRUSKYN PLUG ANAL MORADO - Tienda Er\u00f3tica\" \/>\n<meta property=\"og:description\" content=\"TRUSKYN THE TRU PLUG &#8211; TAPER &#8211; PURPLE Truskyn es un plug de tacto suave que crea la sensaci\u00f3n blanda\" \/>\n<meta property=\"og:url\" content=\"https:\/\/demoweb.info\/sexshop001\/producto\/truskyn-plug-anal-morado\/\" \/>\n<meta property=\"og:site_name\" content=\"Tienda Er\u00f3tica\" \/>\n<meta property=\"article:modified_time\" content=\"2022-01-22T13:07:08+00:00\" \/>\n<meta property=\"og:image\" content=\"https:\/\/demoweb.info\/sexshop001\/wp-content\/uploads\/2022\/01\/TRUSKYN-PLUG-ANAL-MORADO.jpg\" \/>\n\t<meta property=\"og:image:width\" content=\"550\" \/>\n\t<meta property=\"og:image:height\" content=\"550\" \/>\n\t<meta property=\"og:image:type\" content=\"image\/jpeg\" \/>\n<meta name=\"twitter:card\" content=\"summary_large_image\" \/>\n<script type=\"application\/ld+json\" class=\"yoast-schema-graph\">{\"@context\":\"https:\/\/schema.org\",\"@graph\":[{\"@type\":\"WebPage\",\"@id\":\"https:\/\/demoweb.info\/sexshop001\/producto\/truskyn-plug-anal-morado\/\",\"url\":\"https:\/\/demoweb.info\/sexshop001\/producto\/truskyn-plug-anal-morado\/\",\"name\":\"TRUSKYN PLUG ANAL MORADO - Tienda Er\u00f3tica\",\"isPartOf\":{\"@id\":\"https:\/\/demoweb.info\/sexshop001\/#website\"},\"datePublished\":\"2022-01-22T13:06:54+00:00\",\"dateModified\":\"2022-01-22T13:07:08+00:00\",\"breadcrumb\":{\"@id\":\"https:\/\/demoweb.info\/sexshop001\/producto\/truskyn-plug-anal-morado\/#breadcrumb\"},\"inLanguage\":\"es\",\"potentialAction\":[{\"@type\":\"ReadAction\",\"target\":[\"https:\/\/demoweb.info\/sexshop001\/producto\/truskyn-plug-anal-morado\/\"]}]},{\"@type\":\"BreadcrumbList\",\"@id\":\"https:\/\/demoweb.info\/sexshop001\/producto\/truskyn-plug-anal-morado\/#breadcrumb\",\"itemListElement\":[{\"@type\":\"ListItem\",\"position\":1,\"name\":\"Portada\",\"item\":\"https:\/\/demoweb.info\/sexshop001\/\"},{\"@type\":\"ListItem\",\"position\":2,\"name\":\"Tienda\",\"item\":\"https:\/\/demoweb.info\/sexshop001\/tienda\/\"},{\"@type\":\"ListItem\",\"position\":3,\"name\":\"TRUSKYN PLUG ANAL MORADO\"}]},{\"@type\":\"WebSite\",\"@id\":\"https:\/\/demoweb.info\/sexshop001\/#website\",\"url\":\"https:\/\/demoweb.info\/sexshop001\/\",\"name\":\"Tienda Er\u00f3tica\",\"description\":\"DEMOWEB SL\",\"potentialAction\":[{\"@type\":\"SearchAction\",\"target\":{\"@type\":\"EntryPoint\",\"urlTemplate\":\"https:\/\/demoweb.info\/sexshop001\/?s={search_term_string}\"},\"query-input\":\"required name=search_term_string\"}],\"inLanguage\":\"es\"}]}<\/script>\n<!-- \/ Yoast SEO plugin. -->","yoast_head_json":{"title":"TRUSKYN PLUG ANAL MORADO - Tienda Er\u00f3tica","robots":{"index":"noindex","follow":"follow","max-snippet":"max-snippet:-1","max-image-preview":"max-image-preview:large","max-video-preview":"max-video-preview:-1"},"og_locale":"es_ES","og_type":"article","og_title":"TRUSKYN PLUG ANAL MORADO - Tienda Er\u00f3tica","og_description":"TRUSKYN THE TRU PLUG &#8211; TAPER &#8211; PURPLE Truskyn es un plug de tacto suave que crea la sensaci\u00f3n blanda","og_url":"https:\/\/demoweb.info\/sexshop001\/producto\/truskyn-plug-anal-morado\/","og_site_name":"Tienda Er\u00f3tica","article_modified_time":"2022-01-22T13:07:08+00:00","og_image":[{"width":550,"height":550,"url":"https:\/\/demoweb.info\/sexshop001\/wp-content\/uploads\/2022\/01\/TRUSKYN-PLUG-ANAL-MORADO.jpg","type":"image\/jpeg"}],"twitter_card":"summary_large_image","schema":{"@context":"https:\/\/schema.org","@graph":[{"@type":"WebPage","@id":"https:\/\/demoweb.info\/sexshop001\/producto\/truskyn-plug-anal-morado\/","url":"https:\/\/demoweb.info\/sexshop001\/producto\/truskyn-plug-anal-morado\/","name":"TRUSKYN PLUG ANAL MORADO - Tienda Er\u00f3tica","isPartOf":{"@id":"https:\/\/demoweb.info\/sexshop001\/#website"},"datePublished":"2022-01-22T13:06:54+00:00","dateModified":"2022-01-22T13:07:08+00:00","breadcrumb":{"@id":"https:\/\/demoweb.info\/sexshop001\/producto\/truskyn-plug-anal-morado\/#breadcrumb"},"inLanguage":"es","potentialAction":[{"@type":"ReadAction","target":["https:\/\/demoweb.info\/sexshop001\/producto\/truskyn-plug-anal-morado\/"]}]},{"@type":"BreadcrumbList","@id":"https:\/\/demoweb.info\/sexshop001\/producto\/truskyn-plug-anal-morado\/#breadcrumb","itemListElement":[{"@type":"ListItem","position":1,"name":"Portada","item":"https:\/\/demoweb.info\/sexshop001\/"},{"@type":"ListItem","position":2,"name":"Tienda","item":"https:\/\/demoweb.info\/sexshop001\/tienda\/"},{"@type":"ListItem","position":3,"name":"TRUSKYN PLUG ANAL MORADO"}]},{"@type":"WebSite","@id":"https:\/\/demoweb.info\/sexshop001\/#website","url":"https:\/\/demoweb.info\/sexshop001\/","name":"Tienda Er\u00f3tica","description":"DEMOWEB SL","potentialAction":[{"@type":"SearchAction","target":{"@type":"EntryPoint","urlTemplate":"https:\/\/demoweb.info\/sexshop001\/?s={search_term_string}"},"query-input":"required name=search_term_string"}],"inLanguage":"es"}]}},"_links":{"self":[{"href":"https:\/\/demoweb.info\/sexshop001\/wp-json\/wp\/v3\/product\/38936","targetHints":{"allow":["GET"]}}],"collection":[{"href":"https:\/\/demoweb.info\/sexshop001\/wp-json\/wp\/v3\/product"}],"about":[{"href":"https:\/\/demoweb.info\/sexshop001\/wp-json\/wp\/v2\/types\/product"}],"replies":[{"embeddable":true,"href":"https:\/\/demoweb.info\/sexshop001\/wp-json\/wp\/v2\/comments?post=38936"}],"wp:featuredmedia":[{"embeddable":true,"href":"https:\/\/demoweb.info\/sexshop001\/wp-json\/wp\/v2\/media\/38937"}],"wp:attachment":[{"href":"https:\/\/demoweb.info\/sexshop001\/wp-json\/wp\/v2\/media?parent=38936"}],"wp:term":[{"taxonomy":"product_cat","embeddable":true,"href":"https:\/\/demoweb.info\/sexshop001\/wp-json\/wp\/v2\/product_cat?post=38936"},{"taxonomy":"product_tag","embeddable":true,"href":"https:\/\/demoweb.info\/sexshop001\/wp-json\/wp\/v2\/product_tag?post=38936"}],"curies":[{"name":"wp","href":"https:\/\/api.w.org\/{rel}","templated":true}]}}