{"id":38788,"date":"2022-01-22T14:05:19","date_gmt":"2022-01-22T13:05:19","guid":{"rendered":"https:\/\/demoweb.info\/sexshop001\/producto\/achelois-ultra-soft-silicone-10-speeds-turquesa\/"},"modified":"2022-01-22T14:05:31","modified_gmt":"2022-01-22T13:05:31","slug":"achelois-ultra-soft-silicone-10-speeds-turquesa","status":"publish","type":"product","link":"https:\/\/demoweb.info\/sexshop001\/producto\/achelois-ultra-soft-silicone-10-speeds-turquesa\/","title":{"rendered":"ACHELOIS &#8211; ULTRA SOFT SILICONE &#8211; 10 SPEEDS &#8211; TURQUESA"},"content":{"rendered":"<p><strong>ACHELOIS &#8211; ULTRA SOFT SILICONE &#8211; 10 SPEEDS &#8211; TURQIOSE<\/strong><\/p>\n<p>La belleza p\u042crpura de Achelois te dar\u00e1 placer de dos maneras. El estimulador de cl\u00edtoris es puntiagudo para una mayor precisi\u00f3n, mientras que la parte que se introduce tiene una forma que permite llegar a todos los lugares adecuados.<\/p>\n<p>Con 10 velocidades diferentes (a 5.200 rpm), este vibrador te har\u00e1 sentir un placer incre\u00edble. Este elegante juguete se puede usar en privado sin problema, ya que es muy silencioso (&lt;50 DB).<\/p>\n<p>Hecho de silicona y ABS de grado m\u00e9dico, sin ftalatos, el Achelois mide 21,8 cm (8,6\u201d) de alto, tiene una longitud insertable de 12,7 cm (5\u201d) con una circunferencia de 4,2 cm (1,7\u201d).<\/p>\n<p>As\u00ed que deja que Luminous coloree tu mundo y har\u00e1 que veas el cielo cuando alcances tu mejor cl\u00edmax.<\/p>\n<p><strong>CARACTER\u00cdSTICAS<\/strong><\/p>\n<ul>\n<li>Dimensiones del producto: 21,8 x 7 x 7 cm<\/li>\n<li>Peso del producto: 145 gram<\/li>\n<li>Di\u00e1metro del producto: 4,2 cm<\/li>\n<li>Longitud insertable: 12,7 cm<\/li>\n<li>Cantidad de motores: 2<\/li>\n<li>Rotaciones: 7000 RPM<\/li>\n<li>Tipos de velocidad: 10<\/li>\n<li>Se requieren bater\u00edas: 2<\/li>\n<li>Tipo de bater\u00edas: AAA<\/li>\n<li>Bater\u00edas incluidas: No<\/li>\n<li>A prueba de salpicaduras: S\u00ed<\/li>\n<li>Libre de ftalato: S\u00ed<\/li>\n<li>Materiales: Silky Smooth Silicone &#038; ABS<\/li>\n<\/ul>\n","protected":false},"excerpt":{"rendered":"<p>ACHELOIS &#8211; ULTRA SOFT SILICONE &#8211; 10 SPEEDS &#8211; TURQIOSE La belleza p\u042crpura de Achelois te dar\u00e1 placer de dos<\/p>\n","protected":false},"featured_media":38789,"comment_status":"open","ping_status":"open","template":"","meta":[],"product_cat":[434],"product_tag":[1274,302],"class_list":["post-38788","product","type-product","status-publish","has-post-thumbnail","hentry","product_cat-doble-estimulacion-vibradores-juguetes-xxx","product_tag-luminous","product_tag-shots"],"bundled_by":[],"bundle_stock_status":"outofstock","bundle_stock_quantity":0,"bundle_virtual":false,"bundle_layout":"","bundle_add_to_cart_form_location":"","bundle_editable_in_cart":false,"bundle_sold_individually_context":"","bundle_item_grouping":"","bundle_min_size":"","bundle_max_size":"","bundled_items":[],"yoast_head":"<!-- This site is optimized with the Yoast SEO plugin v20.6 - https:\/\/yoast.com\/wordpress\/plugins\/seo\/ -->\n<title>ACHELOIS - ULTRA SOFT SILICONE - 10 SPEEDS - TURQUESA - Tienda Er\u00f3tica<\/title>\n<meta name=\"robots\" content=\"noindex, follow, max-snippet:-1, max-image-preview:large, max-video-preview:-1\" \/>\n<meta property=\"og:locale\" content=\"es_ES\" \/>\n<meta property=\"og:type\" content=\"article\" \/>\n<meta property=\"og:title\" content=\"ACHELOIS - ULTRA SOFT SILICONE - 10 SPEEDS - TURQUESA - Tienda Er\u00f3tica\" \/>\n<meta property=\"og:description\" content=\"ACHELOIS &#8211; ULTRA SOFT SILICONE &#8211; 10 SPEEDS &#8211; TURQIOSE La belleza p\u042crpura de Achelois te dar\u00e1 placer de dos\" \/>\n<meta property=\"og:url\" content=\"https:\/\/demoweb.info\/sexshop001\/producto\/achelois-ultra-soft-silicone-10-speeds-turquesa\/\" \/>\n<meta property=\"og:site_name\" content=\"Tienda Er\u00f3tica\" \/>\n<meta property=\"article:modified_time\" content=\"2022-01-22T13:05:31+00:00\" \/>\n<meta property=\"og:image\" content=\"https:\/\/demoweb.info\/sexshop001\/wp-content\/uploads\/2022\/01\/ACHELOIS-ULTRA-SOFT-SILICONE-10-SPEEDS-TURQUESA.jpg\" \/>\n\t<meta property=\"og:image:width\" content=\"550\" \/>\n\t<meta property=\"og:image:height\" content=\"550\" \/>\n\t<meta property=\"og:image:type\" content=\"image\/jpeg\" \/>\n<meta name=\"twitter:card\" content=\"summary_large_image\" \/>\n<meta name=\"twitter:label1\" content=\"Tiempo de lectura\" \/>\n\t<meta name=\"twitter:data1\" content=\"1 minuto\" \/>\n<script type=\"application\/ld+json\" class=\"yoast-schema-graph\">{\"@context\":\"https:\/\/schema.org\",\"@graph\":[{\"@type\":\"WebPage\",\"@id\":\"https:\/\/demoweb.info\/sexshop001\/producto\/achelois-ultra-soft-silicone-10-speeds-turquesa\/\",\"url\":\"https:\/\/demoweb.info\/sexshop001\/producto\/achelois-ultra-soft-silicone-10-speeds-turquesa\/\",\"name\":\"ACHELOIS - ULTRA SOFT SILICONE - 10 SPEEDS - TURQUESA - Tienda Er\u00f3tica\",\"isPartOf\":{\"@id\":\"https:\/\/demoweb.info\/sexshop001\/#website\"},\"datePublished\":\"2022-01-22T13:05:19+00:00\",\"dateModified\":\"2022-01-22T13:05:31+00:00\",\"breadcrumb\":{\"@id\":\"https:\/\/demoweb.info\/sexshop001\/producto\/achelois-ultra-soft-silicone-10-speeds-turquesa\/#breadcrumb\"},\"inLanguage\":\"es\",\"potentialAction\":[{\"@type\":\"ReadAction\",\"target\":[\"https:\/\/demoweb.info\/sexshop001\/producto\/achelois-ultra-soft-silicone-10-speeds-turquesa\/\"]}]},{\"@type\":\"BreadcrumbList\",\"@id\":\"https:\/\/demoweb.info\/sexshop001\/producto\/achelois-ultra-soft-silicone-10-speeds-turquesa\/#breadcrumb\",\"itemListElement\":[{\"@type\":\"ListItem\",\"position\":1,\"name\":\"Portada\",\"item\":\"https:\/\/demoweb.info\/sexshop001\/\"},{\"@type\":\"ListItem\",\"position\":2,\"name\":\"Tienda\",\"item\":\"https:\/\/demoweb.info\/sexshop001\/tienda\/\"},{\"@type\":\"ListItem\",\"position\":3,\"name\":\"ACHELOIS &#8211; ULTRA SOFT SILICONE &#8211; 10 SPEEDS &#8211; TURQUESA\"}]},{\"@type\":\"WebSite\",\"@id\":\"https:\/\/demoweb.info\/sexshop001\/#website\",\"url\":\"https:\/\/demoweb.info\/sexshop001\/\",\"name\":\"Tienda Er\u00f3tica\",\"description\":\"DEMOWEB SL\",\"potentialAction\":[{\"@type\":\"SearchAction\",\"target\":{\"@type\":\"EntryPoint\",\"urlTemplate\":\"https:\/\/demoweb.info\/sexshop001\/?s={search_term_string}\"},\"query-input\":\"required name=search_term_string\"}],\"inLanguage\":\"es\"}]}<\/script>\n<!-- \/ Yoast SEO plugin. -->","yoast_head_json":{"title":"ACHELOIS - ULTRA SOFT SILICONE - 10 SPEEDS - TURQUESA - Tienda Er\u00f3tica","robots":{"index":"noindex","follow":"follow","max-snippet":"max-snippet:-1","max-image-preview":"max-image-preview:large","max-video-preview":"max-video-preview:-1"},"og_locale":"es_ES","og_type":"article","og_title":"ACHELOIS - ULTRA SOFT SILICONE - 10 SPEEDS - TURQUESA - Tienda Er\u00f3tica","og_description":"ACHELOIS &#8211; ULTRA SOFT SILICONE &#8211; 10 SPEEDS &#8211; TURQIOSE La belleza p\u042crpura de Achelois te dar\u00e1 placer de dos","og_url":"https:\/\/demoweb.info\/sexshop001\/producto\/achelois-ultra-soft-silicone-10-speeds-turquesa\/","og_site_name":"Tienda Er\u00f3tica","article_modified_time":"2022-01-22T13:05:31+00:00","og_image":[{"width":550,"height":550,"url":"https:\/\/demoweb.info\/sexshop001\/wp-content\/uploads\/2022\/01\/ACHELOIS-ULTRA-SOFT-SILICONE-10-SPEEDS-TURQUESA.jpg","type":"image\/jpeg"}],"twitter_card":"summary_large_image","twitter_misc":{"Tiempo de lectura":"1 minuto"},"schema":{"@context":"https:\/\/schema.org","@graph":[{"@type":"WebPage","@id":"https:\/\/demoweb.info\/sexshop001\/producto\/achelois-ultra-soft-silicone-10-speeds-turquesa\/","url":"https:\/\/demoweb.info\/sexshop001\/producto\/achelois-ultra-soft-silicone-10-speeds-turquesa\/","name":"ACHELOIS - ULTRA SOFT SILICONE - 10 SPEEDS - TURQUESA - Tienda Er\u00f3tica","isPartOf":{"@id":"https:\/\/demoweb.info\/sexshop001\/#website"},"datePublished":"2022-01-22T13:05:19+00:00","dateModified":"2022-01-22T13:05:31+00:00","breadcrumb":{"@id":"https:\/\/demoweb.info\/sexshop001\/producto\/achelois-ultra-soft-silicone-10-speeds-turquesa\/#breadcrumb"},"inLanguage":"es","potentialAction":[{"@type":"ReadAction","target":["https:\/\/demoweb.info\/sexshop001\/producto\/achelois-ultra-soft-silicone-10-speeds-turquesa\/"]}]},{"@type":"BreadcrumbList","@id":"https:\/\/demoweb.info\/sexshop001\/producto\/achelois-ultra-soft-silicone-10-speeds-turquesa\/#breadcrumb","itemListElement":[{"@type":"ListItem","position":1,"name":"Portada","item":"https:\/\/demoweb.info\/sexshop001\/"},{"@type":"ListItem","position":2,"name":"Tienda","item":"https:\/\/demoweb.info\/sexshop001\/tienda\/"},{"@type":"ListItem","position":3,"name":"ACHELOIS &#8211; ULTRA SOFT SILICONE &#8211; 10 SPEEDS &#8211; TURQUESA"}]},{"@type":"WebSite","@id":"https:\/\/demoweb.info\/sexshop001\/#website","url":"https:\/\/demoweb.info\/sexshop001\/","name":"Tienda Er\u00f3tica","description":"DEMOWEB SL","potentialAction":[{"@type":"SearchAction","target":{"@type":"EntryPoint","urlTemplate":"https:\/\/demoweb.info\/sexshop001\/?s={search_term_string}"},"query-input":"required name=search_term_string"}],"inLanguage":"es"}]}},"_links":{"self":[{"href":"https:\/\/demoweb.info\/sexshop001\/wp-json\/wp\/v3\/product\/38788","targetHints":{"allow":["GET"]}}],"collection":[{"href":"https:\/\/demoweb.info\/sexshop001\/wp-json\/wp\/v3\/product"}],"about":[{"href":"https:\/\/demoweb.info\/sexshop001\/wp-json\/wp\/v2\/types\/product"}],"replies":[{"embeddable":true,"href":"https:\/\/demoweb.info\/sexshop001\/wp-json\/wp\/v2\/comments?post=38788"}],"wp:featuredmedia":[{"embeddable":true,"href":"https:\/\/demoweb.info\/sexshop001\/wp-json\/wp\/v2\/media\/38789"}],"wp:attachment":[{"href":"https:\/\/demoweb.info\/sexshop001\/wp-json\/wp\/v2\/media?parent=38788"}],"wp:term":[{"taxonomy":"product_cat","embeddable":true,"href":"https:\/\/demoweb.info\/sexshop001\/wp-json\/wp\/v2\/product_cat?post=38788"},{"taxonomy":"product_tag","embeddable":true,"href":"https:\/\/demoweb.info\/sexshop001\/wp-json\/wp\/v2\/product_tag?post=38788"}],"curies":[{"name":"wp","href":"https:\/\/api.w.org\/{rel}","templated":true}]}}