{"id":38744,"date":"2022-01-22T14:04:43","date_gmt":"2022-01-22T13:04:43","guid":{"rendered":"https:\/\/demoweb.info\/sexshop001\/producto\/athamas-ultra-soft-silicone-10-speeds-verde\/"},"modified":"2022-01-22T14:04:57","modified_gmt":"2022-01-22T13:04:57","slug":"athamas-ultra-soft-silicone-10-speeds-verde","status":"publish","type":"product","link":"https:\/\/demoweb.info\/sexshop001\/producto\/athamas-ultra-soft-silicone-10-speeds-verde\/","title":{"rendered":"ATHAMAS &#8211; ULTRA SOFT SILICONE &#8211; 10 SPEEDS &#8211; VERDE"},"content":{"rendered":"<p><strong>ATHAMAS &#8211; ULTRA SOFT SILICONE &#8211; 10 SPEEDS &#8211; GREEN<\/strong><\/p>\n<p>Athamas es un potente juguete que proporciona una satisfacci\u0427n alucinante. Con su dise\u00f1o natural, seguro que Athamas har\u00e1 realidad tus sue\u00f1os. Con 10 velocidades diferentes (a 5.200 rpm), este vibrador te har\u00e1 sentir un placer incre\u00edble.<\/p>\n<p>Este elegante juguete se puede usar en privado sin problema, ya que es muy silencioso (&lt;50 DB). Hecho de silicona y ABS de grado m\u00e9dico, sin ftalatos, el Athamas mide 22,7 cm (8,9\u201d) de alto, tiene una longitud insertable de 13,5 cm (5,3\u201d) con una circunferencia de 3,7 cm (1,5\u201d).<\/p>\n<p>As\u00ed que deja que Luminous coloree tu mundo y har\u00e1 que veas el cielo cuando alcances tu mejor cl\u00edmax.<\/p>\n<p><strong>CARACTER\u00cdSTICAS<\/strong><\/p>\n<ul>\n<li>Dimensiones del producto: 22,7 x 7 x 7 cm<\/li>\n<li>Peso del producto: 145 gram<\/li>\n<li>Di\u00e1metro del producto: 3,7 cm<\/li>\n<li>Longitud insertable: 13,5 cm<\/li>\n<li>Cantidad de motores: 1<\/li>\n<li>Rotaciones: 7000 RPM<\/li>\n<li>Tipos de velocidad: 10<\/li>\n<li>Se requieren bater\u00edas: 2<\/li>\n<li>Tipo de bater\u00edas: AAA<\/li>\n<li>Bater\u00edas incluidas: No<\/li>\n<li>A prueba de salpicaduras: S\u00ed<\/li>\n<li>Libre de ftalato: S\u00ed<\/li>\n<li>Materiales: Silky Smooth Silicone &#038; ABS<\/li>\n<\/ul>\n","protected":false},"excerpt":{"rendered":"<p>ATHAMAS &#8211; ULTRA SOFT SILICONE &#8211; 10 SPEEDS &#8211; GREEN Athamas es un potente juguete que proporciona una satisfacci\u0427n alucinante.<\/p>\n","protected":false},"featured_media":38745,"comment_status":"open","ping_status":"open","template":"","meta":[],"product_cat":[434],"product_tag":[1274,302],"class_list":["post-38744","product","type-product","status-publish","has-post-thumbnail","hentry","product_cat-doble-estimulacion-vibradores-juguetes-xxx","product_tag-luminous","product_tag-shots"],"bundled_by":[],"bundle_stock_status":"outofstock","bundle_stock_quantity":0,"bundle_virtual":false,"bundle_layout":"","bundle_add_to_cart_form_location":"","bundle_editable_in_cart":false,"bundle_sold_individually_context":"","bundle_item_grouping":"","bundle_min_size":"","bundle_max_size":"","bundled_items":[],"yoast_head":"<!-- This site is optimized with the Yoast SEO plugin v20.6 - https:\/\/yoast.com\/wordpress\/plugins\/seo\/ -->\n<title>ATHAMAS - ULTRA SOFT SILICONE - 10 SPEEDS - VERDE - Tienda Er\u00f3tica<\/title>\n<meta name=\"robots\" content=\"noindex, follow, max-snippet:-1, max-image-preview:large, max-video-preview:-1\" \/>\n<meta property=\"og:locale\" content=\"es_ES\" \/>\n<meta property=\"og:type\" content=\"article\" \/>\n<meta property=\"og:title\" content=\"ATHAMAS - ULTRA SOFT SILICONE - 10 SPEEDS - VERDE - Tienda Er\u00f3tica\" \/>\n<meta property=\"og:description\" content=\"ATHAMAS &#8211; ULTRA SOFT SILICONE &#8211; 10 SPEEDS &#8211; GREEN Athamas es un potente juguete que proporciona una satisfacci\u0427n alucinante.\" \/>\n<meta property=\"og:url\" content=\"https:\/\/demoweb.info\/sexshop001\/producto\/athamas-ultra-soft-silicone-10-speeds-verde\/\" \/>\n<meta property=\"og:site_name\" content=\"Tienda Er\u00f3tica\" \/>\n<meta property=\"article:modified_time\" content=\"2022-01-22T13:04:57+00:00\" \/>\n<meta property=\"og:image\" content=\"https:\/\/demoweb.info\/sexshop001\/wp-content\/uploads\/2022\/01\/ATHAMAS-ULTRA-SOFT-SILICONE-10-SPEEDS-VERDE.jpg\" \/>\n\t<meta property=\"og:image:width\" content=\"550\" \/>\n\t<meta property=\"og:image:height\" content=\"550\" \/>\n\t<meta property=\"og:image:type\" content=\"image\/jpeg\" \/>\n<meta name=\"twitter:card\" content=\"summary_large_image\" \/>\n<meta name=\"twitter:label1\" content=\"Tiempo de lectura\" \/>\n\t<meta name=\"twitter:data1\" content=\"1 minuto\" \/>\n<script type=\"application\/ld+json\" class=\"yoast-schema-graph\">{\"@context\":\"https:\/\/schema.org\",\"@graph\":[{\"@type\":\"WebPage\",\"@id\":\"https:\/\/demoweb.info\/sexshop001\/producto\/athamas-ultra-soft-silicone-10-speeds-verde\/\",\"url\":\"https:\/\/demoweb.info\/sexshop001\/producto\/athamas-ultra-soft-silicone-10-speeds-verde\/\",\"name\":\"ATHAMAS - ULTRA SOFT SILICONE - 10 SPEEDS - VERDE - Tienda Er\u00f3tica\",\"isPartOf\":{\"@id\":\"https:\/\/demoweb.info\/sexshop001\/#website\"},\"datePublished\":\"2022-01-22T13:04:43+00:00\",\"dateModified\":\"2022-01-22T13:04:57+00:00\",\"breadcrumb\":{\"@id\":\"https:\/\/demoweb.info\/sexshop001\/producto\/athamas-ultra-soft-silicone-10-speeds-verde\/#breadcrumb\"},\"inLanguage\":\"es\",\"potentialAction\":[{\"@type\":\"ReadAction\",\"target\":[\"https:\/\/demoweb.info\/sexshop001\/producto\/athamas-ultra-soft-silicone-10-speeds-verde\/\"]}]},{\"@type\":\"BreadcrumbList\",\"@id\":\"https:\/\/demoweb.info\/sexshop001\/producto\/athamas-ultra-soft-silicone-10-speeds-verde\/#breadcrumb\",\"itemListElement\":[{\"@type\":\"ListItem\",\"position\":1,\"name\":\"Portada\",\"item\":\"https:\/\/demoweb.info\/sexshop001\/\"},{\"@type\":\"ListItem\",\"position\":2,\"name\":\"Tienda\",\"item\":\"https:\/\/demoweb.info\/sexshop001\/tienda\/\"},{\"@type\":\"ListItem\",\"position\":3,\"name\":\"ATHAMAS &#8211; ULTRA SOFT SILICONE &#8211; 10 SPEEDS &#8211; VERDE\"}]},{\"@type\":\"WebSite\",\"@id\":\"https:\/\/demoweb.info\/sexshop001\/#website\",\"url\":\"https:\/\/demoweb.info\/sexshop001\/\",\"name\":\"Tienda Er\u00f3tica\",\"description\":\"DEMOWEB SL\",\"potentialAction\":[{\"@type\":\"SearchAction\",\"target\":{\"@type\":\"EntryPoint\",\"urlTemplate\":\"https:\/\/demoweb.info\/sexshop001\/?s={search_term_string}\"},\"query-input\":\"required name=search_term_string\"}],\"inLanguage\":\"es\"}]}<\/script>\n<!-- \/ Yoast SEO plugin. -->","yoast_head_json":{"title":"ATHAMAS - ULTRA SOFT SILICONE - 10 SPEEDS - VERDE - Tienda Er\u00f3tica","robots":{"index":"noindex","follow":"follow","max-snippet":"max-snippet:-1","max-image-preview":"max-image-preview:large","max-video-preview":"max-video-preview:-1"},"og_locale":"es_ES","og_type":"article","og_title":"ATHAMAS - ULTRA SOFT SILICONE - 10 SPEEDS - VERDE - Tienda Er\u00f3tica","og_description":"ATHAMAS &#8211; ULTRA SOFT SILICONE &#8211; 10 SPEEDS &#8211; GREEN Athamas es un potente juguete que proporciona una satisfacci\u0427n alucinante.","og_url":"https:\/\/demoweb.info\/sexshop001\/producto\/athamas-ultra-soft-silicone-10-speeds-verde\/","og_site_name":"Tienda Er\u00f3tica","article_modified_time":"2022-01-22T13:04:57+00:00","og_image":[{"width":550,"height":550,"url":"https:\/\/demoweb.info\/sexshop001\/wp-content\/uploads\/2022\/01\/ATHAMAS-ULTRA-SOFT-SILICONE-10-SPEEDS-VERDE.jpg","type":"image\/jpeg"}],"twitter_card":"summary_large_image","twitter_misc":{"Tiempo de lectura":"1 minuto"},"schema":{"@context":"https:\/\/schema.org","@graph":[{"@type":"WebPage","@id":"https:\/\/demoweb.info\/sexshop001\/producto\/athamas-ultra-soft-silicone-10-speeds-verde\/","url":"https:\/\/demoweb.info\/sexshop001\/producto\/athamas-ultra-soft-silicone-10-speeds-verde\/","name":"ATHAMAS - ULTRA SOFT SILICONE - 10 SPEEDS - VERDE - Tienda Er\u00f3tica","isPartOf":{"@id":"https:\/\/demoweb.info\/sexshop001\/#website"},"datePublished":"2022-01-22T13:04:43+00:00","dateModified":"2022-01-22T13:04:57+00:00","breadcrumb":{"@id":"https:\/\/demoweb.info\/sexshop001\/producto\/athamas-ultra-soft-silicone-10-speeds-verde\/#breadcrumb"},"inLanguage":"es","potentialAction":[{"@type":"ReadAction","target":["https:\/\/demoweb.info\/sexshop001\/producto\/athamas-ultra-soft-silicone-10-speeds-verde\/"]}]},{"@type":"BreadcrumbList","@id":"https:\/\/demoweb.info\/sexshop001\/producto\/athamas-ultra-soft-silicone-10-speeds-verde\/#breadcrumb","itemListElement":[{"@type":"ListItem","position":1,"name":"Portada","item":"https:\/\/demoweb.info\/sexshop001\/"},{"@type":"ListItem","position":2,"name":"Tienda","item":"https:\/\/demoweb.info\/sexshop001\/tienda\/"},{"@type":"ListItem","position":3,"name":"ATHAMAS &#8211; ULTRA SOFT SILICONE &#8211; 10 SPEEDS &#8211; VERDE"}]},{"@type":"WebSite","@id":"https:\/\/demoweb.info\/sexshop001\/#website","url":"https:\/\/demoweb.info\/sexshop001\/","name":"Tienda Er\u00f3tica","description":"DEMOWEB SL","potentialAction":[{"@type":"SearchAction","target":{"@type":"EntryPoint","urlTemplate":"https:\/\/demoweb.info\/sexshop001\/?s={search_term_string}"},"query-input":"required name=search_term_string"}],"inLanguage":"es"}]}},"_links":{"self":[{"href":"https:\/\/demoweb.info\/sexshop001\/wp-json\/wp\/v3\/product\/38744","targetHints":{"allow":["GET"]}}],"collection":[{"href":"https:\/\/demoweb.info\/sexshop001\/wp-json\/wp\/v3\/product"}],"about":[{"href":"https:\/\/demoweb.info\/sexshop001\/wp-json\/wp\/v2\/types\/product"}],"replies":[{"embeddable":true,"href":"https:\/\/demoweb.info\/sexshop001\/wp-json\/wp\/v2\/comments?post=38744"}],"wp:featuredmedia":[{"embeddable":true,"href":"https:\/\/demoweb.info\/sexshop001\/wp-json\/wp\/v2\/media\/38745"}],"wp:attachment":[{"href":"https:\/\/demoweb.info\/sexshop001\/wp-json\/wp\/v2\/media?parent=38744"}],"wp:term":[{"taxonomy":"product_cat","embeddable":true,"href":"https:\/\/demoweb.info\/sexshop001\/wp-json\/wp\/v2\/product_cat?post=38744"},{"taxonomy":"product_tag","embeddable":true,"href":"https:\/\/demoweb.info\/sexshop001\/wp-json\/wp\/v2\/product_tag?post=38744"}],"curies":[{"name":"wp","href":"https:\/\/api.w.org\/{rel}","templated":true}]}}