{"id":38466,"date":"2022-01-22T14:01:59","date_gmt":"2022-01-22T13:01:59","guid":{"rendered":"https:\/\/demoweb.info\/sexshop001\/producto\/urethral-sounding-silicone-dilator-set\/"},"modified":"2022-01-22T14:02:13","modified_gmt":"2022-01-22T13:02:13","slug":"urethral-sounding-silicone-dilator-set","status":"publish","type":"product","link":"https:\/\/demoweb.info\/sexshop001\/producto\/urethral-sounding-silicone-dilator-set\/","title":{"rendered":"URETHRAL SOUNDING &#8211; SILICONE DILATOR SET"},"content":{"rendered":"<p><strong>URETHRAL SOUNDING &#8211; SILICONE DILATOR SET<\/strong><\/p>\n<p>\u00bfTienes ganas de arriesgar y est\u00e1s preparado para probar una sensaci\u00f3n totalmente nueva? La sonda uretral te har\u00e1 disfrutar de una nueva experiencia excitante y deliciosa.<\/p>\n<p>Fabricado en silicona suave y segura para el cuerpo, esta sonda uretral se adaptar\u00e1 al cuerpo en el que se utilice. Los tres tama\u00f1os diferentes funcionan muy bien por separado, pero tambi\u00e9n pueden combinarse (cuidadosamente) para mejorar el juego en la uretra.<\/p>\n<p>Meter la sonda es emocionante, porque es algo nuevo, arriesgado y no tradicional. La uretra pasa por zonas especialmente sensibles en la punta del pene y el punto G. La sonda estimula directamente estos nervios, lo que ofrece un gran impulso sexual a los que se atreven.<\/p>\n<p>Recuerda: revisa\/lava\/higieniza\/esteriliza. \u00a1Juega con seguridad!<\/p>\n<p><strong>CARACTER\u00cdSTICAS<\/strong><\/p>\n<ul>\n<li>Dimensiones del producto: 24 cm<\/li>\n<li>Peso del producto: 33 gram<\/li>\n<li>Di\u00e1metro del producto: 1 cm<\/li>\n<li>Longitud insertable: 24 cm<\/li>\n<li>Materiales: Silicone<\/li>\n<\/ul>\n","protected":false},"excerpt":{"rendered":"<p>URETHRAL SOUNDING &#8211; SILICONE DILATOR SET \u00bfTienes ganas de arriesgar y est\u00e1s preparado para probar una sensaci\u00f3n totalmente nueva? La<\/p>\n","protected":false},"featured_media":38467,"comment_status":"open","ping_status":"open","template":"","meta":[],"product_cat":[290],"product_tag":[307,302],"class_list":["post-38466","product","type-product","status-publish","has-post-thumbnail","hentry","product_cat-penis-plug","product_tag-ouch","product_tag-shots"],"bundled_by":[],"bundle_stock_status":"outofstock","bundle_stock_quantity":0,"bundle_virtual":false,"bundle_layout":"","bundle_add_to_cart_form_location":"","bundle_editable_in_cart":false,"bundle_sold_individually_context":"","bundle_item_grouping":"","bundle_min_size":"","bundle_max_size":"","bundled_items":[],"yoast_head":"<!-- This site is optimized with the Yoast SEO plugin v20.6 - https:\/\/yoast.com\/wordpress\/plugins\/seo\/ -->\n<title>URETHRAL SOUNDING - SILICONE DILATOR SET - Tienda Er\u00f3tica<\/title>\n<meta name=\"robots\" content=\"noindex, follow, max-snippet:-1, max-image-preview:large, max-video-preview:-1\" \/>\n<meta property=\"og:locale\" content=\"es_ES\" \/>\n<meta property=\"og:type\" content=\"article\" \/>\n<meta property=\"og:title\" content=\"URETHRAL SOUNDING - SILICONE DILATOR SET - Tienda Er\u00f3tica\" \/>\n<meta property=\"og:description\" content=\"URETHRAL SOUNDING &#8211; SILICONE DILATOR SET \u00bfTienes ganas de arriesgar y est\u00e1s preparado para probar una sensaci\u00f3n totalmente nueva? La\" \/>\n<meta property=\"og:url\" content=\"https:\/\/demoweb.info\/sexshop001\/producto\/urethral-sounding-silicone-dilator-set\/\" \/>\n<meta property=\"og:site_name\" content=\"Tienda Er\u00f3tica\" \/>\n<meta property=\"article:modified_time\" content=\"2022-01-22T13:02:13+00:00\" \/>\n<meta property=\"og:image\" content=\"https:\/\/demoweb.info\/sexshop001\/wp-content\/uploads\/2022\/01\/URETHRAL-SOUNDING-SILICONE-DILATOR-SET.jpg\" \/>\n\t<meta property=\"og:image:width\" content=\"550\" \/>\n\t<meta property=\"og:image:height\" content=\"550\" \/>\n\t<meta property=\"og:image:type\" content=\"image\/jpeg\" \/>\n<meta name=\"twitter:card\" content=\"summary_large_image\" \/>\n<meta name=\"twitter:label1\" content=\"Tiempo de lectura\" \/>\n\t<meta name=\"twitter:data1\" content=\"1 minuto\" \/>\n<script type=\"application\/ld+json\" class=\"yoast-schema-graph\">{\"@context\":\"https:\/\/schema.org\",\"@graph\":[{\"@type\":\"WebPage\",\"@id\":\"https:\/\/demoweb.info\/sexshop001\/producto\/urethral-sounding-silicone-dilator-set\/\",\"url\":\"https:\/\/demoweb.info\/sexshop001\/producto\/urethral-sounding-silicone-dilator-set\/\",\"name\":\"URETHRAL SOUNDING - SILICONE DILATOR SET - Tienda Er\u00f3tica\",\"isPartOf\":{\"@id\":\"https:\/\/demoweb.info\/sexshop001\/#website\"},\"datePublished\":\"2022-01-22T13:01:59+00:00\",\"dateModified\":\"2022-01-22T13:02:13+00:00\",\"breadcrumb\":{\"@id\":\"https:\/\/demoweb.info\/sexshop001\/producto\/urethral-sounding-silicone-dilator-set\/#breadcrumb\"},\"inLanguage\":\"es\",\"potentialAction\":[{\"@type\":\"ReadAction\",\"target\":[\"https:\/\/demoweb.info\/sexshop001\/producto\/urethral-sounding-silicone-dilator-set\/\"]}]},{\"@type\":\"BreadcrumbList\",\"@id\":\"https:\/\/demoweb.info\/sexshop001\/producto\/urethral-sounding-silicone-dilator-set\/#breadcrumb\",\"itemListElement\":[{\"@type\":\"ListItem\",\"position\":1,\"name\":\"Portada\",\"item\":\"https:\/\/demoweb.info\/sexshop001\/\"},{\"@type\":\"ListItem\",\"position\":2,\"name\":\"Tienda\",\"item\":\"https:\/\/demoweb.info\/sexshop001\/tienda\/\"},{\"@type\":\"ListItem\",\"position\":3,\"name\":\"URETHRAL SOUNDING &#8211; SILICONE DILATOR SET\"}]},{\"@type\":\"WebSite\",\"@id\":\"https:\/\/demoweb.info\/sexshop001\/#website\",\"url\":\"https:\/\/demoweb.info\/sexshop001\/\",\"name\":\"Tienda Er\u00f3tica\",\"description\":\"DEMOWEB SL\",\"potentialAction\":[{\"@type\":\"SearchAction\",\"target\":{\"@type\":\"EntryPoint\",\"urlTemplate\":\"https:\/\/demoweb.info\/sexshop001\/?s={search_term_string}\"},\"query-input\":\"required name=search_term_string\"}],\"inLanguage\":\"es\"}]}<\/script>\n<!-- \/ Yoast SEO plugin. -->","yoast_head_json":{"title":"URETHRAL SOUNDING - SILICONE DILATOR SET - Tienda Er\u00f3tica","robots":{"index":"noindex","follow":"follow","max-snippet":"max-snippet:-1","max-image-preview":"max-image-preview:large","max-video-preview":"max-video-preview:-1"},"og_locale":"es_ES","og_type":"article","og_title":"URETHRAL SOUNDING - SILICONE DILATOR SET - Tienda Er\u00f3tica","og_description":"URETHRAL SOUNDING &#8211; SILICONE DILATOR SET \u00bfTienes ganas de arriesgar y est\u00e1s preparado para probar una sensaci\u00f3n totalmente nueva? La","og_url":"https:\/\/demoweb.info\/sexshop001\/producto\/urethral-sounding-silicone-dilator-set\/","og_site_name":"Tienda Er\u00f3tica","article_modified_time":"2022-01-22T13:02:13+00:00","og_image":[{"width":550,"height":550,"url":"https:\/\/demoweb.info\/sexshop001\/wp-content\/uploads\/2022\/01\/URETHRAL-SOUNDING-SILICONE-DILATOR-SET.jpg","type":"image\/jpeg"}],"twitter_card":"summary_large_image","twitter_misc":{"Tiempo de lectura":"1 minuto"},"schema":{"@context":"https:\/\/schema.org","@graph":[{"@type":"WebPage","@id":"https:\/\/demoweb.info\/sexshop001\/producto\/urethral-sounding-silicone-dilator-set\/","url":"https:\/\/demoweb.info\/sexshop001\/producto\/urethral-sounding-silicone-dilator-set\/","name":"URETHRAL SOUNDING - SILICONE DILATOR SET - Tienda Er\u00f3tica","isPartOf":{"@id":"https:\/\/demoweb.info\/sexshop001\/#website"},"datePublished":"2022-01-22T13:01:59+00:00","dateModified":"2022-01-22T13:02:13+00:00","breadcrumb":{"@id":"https:\/\/demoweb.info\/sexshop001\/producto\/urethral-sounding-silicone-dilator-set\/#breadcrumb"},"inLanguage":"es","potentialAction":[{"@type":"ReadAction","target":["https:\/\/demoweb.info\/sexshop001\/producto\/urethral-sounding-silicone-dilator-set\/"]}]},{"@type":"BreadcrumbList","@id":"https:\/\/demoweb.info\/sexshop001\/producto\/urethral-sounding-silicone-dilator-set\/#breadcrumb","itemListElement":[{"@type":"ListItem","position":1,"name":"Portada","item":"https:\/\/demoweb.info\/sexshop001\/"},{"@type":"ListItem","position":2,"name":"Tienda","item":"https:\/\/demoweb.info\/sexshop001\/tienda\/"},{"@type":"ListItem","position":3,"name":"URETHRAL SOUNDING &#8211; SILICONE DILATOR SET"}]},{"@type":"WebSite","@id":"https:\/\/demoweb.info\/sexshop001\/#website","url":"https:\/\/demoweb.info\/sexshop001\/","name":"Tienda Er\u00f3tica","description":"DEMOWEB SL","potentialAction":[{"@type":"SearchAction","target":{"@type":"EntryPoint","urlTemplate":"https:\/\/demoweb.info\/sexshop001\/?s={search_term_string}"},"query-input":"required name=search_term_string"}],"inLanguage":"es"}]}},"_links":{"self":[{"href":"https:\/\/demoweb.info\/sexshop001\/wp-json\/wp\/v3\/product\/38466","targetHints":{"allow":["GET"]}}],"collection":[{"href":"https:\/\/demoweb.info\/sexshop001\/wp-json\/wp\/v3\/product"}],"about":[{"href":"https:\/\/demoweb.info\/sexshop001\/wp-json\/wp\/v2\/types\/product"}],"replies":[{"embeddable":true,"href":"https:\/\/demoweb.info\/sexshop001\/wp-json\/wp\/v2\/comments?post=38466"}],"wp:featuredmedia":[{"embeddable":true,"href":"https:\/\/demoweb.info\/sexshop001\/wp-json\/wp\/v2\/media\/38467"}],"wp:attachment":[{"href":"https:\/\/demoweb.info\/sexshop001\/wp-json\/wp\/v2\/media?parent=38466"}],"wp:term":[{"taxonomy":"product_cat","embeddable":true,"href":"https:\/\/demoweb.info\/sexshop001\/wp-json\/wp\/v2\/product_cat?post=38466"},{"taxonomy":"product_tag","embeddable":true,"href":"https:\/\/demoweb.info\/sexshop001\/wp-json\/wp\/v2\/product_tag?post=38466"}],"curies":[{"name":"wp","href":"https:\/\/api.w.org\/{rel}","templated":true}]}}