{"id":38322,"date":"2022-01-22T14:00:12","date_gmt":"2022-01-22T13:00:12","guid":{"rendered":"https:\/\/demoweb.info\/sexshop001\/producto\/ouch-halo-silicone-ring-gag-burdeos\/"},"modified":"2022-01-22T14:00:40","modified_gmt":"2022-01-22T13:00:40","slug":"ouch-halo-silicone-ring-gag-burdeos","status":"publish","type":"product","link":"https:\/\/demoweb.info\/sexshop001\/producto\/ouch-halo-silicone-ring-gag-burdeos\/","title":{"rendered":"OUCH HALO &#8211; SILICONE RING GAG &#8211; BURDEOS"},"content":{"rendered":"<p><strong>OUCH HALO &#8211; SILICONE RING GAG &#8211; BURGUNDY<\/strong><\/p>\n<p>Si vas a seguir las normas que te han marcado, hazlo con estilo&#8230; El color lujoso, el aspecto de cuero encantador y las hermosas decoraciones doradas hacen de Ouch Halo el art\u00edculo m\u00e1s prestigioso de su kit BDSM.<\/p>\n<p>\u00bfEst\u00e1s preparadx para jugar, cari\u00f1o? La mordaza mantendr\u00e1 la boca de tu sumisx abierta, dando muchas opciones excitantes. El anillo tiene una diadema f\u00e1cil de ajustar para conseguir un ajuste perfecto.<\/p>\n<p>Disfruta de la sensaci\u00f3n de poder y vive un momento lleno de maravilloso placer er\u00f3tico. El elegante Ouch Halo es perfecto para disfrutar de una elegante y emocionante sesi\u00f3n.<\/p>\n<p>Dimensiones: 77 x 5 cm<\/p>\n","protected":false},"excerpt":{"rendered":"<p>OUCH HALO &#8211; SILICONE RING GAG &#8211; BURGUNDY Si vas a seguir las normas que te han marcado, hazlo con<\/p>\n","protected":false},"featured_media":38323,"comment_status":"open","ping_status":"open","template":"","meta":[],"product_cat":[288],"product_tag":[1273,302],"class_list":["post-38322","product","type-product","status-publish","has-post-thumbnail","hentry","product_cat-mordazas","product_tag-ouch-halo","product_tag-shots"],"bundled_by":[],"bundle_stock_status":"instock","bundle_stock_quantity":13,"bundle_virtual":false,"bundle_layout":"","bundle_add_to_cart_form_location":"","bundle_editable_in_cart":false,"bundle_sold_individually_context":"","bundle_item_grouping":"","bundle_min_size":"","bundle_max_size":"","bundled_items":[],"yoast_head":"<!-- This site is optimized with the Yoast SEO plugin v20.6 - https:\/\/yoast.com\/wordpress\/plugins\/seo\/ -->\n<title>OUCH HALO - SILICONE RING GAG - BURDEOS - Tienda Er\u00f3tica<\/title>\n<meta name=\"robots\" content=\"noindex, follow, max-snippet:-1, max-image-preview:large, max-video-preview:-1\" \/>\n<meta property=\"og:locale\" content=\"es_ES\" \/>\n<meta property=\"og:type\" content=\"article\" \/>\n<meta property=\"og:title\" content=\"OUCH HALO - SILICONE RING GAG - BURDEOS - Tienda Er\u00f3tica\" \/>\n<meta property=\"og:description\" content=\"OUCH HALO &#8211; SILICONE RING GAG &#8211; BURGUNDY Si vas a seguir las normas que te han marcado, hazlo con\" \/>\n<meta property=\"og:url\" content=\"https:\/\/demoweb.info\/sexshop001\/producto\/ouch-halo-silicone-ring-gag-burdeos\/\" \/>\n<meta property=\"og:site_name\" content=\"Tienda Er\u00f3tica\" \/>\n<meta property=\"article:modified_time\" content=\"2022-01-22T13:00:40+00:00\" \/>\n<meta property=\"og:image\" content=\"https:\/\/demoweb.info\/sexshop001\/wp-content\/uploads\/2022\/01\/OUCH-HALO-SILICONE-RING-GAG-BURDEOS.jpg\" \/>\n\t<meta property=\"og:image:width\" content=\"550\" \/>\n\t<meta property=\"og:image:height\" content=\"550\" \/>\n\t<meta property=\"og:image:type\" content=\"image\/jpeg\" \/>\n<meta name=\"twitter:card\" content=\"summary_large_image\" \/>\n<meta name=\"twitter:label1\" content=\"Tiempo de lectura\" \/>\n\t<meta name=\"twitter:data1\" content=\"1 minuto\" \/>\n<script type=\"application\/ld+json\" class=\"yoast-schema-graph\">{\"@context\":\"https:\/\/schema.org\",\"@graph\":[{\"@type\":\"WebPage\",\"@id\":\"https:\/\/demoweb.info\/sexshop001\/producto\/ouch-halo-silicone-ring-gag-burdeos\/\",\"url\":\"https:\/\/demoweb.info\/sexshop001\/producto\/ouch-halo-silicone-ring-gag-burdeos\/\",\"name\":\"OUCH HALO - SILICONE RING GAG - BURDEOS - Tienda Er\u00f3tica\",\"isPartOf\":{\"@id\":\"https:\/\/demoweb.info\/sexshop001\/#website\"},\"datePublished\":\"2022-01-22T13:00:12+00:00\",\"dateModified\":\"2022-01-22T13:00:40+00:00\",\"breadcrumb\":{\"@id\":\"https:\/\/demoweb.info\/sexshop001\/producto\/ouch-halo-silicone-ring-gag-burdeos\/#breadcrumb\"},\"inLanguage\":\"es\",\"potentialAction\":[{\"@type\":\"ReadAction\",\"target\":[\"https:\/\/demoweb.info\/sexshop001\/producto\/ouch-halo-silicone-ring-gag-burdeos\/\"]}]},{\"@type\":\"BreadcrumbList\",\"@id\":\"https:\/\/demoweb.info\/sexshop001\/producto\/ouch-halo-silicone-ring-gag-burdeos\/#breadcrumb\",\"itemListElement\":[{\"@type\":\"ListItem\",\"position\":1,\"name\":\"Portada\",\"item\":\"https:\/\/demoweb.info\/sexshop001\/\"},{\"@type\":\"ListItem\",\"position\":2,\"name\":\"Tienda\",\"item\":\"https:\/\/demoweb.info\/sexshop001\/tienda\/\"},{\"@type\":\"ListItem\",\"position\":3,\"name\":\"OUCH HALO &#8211; SILICONE RING GAG &#8211; BURDEOS\"}]},{\"@type\":\"WebSite\",\"@id\":\"https:\/\/demoweb.info\/sexshop001\/#website\",\"url\":\"https:\/\/demoweb.info\/sexshop001\/\",\"name\":\"Tienda Er\u00f3tica\",\"description\":\"DEMOWEB SL\",\"potentialAction\":[{\"@type\":\"SearchAction\",\"target\":{\"@type\":\"EntryPoint\",\"urlTemplate\":\"https:\/\/demoweb.info\/sexshop001\/?s={search_term_string}\"},\"query-input\":\"required name=search_term_string\"}],\"inLanguage\":\"es\"}]}<\/script>\n<!-- \/ Yoast SEO plugin. -->","yoast_head_json":{"title":"OUCH HALO - SILICONE RING GAG - BURDEOS - Tienda Er\u00f3tica","robots":{"index":"noindex","follow":"follow","max-snippet":"max-snippet:-1","max-image-preview":"max-image-preview:large","max-video-preview":"max-video-preview:-1"},"og_locale":"es_ES","og_type":"article","og_title":"OUCH HALO - SILICONE RING GAG - BURDEOS - Tienda Er\u00f3tica","og_description":"OUCH HALO &#8211; SILICONE RING GAG &#8211; BURGUNDY Si vas a seguir las normas que te han marcado, hazlo con","og_url":"https:\/\/demoweb.info\/sexshop001\/producto\/ouch-halo-silicone-ring-gag-burdeos\/","og_site_name":"Tienda Er\u00f3tica","article_modified_time":"2022-01-22T13:00:40+00:00","og_image":[{"width":550,"height":550,"url":"https:\/\/demoweb.info\/sexshop001\/wp-content\/uploads\/2022\/01\/OUCH-HALO-SILICONE-RING-GAG-BURDEOS.jpg","type":"image\/jpeg"}],"twitter_card":"summary_large_image","twitter_misc":{"Tiempo de lectura":"1 minuto"},"schema":{"@context":"https:\/\/schema.org","@graph":[{"@type":"WebPage","@id":"https:\/\/demoweb.info\/sexshop001\/producto\/ouch-halo-silicone-ring-gag-burdeos\/","url":"https:\/\/demoweb.info\/sexshop001\/producto\/ouch-halo-silicone-ring-gag-burdeos\/","name":"OUCH HALO - SILICONE RING GAG - BURDEOS - Tienda Er\u00f3tica","isPartOf":{"@id":"https:\/\/demoweb.info\/sexshop001\/#website"},"datePublished":"2022-01-22T13:00:12+00:00","dateModified":"2022-01-22T13:00:40+00:00","breadcrumb":{"@id":"https:\/\/demoweb.info\/sexshop001\/producto\/ouch-halo-silicone-ring-gag-burdeos\/#breadcrumb"},"inLanguage":"es","potentialAction":[{"@type":"ReadAction","target":["https:\/\/demoweb.info\/sexshop001\/producto\/ouch-halo-silicone-ring-gag-burdeos\/"]}]},{"@type":"BreadcrumbList","@id":"https:\/\/demoweb.info\/sexshop001\/producto\/ouch-halo-silicone-ring-gag-burdeos\/#breadcrumb","itemListElement":[{"@type":"ListItem","position":1,"name":"Portada","item":"https:\/\/demoweb.info\/sexshop001\/"},{"@type":"ListItem","position":2,"name":"Tienda","item":"https:\/\/demoweb.info\/sexshop001\/tienda\/"},{"@type":"ListItem","position":3,"name":"OUCH HALO &#8211; SILICONE RING GAG &#8211; BURDEOS"}]},{"@type":"WebSite","@id":"https:\/\/demoweb.info\/sexshop001\/#website","url":"https:\/\/demoweb.info\/sexshop001\/","name":"Tienda Er\u00f3tica","description":"DEMOWEB SL","potentialAction":[{"@type":"SearchAction","target":{"@type":"EntryPoint","urlTemplate":"https:\/\/demoweb.info\/sexshop001\/?s={search_term_string}"},"query-input":"required name=search_term_string"}],"inLanguage":"es"}]}},"_links":{"self":[{"href":"https:\/\/demoweb.info\/sexshop001\/wp-json\/wp\/v3\/product\/38322","targetHints":{"allow":["GET"]}}],"collection":[{"href":"https:\/\/demoweb.info\/sexshop001\/wp-json\/wp\/v3\/product"}],"about":[{"href":"https:\/\/demoweb.info\/sexshop001\/wp-json\/wp\/v2\/types\/product"}],"replies":[{"embeddable":true,"href":"https:\/\/demoweb.info\/sexshop001\/wp-json\/wp\/v2\/comments?post=38322"}],"wp:featuredmedia":[{"embeddable":true,"href":"https:\/\/demoweb.info\/sexshop001\/wp-json\/wp\/v2\/media\/38323"}],"wp:attachment":[{"href":"https:\/\/demoweb.info\/sexshop001\/wp-json\/wp\/v2\/media?parent=38322"}],"wp:term":[{"taxonomy":"product_cat","embeddable":true,"href":"https:\/\/demoweb.info\/sexshop001\/wp-json\/wp\/v2\/product_cat?post=38322"},{"taxonomy":"product_tag","embeddable":true,"href":"https:\/\/demoweb.info\/sexshop001\/wp-json\/wp\/v2\/product_tag?post=38322"}],"curies":[{"name":"wp","href":"https:\/\/api.w.org\/{rel}","templated":true}]}}