{"id":38133,"date":"2022-01-22T13:58:31","date_gmt":"2022-01-22T12:58:31","guid":{"rendered":"https:\/\/demoweb.info\/sexshop001\/producto\/cinturon-de-puno-ajustable-negro\/"},"modified":"2022-01-22T13:58:35","modified_gmt":"2022-01-22T12:58:35","slug":"cinturon-de-puno-ajustable-negro","status":"publish","type":"product","link":"https:\/\/demoweb.info\/sexshop001\/producto\/cinturon-de-puno-ajustable-negro\/","title":{"rendered":"CINTUR\u00d3N DE PU\u00d1O AJUSTABLE &#8211; NEGRO"},"content":{"rendered":"<p><strong>ADJUSTABLE CUFF BELT &#8211; BLACK<\/strong><\/p>\n<p>Fuerza a tu sumiso con los brazos atados donde creas conveniente. \u00a1T\u00fa tienes el control cuando tu sumiso lleva este fant\u00e1stico cintur\u00f3n bondage con esposas! Este cintur\u00f3n de bondage con esposas ofrece m\u00faltiples opciones.  <\/p>\n<p>Las esposas son completamente ajustables para que puedas usarlas m\u00e1s apretadas o m\u00e1s sueltas, como te apetezca.<\/p>\n<p>Adem\u00e1s, tiene tres anillos resistentes a los que se puede atar una cuerda de bondage o cadenas.<\/p>\n<p><strong>CARACTER\u00cdSTICAS<\/strong><\/p>\n<ul>\n<li>Dimensiones del producto: 92 x 2,3 cm<\/li>\n<li>Materiales: Pieles adheridas<\/li>\n<\/ul>\n","protected":false},"excerpt":{"rendered":"<p>ADJUSTABLE CUFF BELT &#8211; BLACK Fuerza a tu sumiso con los brazos atados donde creas conveniente. \u00a1T\u00fa tienes el control<\/p>\n","protected":false},"featured_media":38134,"comment_status":"open","ping_status":"open","template":"","meta":[],"product_cat":[309],"product_tag":[307,302],"class_list":["post-38133","product","type-product","status-publish","has-post-thumbnail","hentry","product_cat-cintas-y-cuerdas","product_tag-ouch","product_tag-shots"],"bundled_by":[],"bundle_stock_status":"outofstock","bundle_stock_quantity":0,"bundle_virtual":false,"bundle_layout":"","bundle_add_to_cart_form_location":"","bundle_editable_in_cart":false,"bundle_sold_individually_context":"","bundle_item_grouping":"","bundle_min_size":"","bundle_max_size":"","bundled_items":[],"yoast_head":"<!-- This site is optimized with the Yoast SEO plugin v20.6 - https:\/\/yoast.com\/wordpress\/plugins\/seo\/ -->\n<title>CINTUR\u00d3N DE PU\u00d1O AJUSTABLE - NEGRO - Tienda Er\u00f3tica<\/title>\n<meta name=\"robots\" content=\"noindex, follow, max-snippet:-1, max-image-preview:large, max-video-preview:-1\" \/>\n<meta property=\"og:locale\" content=\"es_ES\" \/>\n<meta property=\"og:type\" content=\"article\" \/>\n<meta property=\"og:title\" content=\"CINTUR\u00d3N DE PU\u00d1O AJUSTABLE - NEGRO - Tienda Er\u00f3tica\" \/>\n<meta property=\"og:description\" content=\"ADJUSTABLE CUFF BELT &#8211; BLACK Fuerza a tu sumiso con los brazos atados donde creas conveniente. \u00a1T\u00fa tienes el control\" \/>\n<meta property=\"og:url\" content=\"https:\/\/demoweb.info\/sexshop001\/producto\/cinturon-de-puno-ajustable-negro\/\" \/>\n<meta property=\"og:site_name\" content=\"Tienda Er\u00f3tica\" \/>\n<meta property=\"article:modified_time\" content=\"2022-01-22T12:58:35+00:00\" \/>\n<meta property=\"og:image\" content=\"https:\/\/demoweb.info\/sexshop001\/wp-content\/uploads\/2022\/01\/CINTURON-DE-PUNO-AJUSTABLE-NEGRO.jpg\" \/>\n\t<meta property=\"og:image:width\" content=\"550\" \/>\n\t<meta property=\"og:image:height\" content=\"550\" \/>\n\t<meta property=\"og:image:type\" content=\"image\/jpeg\" \/>\n<meta name=\"twitter:card\" content=\"summary_large_image\" \/>\n<script type=\"application\/ld+json\" class=\"yoast-schema-graph\">{\"@context\":\"https:\/\/schema.org\",\"@graph\":[{\"@type\":\"WebPage\",\"@id\":\"https:\/\/demoweb.info\/sexshop001\/producto\/cinturon-de-puno-ajustable-negro\/\",\"url\":\"https:\/\/demoweb.info\/sexshop001\/producto\/cinturon-de-puno-ajustable-negro\/\",\"name\":\"CINTUR\u00d3N DE PU\u00d1O AJUSTABLE - NEGRO - Tienda Er\u00f3tica\",\"isPartOf\":{\"@id\":\"https:\/\/demoweb.info\/sexshop001\/#website\"},\"datePublished\":\"2022-01-22T12:58:31+00:00\",\"dateModified\":\"2022-01-22T12:58:35+00:00\",\"breadcrumb\":{\"@id\":\"https:\/\/demoweb.info\/sexshop001\/producto\/cinturon-de-puno-ajustable-negro\/#breadcrumb\"},\"inLanguage\":\"es\",\"potentialAction\":[{\"@type\":\"ReadAction\",\"target\":[\"https:\/\/demoweb.info\/sexshop001\/producto\/cinturon-de-puno-ajustable-negro\/\"]}]},{\"@type\":\"BreadcrumbList\",\"@id\":\"https:\/\/demoweb.info\/sexshop001\/producto\/cinturon-de-puno-ajustable-negro\/#breadcrumb\",\"itemListElement\":[{\"@type\":\"ListItem\",\"position\":1,\"name\":\"Portada\",\"item\":\"https:\/\/demoweb.info\/sexshop001\/\"},{\"@type\":\"ListItem\",\"position\":2,\"name\":\"Tienda\",\"item\":\"https:\/\/demoweb.info\/sexshop001\/tienda\/\"},{\"@type\":\"ListItem\",\"position\":3,\"name\":\"CINTUR\u00d3N DE PU\u00d1O AJUSTABLE &#8211; NEGRO\"}]},{\"@type\":\"WebSite\",\"@id\":\"https:\/\/demoweb.info\/sexshop001\/#website\",\"url\":\"https:\/\/demoweb.info\/sexshop001\/\",\"name\":\"Tienda Er\u00f3tica\",\"description\":\"DEMOWEB SL\",\"potentialAction\":[{\"@type\":\"SearchAction\",\"target\":{\"@type\":\"EntryPoint\",\"urlTemplate\":\"https:\/\/demoweb.info\/sexshop001\/?s={search_term_string}\"},\"query-input\":\"required name=search_term_string\"}],\"inLanguage\":\"es\"}]}<\/script>\n<!-- \/ Yoast SEO plugin. -->","yoast_head_json":{"title":"CINTUR\u00d3N DE PU\u00d1O AJUSTABLE - NEGRO - Tienda Er\u00f3tica","robots":{"index":"noindex","follow":"follow","max-snippet":"max-snippet:-1","max-image-preview":"max-image-preview:large","max-video-preview":"max-video-preview:-1"},"og_locale":"es_ES","og_type":"article","og_title":"CINTUR\u00d3N DE PU\u00d1O AJUSTABLE - NEGRO - Tienda Er\u00f3tica","og_description":"ADJUSTABLE CUFF BELT &#8211; BLACK Fuerza a tu sumiso con los brazos atados donde creas conveniente. \u00a1T\u00fa tienes el control","og_url":"https:\/\/demoweb.info\/sexshop001\/producto\/cinturon-de-puno-ajustable-negro\/","og_site_name":"Tienda Er\u00f3tica","article_modified_time":"2022-01-22T12:58:35+00:00","og_image":[{"width":550,"height":550,"url":"https:\/\/demoweb.info\/sexshop001\/wp-content\/uploads\/2022\/01\/CINTURON-DE-PUNO-AJUSTABLE-NEGRO.jpg","type":"image\/jpeg"}],"twitter_card":"summary_large_image","schema":{"@context":"https:\/\/schema.org","@graph":[{"@type":"WebPage","@id":"https:\/\/demoweb.info\/sexshop001\/producto\/cinturon-de-puno-ajustable-negro\/","url":"https:\/\/demoweb.info\/sexshop001\/producto\/cinturon-de-puno-ajustable-negro\/","name":"CINTUR\u00d3N DE PU\u00d1O AJUSTABLE - NEGRO - Tienda Er\u00f3tica","isPartOf":{"@id":"https:\/\/demoweb.info\/sexshop001\/#website"},"datePublished":"2022-01-22T12:58:31+00:00","dateModified":"2022-01-22T12:58:35+00:00","breadcrumb":{"@id":"https:\/\/demoweb.info\/sexshop001\/producto\/cinturon-de-puno-ajustable-negro\/#breadcrumb"},"inLanguage":"es","potentialAction":[{"@type":"ReadAction","target":["https:\/\/demoweb.info\/sexshop001\/producto\/cinturon-de-puno-ajustable-negro\/"]}]},{"@type":"BreadcrumbList","@id":"https:\/\/demoweb.info\/sexshop001\/producto\/cinturon-de-puno-ajustable-negro\/#breadcrumb","itemListElement":[{"@type":"ListItem","position":1,"name":"Portada","item":"https:\/\/demoweb.info\/sexshop001\/"},{"@type":"ListItem","position":2,"name":"Tienda","item":"https:\/\/demoweb.info\/sexshop001\/tienda\/"},{"@type":"ListItem","position":3,"name":"CINTUR\u00d3N DE PU\u00d1O AJUSTABLE &#8211; NEGRO"}]},{"@type":"WebSite","@id":"https:\/\/demoweb.info\/sexshop001\/#website","url":"https:\/\/demoweb.info\/sexshop001\/","name":"Tienda Er\u00f3tica","description":"DEMOWEB SL","potentialAction":[{"@type":"SearchAction","target":{"@type":"EntryPoint","urlTemplate":"https:\/\/demoweb.info\/sexshop001\/?s={search_term_string}"},"query-input":"required name=search_term_string"}],"inLanguage":"es"}]}},"_links":{"self":[{"href":"https:\/\/demoweb.info\/sexshop001\/wp-json\/wp\/v3\/product\/38133","targetHints":{"allow":["GET"]}}],"collection":[{"href":"https:\/\/demoweb.info\/sexshop001\/wp-json\/wp\/v3\/product"}],"about":[{"href":"https:\/\/demoweb.info\/sexshop001\/wp-json\/wp\/v2\/types\/product"}],"replies":[{"embeddable":true,"href":"https:\/\/demoweb.info\/sexshop001\/wp-json\/wp\/v2\/comments?post=38133"}],"wp:featuredmedia":[{"embeddable":true,"href":"https:\/\/demoweb.info\/sexshop001\/wp-json\/wp\/v2\/media\/38134"}],"wp:attachment":[{"href":"https:\/\/demoweb.info\/sexshop001\/wp-json\/wp\/v2\/media?parent=38133"}],"wp:term":[{"taxonomy":"product_cat","embeddable":true,"href":"https:\/\/demoweb.info\/sexshop001\/wp-json\/wp\/v2\/product_cat?post=38133"},{"taxonomy":"product_tag","embeddable":true,"href":"https:\/\/demoweb.info\/sexshop001\/wp-json\/wp\/v2\/product_tag?post=38133"}],"curies":[{"name":"wp","href":"https:\/\/api.w.org\/{rel}","templated":true}]}}