{"id":38070,"date":"2022-01-22T13:57:55","date_gmt":"2022-01-22T12:57:55","guid":{"rendered":"https:\/\/demoweb.info\/sexshop001\/producto\/jingle-glitter-nipple-stickers-and-stockings-rojo-2\/"},"modified":"2022-01-22T13:57:55","modified_gmt":"2022-01-22T12:57:55","slug":"jingle-glitter-nipple-stickers-and-stockings-rojo-2","status":"publish","type":"product","link":"https:\/\/demoweb.info\/sexshop001\/producto\/jingle-glitter-nipple-stickers-and-stockings-rojo-2\/","title":{"rendered":"JINGLE GLITTER NIPPLE STICKERS AND STOCKINGS &#8211; ROJO"},"content":{"rendered":"<p><strong>JINGLE GLITTER NIPPLE STICKERS AND STOCKINGS<\/strong><\/p>\n<p>Con este maravilloso conjunto te convertir\u00e1s en la m\u00e1s atractiva de la sala. Las pezoneras adhesivas de purpurina no dejan casi nada a la imaginaci\u00f3n, y las medias rojas hacen que sea un conjunto festivo. \u00bfEst\u00e1s preparada para tumbarte bajo el \u00e1rbol de Navidad como si fueras un regalo? Lavar a mano en agua fr\u00eda a tibia. Secar al aire. No planchar.<\/p>\n","protected":false},"excerpt":{"rendered":"<p>JINGLE GLITTER NIPPLE STICKERS AND STOCKINGS Con este maravilloso conjunto te convertir\u00e1s en la m\u00e1s atractiva de la sala. Las<\/p>\n","protected":false},"featured_media":38071,"comment_status":"open","ping_status":"open","template":"","meta":[],"product_cat":[866],"product_tag":[935,302],"class_list":["post-38070","product","type-product","status-publish","has-post-thumbnail","hentry","product_cat-con-liguero","product_tag-le-desir","product_tag-shots"],"bundled_by":[],"bundle_stock_status":"instock","bundle_stock_quantity":4,"bundle_virtual":false,"bundle_layout":"","bundle_add_to_cart_form_location":"","bundle_editable_in_cart":false,"bundle_sold_individually_context":"","bundle_item_grouping":"","bundle_min_size":"","bundle_max_size":"","bundled_items":[],"yoast_head":"<!-- This site is optimized with the Yoast SEO plugin v20.6 - https:\/\/yoast.com\/wordpress\/plugins\/seo\/ -->\n<title>JINGLE GLITTER NIPPLE STICKERS AND STOCKINGS - ROJO - Tienda Er\u00f3tica<\/title>\n<meta name=\"robots\" content=\"noindex, follow, max-snippet:-1, max-image-preview:large, max-video-preview:-1\" \/>\n<meta property=\"og:locale\" content=\"es_ES\" \/>\n<meta property=\"og:type\" content=\"article\" \/>\n<meta property=\"og:title\" content=\"JINGLE GLITTER NIPPLE STICKERS AND STOCKINGS - ROJO - Tienda Er\u00f3tica\" \/>\n<meta property=\"og:description\" content=\"JINGLE GLITTER NIPPLE STICKERS AND STOCKINGS Con este maravilloso conjunto te convertir\u00e1s en la m\u00e1s atractiva de la sala. Las\" \/>\n<meta property=\"og:url\" content=\"https:\/\/demoweb.info\/sexshop001\/producto\/jingle-glitter-nipple-stickers-and-stockings-rojo-2\/\" \/>\n<meta property=\"og:site_name\" content=\"Tienda Er\u00f3tica\" \/>\n<meta property=\"og:image\" content=\"https:\/\/demoweb.info\/sexshop001\/wp-content\/uploads\/2022\/01\/JINGLE-GLITTER-NIPPLE-STICKERS-AND-STOCKINGS-ROJO-6.jpg\" \/>\n\t<meta property=\"og:image:width\" content=\"550\" \/>\n\t<meta property=\"og:image:height\" content=\"550\" \/>\n\t<meta property=\"og:image:type\" content=\"image\/jpeg\" \/>\n<meta name=\"twitter:card\" content=\"summary_large_image\" \/>\n<script type=\"application\/ld+json\" class=\"yoast-schema-graph\">{\"@context\":\"https:\/\/schema.org\",\"@graph\":[{\"@type\":\"WebPage\",\"@id\":\"https:\/\/demoweb.info\/sexshop001\/producto\/jingle-glitter-nipple-stickers-and-stockings-rojo-2\/\",\"url\":\"https:\/\/demoweb.info\/sexshop001\/producto\/jingle-glitter-nipple-stickers-and-stockings-rojo-2\/\",\"name\":\"JINGLE GLITTER NIPPLE STICKERS AND STOCKINGS - ROJO - Tienda Er\u00f3tica\",\"isPartOf\":{\"@id\":\"https:\/\/demoweb.info\/sexshop001\/#website\"},\"datePublished\":\"2022-01-22T12:57:55+00:00\",\"dateModified\":\"2022-01-22T12:57:55+00:00\",\"breadcrumb\":{\"@id\":\"https:\/\/demoweb.info\/sexshop001\/producto\/jingle-glitter-nipple-stickers-and-stockings-rojo-2\/#breadcrumb\"},\"inLanguage\":\"es\",\"potentialAction\":[{\"@type\":\"ReadAction\",\"target\":[\"https:\/\/demoweb.info\/sexshop001\/producto\/jingle-glitter-nipple-stickers-and-stockings-rojo-2\/\"]}]},{\"@type\":\"BreadcrumbList\",\"@id\":\"https:\/\/demoweb.info\/sexshop001\/producto\/jingle-glitter-nipple-stickers-and-stockings-rojo-2\/#breadcrumb\",\"itemListElement\":[{\"@type\":\"ListItem\",\"position\":1,\"name\":\"Portada\",\"item\":\"https:\/\/demoweb.info\/sexshop001\/\"},{\"@type\":\"ListItem\",\"position\":2,\"name\":\"Tienda\",\"item\":\"https:\/\/demoweb.info\/sexshop001\/tienda\/\"},{\"@type\":\"ListItem\",\"position\":3,\"name\":\"JINGLE GLITTER NIPPLE STICKERS AND STOCKINGS &#8211; ROJO\"}]},{\"@type\":\"WebSite\",\"@id\":\"https:\/\/demoweb.info\/sexshop001\/#website\",\"url\":\"https:\/\/demoweb.info\/sexshop001\/\",\"name\":\"Tienda Er\u00f3tica\",\"description\":\"DEMOWEB SL\",\"potentialAction\":[{\"@type\":\"SearchAction\",\"target\":{\"@type\":\"EntryPoint\",\"urlTemplate\":\"https:\/\/demoweb.info\/sexshop001\/?s={search_term_string}\"},\"query-input\":\"required name=search_term_string\"}],\"inLanguage\":\"es\"}]}<\/script>\n<!-- \/ Yoast SEO plugin. -->","yoast_head_json":{"title":"JINGLE GLITTER NIPPLE STICKERS AND STOCKINGS - ROJO - Tienda Er\u00f3tica","robots":{"index":"noindex","follow":"follow","max-snippet":"max-snippet:-1","max-image-preview":"max-image-preview:large","max-video-preview":"max-video-preview:-1"},"og_locale":"es_ES","og_type":"article","og_title":"JINGLE GLITTER NIPPLE STICKERS AND STOCKINGS - ROJO - Tienda Er\u00f3tica","og_description":"JINGLE GLITTER NIPPLE STICKERS AND STOCKINGS Con este maravilloso conjunto te convertir\u00e1s en la m\u00e1s atractiva de la sala. Las","og_url":"https:\/\/demoweb.info\/sexshop001\/producto\/jingle-glitter-nipple-stickers-and-stockings-rojo-2\/","og_site_name":"Tienda Er\u00f3tica","og_image":[{"width":550,"height":550,"url":"https:\/\/demoweb.info\/sexshop001\/wp-content\/uploads\/2022\/01\/JINGLE-GLITTER-NIPPLE-STICKERS-AND-STOCKINGS-ROJO-6.jpg","type":"image\/jpeg"}],"twitter_card":"summary_large_image","schema":{"@context":"https:\/\/schema.org","@graph":[{"@type":"WebPage","@id":"https:\/\/demoweb.info\/sexshop001\/producto\/jingle-glitter-nipple-stickers-and-stockings-rojo-2\/","url":"https:\/\/demoweb.info\/sexshop001\/producto\/jingle-glitter-nipple-stickers-and-stockings-rojo-2\/","name":"JINGLE GLITTER NIPPLE STICKERS AND STOCKINGS - ROJO - Tienda Er\u00f3tica","isPartOf":{"@id":"https:\/\/demoweb.info\/sexshop001\/#website"},"datePublished":"2022-01-22T12:57:55+00:00","dateModified":"2022-01-22T12:57:55+00:00","breadcrumb":{"@id":"https:\/\/demoweb.info\/sexshop001\/producto\/jingle-glitter-nipple-stickers-and-stockings-rojo-2\/#breadcrumb"},"inLanguage":"es","potentialAction":[{"@type":"ReadAction","target":["https:\/\/demoweb.info\/sexshop001\/producto\/jingle-glitter-nipple-stickers-and-stockings-rojo-2\/"]}]},{"@type":"BreadcrumbList","@id":"https:\/\/demoweb.info\/sexshop001\/producto\/jingle-glitter-nipple-stickers-and-stockings-rojo-2\/#breadcrumb","itemListElement":[{"@type":"ListItem","position":1,"name":"Portada","item":"https:\/\/demoweb.info\/sexshop001\/"},{"@type":"ListItem","position":2,"name":"Tienda","item":"https:\/\/demoweb.info\/sexshop001\/tienda\/"},{"@type":"ListItem","position":3,"name":"JINGLE GLITTER NIPPLE STICKERS AND STOCKINGS &#8211; ROJO"}]},{"@type":"WebSite","@id":"https:\/\/demoweb.info\/sexshop001\/#website","url":"https:\/\/demoweb.info\/sexshop001\/","name":"Tienda Er\u00f3tica","description":"DEMOWEB SL","potentialAction":[{"@type":"SearchAction","target":{"@type":"EntryPoint","urlTemplate":"https:\/\/demoweb.info\/sexshop001\/?s={search_term_string}"},"query-input":"required name=search_term_string"}],"inLanguage":"es"}]}},"_links":{"self":[{"href":"https:\/\/demoweb.info\/sexshop001\/wp-json\/wp\/v3\/product\/38070","targetHints":{"allow":["GET"]}}],"collection":[{"href":"https:\/\/demoweb.info\/sexshop001\/wp-json\/wp\/v3\/product"}],"about":[{"href":"https:\/\/demoweb.info\/sexshop001\/wp-json\/wp\/v2\/types\/product"}],"replies":[{"embeddable":true,"href":"https:\/\/demoweb.info\/sexshop001\/wp-json\/wp\/v2\/comments?post=38070"}],"wp:featuredmedia":[{"embeddable":true,"href":"https:\/\/demoweb.info\/sexshop001\/wp-json\/wp\/v2\/media\/38071"}],"wp:attachment":[{"href":"https:\/\/demoweb.info\/sexshop001\/wp-json\/wp\/v2\/media?parent=38070"}],"wp:term":[{"taxonomy":"product_cat","embeddable":true,"href":"https:\/\/demoweb.info\/sexshop001\/wp-json\/wp\/v2\/product_cat?post=38070"},{"taxonomy":"product_tag","embeddable":true,"href":"https:\/\/demoweb.info\/sexshop001\/wp-json\/wp\/v2\/product_tag?post=38070"}],"curies":[{"name":"wp","href":"https:\/\/api.w.org\/{rel}","templated":true}]}}