{"id":37833,"date":"2022-01-22T13:55:02","date_gmt":"2022-01-22T12:55:02","guid":{"rendered":"https:\/\/demoweb.info\/sexshop001\/producto\/mordaza-de-bola-transpirable-con-correas-de-diamantes-negro\/"},"modified":"2022-01-22T13:55:23","modified_gmt":"2022-01-22T12:55:23","slug":"mordaza-de-bola-transpirable-con-correas-de-diamantes-negro","status":"publish","type":"product","link":"https:\/\/demoweb.info\/sexshop001\/producto\/mordaza-de-bola-transpirable-con-correas-de-diamantes-negro\/","title":{"rendered":"MORDAZA DE BOLA TRANSPIRABLE &#8211; CON CORREAS DE DIAMANTES &#8211; NEGRO"},"content":{"rendered":"<p><strong>BREATHABLE BALL GAG &#8211; WITH DIAMOND STUDDED  STRAPS &#8211; BLACK<\/strong><\/p>\n<p>Prep\u00e1rate para complacer o recibir en la intensa l\u00ednea Diamond BDSM. Glamorosamente resistente, la combinaci\u00f3n perfecta de cuero firme (de imitaci\u00f3n) y glamurosas tachuelas de diamante te convertir\u00e1n en la atracci\u00f3n estrella de la noche.<\/p>\n<p>No tendr\u00e1s mucho m\u00e1s que decir con esta mordaza de bola caliente. Gemir &#8211; mucho &#8211; es todo lo que te queda por hacer. De tama\u00f1o ajustable y absolutamente c\u00f3moda, est\u00e1 fuertemente fabricada y es un art\u00edculo indiscutible en tu colecci\u00f3n BDSM.<\/p>\n<p>El complemento perfecto para un tipo de problema muy caliente, es el momento de liberar tu lado oscuro.<\/p>\n<p>Materiales: Piel de PU<\/p><\/p>\n","protected":false},"excerpt":{"rendered":"<p>BREATHABLE BALL GAG &#8211; WITH DIAMOND STUDDED STRAPS &#8211; BLACK Prep\u00e1rate para complacer o recibir en la intensa l\u00ednea Diamond<\/p>\n","protected":false},"featured_media":37834,"comment_status":"open","ping_status":"open","template":"","meta":[],"product_cat":[288],"product_tag":[307,302],"class_list":["post-37833","product","type-product","status-publish","has-post-thumbnail","hentry","product_cat-mordazas","product_tag-ouch","product_tag-shots"],"bundled_by":[],"bundle_stock_status":"instock","bundle_stock_quantity":7,"bundle_virtual":false,"bundle_layout":"","bundle_add_to_cart_form_location":"","bundle_editable_in_cart":false,"bundle_sold_individually_context":"","bundle_item_grouping":"","bundle_min_size":"","bundle_max_size":"","bundled_items":[],"yoast_head":"<!-- This site is optimized with the Yoast SEO plugin v20.6 - https:\/\/yoast.com\/wordpress\/plugins\/seo\/ -->\n<title>MORDAZA DE BOLA TRANSPIRABLE - CON CORREAS DE DIAMANTES - NEGRO - Tienda Er\u00f3tica<\/title>\n<meta name=\"robots\" content=\"noindex, follow, max-snippet:-1, max-image-preview:large, max-video-preview:-1\" \/>\n<meta property=\"og:locale\" content=\"es_ES\" \/>\n<meta property=\"og:type\" content=\"article\" \/>\n<meta property=\"og:title\" content=\"MORDAZA DE BOLA TRANSPIRABLE - CON CORREAS DE DIAMANTES - NEGRO - Tienda Er\u00f3tica\" \/>\n<meta property=\"og:description\" content=\"BREATHABLE BALL GAG &#8211; WITH DIAMOND STUDDED STRAPS &#8211; BLACK Prep\u00e1rate para complacer o recibir en la intensa l\u00ednea Diamond\" \/>\n<meta property=\"og:url\" content=\"https:\/\/demoweb.info\/sexshop001\/producto\/mordaza-de-bola-transpirable-con-correas-de-diamantes-negro\/\" \/>\n<meta property=\"og:site_name\" content=\"Tienda Er\u00f3tica\" \/>\n<meta property=\"article:modified_time\" content=\"2022-01-22T12:55:23+00:00\" \/>\n<meta property=\"og:image\" content=\"https:\/\/demoweb.info\/sexshop001\/wp-content\/uploads\/2022\/01\/MORDAZA-DE-BOLA-TRANSPIRABLE-CON-CORREAS-DE-DIAMANTES-NEGRO.jpg\" \/>\n\t<meta property=\"og:image:width\" content=\"550\" \/>\n\t<meta property=\"og:image:height\" content=\"550\" \/>\n\t<meta property=\"og:image:type\" content=\"image\/jpeg\" \/>\n<meta name=\"twitter:card\" content=\"summary_large_image\" \/>\n<meta name=\"twitter:label1\" content=\"Tiempo de lectura\" \/>\n\t<meta name=\"twitter:data1\" content=\"1 minuto\" \/>\n<script type=\"application\/ld+json\" class=\"yoast-schema-graph\">{\"@context\":\"https:\/\/schema.org\",\"@graph\":[{\"@type\":\"WebPage\",\"@id\":\"https:\/\/demoweb.info\/sexshop001\/producto\/mordaza-de-bola-transpirable-con-correas-de-diamantes-negro\/\",\"url\":\"https:\/\/demoweb.info\/sexshop001\/producto\/mordaza-de-bola-transpirable-con-correas-de-diamantes-negro\/\",\"name\":\"MORDAZA DE BOLA TRANSPIRABLE - CON CORREAS DE DIAMANTES - NEGRO - Tienda Er\u00f3tica\",\"isPartOf\":{\"@id\":\"https:\/\/demoweb.info\/sexshop001\/#website\"},\"datePublished\":\"2022-01-22T12:55:02+00:00\",\"dateModified\":\"2022-01-22T12:55:23+00:00\",\"breadcrumb\":{\"@id\":\"https:\/\/demoweb.info\/sexshop001\/producto\/mordaza-de-bola-transpirable-con-correas-de-diamantes-negro\/#breadcrumb\"},\"inLanguage\":\"es\",\"potentialAction\":[{\"@type\":\"ReadAction\",\"target\":[\"https:\/\/demoweb.info\/sexshop001\/producto\/mordaza-de-bola-transpirable-con-correas-de-diamantes-negro\/\"]}]},{\"@type\":\"BreadcrumbList\",\"@id\":\"https:\/\/demoweb.info\/sexshop001\/producto\/mordaza-de-bola-transpirable-con-correas-de-diamantes-negro\/#breadcrumb\",\"itemListElement\":[{\"@type\":\"ListItem\",\"position\":1,\"name\":\"Portada\",\"item\":\"https:\/\/demoweb.info\/sexshop001\/\"},{\"@type\":\"ListItem\",\"position\":2,\"name\":\"Tienda\",\"item\":\"https:\/\/demoweb.info\/sexshop001\/tienda\/\"},{\"@type\":\"ListItem\",\"position\":3,\"name\":\"MORDAZA DE BOLA TRANSPIRABLE &#8211; CON CORREAS DE DIAMANTES &#8211; NEGRO\"}]},{\"@type\":\"WebSite\",\"@id\":\"https:\/\/demoweb.info\/sexshop001\/#website\",\"url\":\"https:\/\/demoweb.info\/sexshop001\/\",\"name\":\"Tienda Er\u00f3tica\",\"description\":\"DEMOWEB SL\",\"potentialAction\":[{\"@type\":\"SearchAction\",\"target\":{\"@type\":\"EntryPoint\",\"urlTemplate\":\"https:\/\/demoweb.info\/sexshop001\/?s={search_term_string}\"},\"query-input\":\"required name=search_term_string\"}],\"inLanguage\":\"es\"}]}<\/script>\n<!-- \/ Yoast SEO plugin. -->","yoast_head_json":{"title":"MORDAZA DE BOLA TRANSPIRABLE - CON CORREAS DE DIAMANTES - NEGRO - Tienda Er\u00f3tica","robots":{"index":"noindex","follow":"follow","max-snippet":"max-snippet:-1","max-image-preview":"max-image-preview:large","max-video-preview":"max-video-preview:-1"},"og_locale":"es_ES","og_type":"article","og_title":"MORDAZA DE BOLA TRANSPIRABLE - CON CORREAS DE DIAMANTES - NEGRO - Tienda Er\u00f3tica","og_description":"BREATHABLE BALL GAG &#8211; WITH DIAMOND STUDDED STRAPS &#8211; BLACK Prep\u00e1rate para complacer o recibir en la intensa l\u00ednea Diamond","og_url":"https:\/\/demoweb.info\/sexshop001\/producto\/mordaza-de-bola-transpirable-con-correas-de-diamantes-negro\/","og_site_name":"Tienda Er\u00f3tica","article_modified_time":"2022-01-22T12:55:23+00:00","og_image":[{"width":550,"height":550,"url":"https:\/\/demoweb.info\/sexshop001\/wp-content\/uploads\/2022\/01\/MORDAZA-DE-BOLA-TRANSPIRABLE-CON-CORREAS-DE-DIAMANTES-NEGRO.jpg","type":"image\/jpeg"}],"twitter_card":"summary_large_image","twitter_misc":{"Tiempo de lectura":"1 minuto"},"schema":{"@context":"https:\/\/schema.org","@graph":[{"@type":"WebPage","@id":"https:\/\/demoweb.info\/sexshop001\/producto\/mordaza-de-bola-transpirable-con-correas-de-diamantes-negro\/","url":"https:\/\/demoweb.info\/sexshop001\/producto\/mordaza-de-bola-transpirable-con-correas-de-diamantes-negro\/","name":"MORDAZA DE BOLA TRANSPIRABLE - CON CORREAS DE DIAMANTES - NEGRO - Tienda Er\u00f3tica","isPartOf":{"@id":"https:\/\/demoweb.info\/sexshop001\/#website"},"datePublished":"2022-01-22T12:55:02+00:00","dateModified":"2022-01-22T12:55:23+00:00","breadcrumb":{"@id":"https:\/\/demoweb.info\/sexshop001\/producto\/mordaza-de-bola-transpirable-con-correas-de-diamantes-negro\/#breadcrumb"},"inLanguage":"es","potentialAction":[{"@type":"ReadAction","target":["https:\/\/demoweb.info\/sexshop001\/producto\/mordaza-de-bola-transpirable-con-correas-de-diamantes-negro\/"]}]},{"@type":"BreadcrumbList","@id":"https:\/\/demoweb.info\/sexshop001\/producto\/mordaza-de-bola-transpirable-con-correas-de-diamantes-negro\/#breadcrumb","itemListElement":[{"@type":"ListItem","position":1,"name":"Portada","item":"https:\/\/demoweb.info\/sexshop001\/"},{"@type":"ListItem","position":2,"name":"Tienda","item":"https:\/\/demoweb.info\/sexshop001\/tienda\/"},{"@type":"ListItem","position":3,"name":"MORDAZA DE BOLA TRANSPIRABLE &#8211; CON CORREAS DE DIAMANTES &#8211; NEGRO"}]},{"@type":"WebSite","@id":"https:\/\/demoweb.info\/sexshop001\/#website","url":"https:\/\/demoweb.info\/sexshop001\/","name":"Tienda Er\u00f3tica","description":"DEMOWEB SL","potentialAction":[{"@type":"SearchAction","target":{"@type":"EntryPoint","urlTemplate":"https:\/\/demoweb.info\/sexshop001\/?s={search_term_string}"},"query-input":"required name=search_term_string"}],"inLanguage":"es"}]}},"_links":{"self":[{"href":"https:\/\/demoweb.info\/sexshop001\/wp-json\/wp\/v3\/product\/37833","targetHints":{"allow":["GET"]}}],"collection":[{"href":"https:\/\/demoweb.info\/sexshop001\/wp-json\/wp\/v3\/product"}],"about":[{"href":"https:\/\/demoweb.info\/sexshop001\/wp-json\/wp\/v2\/types\/product"}],"replies":[{"embeddable":true,"href":"https:\/\/demoweb.info\/sexshop001\/wp-json\/wp\/v2\/comments?post=37833"}],"wp:featuredmedia":[{"embeddable":true,"href":"https:\/\/demoweb.info\/sexshop001\/wp-json\/wp\/v2\/media\/37834"}],"wp:attachment":[{"href":"https:\/\/demoweb.info\/sexshop001\/wp-json\/wp\/v2\/media?parent=37833"}],"wp:term":[{"taxonomy":"product_cat","embeddable":true,"href":"https:\/\/demoweb.info\/sexshop001\/wp-json\/wp\/v2\/product_cat?post=37833"},{"taxonomy":"product_tag","embeddable":true,"href":"https:\/\/demoweb.info\/sexshop001\/wp-json\/wp\/v2\/product_tag?post=37833"}],"curies":[{"name":"wp","href":"https:\/\/api.w.org\/{rel}","templated":true}]}}