{"id":37728,"date":"2022-01-22T13:53:56","date_gmt":"2022-01-22T12:53:56","guid":{"rendered":"https:\/\/demoweb.info\/sexshop001\/producto\/doble-dong-18-negro\/"},"modified":"2022-01-22T13:54:19","modified_gmt":"2022-01-22T12:54:19","slug":"doble-dong-18-negro","status":"publish","type":"product","link":"https:\/\/demoweb.info\/sexshop001\/producto\/doble-dong-18-negro\/","title":{"rendered":"DOBLE DONG 18 &#8211; NEGRO"},"content":{"rendered":"<p><strong>DOUBLE DONG 18&#39;&#39; &#8211; BLACK<\/strong><\/p>\n<p>Disfruta de una piel que parece natural y suave como el terciopelo con este consolador incre\u00edblemente realista. Las formas, texturas y colores s\u00faper realistas de este consolador realmente se ven y se sienten como un pene de verdad.<\/p>\n<p>Hecho de Piel de TPE sin ftalatos, este material blando imita la suavidad de la piel real y es completamente seguro para el cuerpo.<\/p>\n<p>Este consolador con una preciosa elaboraci\u00f3n est\u00e1 fabricado mediante moldeo por inyecci\u00f3n para eliminar el olor y los defectos y, al mismo tiempo, aumentar su termoestabilidad y durabilidad.<\/p>\n<p><strong>CARACTER\u00cdSTICAS<\/strong><\/p>\n<ul>\n<li>Dimensiones del producto: 5,6 x 5,6 x 46 cm<\/li>\n<li>Peso del producto: 860 gram<\/li>\n<li>Di\u00e1metro del producto: 5,6 cm<\/li>\n<li>Longitud insertable: 46 cm<\/li>\n<li>A prueba de agua: S\u00ed<\/li>\n<li>A prueba de salpicaduras: S\u00ed<\/li>\n<li>Libre de ftalato: S\u00ed<\/li>\n<li>Materiales: TPE<\/li>\n<\/ul>\n","protected":false},"excerpt":{"rendered":"<p>DOUBLE DONG 18&#39;&#39; &#8211; BLACK Disfruta de una piel que parece natural y suave como el terciopelo con este consolador<\/p>\n","protected":false},"featured_media":37729,"comment_status":"open","ping_status":"open","template":"","meta":[],"product_cat":[437],"product_tag":[318,302],"class_list":["post-37728","product","type-product","status-publish","has-post-thumbnail","hentry","product_cat-dobles","product_tag-realrock","product_tag-shots"],"bundled_by":[],"bundle_stock_status":"outofstock","bundle_stock_quantity":0,"bundle_virtual":false,"bundle_layout":"","bundle_add_to_cart_form_location":"","bundle_editable_in_cart":false,"bundle_sold_individually_context":"","bundle_item_grouping":"","bundle_min_size":"","bundle_max_size":"","bundled_items":[],"yoast_head":"<!-- This site is optimized with the Yoast SEO plugin v20.6 - https:\/\/yoast.com\/wordpress\/plugins\/seo\/ -->\n<title>DOBLE DONG 18 - NEGRO - Tienda Er\u00f3tica<\/title>\n<meta name=\"robots\" content=\"noindex, follow, max-snippet:-1, max-image-preview:large, max-video-preview:-1\" \/>\n<meta property=\"og:locale\" content=\"es_ES\" \/>\n<meta property=\"og:type\" content=\"article\" \/>\n<meta property=\"og:title\" content=\"DOBLE DONG 18 - NEGRO - Tienda Er\u00f3tica\" \/>\n<meta property=\"og:description\" content=\"DOUBLE DONG 18&#039;&#039; &#8211; BLACK Disfruta de una piel que parece natural y suave como el terciopelo con este consolador\" \/>\n<meta property=\"og:url\" content=\"https:\/\/demoweb.info\/sexshop001\/producto\/doble-dong-18-negro\/\" \/>\n<meta property=\"og:site_name\" content=\"Tienda Er\u00f3tica\" \/>\n<meta property=\"article:modified_time\" content=\"2022-01-22T12:54:19+00:00\" \/>\n<meta property=\"og:image\" content=\"https:\/\/demoweb.info\/sexshop001\/wp-content\/uploads\/2022\/01\/DOBLE-DONG-18-NEGRO.jpg\" \/>\n\t<meta property=\"og:image:width\" content=\"550\" \/>\n\t<meta property=\"og:image:height\" content=\"550\" \/>\n\t<meta property=\"og:image:type\" content=\"image\/jpeg\" \/>\n<meta name=\"twitter:card\" content=\"summary_large_image\" \/>\n<meta name=\"twitter:label1\" content=\"Tiempo de lectura\" \/>\n\t<meta name=\"twitter:data1\" content=\"1 minuto\" \/>\n<script type=\"application\/ld+json\" class=\"yoast-schema-graph\">{\"@context\":\"https:\/\/schema.org\",\"@graph\":[{\"@type\":\"WebPage\",\"@id\":\"https:\/\/demoweb.info\/sexshop001\/producto\/doble-dong-18-negro\/\",\"url\":\"https:\/\/demoweb.info\/sexshop001\/producto\/doble-dong-18-negro\/\",\"name\":\"DOBLE DONG 18 - NEGRO - Tienda Er\u00f3tica\",\"isPartOf\":{\"@id\":\"https:\/\/demoweb.info\/sexshop001\/#website\"},\"datePublished\":\"2022-01-22T12:53:56+00:00\",\"dateModified\":\"2022-01-22T12:54:19+00:00\",\"breadcrumb\":{\"@id\":\"https:\/\/demoweb.info\/sexshop001\/producto\/doble-dong-18-negro\/#breadcrumb\"},\"inLanguage\":\"es\",\"potentialAction\":[{\"@type\":\"ReadAction\",\"target\":[\"https:\/\/demoweb.info\/sexshop001\/producto\/doble-dong-18-negro\/\"]}]},{\"@type\":\"BreadcrumbList\",\"@id\":\"https:\/\/demoweb.info\/sexshop001\/producto\/doble-dong-18-negro\/#breadcrumb\",\"itemListElement\":[{\"@type\":\"ListItem\",\"position\":1,\"name\":\"Portada\",\"item\":\"https:\/\/demoweb.info\/sexshop001\/\"},{\"@type\":\"ListItem\",\"position\":2,\"name\":\"Tienda\",\"item\":\"https:\/\/demoweb.info\/sexshop001\/tienda\/\"},{\"@type\":\"ListItem\",\"position\":3,\"name\":\"DOBLE DONG 18 &#8211; NEGRO\"}]},{\"@type\":\"WebSite\",\"@id\":\"https:\/\/demoweb.info\/sexshop001\/#website\",\"url\":\"https:\/\/demoweb.info\/sexshop001\/\",\"name\":\"Tienda Er\u00f3tica\",\"description\":\"DEMOWEB SL\",\"potentialAction\":[{\"@type\":\"SearchAction\",\"target\":{\"@type\":\"EntryPoint\",\"urlTemplate\":\"https:\/\/demoweb.info\/sexshop001\/?s={search_term_string}\"},\"query-input\":\"required name=search_term_string\"}],\"inLanguage\":\"es\"}]}<\/script>\n<!-- \/ Yoast SEO plugin. -->","yoast_head_json":{"title":"DOBLE DONG 18 - NEGRO - Tienda Er\u00f3tica","robots":{"index":"noindex","follow":"follow","max-snippet":"max-snippet:-1","max-image-preview":"max-image-preview:large","max-video-preview":"max-video-preview:-1"},"og_locale":"es_ES","og_type":"article","og_title":"DOBLE DONG 18 - NEGRO - Tienda Er\u00f3tica","og_description":"DOUBLE DONG 18&#39;&#39; &#8211; BLACK Disfruta de una piel que parece natural y suave como el terciopelo con este consolador","og_url":"https:\/\/demoweb.info\/sexshop001\/producto\/doble-dong-18-negro\/","og_site_name":"Tienda Er\u00f3tica","article_modified_time":"2022-01-22T12:54:19+00:00","og_image":[{"width":550,"height":550,"url":"https:\/\/demoweb.info\/sexshop001\/wp-content\/uploads\/2022\/01\/DOBLE-DONG-18-NEGRO.jpg","type":"image\/jpeg"}],"twitter_card":"summary_large_image","twitter_misc":{"Tiempo de lectura":"1 minuto"},"schema":{"@context":"https:\/\/schema.org","@graph":[{"@type":"WebPage","@id":"https:\/\/demoweb.info\/sexshop001\/producto\/doble-dong-18-negro\/","url":"https:\/\/demoweb.info\/sexshop001\/producto\/doble-dong-18-negro\/","name":"DOBLE DONG 18 - NEGRO - Tienda Er\u00f3tica","isPartOf":{"@id":"https:\/\/demoweb.info\/sexshop001\/#website"},"datePublished":"2022-01-22T12:53:56+00:00","dateModified":"2022-01-22T12:54:19+00:00","breadcrumb":{"@id":"https:\/\/demoweb.info\/sexshop001\/producto\/doble-dong-18-negro\/#breadcrumb"},"inLanguage":"es","potentialAction":[{"@type":"ReadAction","target":["https:\/\/demoweb.info\/sexshop001\/producto\/doble-dong-18-negro\/"]}]},{"@type":"BreadcrumbList","@id":"https:\/\/demoweb.info\/sexshop001\/producto\/doble-dong-18-negro\/#breadcrumb","itemListElement":[{"@type":"ListItem","position":1,"name":"Portada","item":"https:\/\/demoweb.info\/sexshop001\/"},{"@type":"ListItem","position":2,"name":"Tienda","item":"https:\/\/demoweb.info\/sexshop001\/tienda\/"},{"@type":"ListItem","position":3,"name":"DOBLE DONG 18 &#8211; NEGRO"}]},{"@type":"WebSite","@id":"https:\/\/demoweb.info\/sexshop001\/#website","url":"https:\/\/demoweb.info\/sexshop001\/","name":"Tienda Er\u00f3tica","description":"DEMOWEB SL","potentialAction":[{"@type":"SearchAction","target":{"@type":"EntryPoint","urlTemplate":"https:\/\/demoweb.info\/sexshop001\/?s={search_term_string}"},"query-input":"required name=search_term_string"}],"inLanguage":"es"}]}},"_links":{"self":[{"href":"https:\/\/demoweb.info\/sexshop001\/wp-json\/wp\/v3\/product\/37728","targetHints":{"allow":["GET"]}}],"collection":[{"href":"https:\/\/demoweb.info\/sexshop001\/wp-json\/wp\/v3\/product"}],"about":[{"href":"https:\/\/demoweb.info\/sexshop001\/wp-json\/wp\/v2\/types\/product"}],"replies":[{"embeddable":true,"href":"https:\/\/demoweb.info\/sexshop001\/wp-json\/wp\/v2\/comments?post=37728"}],"wp:featuredmedia":[{"embeddable":true,"href":"https:\/\/demoweb.info\/sexshop001\/wp-json\/wp\/v2\/media\/37729"}],"wp:attachment":[{"href":"https:\/\/demoweb.info\/sexshop001\/wp-json\/wp\/v2\/media?parent=37728"}],"wp:term":[{"taxonomy":"product_cat","embeddable":true,"href":"https:\/\/demoweb.info\/sexshop001\/wp-json\/wp\/v2\/product_cat?post=37728"},{"taxonomy":"product_tag","embeddable":true,"href":"https:\/\/demoweb.info\/sexshop001\/wp-json\/wp\/v2\/product_tag?post=37728"}],"curies":[{"name":"wp","href":"https:\/\/api.w.org\/{rel}","templated":true}]}}