{"id":37492,"date":"2022-01-22T13:51:40","date_gmt":"2022-01-22T12:51:40","guid":{"rendered":"https:\/\/demoweb.info\/sexshop001\/producto\/chou-negro-tester\/"},"modified":"2022-01-22T13:51:59","modified_gmt":"2022-01-22T12:51:59","slug":"chou-negro-tester","status":"publish","type":"product","link":"https:\/\/demoweb.info\/sexshop001\/producto\/chou-negro-tester\/","title":{"rendered":"CHOU &#8211; NEGRO &#8211; TESTER"},"content":{"rendered":"<p><strong>CHOU &#8211; BLACK &#8211; TESTER<\/strong><\/p>\n<p>CHOU es uno de los vibradores m\u00e1s potentes y vers\u00e1tiles del mercado actual.Cuenta con 4 fundas de estimulaci\u00f3n del cl\u00edtoris de silicona distintas e intercambiables para una estimulaci\u00f3n avanzada del cl\u00edtoris.<\/p>\n<p>Tambi\u00e9n contiene dos motores F1 de 10 funciones de nueva generaci\u00f3n con tecnolog\u00edas avanzadas (los dos motores se pueden controlar de forma independiente).<\/p>\n<p>La punta del vibrador contiene un motor vibratorio NG F1 de 10 funciones para estimular el punto G y simult\u00e1neamente tiene un motor vibratorio NG F1 exclusivo de 10 funciones para el estimulador del cl\u00edtoris.Esto significa que tu juguete ofrece hasta 100 configuraciones distintivas y con 4 fundas diferentes para el cl\u00edtoris, tus opciones son ilimitadas.<\/p>\n<p>Hecho de silicona 100 % suave como la seda de grado m\u00e9dico (hipoalerg\u00e9nico). Es totalmente impermeable (IPX7) y extremadamente silencioso con menos de 60 db.Esto significa que puedes usarlo donde quieras.Contiene una bater\u00eda magn\u00e9tica de iones de litio recargable por USB que, cuando est\u00e1 completamente cargada, proporcionar\u00e1 40 minutos de apasionante tiempo de juego.<\/p>\n<p>\u00a1Simplemente con\u00e9ctalo, c\u00e1rgalo y juega!<\/p>\n<p>Cuando est\u00e9s llegando al cl\u00edmax, con solo tocar un bot\u00f3n del bot\u00f3n de cl\u00edmax de funci\u00f3n especial, todos los motores funcionar\u00e1n a plena potencia\/velocidad para que tengas un orgasmo espectacular.<\/p>\n<p>Todos los vibradores VIVE tienen una garant\u00eda completa de 1 a\u00f1o para proteger tu inversi\u00f3n.<\/p>\n<p><strong>CARACTER\u00cdSTICAS<\/strong><\/p>\n<ul>\n<li>Dimensiones del producto: 22,3 x 4,3 cm<\/li>\n<li>Peso del producto: 255 gram<\/li>\n<li>Longitud insertable: 12,2 cm<\/li>\n<li>Cantidad de motores: 2<\/li>\n<li>Tipos de velocidad: 10<\/li>\n<li>Velocidad m\u00faltiple: S\u00ed<\/li>\n<li>Nivel de ruido: 60 dB<\/li>\n<li>Recargable: S\u00ed<\/li>\n<li>Tiempo de recarga: 180 min<\/li>\n<li>Vida de la recarga de las bater\u00edas: 40 min<\/li>\n<li>A prueba de agua: S\u00ed<\/li>\n<li>A prueba de salpicaduras: S\u00ed<\/li>\n<li>Libre de ftalato: S\u00ed<\/li>\n<li>Materiales: ABS, Silicona\n\t <\/li>\n<\/ul>\n","protected":false},"excerpt":{"rendered":"<p>CHOU &#8211; BLACK &#8211; TESTER CHOU es uno de los vibradores m\u00e1s potentes y vers\u00e1tiles del mercado actual.Cuenta con 4<\/p>\n","protected":false},"featured_media":37493,"comment_status":"open","ping_status":"open","template":"","meta":[],"product_cat":[359],"product_tag":[1271,302],"class_list":["post-37492","product","type-product","status-publish","has-post-thumbnail","hentry","product_cat-erotico-material-promocional","product_tag-promotion-materials","product_tag-shots"],"bundled_by":[],"bundle_stock_status":"outofstock","bundle_stock_quantity":0,"bundle_virtual":false,"bundle_layout":"","bundle_add_to_cart_form_location":"","bundle_editable_in_cart":false,"bundle_sold_individually_context":"","bundle_item_grouping":"","bundle_min_size":"","bundle_max_size":"","bundled_items":[],"yoast_head":"<!-- This site is optimized with the Yoast SEO plugin v20.6 - https:\/\/yoast.com\/wordpress\/plugins\/seo\/ -->\n<title>CHOU - NEGRO - TESTER - Tienda Er\u00f3tica<\/title>\n<meta name=\"robots\" content=\"noindex, follow, max-snippet:-1, max-image-preview:large, max-video-preview:-1\" \/>\n<meta property=\"og:locale\" content=\"es_ES\" \/>\n<meta property=\"og:type\" content=\"article\" \/>\n<meta property=\"og:title\" content=\"CHOU - NEGRO - TESTER - Tienda Er\u00f3tica\" \/>\n<meta property=\"og:description\" content=\"CHOU &#8211; BLACK &#8211; TESTER CHOU es uno de los vibradores m\u00e1s potentes y vers\u00e1tiles del mercado actual.Cuenta con 4\" \/>\n<meta property=\"og:url\" content=\"https:\/\/demoweb.info\/sexshop001\/producto\/chou-negro-tester\/\" \/>\n<meta property=\"og:site_name\" content=\"Tienda Er\u00f3tica\" \/>\n<meta property=\"article:modified_time\" content=\"2022-01-22T12:51:59+00:00\" \/>\n<meta property=\"og:image\" content=\"https:\/\/demoweb.info\/sexshop001\/wp-content\/uploads\/2022\/01\/CHOU-NEGRO-TESTER.jpg\" \/>\n\t<meta property=\"og:image:width\" content=\"550\" \/>\n\t<meta property=\"og:image:height\" content=\"550\" \/>\n\t<meta property=\"og:image:type\" content=\"image\/jpeg\" \/>\n<meta name=\"twitter:card\" content=\"summary_large_image\" \/>\n<meta name=\"twitter:label1\" content=\"Tiempo de lectura\" \/>\n\t<meta name=\"twitter:data1\" content=\"2 minutos\" \/>\n<script type=\"application\/ld+json\" class=\"yoast-schema-graph\">{\"@context\":\"https:\/\/schema.org\",\"@graph\":[{\"@type\":\"WebPage\",\"@id\":\"https:\/\/demoweb.info\/sexshop001\/producto\/chou-negro-tester\/\",\"url\":\"https:\/\/demoweb.info\/sexshop001\/producto\/chou-negro-tester\/\",\"name\":\"CHOU - NEGRO - TESTER - Tienda Er\u00f3tica\",\"isPartOf\":{\"@id\":\"https:\/\/demoweb.info\/sexshop001\/#website\"},\"datePublished\":\"2022-01-22T12:51:40+00:00\",\"dateModified\":\"2022-01-22T12:51:59+00:00\",\"breadcrumb\":{\"@id\":\"https:\/\/demoweb.info\/sexshop001\/producto\/chou-negro-tester\/#breadcrumb\"},\"inLanguage\":\"es\",\"potentialAction\":[{\"@type\":\"ReadAction\",\"target\":[\"https:\/\/demoweb.info\/sexshop001\/producto\/chou-negro-tester\/\"]}]},{\"@type\":\"BreadcrumbList\",\"@id\":\"https:\/\/demoweb.info\/sexshop001\/producto\/chou-negro-tester\/#breadcrumb\",\"itemListElement\":[{\"@type\":\"ListItem\",\"position\":1,\"name\":\"Portada\",\"item\":\"https:\/\/demoweb.info\/sexshop001\/\"},{\"@type\":\"ListItem\",\"position\":2,\"name\":\"Tienda\",\"item\":\"https:\/\/demoweb.info\/sexshop001\/tienda\/\"},{\"@type\":\"ListItem\",\"position\":3,\"name\":\"CHOU &#8211; NEGRO &#8211; TESTER\"}]},{\"@type\":\"WebSite\",\"@id\":\"https:\/\/demoweb.info\/sexshop001\/#website\",\"url\":\"https:\/\/demoweb.info\/sexshop001\/\",\"name\":\"Tienda Er\u00f3tica\",\"description\":\"DEMOWEB SL\",\"potentialAction\":[{\"@type\":\"SearchAction\",\"target\":{\"@type\":\"EntryPoint\",\"urlTemplate\":\"https:\/\/demoweb.info\/sexshop001\/?s={search_term_string}\"},\"query-input\":\"required name=search_term_string\"}],\"inLanguage\":\"es\"}]}<\/script>\n<!-- \/ Yoast SEO plugin. -->","yoast_head_json":{"title":"CHOU - NEGRO - TESTER - Tienda Er\u00f3tica","robots":{"index":"noindex","follow":"follow","max-snippet":"max-snippet:-1","max-image-preview":"max-image-preview:large","max-video-preview":"max-video-preview:-1"},"og_locale":"es_ES","og_type":"article","og_title":"CHOU - NEGRO - TESTER - Tienda Er\u00f3tica","og_description":"CHOU &#8211; BLACK &#8211; TESTER CHOU es uno de los vibradores m\u00e1s potentes y vers\u00e1tiles del mercado actual.Cuenta con 4","og_url":"https:\/\/demoweb.info\/sexshop001\/producto\/chou-negro-tester\/","og_site_name":"Tienda Er\u00f3tica","article_modified_time":"2022-01-22T12:51:59+00:00","og_image":[{"width":550,"height":550,"url":"https:\/\/demoweb.info\/sexshop001\/wp-content\/uploads\/2022\/01\/CHOU-NEGRO-TESTER.jpg","type":"image\/jpeg"}],"twitter_card":"summary_large_image","twitter_misc":{"Tiempo de lectura":"2 minutos"},"schema":{"@context":"https:\/\/schema.org","@graph":[{"@type":"WebPage","@id":"https:\/\/demoweb.info\/sexshop001\/producto\/chou-negro-tester\/","url":"https:\/\/demoweb.info\/sexshop001\/producto\/chou-negro-tester\/","name":"CHOU - NEGRO - TESTER - Tienda Er\u00f3tica","isPartOf":{"@id":"https:\/\/demoweb.info\/sexshop001\/#website"},"datePublished":"2022-01-22T12:51:40+00:00","dateModified":"2022-01-22T12:51:59+00:00","breadcrumb":{"@id":"https:\/\/demoweb.info\/sexshop001\/producto\/chou-negro-tester\/#breadcrumb"},"inLanguage":"es","potentialAction":[{"@type":"ReadAction","target":["https:\/\/demoweb.info\/sexshop001\/producto\/chou-negro-tester\/"]}]},{"@type":"BreadcrumbList","@id":"https:\/\/demoweb.info\/sexshop001\/producto\/chou-negro-tester\/#breadcrumb","itemListElement":[{"@type":"ListItem","position":1,"name":"Portada","item":"https:\/\/demoweb.info\/sexshop001\/"},{"@type":"ListItem","position":2,"name":"Tienda","item":"https:\/\/demoweb.info\/sexshop001\/tienda\/"},{"@type":"ListItem","position":3,"name":"CHOU &#8211; NEGRO &#8211; TESTER"}]},{"@type":"WebSite","@id":"https:\/\/demoweb.info\/sexshop001\/#website","url":"https:\/\/demoweb.info\/sexshop001\/","name":"Tienda Er\u00f3tica","description":"DEMOWEB SL","potentialAction":[{"@type":"SearchAction","target":{"@type":"EntryPoint","urlTemplate":"https:\/\/demoweb.info\/sexshop001\/?s={search_term_string}"},"query-input":"required name=search_term_string"}],"inLanguage":"es"}]}},"_links":{"self":[{"href":"https:\/\/demoweb.info\/sexshop001\/wp-json\/wp\/v3\/product\/37492","targetHints":{"allow":["GET"]}}],"collection":[{"href":"https:\/\/demoweb.info\/sexshop001\/wp-json\/wp\/v3\/product"}],"about":[{"href":"https:\/\/demoweb.info\/sexshop001\/wp-json\/wp\/v2\/types\/product"}],"replies":[{"embeddable":true,"href":"https:\/\/demoweb.info\/sexshop001\/wp-json\/wp\/v2\/comments?post=37492"}],"wp:featuredmedia":[{"embeddable":true,"href":"https:\/\/demoweb.info\/sexshop001\/wp-json\/wp\/v2\/media\/37493"}],"wp:attachment":[{"href":"https:\/\/demoweb.info\/sexshop001\/wp-json\/wp\/v2\/media?parent=37492"}],"wp:term":[{"taxonomy":"product_cat","embeddable":true,"href":"https:\/\/demoweb.info\/sexshop001\/wp-json\/wp\/v2\/product_cat?post=37492"},{"taxonomy":"product_tag","embeddable":true,"href":"https:\/\/demoweb.info\/sexshop001\/wp-json\/wp\/v2\/product_tag?post=37492"}],"curies":[{"name":"wp","href":"https:\/\/api.w.org\/{rel}","templated":true}]}}