{"id":37304,"date":"2022-01-22T13:50:07","date_gmt":"2022-01-22T12:50:07","guid":{"rendered":"https:\/\/demoweb.info\/sexshop001\/producto\/glamour-rechargeable-abs-bullet-rosa\/"},"modified":"2022-01-22T13:50:07","modified_gmt":"2022-01-22T12:50:07","slug":"glamour-rechargeable-abs-bullet-rosa","status":"publish","type":"product","link":"https:\/\/demoweb.info\/sexshop001\/producto\/glamour-rechargeable-abs-bullet-rosa\/","title":{"rendered":"GLAMOUR &#8211; RECHARGEABLE ABS BULLET &#8211; ROSA"},"content":{"rendered":"<p><strong>GLAMOUR &#8211; RECHARGEABLE ABS BULLET <\/strong><\/p>\n<p>No hace falta ser de la realeza para disfrutar de esta elegante l\u00ednea. El elegante acabado met\u00e1lico hace de este vibrador la joya de la corona de cualquier colecci\u00f3n. El vibrador tiene un dise\u00f1o de bala cl\u00e1sico, peque\u00f1o pero potente.<\/p>\n<p>El dise\u00f1o del motor patentado de Nueva Generaci\u00f3n F-1, totalmente recargable, crea vibraciones alucinantes de manera uniforme en toda la superficie del juguete. No te conformes con lo com\u00fan, \u00fanete a la realeza.<\/p>\n<p>Caracter\u00edsticas:<\/p>\n<ul>\n<li>Dimensiones del producto    10,6 cm<\/li>\n<li>Di\u00e1metro del producto    2,3 cm<\/li>\n<li>Cantidad de motores    1<\/li>\n<li>Consejo acerca de la vibraci\u00f3n de rotaci\u00f3n    10000 RPM<\/li>\n<li>Tipos de velocidad    10<\/li>\n<li>Velocidad m\u00faltiple    S\u00ed<\/li>\n<li>Nivel de ruido    45 dB<\/li>\n<li>Recargable    S\u00ed<\/li>\n<li>Tiempo de recarga    120 min<\/li>\n<li>Vida de la recarga de las bater\u00edas    60 min<\/li>\n<li>A prueba de agua    S\u00ed<\/li>\n<li>A prueba de salpicaduras    S\u00ed<\/li>\n<li>Libre de ftalato    S\u00ed<\/li>\n<li>Materiales    ABS<\/li>\n<\/ul>\n","protected":false},"excerpt":{"rendered":"<p>GLAMOUR &#8211; RECHARGEABLE ABS BULLET No hace falta ser de la realeza para disfrutar de esta elegante l\u00ednea. El elegante<\/p>\n","protected":false},"featured_media":37305,"comment_status":"open","ping_status":"open","template":"","meta":[],"product_cat":[313],"product_tag":[1270,302],"class_list":["post-37304","product","type-product","status-publish","has-post-thumbnail","hentry","product_cat-balas-y-huevos","product_tag-royal-gems","product_tag-shots"],"bundled_by":[],"bundle_stock_status":"outofstock","bundle_stock_quantity":0,"bundle_virtual":false,"bundle_layout":"","bundle_add_to_cart_form_location":"","bundle_editable_in_cart":false,"bundle_sold_individually_context":"","bundle_item_grouping":"","bundle_min_size":"","bundle_max_size":"","bundled_items":[],"yoast_head":"<!-- This site is optimized with the Yoast SEO plugin v20.6 - https:\/\/yoast.com\/wordpress\/plugins\/seo\/ -->\n<title>GLAMOUR - RECHARGEABLE ABS BULLET - ROSA - Tienda Er\u00f3tica<\/title>\n<meta name=\"robots\" content=\"noindex, follow, max-snippet:-1, max-image-preview:large, max-video-preview:-1\" \/>\n<meta property=\"og:locale\" content=\"es_ES\" \/>\n<meta property=\"og:type\" content=\"article\" \/>\n<meta property=\"og:title\" content=\"GLAMOUR - RECHARGEABLE ABS BULLET - ROSA - Tienda Er\u00f3tica\" \/>\n<meta property=\"og:description\" content=\"GLAMOUR &#8211; RECHARGEABLE ABS BULLET No hace falta ser de la realeza para disfrutar de esta elegante l\u00ednea. El elegante\" \/>\n<meta property=\"og:url\" content=\"https:\/\/demoweb.info\/sexshop001\/producto\/glamour-rechargeable-abs-bullet-rosa\/\" \/>\n<meta property=\"og:site_name\" content=\"Tienda Er\u00f3tica\" \/>\n<meta property=\"og:image\" content=\"https:\/\/demoweb.info\/sexshop001\/wp-content\/uploads\/2022\/01\/GLAMOUR-RECHARGEABLE-ABS-BULLET-ROSA.jpg\" \/>\n\t<meta property=\"og:image:width\" content=\"550\" \/>\n\t<meta property=\"og:image:height\" content=\"550\" \/>\n\t<meta property=\"og:image:type\" content=\"image\/jpeg\" \/>\n<meta name=\"twitter:card\" content=\"summary_large_image\" \/>\n<meta name=\"twitter:label1\" content=\"Tiempo de lectura\" \/>\n\t<meta name=\"twitter:data1\" content=\"1 minuto\" \/>\n<script type=\"application\/ld+json\" class=\"yoast-schema-graph\">{\"@context\":\"https:\/\/schema.org\",\"@graph\":[{\"@type\":\"WebPage\",\"@id\":\"https:\/\/demoweb.info\/sexshop001\/producto\/glamour-rechargeable-abs-bullet-rosa\/\",\"url\":\"https:\/\/demoweb.info\/sexshop001\/producto\/glamour-rechargeable-abs-bullet-rosa\/\",\"name\":\"GLAMOUR - RECHARGEABLE ABS BULLET - ROSA - Tienda Er\u00f3tica\",\"isPartOf\":{\"@id\":\"https:\/\/demoweb.info\/sexshop001\/#website\"},\"datePublished\":\"2022-01-22T12:50:07+00:00\",\"dateModified\":\"2022-01-22T12:50:07+00:00\",\"breadcrumb\":{\"@id\":\"https:\/\/demoweb.info\/sexshop001\/producto\/glamour-rechargeable-abs-bullet-rosa\/#breadcrumb\"},\"inLanguage\":\"es\",\"potentialAction\":[{\"@type\":\"ReadAction\",\"target\":[\"https:\/\/demoweb.info\/sexshop001\/producto\/glamour-rechargeable-abs-bullet-rosa\/\"]}]},{\"@type\":\"BreadcrumbList\",\"@id\":\"https:\/\/demoweb.info\/sexshop001\/producto\/glamour-rechargeable-abs-bullet-rosa\/#breadcrumb\",\"itemListElement\":[{\"@type\":\"ListItem\",\"position\":1,\"name\":\"Portada\",\"item\":\"https:\/\/demoweb.info\/sexshop001\/\"},{\"@type\":\"ListItem\",\"position\":2,\"name\":\"Tienda\",\"item\":\"https:\/\/demoweb.info\/sexshop001\/tienda\/\"},{\"@type\":\"ListItem\",\"position\":3,\"name\":\"GLAMOUR &#8211; RECHARGEABLE ABS BULLET &#8211; ROSA\"}]},{\"@type\":\"WebSite\",\"@id\":\"https:\/\/demoweb.info\/sexshop001\/#website\",\"url\":\"https:\/\/demoweb.info\/sexshop001\/\",\"name\":\"Tienda Er\u00f3tica\",\"description\":\"DEMOWEB SL\",\"potentialAction\":[{\"@type\":\"SearchAction\",\"target\":{\"@type\":\"EntryPoint\",\"urlTemplate\":\"https:\/\/demoweb.info\/sexshop001\/?s={search_term_string}\"},\"query-input\":\"required name=search_term_string\"}],\"inLanguage\":\"es\"}]}<\/script>\n<!-- \/ Yoast SEO plugin. -->","yoast_head_json":{"title":"GLAMOUR - RECHARGEABLE ABS BULLET - ROSA - Tienda Er\u00f3tica","robots":{"index":"noindex","follow":"follow","max-snippet":"max-snippet:-1","max-image-preview":"max-image-preview:large","max-video-preview":"max-video-preview:-1"},"og_locale":"es_ES","og_type":"article","og_title":"GLAMOUR - RECHARGEABLE ABS BULLET - ROSA - Tienda Er\u00f3tica","og_description":"GLAMOUR &#8211; RECHARGEABLE ABS BULLET No hace falta ser de la realeza para disfrutar de esta elegante l\u00ednea. El elegante","og_url":"https:\/\/demoweb.info\/sexshop001\/producto\/glamour-rechargeable-abs-bullet-rosa\/","og_site_name":"Tienda Er\u00f3tica","og_image":[{"width":550,"height":550,"url":"https:\/\/demoweb.info\/sexshop001\/wp-content\/uploads\/2022\/01\/GLAMOUR-RECHARGEABLE-ABS-BULLET-ROSA.jpg","type":"image\/jpeg"}],"twitter_card":"summary_large_image","twitter_misc":{"Tiempo de lectura":"1 minuto"},"schema":{"@context":"https:\/\/schema.org","@graph":[{"@type":"WebPage","@id":"https:\/\/demoweb.info\/sexshop001\/producto\/glamour-rechargeable-abs-bullet-rosa\/","url":"https:\/\/demoweb.info\/sexshop001\/producto\/glamour-rechargeable-abs-bullet-rosa\/","name":"GLAMOUR - RECHARGEABLE ABS BULLET - ROSA - Tienda Er\u00f3tica","isPartOf":{"@id":"https:\/\/demoweb.info\/sexshop001\/#website"},"datePublished":"2022-01-22T12:50:07+00:00","dateModified":"2022-01-22T12:50:07+00:00","breadcrumb":{"@id":"https:\/\/demoweb.info\/sexshop001\/producto\/glamour-rechargeable-abs-bullet-rosa\/#breadcrumb"},"inLanguage":"es","potentialAction":[{"@type":"ReadAction","target":["https:\/\/demoweb.info\/sexshop001\/producto\/glamour-rechargeable-abs-bullet-rosa\/"]}]},{"@type":"BreadcrumbList","@id":"https:\/\/demoweb.info\/sexshop001\/producto\/glamour-rechargeable-abs-bullet-rosa\/#breadcrumb","itemListElement":[{"@type":"ListItem","position":1,"name":"Portada","item":"https:\/\/demoweb.info\/sexshop001\/"},{"@type":"ListItem","position":2,"name":"Tienda","item":"https:\/\/demoweb.info\/sexshop001\/tienda\/"},{"@type":"ListItem","position":3,"name":"GLAMOUR &#8211; RECHARGEABLE ABS BULLET &#8211; ROSA"}]},{"@type":"WebSite","@id":"https:\/\/demoweb.info\/sexshop001\/#website","url":"https:\/\/demoweb.info\/sexshop001\/","name":"Tienda Er\u00f3tica","description":"DEMOWEB SL","potentialAction":[{"@type":"SearchAction","target":{"@type":"EntryPoint","urlTemplate":"https:\/\/demoweb.info\/sexshop001\/?s={search_term_string}"},"query-input":"required name=search_term_string"}],"inLanguage":"es"}]}},"_links":{"self":[{"href":"https:\/\/demoweb.info\/sexshop001\/wp-json\/wp\/v3\/product\/37304","targetHints":{"allow":["GET"]}}],"collection":[{"href":"https:\/\/demoweb.info\/sexshop001\/wp-json\/wp\/v3\/product"}],"about":[{"href":"https:\/\/demoweb.info\/sexshop001\/wp-json\/wp\/v2\/types\/product"}],"replies":[{"embeddable":true,"href":"https:\/\/demoweb.info\/sexshop001\/wp-json\/wp\/v2\/comments?post=37304"}],"wp:featuredmedia":[{"embeddable":true,"href":"https:\/\/demoweb.info\/sexshop001\/wp-json\/wp\/v2\/media\/37305"}],"wp:attachment":[{"href":"https:\/\/demoweb.info\/sexshop001\/wp-json\/wp\/v2\/media?parent=37304"}],"wp:term":[{"taxonomy":"product_cat","embeddable":true,"href":"https:\/\/demoweb.info\/sexshop001\/wp-json\/wp\/v2\/product_cat?post=37304"},{"taxonomy":"product_tag","embeddable":true,"href":"https:\/\/demoweb.info\/sexshop001\/wp-json\/wp\/v2\/product_tag?post=37304"}],"curies":[{"name":"wp","href":"https:\/\/api.w.org\/{rel}","templated":true}]}}