{"id":37254,"date":"2022-01-22T13:49:20","date_gmt":"2022-01-22T12:49:20","guid":{"rendered":"https:\/\/demoweb.info\/sexshop001\/producto\/nami-negro\/"},"modified":"2022-01-22T13:49:34","modified_gmt":"2022-01-22T12:49:34","slug":"nami-negro","status":"publish","type":"product","link":"https:\/\/demoweb.info\/sexshop001\/producto\/nami-negro\/","title":{"rendered":"NAMI &#8211; NEGRO"},"content":{"rendered":"<p><strong>NAMI<\/strong><\/p>\n<p>NAMI es un nuevo giro en nuestra varilla de masaje VIVE019 de doble cara.Con dos motores F1 de nueva generaci\u00f3n de 10 funciones y sus tecnolog\u00edas avanzadas (los dos motores se pueden controlar de forma independiente).Un innovador motor de onda de pulso NG F1 de 10 funciones para tu punto G, un motor vibratorio NG F1 de 10 funciones para la estimulaci\u00f3n del cl\u00edtoris (varita de masaje).Adem\u00e1s, el VIVE39 viene con cuatro accesorios para mejorar tu diversi\u00f3n.<\/p>\n<p>Tres se usan con el cabezal de la varita  para la estimulaci\u00f3n directa del cl\u00edtoris y uno para usar con el motor de onda de pulso del punto G b\u00e1sico para crear una tecnolog\u00eda de ondas de aire sin contacto que crea una estimulaci\u00f3n de succi\u00f3n para su cl\u00edtoris.Combina los dos motores F1 de nueva generaci\u00f3n de 10 funciones con 100 configuraciones diferentes posibles m\u00e1s todos los accesorios adicionales y la diversi\u00f3n es infinita.<\/p>\n<p>Hecho de silicona 100 % suave como la seda de grado m\u00e9dico (hipoalerg\u00e9nico). Es totalmente impermeable (IPX7) y extremadamente silencioso con menos de 60 db.\u00a1Esto significa que puedes usarlo donde quieras!Contiene una bater\u00eda magn\u00e9tica de iones de litio recargable por USB.Cuando se carga completamente con su cable USB, proporciona 40 minutos de un apasionado tiempo de juego.\u00a1Simplemente con\u00e9ctalo, c\u00e1rgalo y juega!<\/p>\n<p>Cuando te est\u00e9s acercando al cl\u00edmax, con solo tocar un bot\u00f3n del bot\u00f3n de cl\u00edmax de funci\u00f3n especial, todos los motores alcanzar\u00e1n de inmediato la m\u00e1xima potencia\/velocidad y, lo que es m\u00e1s importante, te llevar\u00e1 a un orgasmo devastador.Todos los vibradores VIVE tienen una garant\u00eda completa de 1 a\u00f1o para proteger tu inversi\u00f3n.<\/p>\n<p>Caracter\u00edsticas:<\/p>\n<ul>\n<li>Dimensiones del producto    21,8 x 6 cm<\/li>\n<li>Peso del producto    303 gram<\/li>\n<li>Longitud insertable    9,5 cm<\/li>\n<li>Cantidad de motores    2<\/li>\n<li>Tipos de velocidad    10<\/li>\n<li>Velocidad m\u00faltiple    S\u00ed<\/li>\n<li>Nivel de ruido    60 dB<\/li>\n<li>Recargable    S\u00ed<\/li>\n<li>Tiempo de recarga    180 min<\/li>\n<li>Vida de la recarga de las bater\u00edas    40 min<\/li>\n<li>A prueba de agua    S\u00ed<\/li>\n<li>A prueba de salpicaduras    S\u00ed<\/li>\n<li>Libre de ftalato    S\u00ed<\/li>\n<li>Materiales    ABS, Silicone<\/li>\n<\/ul>\n","protected":false},"excerpt":{"rendered":"<p>NAMI NAMI es un nuevo giro en nuestra varilla de masaje VIVE019 de doble cara.Con dos motores F1 de nueva<\/p>\n","protected":false},"featured_media":37255,"comment_status":"open","ping_status":"open","template":"","meta":[],"product_cat":[434],"product_tag":[302,640],"class_list":["post-37254","product","type-product","status-publish","has-post-thumbnail","hentry","product_cat-doble-estimulacion-vibradores-juguetes-xxx","product_tag-shots","product_tag-vive"],"bundled_by":[],"bundle_stock_status":"instock","bundle_stock_quantity":2,"bundle_virtual":false,"bundle_layout":"","bundle_add_to_cart_form_location":"","bundle_editable_in_cart":false,"bundle_sold_individually_context":"","bundle_item_grouping":"","bundle_min_size":"","bundle_max_size":"","bundled_items":[],"yoast_head":"<!-- This site is optimized with the Yoast SEO plugin v20.6 - https:\/\/yoast.com\/wordpress\/plugins\/seo\/ -->\n<title>NAMI - NEGRO - Tienda Er\u00f3tica<\/title>\n<meta name=\"robots\" content=\"noindex, follow, max-snippet:-1, max-image-preview:large, max-video-preview:-1\" \/>\n<meta property=\"og:locale\" content=\"es_ES\" \/>\n<meta property=\"og:type\" content=\"article\" \/>\n<meta property=\"og:title\" content=\"NAMI - NEGRO - Tienda Er\u00f3tica\" \/>\n<meta property=\"og:description\" content=\"NAMI NAMI es un nuevo giro en nuestra varilla de masaje VIVE019 de doble cara.Con dos motores F1 de nueva\" \/>\n<meta property=\"og:url\" content=\"https:\/\/demoweb.info\/sexshop001\/producto\/nami-negro\/\" \/>\n<meta property=\"og:site_name\" content=\"Tienda Er\u00f3tica\" \/>\n<meta property=\"article:modified_time\" content=\"2022-01-22T12:49:34+00:00\" \/>\n<meta property=\"og:image\" content=\"https:\/\/demoweb.info\/sexshop001\/wp-content\/uploads\/2022\/01\/NAMI-NEGRO.jpg\" \/>\n\t<meta property=\"og:image:width\" content=\"550\" \/>\n\t<meta property=\"og:image:height\" content=\"550\" \/>\n\t<meta property=\"og:image:type\" content=\"image\/jpeg\" \/>\n<meta name=\"twitter:card\" content=\"summary_large_image\" \/>\n<meta name=\"twitter:label1\" content=\"Tiempo de lectura\" \/>\n\t<meta name=\"twitter:data1\" content=\"2 minutos\" \/>\n<script type=\"application\/ld+json\" class=\"yoast-schema-graph\">{\"@context\":\"https:\/\/schema.org\",\"@graph\":[{\"@type\":\"WebPage\",\"@id\":\"https:\/\/demoweb.info\/sexshop001\/producto\/nami-negro\/\",\"url\":\"https:\/\/demoweb.info\/sexshop001\/producto\/nami-negro\/\",\"name\":\"NAMI - NEGRO - Tienda Er\u00f3tica\",\"isPartOf\":{\"@id\":\"https:\/\/demoweb.info\/sexshop001\/#website\"},\"datePublished\":\"2022-01-22T12:49:20+00:00\",\"dateModified\":\"2022-01-22T12:49:34+00:00\",\"breadcrumb\":{\"@id\":\"https:\/\/demoweb.info\/sexshop001\/producto\/nami-negro\/#breadcrumb\"},\"inLanguage\":\"es\",\"potentialAction\":[{\"@type\":\"ReadAction\",\"target\":[\"https:\/\/demoweb.info\/sexshop001\/producto\/nami-negro\/\"]}]},{\"@type\":\"BreadcrumbList\",\"@id\":\"https:\/\/demoweb.info\/sexshop001\/producto\/nami-negro\/#breadcrumb\",\"itemListElement\":[{\"@type\":\"ListItem\",\"position\":1,\"name\":\"Portada\",\"item\":\"https:\/\/demoweb.info\/sexshop001\/\"},{\"@type\":\"ListItem\",\"position\":2,\"name\":\"Tienda\",\"item\":\"https:\/\/demoweb.info\/sexshop001\/tienda\/\"},{\"@type\":\"ListItem\",\"position\":3,\"name\":\"NAMI &#8211; NEGRO\"}]},{\"@type\":\"WebSite\",\"@id\":\"https:\/\/demoweb.info\/sexshop001\/#website\",\"url\":\"https:\/\/demoweb.info\/sexshop001\/\",\"name\":\"Tienda Er\u00f3tica\",\"description\":\"DEMOWEB SL\",\"potentialAction\":[{\"@type\":\"SearchAction\",\"target\":{\"@type\":\"EntryPoint\",\"urlTemplate\":\"https:\/\/demoweb.info\/sexshop001\/?s={search_term_string}\"},\"query-input\":\"required name=search_term_string\"}],\"inLanguage\":\"es\"}]}<\/script>\n<!-- \/ Yoast SEO plugin. -->","yoast_head_json":{"title":"NAMI - NEGRO - Tienda Er\u00f3tica","robots":{"index":"noindex","follow":"follow","max-snippet":"max-snippet:-1","max-image-preview":"max-image-preview:large","max-video-preview":"max-video-preview:-1"},"og_locale":"es_ES","og_type":"article","og_title":"NAMI - NEGRO - Tienda Er\u00f3tica","og_description":"NAMI NAMI es un nuevo giro en nuestra varilla de masaje VIVE019 de doble cara.Con dos motores F1 de nueva","og_url":"https:\/\/demoweb.info\/sexshop001\/producto\/nami-negro\/","og_site_name":"Tienda Er\u00f3tica","article_modified_time":"2022-01-22T12:49:34+00:00","og_image":[{"width":550,"height":550,"url":"https:\/\/demoweb.info\/sexshop001\/wp-content\/uploads\/2022\/01\/NAMI-NEGRO.jpg","type":"image\/jpeg"}],"twitter_card":"summary_large_image","twitter_misc":{"Tiempo de lectura":"2 minutos"},"schema":{"@context":"https:\/\/schema.org","@graph":[{"@type":"WebPage","@id":"https:\/\/demoweb.info\/sexshop001\/producto\/nami-negro\/","url":"https:\/\/demoweb.info\/sexshop001\/producto\/nami-negro\/","name":"NAMI - NEGRO - Tienda Er\u00f3tica","isPartOf":{"@id":"https:\/\/demoweb.info\/sexshop001\/#website"},"datePublished":"2022-01-22T12:49:20+00:00","dateModified":"2022-01-22T12:49:34+00:00","breadcrumb":{"@id":"https:\/\/demoweb.info\/sexshop001\/producto\/nami-negro\/#breadcrumb"},"inLanguage":"es","potentialAction":[{"@type":"ReadAction","target":["https:\/\/demoweb.info\/sexshop001\/producto\/nami-negro\/"]}]},{"@type":"BreadcrumbList","@id":"https:\/\/demoweb.info\/sexshop001\/producto\/nami-negro\/#breadcrumb","itemListElement":[{"@type":"ListItem","position":1,"name":"Portada","item":"https:\/\/demoweb.info\/sexshop001\/"},{"@type":"ListItem","position":2,"name":"Tienda","item":"https:\/\/demoweb.info\/sexshop001\/tienda\/"},{"@type":"ListItem","position":3,"name":"NAMI &#8211; NEGRO"}]},{"@type":"WebSite","@id":"https:\/\/demoweb.info\/sexshop001\/#website","url":"https:\/\/demoweb.info\/sexshop001\/","name":"Tienda Er\u00f3tica","description":"DEMOWEB SL","potentialAction":[{"@type":"SearchAction","target":{"@type":"EntryPoint","urlTemplate":"https:\/\/demoweb.info\/sexshop001\/?s={search_term_string}"},"query-input":"required name=search_term_string"}],"inLanguage":"es"}]}},"_links":{"self":[{"href":"https:\/\/demoweb.info\/sexshop001\/wp-json\/wp\/v3\/product\/37254","targetHints":{"allow":["GET"]}}],"collection":[{"href":"https:\/\/demoweb.info\/sexshop001\/wp-json\/wp\/v3\/product"}],"about":[{"href":"https:\/\/demoweb.info\/sexshop001\/wp-json\/wp\/v2\/types\/product"}],"replies":[{"embeddable":true,"href":"https:\/\/demoweb.info\/sexshop001\/wp-json\/wp\/v2\/comments?post=37254"}],"wp:featuredmedia":[{"embeddable":true,"href":"https:\/\/demoweb.info\/sexshop001\/wp-json\/wp\/v2\/media\/37255"}],"wp:attachment":[{"href":"https:\/\/demoweb.info\/sexshop001\/wp-json\/wp\/v2\/media?parent=37254"}],"wp:term":[{"taxonomy":"product_cat","embeddable":true,"href":"https:\/\/demoweb.info\/sexshop001\/wp-json\/wp\/v2\/product_cat?post=37254"},{"taxonomy":"product_tag","embeddable":true,"href":"https:\/\/demoweb.info\/sexshop001\/wp-json\/wp\/v2\/product_tag?post=37254"}],"curies":[{"name":"wp","href":"https:\/\/api.w.org\/{rel}","templated":true}]}}