{"id":37154,"date":"2022-01-22T13:48:23","date_gmt":"2022-01-22T12:48:23","guid":{"rendered":"https:\/\/demoweb.info\/sexshop001\/producto\/arnes-gladiador-talla-unica-negro\/"},"modified":"2022-01-22T13:48:27","modified_gmt":"2022-01-22T12:48:27","slug":"arnes-gladiador-talla-unica-negro","status":"publish","type":"product","link":"https:\/\/demoweb.info\/sexshop001\/producto\/arnes-gladiador-talla-unica-negro\/","title":{"rendered":"ARN\u00c9S GLADIADOR &#8211; TALLA \u00daNICA &#8211; NEGRO"},"content":{"rendered":"<p><strong>GLADIATOR HARNESS &#8211; ONE SIZE &#8211; BLACK<\/strong><\/p>\n<p>Envu\u00e9lvete en este arn\u00e9s de calidad superior asim\u00e9trico y con forma de Y para mejorar y resaltar tu silueta masculina. \u00a1Este arn\u00e9s de cuero aut\u00e9ntico de calidad superior ser\u00e1 el centro de todas las miradas desde el minuto cero!<\/p>\n<p>Este arn\u00e9s moderno con forma de Y se puede usar para revindicar tu estilo fetichista o como una incorporaci\u00f3n indispensable a tu colecci\u00f3n de sado. Puedes pon\u00e9rtelo por encima de la ropa o a pelo.<\/p>\n<p>\u00a1T\u00fa eliges! El arn\u00e9s ajustable se cierra con una hebilla robusta situada en la espalda y lleva una junta t\u00f3rica adaptable a la altura del pecho derecho para amarrar f\u00e1cilmente correas\/pesas, cuerdas, cadenas, esposas o lo que te pida el cuerpo.<\/p>\n<p>El arn\u00e9s se puede ajustar en el pecho de 98 cm a 112 cm. La correa de los hombros mide 43,5 cm. C\u00f3digo de color: Negro &#8211; BDSM | Rojo &#8211; Fisting | Azul &#8211; Anal<\/p>\n<p><strong>CARACTER\u00cdSTICAS<\/strong><\/p>\n<ul>\n<li>Peso del producto: 228 gram<\/li>\n<li>Libre de ftalato: S\u00ed<\/li>\n<\/ul>\n","protected":false},"excerpt":{"rendered":"<p>GLADIATOR HARNESS &#8211; ONE SIZE &#8211; BLACK Envu\u00e9lvete en este arn\u00e9s de calidad superior asim\u00e9trico y con forma de Y<\/p>\n","protected":false},"featured_media":37155,"comment_status":"open","ping_status":"open","template":"","meta":[],"product_cat":[603],"product_tag":[307,302],"class_list":["post-37154","product","type-product","status-publish","has-post-thumbnail","hentry","product_cat-arneses-ataduras","product_tag-ouch","product_tag-shots"],"bundled_by":[],"bundle_stock_status":"instock","bundle_stock_quantity":4,"bundle_virtual":false,"bundle_layout":"","bundle_add_to_cart_form_location":"","bundle_editable_in_cart":false,"bundle_sold_individually_context":"","bundle_item_grouping":"","bundle_min_size":"","bundle_max_size":"","bundled_items":[],"yoast_head":"<!-- This site is optimized with the Yoast SEO plugin v20.6 - https:\/\/yoast.com\/wordpress\/plugins\/seo\/ -->\n<title>ARN\u00c9S GLADIADOR - TALLA \u00daNICA - NEGRO - Tienda Er\u00f3tica<\/title>\n<meta name=\"robots\" content=\"noindex, follow, max-snippet:-1, max-image-preview:large, max-video-preview:-1\" \/>\n<meta property=\"og:locale\" content=\"es_ES\" \/>\n<meta property=\"og:type\" content=\"article\" \/>\n<meta property=\"og:title\" content=\"ARN\u00c9S GLADIADOR - TALLA \u00daNICA - NEGRO - Tienda Er\u00f3tica\" \/>\n<meta property=\"og:description\" content=\"GLADIATOR HARNESS &#8211; ONE SIZE &#8211; BLACK Envu\u00e9lvete en este arn\u00e9s de calidad superior asim\u00e9trico y con forma de Y\" \/>\n<meta property=\"og:url\" content=\"https:\/\/demoweb.info\/sexshop001\/producto\/arnes-gladiador-talla-unica-negro\/\" \/>\n<meta property=\"og:site_name\" content=\"Tienda Er\u00f3tica\" \/>\n<meta property=\"article:modified_time\" content=\"2022-01-22T12:48:27+00:00\" \/>\n<meta property=\"og:image\" content=\"https:\/\/demoweb.info\/sexshop001\/wp-content\/uploads\/2022\/01\/ARNES-GLADIADOR-TALLA-UNICA-NEGRO.jpg\" \/>\n\t<meta property=\"og:image:width\" content=\"550\" \/>\n\t<meta property=\"og:image:height\" content=\"550\" \/>\n\t<meta property=\"og:image:type\" content=\"image\/jpeg\" \/>\n<meta name=\"twitter:card\" content=\"summary_large_image\" \/>\n<meta name=\"twitter:label1\" content=\"Tiempo de lectura\" \/>\n\t<meta name=\"twitter:data1\" content=\"1 minuto\" \/>\n<script type=\"application\/ld+json\" class=\"yoast-schema-graph\">{\"@context\":\"https:\/\/schema.org\",\"@graph\":[{\"@type\":\"WebPage\",\"@id\":\"https:\/\/demoweb.info\/sexshop001\/producto\/arnes-gladiador-talla-unica-negro\/\",\"url\":\"https:\/\/demoweb.info\/sexshop001\/producto\/arnes-gladiador-talla-unica-negro\/\",\"name\":\"ARN\u00c9S GLADIADOR - TALLA \u00daNICA - NEGRO - Tienda Er\u00f3tica\",\"isPartOf\":{\"@id\":\"https:\/\/demoweb.info\/sexshop001\/#website\"},\"datePublished\":\"2022-01-22T12:48:23+00:00\",\"dateModified\":\"2022-01-22T12:48:27+00:00\",\"breadcrumb\":{\"@id\":\"https:\/\/demoweb.info\/sexshop001\/producto\/arnes-gladiador-talla-unica-negro\/#breadcrumb\"},\"inLanguage\":\"es\",\"potentialAction\":[{\"@type\":\"ReadAction\",\"target\":[\"https:\/\/demoweb.info\/sexshop001\/producto\/arnes-gladiador-talla-unica-negro\/\"]}]},{\"@type\":\"BreadcrumbList\",\"@id\":\"https:\/\/demoweb.info\/sexshop001\/producto\/arnes-gladiador-talla-unica-negro\/#breadcrumb\",\"itemListElement\":[{\"@type\":\"ListItem\",\"position\":1,\"name\":\"Portada\",\"item\":\"https:\/\/demoweb.info\/sexshop001\/\"},{\"@type\":\"ListItem\",\"position\":2,\"name\":\"Tienda\",\"item\":\"https:\/\/demoweb.info\/sexshop001\/tienda\/\"},{\"@type\":\"ListItem\",\"position\":3,\"name\":\"ARN\u00c9S GLADIADOR &#8211; TALLA \u00daNICA &#8211; NEGRO\"}]},{\"@type\":\"WebSite\",\"@id\":\"https:\/\/demoweb.info\/sexshop001\/#website\",\"url\":\"https:\/\/demoweb.info\/sexshop001\/\",\"name\":\"Tienda Er\u00f3tica\",\"description\":\"DEMOWEB SL\",\"potentialAction\":[{\"@type\":\"SearchAction\",\"target\":{\"@type\":\"EntryPoint\",\"urlTemplate\":\"https:\/\/demoweb.info\/sexshop001\/?s={search_term_string}\"},\"query-input\":\"required name=search_term_string\"}],\"inLanguage\":\"es\"}]}<\/script>\n<!-- \/ Yoast SEO plugin. -->","yoast_head_json":{"title":"ARN\u00c9S GLADIADOR - TALLA \u00daNICA - NEGRO - Tienda Er\u00f3tica","robots":{"index":"noindex","follow":"follow","max-snippet":"max-snippet:-1","max-image-preview":"max-image-preview:large","max-video-preview":"max-video-preview:-1"},"og_locale":"es_ES","og_type":"article","og_title":"ARN\u00c9S GLADIADOR - TALLA \u00daNICA - NEGRO - Tienda Er\u00f3tica","og_description":"GLADIATOR HARNESS &#8211; ONE SIZE &#8211; BLACK Envu\u00e9lvete en este arn\u00e9s de calidad superior asim\u00e9trico y con forma de Y","og_url":"https:\/\/demoweb.info\/sexshop001\/producto\/arnes-gladiador-talla-unica-negro\/","og_site_name":"Tienda Er\u00f3tica","article_modified_time":"2022-01-22T12:48:27+00:00","og_image":[{"width":550,"height":550,"url":"https:\/\/demoweb.info\/sexshop001\/wp-content\/uploads\/2022\/01\/ARNES-GLADIADOR-TALLA-UNICA-NEGRO.jpg","type":"image\/jpeg"}],"twitter_card":"summary_large_image","twitter_misc":{"Tiempo de lectura":"1 minuto"},"schema":{"@context":"https:\/\/schema.org","@graph":[{"@type":"WebPage","@id":"https:\/\/demoweb.info\/sexshop001\/producto\/arnes-gladiador-talla-unica-negro\/","url":"https:\/\/demoweb.info\/sexshop001\/producto\/arnes-gladiador-talla-unica-negro\/","name":"ARN\u00c9S GLADIADOR - TALLA \u00daNICA - NEGRO - Tienda Er\u00f3tica","isPartOf":{"@id":"https:\/\/demoweb.info\/sexshop001\/#website"},"datePublished":"2022-01-22T12:48:23+00:00","dateModified":"2022-01-22T12:48:27+00:00","breadcrumb":{"@id":"https:\/\/demoweb.info\/sexshop001\/producto\/arnes-gladiador-talla-unica-negro\/#breadcrumb"},"inLanguage":"es","potentialAction":[{"@type":"ReadAction","target":["https:\/\/demoweb.info\/sexshop001\/producto\/arnes-gladiador-talla-unica-negro\/"]}]},{"@type":"BreadcrumbList","@id":"https:\/\/demoweb.info\/sexshop001\/producto\/arnes-gladiador-talla-unica-negro\/#breadcrumb","itemListElement":[{"@type":"ListItem","position":1,"name":"Portada","item":"https:\/\/demoweb.info\/sexshop001\/"},{"@type":"ListItem","position":2,"name":"Tienda","item":"https:\/\/demoweb.info\/sexshop001\/tienda\/"},{"@type":"ListItem","position":3,"name":"ARN\u00c9S GLADIADOR &#8211; TALLA \u00daNICA &#8211; NEGRO"}]},{"@type":"WebSite","@id":"https:\/\/demoweb.info\/sexshop001\/#website","url":"https:\/\/demoweb.info\/sexshop001\/","name":"Tienda Er\u00f3tica","description":"DEMOWEB SL","potentialAction":[{"@type":"SearchAction","target":{"@type":"EntryPoint","urlTemplate":"https:\/\/demoweb.info\/sexshop001\/?s={search_term_string}"},"query-input":"required name=search_term_string"}],"inLanguage":"es"}]}},"_links":{"self":[{"href":"https:\/\/demoweb.info\/sexshop001\/wp-json\/wp\/v3\/product\/37154","targetHints":{"allow":["GET"]}}],"collection":[{"href":"https:\/\/demoweb.info\/sexshop001\/wp-json\/wp\/v3\/product"}],"about":[{"href":"https:\/\/demoweb.info\/sexshop001\/wp-json\/wp\/v2\/types\/product"}],"replies":[{"embeddable":true,"href":"https:\/\/demoweb.info\/sexshop001\/wp-json\/wp\/v2\/comments?post=37154"}],"wp:featuredmedia":[{"embeddable":true,"href":"https:\/\/demoweb.info\/sexshop001\/wp-json\/wp\/v2\/media\/37155"}],"wp:attachment":[{"href":"https:\/\/demoweb.info\/sexshop001\/wp-json\/wp\/v2\/media?parent=37154"}],"wp:term":[{"taxonomy":"product_cat","embeddable":true,"href":"https:\/\/demoweb.info\/sexshop001\/wp-json\/wp\/v2\/product_cat?post=37154"},{"taxonomy":"product_tag","embeddable":true,"href":"https:\/\/demoweb.info\/sexshop001\/wp-json\/wp\/v2\/product_tag?post=37154"}],"curies":[{"name":"wp","href":"https:\/\/api.w.org\/{rel}","templated":true}]}}