{"id":37141,"date":"2022-01-22T13:47:48","date_gmt":"2022-01-22T12:47:48","guid":{"rendered":"https:\/\/demoweb.info\/sexshop001\/producto\/mascara-de-terciopelo-y-velcro-con-apertura-de-boca\/"},"modified":"2022-01-22T13:48:17","modified_gmt":"2022-01-22T12:48:17","slug":"mascara-de-terciopelo-y-velcro-con-apertura-de-boca","status":"publish","type":"product","link":"https:\/\/demoweb.info\/sexshop001\/producto\/mascara-de-terciopelo-y-velcro-con-apertura-de-boca\/","title":{"rendered":"M\u00c1SCARA DE TERCIOPELO Y VELCRO CON APERTURA DE BOCA"},"content":{"rendered":"<p><strong>VELVET &#038; VELCRO MASK WITH MOUTH OPENING<\/strong><\/p>\n<p>\u00a1Solo imagina la diversi\u00f3n que podr\u00edas tener con esta m\u00e1scara de capucha fetiche de un agujero de Ouch! El material s\u00faper el\u00e1stico significa que se desliza c\u00f3modamente sobre cualquier tama\u00f1o de cabeza con facilidad para un ajuste perfecto.<\/p>\n<p>Aunque no tiene agujeros para los ojos, todav\u00eda permite que el usuario vea. Esta m\u00e1scara es perfecta para aquellos que est\u00e1n intrigados por las m\u00e1scaras mochas pero que a\u00fan no est\u00e1n listas para recorrer las nueve yardas completas.<\/p>\n<p><strong>CARACTER\u00cdSTICAS<\/strong><\/p>\n<ul>\n<li>Dimensiones del producto: 20 x 28 x 0,3 cm<\/li>\n<li>A prueba de salpicaduras: S\u00ed<\/li>\n<li>Libre de ftalato: S\u00ed<\/li>\n<li>Materiales: Polyester<\/li>\n<\/ul>\n","protected":false},"excerpt":{"rendered":"<p>VELVET &#038; VELCRO MASK WITH MOUTH OPENING \u00a1Solo imagina la diversi\u00f3n que podr\u00edas tener con esta m\u00e1scara de capucha fetiche<\/p>\n","protected":false},"featured_media":37142,"comment_status":"open","ping_status":"open","template":"","meta":[],"product_cat":[972],"product_tag":[307,302],"class_list":["post-37141","product","type-product","status-publish","has-post-thumbnail","hentry","product_cat-fetish","product_tag-ouch","product_tag-shots"],"bundled_by":[],"bundle_stock_status":"instock","bundle_stock_quantity":6,"bundle_virtual":false,"bundle_layout":"","bundle_add_to_cart_form_location":"","bundle_editable_in_cart":false,"bundle_sold_individually_context":"","bundle_item_grouping":"","bundle_min_size":"","bundle_max_size":"","bundled_items":[],"yoast_head":"<!-- This site is optimized with the Yoast SEO plugin v20.6 - https:\/\/yoast.com\/wordpress\/plugins\/seo\/ -->\n<title>M\u00c1SCARA DE TERCIOPELO Y VELCRO CON APERTURA DE BOCA - Tienda Er\u00f3tica<\/title>\n<meta name=\"robots\" content=\"noindex, follow, max-snippet:-1, max-image-preview:large, max-video-preview:-1\" \/>\n<meta property=\"og:locale\" content=\"es_ES\" \/>\n<meta property=\"og:type\" content=\"article\" \/>\n<meta property=\"og:title\" content=\"M\u00c1SCARA DE TERCIOPELO Y VELCRO CON APERTURA DE BOCA - Tienda Er\u00f3tica\" \/>\n<meta property=\"og:description\" content=\"VELVET &#038; VELCRO MASK WITH MOUTH OPENING \u00a1Solo imagina la diversi\u00f3n que podr\u00edas tener con esta m\u00e1scara de capucha fetiche\" \/>\n<meta property=\"og:url\" content=\"https:\/\/demoweb.info\/sexshop001\/producto\/mascara-de-terciopelo-y-velcro-con-apertura-de-boca\/\" \/>\n<meta property=\"og:site_name\" content=\"Tienda Er\u00f3tica\" \/>\n<meta property=\"article:modified_time\" content=\"2022-01-22T12:48:17+00:00\" \/>\n<meta property=\"og:image\" content=\"https:\/\/demoweb.info\/sexshop001\/wp-content\/uploads\/2022\/01\/MASCARA-DE-TERCIOPELO-Y-VELCRO-CON-APERTURA-DE-BOCA.jpg\" \/>\n\t<meta property=\"og:image:width\" content=\"550\" \/>\n\t<meta property=\"og:image:height\" content=\"550\" \/>\n\t<meta property=\"og:image:type\" content=\"image\/jpeg\" \/>\n<meta name=\"twitter:card\" content=\"summary_large_image\" \/>\n<meta name=\"twitter:label1\" content=\"Tiempo de lectura\" \/>\n\t<meta name=\"twitter:data1\" content=\"1 minuto\" \/>\n<script type=\"application\/ld+json\" class=\"yoast-schema-graph\">{\"@context\":\"https:\/\/schema.org\",\"@graph\":[{\"@type\":\"WebPage\",\"@id\":\"https:\/\/demoweb.info\/sexshop001\/producto\/mascara-de-terciopelo-y-velcro-con-apertura-de-boca\/\",\"url\":\"https:\/\/demoweb.info\/sexshop001\/producto\/mascara-de-terciopelo-y-velcro-con-apertura-de-boca\/\",\"name\":\"M\u00c1SCARA DE TERCIOPELO Y VELCRO CON APERTURA DE BOCA - Tienda Er\u00f3tica\",\"isPartOf\":{\"@id\":\"https:\/\/demoweb.info\/sexshop001\/#website\"},\"datePublished\":\"2022-01-22T12:47:48+00:00\",\"dateModified\":\"2022-01-22T12:48:17+00:00\",\"breadcrumb\":{\"@id\":\"https:\/\/demoweb.info\/sexshop001\/producto\/mascara-de-terciopelo-y-velcro-con-apertura-de-boca\/#breadcrumb\"},\"inLanguage\":\"es\",\"potentialAction\":[{\"@type\":\"ReadAction\",\"target\":[\"https:\/\/demoweb.info\/sexshop001\/producto\/mascara-de-terciopelo-y-velcro-con-apertura-de-boca\/\"]}]},{\"@type\":\"BreadcrumbList\",\"@id\":\"https:\/\/demoweb.info\/sexshop001\/producto\/mascara-de-terciopelo-y-velcro-con-apertura-de-boca\/#breadcrumb\",\"itemListElement\":[{\"@type\":\"ListItem\",\"position\":1,\"name\":\"Portada\",\"item\":\"https:\/\/demoweb.info\/sexshop001\/\"},{\"@type\":\"ListItem\",\"position\":2,\"name\":\"Tienda\",\"item\":\"https:\/\/demoweb.info\/sexshop001\/tienda\/\"},{\"@type\":\"ListItem\",\"position\":3,\"name\":\"M\u00c1SCARA DE TERCIOPELO Y VELCRO CON APERTURA DE BOCA\"}]},{\"@type\":\"WebSite\",\"@id\":\"https:\/\/demoweb.info\/sexshop001\/#website\",\"url\":\"https:\/\/demoweb.info\/sexshop001\/\",\"name\":\"Tienda Er\u00f3tica\",\"description\":\"DEMOWEB SL\",\"potentialAction\":[{\"@type\":\"SearchAction\",\"target\":{\"@type\":\"EntryPoint\",\"urlTemplate\":\"https:\/\/demoweb.info\/sexshop001\/?s={search_term_string}\"},\"query-input\":\"required name=search_term_string\"}],\"inLanguage\":\"es\"}]}<\/script>\n<!-- \/ Yoast SEO plugin. -->","yoast_head_json":{"title":"M\u00c1SCARA DE TERCIOPELO Y VELCRO CON APERTURA DE BOCA - Tienda Er\u00f3tica","robots":{"index":"noindex","follow":"follow","max-snippet":"max-snippet:-1","max-image-preview":"max-image-preview:large","max-video-preview":"max-video-preview:-1"},"og_locale":"es_ES","og_type":"article","og_title":"M\u00c1SCARA DE TERCIOPELO Y VELCRO CON APERTURA DE BOCA - Tienda Er\u00f3tica","og_description":"VELVET &#038; VELCRO MASK WITH MOUTH OPENING \u00a1Solo imagina la diversi\u00f3n que podr\u00edas tener con esta m\u00e1scara de capucha fetiche","og_url":"https:\/\/demoweb.info\/sexshop001\/producto\/mascara-de-terciopelo-y-velcro-con-apertura-de-boca\/","og_site_name":"Tienda Er\u00f3tica","article_modified_time":"2022-01-22T12:48:17+00:00","og_image":[{"width":550,"height":550,"url":"https:\/\/demoweb.info\/sexshop001\/wp-content\/uploads\/2022\/01\/MASCARA-DE-TERCIOPELO-Y-VELCRO-CON-APERTURA-DE-BOCA.jpg","type":"image\/jpeg"}],"twitter_card":"summary_large_image","twitter_misc":{"Tiempo de lectura":"1 minuto"},"schema":{"@context":"https:\/\/schema.org","@graph":[{"@type":"WebPage","@id":"https:\/\/demoweb.info\/sexshop001\/producto\/mascara-de-terciopelo-y-velcro-con-apertura-de-boca\/","url":"https:\/\/demoweb.info\/sexshop001\/producto\/mascara-de-terciopelo-y-velcro-con-apertura-de-boca\/","name":"M\u00c1SCARA DE TERCIOPELO Y VELCRO CON APERTURA DE BOCA - Tienda Er\u00f3tica","isPartOf":{"@id":"https:\/\/demoweb.info\/sexshop001\/#website"},"datePublished":"2022-01-22T12:47:48+00:00","dateModified":"2022-01-22T12:48:17+00:00","breadcrumb":{"@id":"https:\/\/demoweb.info\/sexshop001\/producto\/mascara-de-terciopelo-y-velcro-con-apertura-de-boca\/#breadcrumb"},"inLanguage":"es","potentialAction":[{"@type":"ReadAction","target":["https:\/\/demoweb.info\/sexshop001\/producto\/mascara-de-terciopelo-y-velcro-con-apertura-de-boca\/"]}]},{"@type":"BreadcrumbList","@id":"https:\/\/demoweb.info\/sexshop001\/producto\/mascara-de-terciopelo-y-velcro-con-apertura-de-boca\/#breadcrumb","itemListElement":[{"@type":"ListItem","position":1,"name":"Portada","item":"https:\/\/demoweb.info\/sexshop001\/"},{"@type":"ListItem","position":2,"name":"Tienda","item":"https:\/\/demoweb.info\/sexshop001\/tienda\/"},{"@type":"ListItem","position":3,"name":"M\u00c1SCARA DE TERCIOPELO Y VELCRO CON APERTURA DE BOCA"}]},{"@type":"WebSite","@id":"https:\/\/demoweb.info\/sexshop001\/#website","url":"https:\/\/demoweb.info\/sexshop001\/","name":"Tienda Er\u00f3tica","description":"DEMOWEB SL","potentialAction":[{"@type":"SearchAction","target":{"@type":"EntryPoint","urlTemplate":"https:\/\/demoweb.info\/sexshop001\/?s={search_term_string}"},"query-input":"required name=search_term_string"}],"inLanguage":"es"}]}},"_links":{"self":[{"href":"https:\/\/demoweb.info\/sexshop001\/wp-json\/wp\/v3\/product\/37141","targetHints":{"allow":["GET"]}}],"collection":[{"href":"https:\/\/demoweb.info\/sexshop001\/wp-json\/wp\/v3\/product"}],"about":[{"href":"https:\/\/demoweb.info\/sexshop001\/wp-json\/wp\/v2\/types\/product"}],"replies":[{"embeddable":true,"href":"https:\/\/demoweb.info\/sexshop001\/wp-json\/wp\/v2\/comments?post=37141"}],"wp:featuredmedia":[{"embeddable":true,"href":"https:\/\/demoweb.info\/sexshop001\/wp-json\/wp\/v2\/media\/37142"}],"wp:attachment":[{"href":"https:\/\/demoweb.info\/sexshop001\/wp-json\/wp\/v2\/media?parent=37141"}],"wp:term":[{"taxonomy":"product_cat","embeddable":true,"href":"https:\/\/demoweb.info\/sexshop001\/wp-json\/wp\/v2\/product_cat?post=37141"},{"taxonomy":"product_tag","embeddable":true,"href":"https:\/\/demoweb.info\/sexshop001\/wp-json\/wp\/v2\/product_tag?post=37141"}],"curies":[{"name":"wp","href":"https:\/\/api.w.org\/{rel}","templated":true}]}}