{"id":37099,"date":"2022-01-22T13:47:48","date_gmt":"2022-01-22T12:47:48","guid":{"rendered":"https:\/\/demoweb.info\/sexshop001\/producto\/collar-ajustable-de-terciopelo-y-velcro-con-correa\/"},"modified":"2022-01-22T13:47:52","modified_gmt":"2022-01-22T12:47:52","slug":"collar-ajustable-de-terciopelo-y-velcro-con-correa","status":"publish","type":"product","link":"https:\/\/demoweb.info\/sexshop001\/producto\/collar-ajustable-de-terciopelo-y-velcro-con-correa\/","title":{"rendered":"COLLAR AJUSTABLE DE TERCIOPELO Y VELCRO CON CORREA"},"content":{"rendered":"<p><strong>VELVET &#038; VELCRO ADJUSTABLE COLLAR WITH LEASH<\/strong><\/p>\n<p>Lleve a su sumiso hasta el final, con este collar y correa fabulosos, modernos y funcionales. Use el collar solo, para una aspecto sumiso sensual, o conecte la correa a su sumiso y entre en un mundo de emocionante juego de esclavitud.<\/p>\n<p>El tejido es firme pero c\u00f3modo de llevar y el cierre de velcro totalmente ajustable lo hace perfecto tanto para principiantes como para jugadores avanzados de esclavitud.<\/p>\n<p>La robusta junta t\u00f3rica le permite colocar la correa utilizando el clip de liberaci\u00f3n r\u00e1pida para un dominio completo. La correa de 120 cm le permite mantener a su pareja lo suficientemente cerca como para controlarlo, pero le da suficiente rango de movimiento para su comodidad.<\/p>\n<p>Mezclar y combinar el \u00a1Ouch! conjunto de esposas de manos y tobillos, para una apariencia total.<\/p>\n<p><strong>CARACTER\u00cdSTICAS<\/strong><\/p>\n<ul>\n<li>Dimensiones del producto: 51 x 5 x 0,3 cm<\/li>\n<li>A prueba de salpicaduras: S\u00ed<\/li>\n<li>Libre de ftalato: S\u00ed<\/li>\n<li>Materiales: Polyester, kirsite, iron<\/li>\n<\/ul>\n","protected":false},"excerpt":{"rendered":"<p>VELVET &#038; VELCRO ADJUSTABLE COLLAR WITH LEASH Lleve a su sumiso hasta el final, con este collar y correa fabulosos,<\/p>\n","protected":false},"featured_media":37100,"comment_status":"open","ping_status":"open","template":"","meta":[],"product_cat":[499],"product_tag":[307,302],"class_list":["post-37099","product","type-product","status-publish","has-post-thumbnail","hentry","product_cat-collares","product_tag-ouch","product_tag-shots"],"bundled_by":[],"bundle_stock_status":"instock","bundle_stock_quantity":11,"bundle_virtual":false,"bundle_layout":"","bundle_add_to_cart_form_location":"","bundle_editable_in_cart":false,"bundle_sold_individually_context":"","bundle_item_grouping":"","bundle_min_size":"","bundle_max_size":"","bundled_items":[],"yoast_head":"<!-- This site is optimized with the Yoast SEO plugin v20.6 - https:\/\/yoast.com\/wordpress\/plugins\/seo\/ -->\n<title>COLLAR AJUSTABLE DE TERCIOPELO Y VELCRO CON CORREA - Tienda Er\u00f3tica<\/title>\n<meta name=\"robots\" content=\"noindex, follow, max-snippet:-1, max-image-preview:large, max-video-preview:-1\" \/>\n<meta property=\"og:locale\" content=\"es_ES\" \/>\n<meta property=\"og:type\" content=\"article\" \/>\n<meta property=\"og:title\" content=\"COLLAR AJUSTABLE DE TERCIOPELO Y VELCRO CON CORREA - Tienda Er\u00f3tica\" \/>\n<meta property=\"og:description\" content=\"VELVET &#038; VELCRO ADJUSTABLE COLLAR WITH LEASH Lleve a su sumiso hasta el final, con este collar y correa fabulosos,\" \/>\n<meta property=\"og:url\" content=\"https:\/\/demoweb.info\/sexshop001\/producto\/collar-ajustable-de-terciopelo-y-velcro-con-correa\/\" \/>\n<meta property=\"og:site_name\" content=\"Tienda Er\u00f3tica\" \/>\n<meta property=\"article:modified_time\" content=\"2022-01-22T12:47:52+00:00\" \/>\n<meta property=\"og:image\" content=\"https:\/\/demoweb.info\/sexshop001\/wp-content\/uploads\/2022\/01\/COLLAR-AJUSTABLE-DE-TERCIOPELO-Y-VELCRO-CON-CORREA.jpg\" \/>\n\t<meta property=\"og:image:width\" content=\"550\" \/>\n\t<meta property=\"og:image:height\" content=\"550\" \/>\n\t<meta property=\"og:image:type\" content=\"image\/jpeg\" \/>\n<meta name=\"twitter:card\" content=\"summary_large_image\" \/>\n<meta name=\"twitter:label1\" content=\"Tiempo de lectura\" \/>\n\t<meta name=\"twitter:data1\" content=\"1 minuto\" \/>\n<script type=\"application\/ld+json\" class=\"yoast-schema-graph\">{\"@context\":\"https:\/\/schema.org\",\"@graph\":[{\"@type\":\"WebPage\",\"@id\":\"https:\/\/demoweb.info\/sexshop001\/producto\/collar-ajustable-de-terciopelo-y-velcro-con-correa\/\",\"url\":\"https:\/\/demoweb.info\/sexshop001\/producto\/collar-ajustable-de-terciopelo-y-velcro-con-correa\/\",\"name\":\"COLLAR AJUSTABLE DE TERCIOPELO Y VELCRO CON CORREA - Tienda Er\u00f3tica\",\"isPartOf\":{\"@id\":\"https:\/\/demoweb.info\/sexshop001\/#website\"},\"datePublished\":\"2022-01-22T12:47:48+00:00\",\"dateModified\":\"2022-01-22T12:47:52+00:00\",\"breadcrumb\":{\"@id\":\"https:\/\/demoweb.info\/sexshop001\/producto\/collar-ajustable-de-terciopelo-y-velcro-con-correa\/#breadcrumb\"},\"inLanguage\":\"es\",\"potentialAction\":[{\"@type\":\"ReadAction\",\"target\":[\"https:\/\/demoweb.info\/sexshop001\/producto\/collar-ajustable-de-terciopelo-y-velcro-con-correa\/\"]}]},{\"@type\":\"BreadcrumbList\",\"@id\":\"https:\/\/demoweb.info\/sexshop001\/producto\/collar-ajustable-de-terciopelo-y-velcro-con-correa\/#breadcrumb\",\"itemListElement\":[{\"@type\":\"ListItem\",\"position\":1,\"name\":\"Portada\",\"item\":\"https:\/\/demoweb.info\/sexshop001\/\"},{\"@type\":\"ListItem\",\"position\":2,\"name\":\"Tienda\",\"item\":\"https:\/\/demoweb.info\/sexshop001\/tienda\/\"},{\"@type\":\"ListItem\",\"position\":3,\"name\":\"COLLAR AJUSTABLE DE TERCIOPELO Y VELCRO CON CORREA\"}]},{\"@type\":\"WebSite\",\"@id\":\"https:\/\/demoweb.info\/sexshop001\/#website\",\"url\":\"https:\/\/demoweb.info\/sexshop001\/\",\"name\":\"Tienda Er\u00f3tica\",\"description\":\"DEMOWEB SL\",\"potentialAction\":[{\"@type\":\"SearchAction\",\"target\":{\"@type\":\"EntryPoint\",\"urlTemplate\":\"https:\/\/demoweb.info\/sexshop001\/?s={search_term_string}\"},\"query-input\":\"required name=search_term_string\"}],\"inLanguage\":\"es\"}]}<\/script>\n<!-- \/ Yoast SEO plugin. -->","yoast_head_json":{"title":"COLLAR AJUSTABLE DE TERCIOPELO Y VELCRO CON CORREA - Tienda Er\u00f3tica","robots":{"index":"noindex","follow":"follow","max-snippet":"max-snippet:-1","max-image-preview":"max-image-preview:large","max-video-preview":"max-video-preview:-1"},"og_locale":"es_ES","og_type":"article","og_title":"COLLAR AJUSTABLE DE TERCIOPELO Y VELCRO CON CORREA - Tienda Er\u00f3tica","og_description":"VELVET &#038; VELCRO ADJUSTABLE COLLAR WITH LEASH Lleve a su sumiso hasta el final, con este collar y correa fabulosos,","og_url":"https:\/\/demoweb.info\/sexshop001\/producto\/collar-ajustable-de-terciopelo-y-velcro-con-correa\/","og_site_name":"Tienda Er\u00f3tica","article_modified_time":"2022-01-22T12:47:52+00:00","og_image":[{"width":550,"height":550,"url":"https:\/\/demoweb.info\/sexshop001\/wp-content\/uploads\/2022\/01\/COLLAR-AJUSTABLE-DE-TERCIOPELO-Y-VELCRO-CON-CORREA.jpg","type":"image\/jpeg"}],"twitter_card":"summary_large_image","twitter_misc":{"Tiempo de lectura":"1 minuto"},"schema":{"@context":"https:\/\/schema.org","@graph":[{"@type":"WebPage","@id":"https:\/\/demoweb.info\/sexshop001\/producto\/collar-ajustable-de-terciopelo-y-velcro-con-correa\/","url":"https:\/\/demoweb.info\/sexshop001\/producto\/collar-ajustable-de-terciopelo-y-velcro-con-correa\/","name":"COLLAR AJUSTABLE DE TERCIOPELO Y VELCRO CON CORREA - Tienda Er\u00f3tica","isPartOf":{"@id":"https:\/\/demoweb.info\/sexshop001\/#website"},"datePublished":"2022-01-22T12:47:48+00:00","dateModified":"2022-01-22T12:47:52+00:00","breadcrumb":{"@id":"https:\/\/demoweb.info\/sexshop001\/producto\/collar-ajustable-de-terciopelo-y-velcro-con-correa\/#breadcrumb"},"inLanguage":"es","potentialAction":[{"@type":"ReadAction","target":["https:\/\/demoweb.info\/sexshop001\/producto\/collar-ajustable-de-terciopelo-y-velcro-con-correa\/"]}]},{"@type":"BreadcrumbList","@id":"https:\/\/demoweb.info\/sexshop001\/producto\/collar-ajustable-de-terciopelo-y-velcro-con-correa\/#breadcrumb","itemListElement":[{"@type":"ListItem","position":1,"name":"Portada","item":"https:\/\/demoweb.info\/sexshop001\/"},{"@type":"ListItem","position":2,"name":"Tienda","item":"https:\/\/demoweb.info\/sexshop001\/tienda\/"},{"@type":"ListItem","position":3,"name":"COLLAR AJUSTABLE DE TERCIOPELO Y VELCRO CON CORREA"}]},{"@type":"WebSite","@id":"https:\/\/demoweb.info\/sexshop001\/#website","url":"https:\/\/demoweb.info\/sexshop001\/","name":"Tienda Er\u00f3tica","description":"DEMOWEB SL","potentialAction":[{"@type":"SearchAction","target":{"@type":"EntryPoint","urlTemplate":"https:\/\/demoweb.info\/sexshop001\/?s={search_term_string}"},"query-input":"required name=search_term_string"}],"inLanguage":"es"}]}},"_links":{"self":[{"href":"https:\/\/demoweb.info\/sexshop001\/wp-json\/wp\/v3\/product\/37099","targetHints":{"allow":["GET"]}}],"collection":[{"href":"https:\/\/demoweb.info\/sexshop001\/wp-json\/wp\/v3\/product"}],"about":[{"href":"https:\/\/demoweb.info\/sexshop001\/wp-json\/wp\/v2\/types\/product"}],"replies":[{"embeddable":true,"href":"https:\/\/demoweb.info\/sexshop001\/wp-json\/wp\/v2\/comments?post=37099"}],"wp:featuredmedia":[{"embeddable":true,"href":"https:\/\/demoweb.info\/sexshop001\/wp-json\/wp\/v2\/media\/37100"}],"wp:attachment":[{"href":"https:\/\/demoweb.info\/sexshop001\/wp-json\/wp\/v2\/media?parent=37099"}],"wp:term":[{"taxonomy":"product_cat","embeddable":true,"href":"https:\/\/demoweb.info\/sexshop001\/wp-json\/wp\/v2\/product_cat?post=37099"},{"taxonomy":"product_tag","embeddable":true,"href":"https:\/\/demoweb.info\/sexshop001\/wp-json\/wp\/v2\/product_tag?post=37099"}],"curies":[{"name":"wp","href":"https:\/\/api.w.org\/{rel}","templated":true}]}}