{"id":37015,"date":"2022-01-22T13:46:33","date_gmt":"2022-01-22T12:46:33","guid":{"rendered":"https:\/\/demoweb.info\/sexshop001\/producto\/arnes-de-hebilla-grande-para-hombre-talla-unica-negro\/"},"modified":"2022-01-22T13:46:55","modified_gmt":"2022-01-22T12:46:55","slug":"arnes-de-hebilla-grande-para-hombre-talla-unica-negro","status":"publish","type":"product","link":"https:\/\/demoweb.info\/sexshop001\/producto\/arnes-de-hebilla-grande-para-hombre-talla-unica-negro\/","title":{"rendered":"ARN\u00c9S DE HEBILLA GRANDE PARA HOMBRE &#8211; TALLA \u00daNICA &#8211; NEGRO"},"content":{"rendered":"<p><strong>MEN&#39;S LARGE BUCKLE HARNESS &#8211; ONE SIZE &#8211; BLACK<\/strong><\/p>\n<p>Este arn\u00e9s es una incorporaci\u00f3n perfecta a la colecci\u00f3n de todo amante del sado. Este arn\u00e9s ultra resistente satisface tus fantas\u00edas fetichistas cuando te lo pones por encima de la ropa y avisa a tu pareja de lo que le espera en la intimidad.<\/p>\n<p>El toque perfecto para rematar una noche de bondage o una noche de fiesta. Envu\u00e9lvete en este arn\u00e9s tachonado para mejorar lo que te dio la naturaleza. El arn\u00e9s tiene 2 juntas t\u00f3ricas perfectas para acoplar cadenas, pesas y otros accesorios sado.<\/p>\n<p>Este arn\u00e9s se ajusta totalmente en el cuello, la cintura y el pecho para ce\u00f1irse perfectamente y se puede usar sin problemas para vestir a diario o llevar en fiestas privadas con desnudos de todo tipo.<\/p>\n<p>La correa del pecho se ajusta de 92 cm a 120 cm y las de los hombros, de 54 cm a 75 cm.<\/p>\n<p><strong>CARACTER\u00cdSTICAS<\/strong><\/p>\n<ul>\n<li>Peso del producto: 500 gram<\/li>\n<li>Libre de ftalato: S\u00ed<\/li>\n<\/ul>\n","protected":false},"excerpt":{"rendered":"<p>MEN&#39;S LARGE BUCKLE HARNESS &#8211; ONE SIZE &#8211; BLACK Este arn\u00e9s es una incorporaci\u00f3n perfecta a la colecci\u00f3n de todo<\/p>\n","protected":false},"featured_media":37016,"comment_status":"open","ping_status":"open","template":"","meta":[],"product_cat":[603],"product_tag":[307,302],"class_list":["post-37015","product","type-product","status-publish","has-post-thumbnail","hentry","product_cat-arneses-ataduras","product_tag-ouch","product_tag-shots"],"bundled_by":[],"bundle_stock_status":"instock","bundle_stock_quantity":3,"bundle_virtual":false,"bundle_layout":"","bundle_add_to_cart_form_location":"","bundle_editable_in_cart":false,"bundle_sold_individually_context":"","bundle_item_grouping":"","bundle_min_size":"","bundle_max_size":"","bundled_items":[],"yoast_head":"<!-- This site is optimized with the Yoast SEO plugin v20.6 - https:\/\/yoast.com\/wordpress\/plugins\/seo\/ -->\n<title>ARN\u00c9S DE HEBILLA GRANDE PARA HOMBRE - TALLA \u00daNICA - NEGRO - Tienda Er\u00f3tica<\/title>\n<meta name=\"robots\" content=\"noindex, follow, max-snippet:-1, max-image-preview:large, max-video-preview:-1\" \/>\n<meta property=\"og:locale\" content=\"es_ES\" \/>\n<meta property=\"og:type\" content=\"article\" \/>\n<meta property=\"og:title\" content=\"ARN\u00c9S DE HEBILLA GRANDE PARA HOMBRE - TALLA \u00daNICA - NEGRO - Tienda Er\u00f3tica\" \/>\n<meta property=\"og:description\" content=\"MEN&#039;S LARGE BUCKLE HARNESS &#8211; ONE SIZE &#8211; BLACK Este arn\u00e9s es una incorporaci\u00f3n perfecta a la colecci\u00f3n de todo\" \/>\n<meta property=\"og:url\" content=\"https:\/\/demoweb.info\/sexshop001\/producto\/arnes-de-hebilla-grande-para-hombre-talla-unica-negro\/\" \/>\n<meta property=\"og:site_name\" content=\"Tienda Er\u00f3tica\" \/>\n<meta property=\"article:modified_time\" content=\"2022-01-22T12:46:55+00:00\" \/>\n<meta property=\"og:image\" content=\"https:\/\/demoweb.info\/sexshop001\/wp-content\/uploads\/2022\/01\/ARNES-DE-HEBILLA-GRANDE-PARA-HOMBRE-TALLA-UNICA-NEGRO.jpg\" \/>\n\t<meta property=\"og:image:width\" content=\"550\" \/>\n\t<meta property=\"og:image:height\" content=\"550\" \/>\n\t<meta property=\"og:image:type\" content=\"image\/jpeg\" \/>\n<meta name=\"twitter:card\" content=\"summary_large_image\" \/>\n<meta name=\"twitter:label1\" content=\"Tiempo de lectura\" \/>\n\t<meta name=\"twitter:data1\" content=\"1 minuto\" \/>\n<script type=\"application\/ld+json\" class=\"yoast-schema-graph\">{\"@context\":\"https:\/\/schema.org\",\"@graph\":[{\"@type\":\"WebPage\",\"@id\":\"https:\/\/demoweb.info\/sexshop001\/producto\/arnes-de-hebilla-grande-para-hombre-talla-unica-negro\/\",\"url\":\"https:\/\/demoweb.info\/sexshop001\/producto\/arnes-de-hebilla-grande-para-hombre-talla-unica-negro\/\",\"name\":\"ARN\u00c9S DE HEBILLA GRANDE PARA HOMBRE - TALLA \u00daNICA - NEGRO - Tienda Er\u00f3tica\",\"isPartOf\":{\"@id\":\"https:\/\/demoweb.info\/sexshop001\/#website\"},\"datePublished\":\"2022-01-22T12:46:33+00:00\",\"dateModified\":\"2022-01-22T12:46:55+00:00\",\"breadcrumb\":{\"@id\":\"https:\/\/demoweb.info\/sexshop001\/producto\/arnes-de-hebilla-grande-para-hombre-talla-unica-negro\/#breadcrumb\"},\"inLanguage\":\"es\",\"potentialAction\":[{\"@type\":\"ReadAction\",\"target\":[\"https:\/\/demoweb.info\/sexshop001\/producto\/arnes-de-hebilla-grande-para-hombre-talla-unica-negro\/\"]}]},{\"@type\":\"BreadcrumbList\",\"@id\":\"https:\/\/demoweb.info\/sexshop001\/producto\/arnes-de-hebilla-grande-para-hombre-talla-unica-negro\/#breadcrumb\",\"itemListElement\":[{\"@type\":\"ListItem\",\"position\":1,\"name\":\"Portada\",\"item\":\"https:\/\/demoweb.info\/sexshop001\/\"},{\"@type\":\"ListItem\",\"position\":2,\"name\":\"Tienda\",\"item\":\"https:\/\/demoweb.info\/sexshop001\/tienda\/\"},{\"@type\":\"ListItem\",\"position\":3,\"name\":\"ARN\u00c9S DE HEBILLA GRANDE PARA HOMBRE &#8211; TALLA \u00daNICA &#8211; NEGRO\"}]},{\"@type\":\"WebSite\",\"@id\":\"https:\/\/demoweb.info\/sexshop001\/#website\",\"url\":\"https:\/\/demoweb.info\/sexshop001\/\",\"name\":\"Tienda Er\u00f3tica\",\"description\":\"DEMOWEB SL\",\"potentialAction\":[{\"@type\":\"SearchAction\",\"target\":{\"@type\":\"EntryPoint\",\"urlTemplate\":\"https:\/\/demoweb.info\/sexshop001\/?s={search_term_string}\"},\"query-input\":\"required name=search_term_string\"}],\"inLanguage\":\"es\"}]}<\/script>\n<!-- \/ Yoast SEO plugin. -->","yoast_head_json":{"title":"ARN\u00c9S DE HEBILLA GRANDE PARA HOMBRE - TALLA \u00daNICA - NEGRO - Tienda Er\u00f3tica","robots":{"index":"noindex","follow":"follow","max-snippet":"max-snippet:-1","max-image-preview":"max-image-preview:large","max-video-preview":"max-video-preview:-1"},"og_locale":"es_ES","og_type":"article","og_title":"ARN\u00c9S DE HEBILLA GRANDE PARA HOMBRE - TALLA \u00daNICA - NEGRO - Tienda Er\u00f3tica","og_description":"MEN&#39;S LARGE BUCKLE HARNESS &#8211; ONE SIZE &#8211; BLACK Este arn\u00e9s es una incorporaci\u00f3n perfecta a la colecci\u00f3n de todo","og_url":"https:\/\/demoweb.info\/sexshop001\/producto\/arnes-de-hebilla-grande-para-hombre-talla-unica-negro\/","og_site_name":"Tienda Er\u00f3tica","article_modified_time":"2022-01-22T12:46:55+00:00","og_image":[{"width":550,"height":550,"url":"https:\/\/demoweb.info\/sexshop001\/wp-content\/uploads\/2022\/01\/ARNES-DE-HEBILLA-GRANDE-PARA-HOMBRE-TALLA-UNICA-NEGRO.jpg","type":"image\/jpeg"}],"twitter_card":"summary_large_image","twitter_misc":{"Tiempo de lectura":"1 minuto"},"schema":{"@context":"https:\/\/schema.org","@graph":[{"@type":"WebPage","@id":"https:\/\/demoweb.info\/sexshop001\/producto\/arnes-de-hebilla-grande-para-hombre-talla-unica-negro\/","url":"https:\/\/demoweb.info\/sexshop001\/producto\/arnes-de-hebilla-grande-para-hombre-talla-unica-negro\/","name":"ARN\u00c9S DE HEBILLA GRANDE PARA HOMBRE - TALLA \u00daNICA - NEGRO - Tienda Er\u00f3tica","isPartOf":{"@id":"https:\/\/demoweb.info\/sexshop001\/#website"},"datePublished":"2022-01-22T12:46:33+00:00","dateModified":"2022-01-22T12:46:55+00:00","breadcrumb":{"@id":"https:\/\/demoweb.info\/sexshop001\/producto\/arnes-de-hebilla-grande-para-hombre-talla-unica-negro\/#breadcrumb"},"inLanguage":"es","potentialAction":[{"@type":"ReadAction","target":["https:\/\/demoweb.info\/sexshop001\/producto\/arnes-de-hebilla-grande-para-hombre-talla-unica-negro\/"]}]},{"@type":"BreadcrumbList","@id":"https:\/\/demoweb.info\/sexshop001\/producto\/arnes-de-hebilla-grande-para-hombre-talla-unica-negro\/#breadcrumb","itemListElement":[{"@type":"ListItem","position":1,"name":"Portada","item":"https:\/\/demoweb.info\/sexshop001\/"},{"@type":"ListItem","position":2,"name":"Tienda","item":"https:\/\/demoweb.info\/sexshop001\/tienda\/"},{"@type":"ListItem","position":3,"name":"ARN\u00c9S DE HEBILLA GRANDE PARA HOMBRE &#8211; TALLA \u00daNICA &#8211; NEGRO"}]},{"@type":"WebSite","@id":"https:\/\/demoweb.info\/sexshop001\/#website","url":"https:\/\/demoweb.info\/sexshop001\/","name":"Tienda Er\u00f3tica","description":"DEMOWEB SL","potentialAction":[{"@type":"SearchAction","target":{"@type":"EntryPoint","urlTemplate":"https:\/\/demoweb.info\/sexshop001\/?s={search_term_string}"},"query-input":"required name=search_term_string"}],"inLanguage":"es"}]}},"_links":{"self":[{"href":"https:\/\/demoweb.info\/sexshop001\/wp-json\/wp\/v3\/product\/37015","targetHints":{"allow":["GET"]}}],"collection":[{"href":"https:\/\/demoweb.info\/sexshop001\/wp-json\/wp\/v3\/product"}],"about":[{"href":"https:\/\/demoweb.info\/sexshop001\/wp-json\/wp\/v2\/types\/product"}],"replies":[{"embeddable":true,"href":"https:\/\/demoweb.info\/sexshop001\/wp-json\/wp\/v2\/comments?post=37015"}],"wp:featuredmedia":[{"embeddable":true,"href":"https:\/\/demoweb.info\/sexshop001\/wp-json\/wp\/v2\/media\/37016"}],"wp:attachment":[{"href":"https:\/\/demoweb.info\/sexshop001\/wp-json\/wp\/v2\/media?parent=37015"}],"wp:term":[{"taxonomy":"product_cat","embeddable":true,"href":"https:\/\/demoweb.info\/sexshop001\/wp-json\/wp\/v2\/product_cat?post=37015"},{"taxonomy":"product_tag","embeddable":true,"href":"https:\/\/demoweb.info\/sexshop001\/wp-json\/wp\/v2\/product_tag?post=37015"}],"curies":[{"name":"wp","href":"https:\/\/api.w.org\/{rel}","templated":true}]}}