{"id":37001,"date":"2022-01-22T13:46:33","date_gmt":"2022-01-22T12:46:33","guid":{"rendered":"https:\/\/demoweb.info\/sexshop001\/producto\/model-21-castidad-4-5\/"},"modified":"2022-01-22T13:46:45","modified_gmt":"2022-01-22T12:46:45","slug":"model-21-castidad-4-5","status":"publish","type":"product","link":"https:\/\/demoweb.info\/sexshop001\/producto\/model-21-castidad-4-5\/","title":{"rendered":"MODEL 21 &#8211; CASTIDAD &#8211; 4.5"},"content":{"rendered":"<p><strong>MODEL 21 &#8211; CHASTITY &#8211; 4.5<\/strong><\/p>\n<p>Siente el m\u00e1ximo poder como poseedor de la llave de las partes m\u00e1s \u00edntimas de tu pareja. Experimenta las sensaciones m\u00e1s liberadoras al abrir la cerradura. Todo el control est\u00e1 en manos de tu dominante.<\/p>\n<p>Este Mancage es una necesidad absoluta para los amantes del BDSM. Con este Mancage evitas una erecci\u00f3n al enjaular tu pene &#8211; que se acumula hasta una liberaci\u00f3n extrema cuando se retira. Debido a la silicona de grado m\u00e9dico es seguro de llevar todo el d\u00eda, y es flexible bajo la ropa. De este modo, podr\u00e1 llevarlo en secreto, pero con facilidad, a cualquier parte. Se puede ajustar en varios puntos y est\u00e1 disponible en dos tama\u00f1os.<\/p>\n<p>Hay cinco anillos diferentes y distintos espaciadores para medirlo perfectamente. Tiene aberturas funcionales para la ventilaci\u00f3n y el aseo y es f\u00e1cil de limpiar. Este Mancage viene con varios cierres de pl\u00e1stico, que se utilizan si se requiere una mayor discreci\u00f3n (como los controles de seguridad). Estos cierres pueden soltarse cuando llegue el momento de la liberaci\u00f3n definitiva.<\/p>\n<p>Tambi\u00e9n se incluye un robusto cierre de metal. \u00bfBusca algo realmente excitante y travieso? \u00bfQuiere ser controlado a fondo por su pareja?<\/p>\n<p>Este Mancage le da la oportunidad de tomar todo el poder o de entreg\u00e1rselo completamente a su pareja.<\/p>\n<p>\u00bfPervertido? Eso es seguro. Juega con seguridad, apuesta por la comodidad y s\u00f3lo permite la incomodidad o el dolor cuando te lo pidan y nadie saldr\u00e1 perjudicado a la larga. Qu\u00edtate la jaula mientras duermes.<\/p>\n<p><strong>CARACTER\u00cdSTICAS<\/strong><\/p>\n<ul>\n<li>Dimensiones del producto: 115 cm<\/li>\n<li>Libre de ftalato: S\u00ed<\/li>\n<li>Materiales: SILICONE \/ POLYCARBONATE<\/li>\n<\/ul>\n","protected":false},"excerpt":{"rendered":"<p>MODEL 21 &#8211; CHASTITY &#8211; 4.5 Siente el m\u00e1ximo poder como poseedor de la llave de las partes m\u00e1s \u00edntimas<\/p>\n","protected":false},"featured_media":37002,"comment_status":"open","ping_status":"open","template":"","meta":[],"product_cat":[305],"product_tag":[306,302],"class_list":["post-37001","product","type-product","status-publish","has-post-thumbnail","hentry","product_cat-castidad","product_tag-mancage","product_tag-shots"],"bundled_by":[],"bundle_stock_status":"instock","bundle_stock_quantity":4,"bundle_virtual":false,"bundle_layout":"","bundle_add_to_cart_form_location":"","bundle_editable_in_cart":false,"bundle_sold_individually_context":"","bundle_item_grouping":"","bundle_min_size":"","bundle_max_size":"","bundled_items":[],"yoast_head":"<!-- This site is optimized with the Yoast SEO plugin v20.6 - https:\/\/yoast.com\/wordpress\/plugins\/seo\/ -->\n<title>MODEL 21 - CASTIDAD - 4.5 - Tienda Er\u00f3tica<\/title>\n<meta name=\"robots\" content=\"noindex, follow, max-snippet:-1, max-image-preview:large, max-video-preview:-1\" \/>\n<meta property=\"og:locale\" content=\"es_ES\" \/>\n<meta property=\"og:type\" content=\"article\" \/>\n<meta property=\"og:title\" content=\"MODEL 21 - CASTIDAD - 4.5 - Tienda Er\u00f3tica\" \/>\n<meta property=\"og:description\" content=\"MODEL 21 &#8211; CHASTITY &#8211; 4.5 Siente el m\u00e1ximo poder como poseedor de la llave de las partes m\u00e1s \u00edntimas\" \/>\n<meta property=\"og:url\" content=\"https:\/\/demoweb.info\/sexshop001\/producto\/model-21-castidad-4-5\/\" \/>\n<meta property=\"og:site_name\" content=\"Tienda Er\u00f3tica\" \/>\n<meta property=\"article:modified_time\" content=\"2022-01-22T12:46:45+00:00\" \/>\n<meta property=\"og:image\" content=\"https:\/\/demoweb.info\/sexshop001\/wp-content\/uploads\/2022\/01\/MODEL-21-CASTIDAD-4.5.jpg\" \/>\n\t<meta property=\"og:image:width\" content=\"550\" \/>\n\t<meta property=\"og:image:height\" content=\"550\" \/>\n\t<meta property=\"og:image:type\" content=\"image\/jpeg\" \/>\n<meta name=\"twitter:card\" content=\"summary_large_image\" \/>\n<meta name=\"twitter:label1\" content=\"Tiempo de lectura\" \/>\n\t<meta name=\"twitter:data1\" content=\"1 minuto\" \/>\n<script type=\"application\/ld+json\" class=\"yoast-schema-graph\">{\"@context\":\"https:\/\/schema.org\",\"@graph\":[{\"@type\":\"WebPage\",\"@id\":\"https:\/\/demoweb.info\/sexshop001\/producto\/model-21-castidad-4-5\/\",\"url\":\"https:\/\/demoweb.info\/sexshop001\/producto\/model-21-castidad-4-5\/\",\"name\":\"MODEL 21 - CASTIDAD - 4.5 - Tienda Er\u00f3tica\",\"isPartOf\":{\"@id\":\"https:\/\/demoweb.info\/sexshop001\/#website\"},\"datePublished\":\"2022-01-22T12:46:33+00:00\",\"dateModified\":\"2022-01-22T12:46:45+00:00\",\"breadcrumb\":{\"@id\":\"https:\/\/demoweb.info\/sexshop001\/producto\/model-21-castidad-4-5\/#breadcrumb\"},\"inLanguage\":\"es\",\"potentialAction\":[{\"@type\":\"ReadAction\",\"target\":[\"https:\/\/demoweb.info\/sexshop001\/producto\/model-21-castidad-4-5\/\"]}]},{\"@type\":\"BreadcrumbList\",\"@id\":\"https:\/\/demoweb.info\/sexshop001\/producto\/model-21-castidad-4-5\/#breadcrumb\",\"itemListElement\":[{\"@type\":\"ListItem\",\"position\":1,\"name\":\"Portada\",\"item\":\"https:\/\/demoweb.info\/sexshop001\/\"},{\"@type\":\"ListItem\",\"position\":2,\"name\":\"Tienda\",\"item\":\"https:\/\/demoweb.info\/sexshop001\/tienda\/\"},{\"@type\":\"ListItem\",\"position\":3,\"name\":\"MODEL 21 &#8211; CASTIDAD &#8211; 4.5\"}]},{\"@type\":\"WebSite\",\"@id\":\"https:\/\/demoweb.info\/sexshop001\/#website\",\"url\":\"https:\/\/demoweb.info\/sexshop001\/\",\"name\":\"Tienda Er\u00f3tica\",\"description\":\"DEMOWEB SL\",\"potentialAction\":[{\"@type\":\"SearchAction\",\"target\":{\"@type\":\"EntryPoint\",\"urlTemplate\":\"https:\/\/demoweb.info\/sexshop001\/?s={search_term_string}\"},\"query-input\":\"required name=search_term_string\"}],\"inLanguage\":\"es\"}]}<\/script>\n<!-- \/ Yoast SEO plugin. -->","yoast_head_json":{"title":"MODEL 21 - CASTIDAD - 4.5 - Tienda Er\u00f3tica","robots":{"index":"noindex","follow":"follow","max-snippet":"max-snippet:-1","max-image-preview":"max-image-preview:large","max-video-preview":"max-video-preview:-1"},"og_locale":"es_ES","og_type":"article","og_title":"MODEL 21 - CASTIDAD - 4.5 - Tienda Er\u00f3tica","og_description":"MODEL 21 &#8211; CHASTITY &#8211; 4.5 Siente el m\u00e1ximo poder como poseedor de la llave de las partes m\u00e1s \u00edntimas","og_url":"https:\/\/demoweb.info\/sexshop001\/producto\/model-21-castidad-4-5\/","og_site_name":"Tienda Er\u00f3tica","article_modified_time":"2022-01-22T12:46:45+00:00","og_image":[{"width":550,"height":550,"url":"https:\/\/demoweb.info\/sexshop001\/wp-content\/uploads\/2022\/01\/MODEL-21-CASTIDAD-4.5.jpg","type":"image\/jpeg"}],"twitter_card":"summary_large_image","twitter_misc":{"Tiempo de lectura":"1 minuto"},"schema":{"@context":"https:\/\/schema.org","@graph":[{"@type":"WebPage","@id":"https:\/\/demoweb.info\/sexshop001\/producto\/model-21-castidad-4-5\/","url":"https:\/\/demoweb.info\/sexshop001\/producto\/model-21-castidad-4-5\/","name":"MODEL 21 - CASTIDAD - 4.5 - Tienda Er\u00f3tica","isPartOf":{"@id":"https:\/\/demoweb.info\/sexshop001\/#website"},"datePublished":"2022-01-22T12:46:33+00:00","dateModified":"2022-01-22T12:46:45+00:00","breadcrumb":{"@id":"https:\/\/demoweb.info\/sexshop001\/producto\/model-21-castidad-4-5\/#breadcrumb"},"inLanguage":"es","potentialAction":[{"@type":"ReadAction","target":["https:\/\/demoweb.info\/sexshop001\/producto\/model-21-castidad-4-5\/"]}]},{"@type":"BreadcrumbList","@id":"https:\/\/demoweb.info\/sexshop001\/producto\/model-21-castidad-4-5\/#breadcrumb","itemListElement":[{"@type":"ListItem","position":1,"name":"Portada","item":"https:\/\/demoweb.info\/sexshop001\/"},{"@type":"ListItem","position":2,"name":"Tienda","item":"https:\/\/demoweb.info\/sexshop001\/tienda\/"},{"@type":"ListItem","position":3,"name":"MODEL 21 &#8211; CASTIDAD &#8211; 4.5"}]},{"@type":"WebSite","@id":"https:\/\/demoweb.info\/sexshop001\/#website","url":"https:\/\/demoweb.info\/sexshop001\/","name":"Tienda Er\u00f3tica","description":"DEMOWEB SL","potentialAction":[{"@type":"SearchAction","target":{"@type":"EntryPoint","urlTemplate":"https:\/\/demoweb.info\/sexshop001\/?s={search_term_string}"},"query-input":"required name=search_term_string"}],"inLanguage":"es"}]}},"_links":{"self":[{"href":"https:\/\/demoweb.info\/sexshop001\/wp-json\/wp\/v3\/product\/37001","targetHints":{"allow":["GET"]}}],"collection":[{"href":"https:\/\/demoweb.info\/sexshop001\/wp-json\/wp\/v3\/product"}],"about":[{"href":"https:\/\/demoweb.info\/sexshop001\/wp-json\/wp\/v2\/types\/product"}],"replies":[{"embeddable":true,"href":"https:\/\/demoweb.info\/sexshop001\/wp-json\/wp\/v2\/comments?post=37001"}],"wp:featuredmedia":[{"embeddable":true,"href":"https:\/\/demoweb.info\/sexshop001\/wp-json\/wp\/v2\/media\/37002"}],"wp:attachment":[{"href":"https:\/\/demoweb.info\/sexshop001\/wp-json\/wp\/v2\/media?parent=37001"}],"wp:term":[{"taxonomy":"product_cat","embeddable":true,"href":"https:\/\/demoweb.info\/sexshop001\/wp-json\/wp\/v2\/product_cat?post=37001"},{"taxonomy":"product_tag","embeddable":true,"href":"https:\/\/demoweb.info\/sexshop001\/wp-json\/wp\/v2\/product_tag?post=37001"}],"curies":[{"name":"wp","href":"https:\/\/api.w.org\/{rel}","templated":true}]}}