{"id":36890,"date":"2022-01-22T13:45:24","date_gmt":"2022-01-22T12:45:24","guid":{"rendered":"https:\/\/demoweb.info\/sexshop001\/producto\/collar-bondage-deluxe-talla-unica-negro\/"},"modified":"2022-01-22T13:45:29","modified_gmt":"2022-01-22T12:45:29","slug":"collar-bondage-deluxe-talla-unica-negro","status":"publish","type":"product","link":"https:\/\/demoweb.info\/sexshop001\/producto\/collar-bondage-deluxe-talla-unica-negro\/","title":{"rendered":"COLLAR BONDAGE DELUXE &#8211; TALLA \u00daNICA &#8211; NEGRO"},"content":{"rendered":"<p><strong>DELUXE BONDAGE COLLAR &#8211; ONE SIZE &#8211; BLACK<\/strong><\/p>\n<p>A veces, menos es m\u00e1s. No busque m\u00e1s si usted est\u00e1 en el mercado para un arn\u00e9s de alta resistencia directa. Con 4 grandes hebillas para ajustar, \u00a1siempre encontrar\u00e1s la talla adecuada para un ajuste perfecto!<\/p>\n<p>El arn\u00e9s, hecho de cuero y acero inoxidable, tiene dos anillos en forma de O resistentes en la parte delantera y trasera; conecte varios accesorios BDSM a estos anillos en forma de O para llevar el juego bondage a un nivel superior.<\/p>\n<p>Coloca a tu pareja masculina en este arn\u00e9s de pecho con tachuelas y disfruta de las nuevas formas de disfrutar del juego bondage. Ll\u00e9valo sobre la piel desnuda o por encima de la ropa para conseguir un aspecto inigualable que promete llamar la atenci\u00f3n sin esfuerzo.<\/p>\n<p>La(s) correa(s) de los hombros puede(n) ajustarse de 35 cm a 49 cm y las correas para el pecho pueden ajustarse de 101 cm a 115 cm.<\/p>\n<p><strong>CARACTER\u00cdSTICAS<\/strong><\/p>\n<ul>\n<li>Peso del producto: 90 gram<\/li>\n<li>Libre de ftalato: S\u00ed\n\t <\/li>\n<\/ul>\n","protected":false},"excerpt":{"rendered":"<p>DELUXE BONDAGE COLLAR &#8211; ONE SIZE &#8211; BLACK A veces, menos es m\u00e1s. No busque m\u00e1s si usted est\u00e1 en<\/p>\n","protected":false},"featured_media":36891,"comment_status":"open","ping_status":"open","template":"","meta":[],"product_cat":[499],"product_tag":[307,302],"class_list":["post-36890","product","type-product","status-publish","has-post-thumbnail","hentry","product_cat-collares","product_tag-ouch","product_tag-shots"],"bundled_by":[],"bundle_stock_status":"instock","bundle_stock_quantity":10,"bundle_virtual":false,"bundle_layout":"","bundle_add_to_cart_form_location":"","bundle_editable_in_cart":false,"bundle_sold_individually_context":"","bundle_item_grouping":"","bundle_min_size":"","bundle_max_size":"","bundled_items":[],"yoast_head":"<!-- This site is optimized with the Yoast SEO plugin v20.6 - https:\/\/yoast.com\/wordpress\/plugins\/seo\/ -->\n<title>COLLAR BONDAGE DELUXE - TALLA \u00daNICA - NEGRO - Tienda Er\u00f3tica<\/title>\n<meta name=\"robots\" content=\"noindex, follow, max-snippet:-1, max-image-preview:large, max-video-preview:-1\" \/>\n<meta property=\"og:locale\" content=\"es_ES\" \/>\n<meta property=\"og:type\" content=\"article\" \/>\n<meta property=\"og:title\" content=\"COLLAR BONDAGE DELUXE - TALLA \u00daNICA - NEGRO - Tienda Er\u00f3tica\" \/>\n<meta property=\"og:description\" content=\"DELUXE BONDAGE COLLAR &#8211; ONE SIZE &#8211; BLACK A veces, menos es m\u00e1s. No busque m\u00e1s si usted est\u00e1 en\" \/>\n<meta property=\"og:url\" content=\"https:\/\/demoweb.info\/sexshop001\/producto\/collar-bondage-deluxe-talla-unica-negro\/\" \/>\n<meta property=\"og:site_name\" content=\"Tienda Er\u00f3tica\" \/>\n<meta property=\"article:modified_time\" content=\"2022-01-22T12:45:29+00:00\" \/>\n<meta property=\"og:image\" content=\"https:\/\/demoweb.info\/sexshop001\/wp-content\/uploads\/2022\/01\/COLLAR-BONDAGE-DELUXE-TALLA-UNICA-NEGRO.jpg\" \/>\n\t<meta property=\"og:image:width\" content=\"550\" \/>\n\t<meta property=\"og:image:height\" content=\"550\" \/>\n\t<meta property=\"og:image:type\" content=\"image\/jpeg\" \/>\n<meta name=\"twitter:card\" content=\"summary_large_image\" \/>\n<meta name=\"twitter:label1\" content=\"Tiempo de lectura\" \/>\n\t<meta name=\"twitter:data1\" content=\"1 minuto\" \/>\n<script type=\"application\/ld+json\" class=\"yoast-schema-graph\">{\"@context\":\"https:\/\/schema.org\",\"@graph\":[{\"@type\":\"WebPage\",\"@id\":\"https:\/\/demoweb.info\/sexshop001\/producto\/collar-bondage-deluxe-talla-unica-negro\/\",\"url\":\"https:\/\/demoweb.info\/sexshop001\/producto\/collar-bondage-deluxe-talla-unica-negro\/\",\"name\":\"COLLAR BONDAGE DELUXE - TALLA \u00daNICA - NEGRO - Tienda Er\u00f3tica\",\"isPartOf\":{\"@id\":\"https:\/\/demoweb.info\/sexshop001\/#website\"},\"datePublished\":\"2022-01-22T12:45:24+00:00\",\"dateModified\":\"2022-01-22T12:45:29+00:00\",\"breadcrumb\":{\"@id\":\"https:\/\/demoweb.info\/sexshop001\/producto\/collar-bondage-deluxe-talla-unica-negro\/#breadcrumb\"},\"inLanguage\":\"es\",\"potentialAction\":[{\"@type\":\"ReadAction\",\"target\":[\"https:\/\/demoweb.info\/sexshop001\/producto\/collar-bondage-deluxe-talla-unica-negro\/\"]}]},{\"@type\":\"BreadcrumbList\",\"@id\":\"https:\/\/demoweb.info\/sexshop001\/producto\/collar-bondage-deluxe-talla-unica-negro\/#breadcrumb\",\"itemListElement\":[{\"@type\":\"ListItem\",\"position\":1,\"name\":\"Portada\",\"item\":\"https:\/\/demoweb.info\/sexshop001\/\"},{\"@type\":\"ListItem\",\"position\":2,\"name\":\"Tienda\",\"item\":\"https:\/\/demoweb.info\/sexshop001\/tienda\/\"},{\"@type\":\"ListItem\",\"position\":3,\"name\":\"COLLAR BONDAGE DELUXE &#8211; TALLA \u00daNICA &#8211; NEGRO\"}]},{\"@type\":\"WebSite\",\"@id\":\"https:\/\/demoweb.info\/sexshop001\/#website\",\"url\":\"https:\/\/demoweb.info\/sexshop001\/\",\"name\":\"Tienda Er\u00f3tica\",\"description\":\"DEMOWEB SL\",\"potentialAction\":[{\"@type\":\"SearchAction\",\"target\":{\"@type\":\"EntryPoint\",\"urlTemplate\":\"https:\/\/demoweb.info\/sexshop001\/?s={search_term_string}\"},\"query-input\":\"required name=search_term_string\"}],\"inLanguage\":\"es\"}]}<\/script>\n<!-- \/ Yoast SEO plugin. -->","yoast_head_json":{"title":"COLLAR BONDAGE DELUXE - TALLA \u00daNICA - NEGRO - Tienda Er\u00f3tica","robots":{"index":"noindex","follow":"follow","max-snippet":"max-snippet:-1","max-image-preview":"max-image-preview:large","max-video-preview":"max-video-preview:-1"},"og_locale":"es_ES","og_type":"article","og_title":"COLLAR BONDAGE DELUXE - TALLA \u00daNICA - NEGRO - Tienda Er\u00f3tica","og_description":"DELUXE BONDAGE COLLAR &#8211; ONE SIZE &#8211; BLACK A veces, menos es m\u00e1s. No busque m\u00e1s si usted est\u00e1 en","og_url":"https:\/\/demoweb.info\/sexshop001\/producto\/collar-bondage-deluxe-talla-unica-negro\/","og_site_name":"Tienda Er\u00f3tica","article_modified_time":"2022-01-22T12:45:29+00:00","og_image":[{"width":550,"height":550,"url":"https:\/\/demoweb.info\/sexshop001\/wp-content\/uploads\/2022\/01\/COLLAR-BONDAGE-DELUXE-TALLA-UNICA-NEGRO.jpg","type":"image\/jpeg"}],"twitter_card":"summary_large_image","twitter_misc":{"Tiempo de lectura":"1 minuto"},"schema":{"@context":"https:\/\/schema.org","@graph":[{"@type":"WebPage","@id":"https:\/\/demoweb.info\/sexshop001\/producto\/collar-bondage-deluxe-talla-unica-negro\/","url":"https:\/\/demoweb.info\/sexshop001\/producto\/collar-bondage-deluxe-talla-unica-negro\/","name":"COLLAR BONDAGE DELUXE - TALLA \u00daNICA - NEGRO - Tienda Er\u00f3tica","isPartOf":{"@id":"https:\/\/demoweb.info\/sexshop001\/#website"},"datePublished":"2022-01-22T12:45:24+00:00","dateModified":"2022-01-22T12:45:29+00:00","breadcrumb":{"@id":"https:\/\/demoweb.info\/sexshop001\/producto\/collar-bondage-deluxe-talla-unica-negro\/#breadcrumb"},"inLanguage":"es","potentialAction":[{"@type":"ReadAction","target":["https:\/\/demoweb.info\/sexshop001\/producto\/collar-bondage-deluxe-talla-unica-negro\/"]}]},{"@type":"BreadcrumbList","@id":"https:\/\/demoweb.info\/sexshop001\/producto\/collar-bondage-deluxe-talla-unica-negro\/#breadcrumb","itemListElement":[{"@type":"ListItem","position":1,"name":"Portada","item":"https:\/\/demoweb.info\/sexshop001\/"},{"@type":"ListItem","position":2,"name":"Tienda","item":"https:\/\/demoweb.info\/sexshop001\/tienda\/"},{"@type":"ListItem","position":3,"name":"COLLAR BONDAGE DELUXE &#8211; TALLA \u00daNICA &#8211; NEGRO"}]},{"@type":"WebSite","@id":"https:\/\/demoweb.info\/sexshop001\/#website","url":"https:\/\/demoweb.info\/sexshop001\/","name":"Tienda Er\u00f3tica","description":"DEMOWEB SL","potentialAction":[{"@type":"SearchAction","target":{"@type":"EntryPoint","urlTemplate":"https:\/\/demoweb.info\/sexshop001\/?s={search_term_string}"},"query-input":"required name=search_term_string"}],"inLanguage":"es"}]}},"_links":{"self":[{"href":"https:\/\/demoweb.info\/sexshop001\/wp-json\/wp\/v3\/product\/36890","targetHints":{"allow":["GET"]}}],"collection":[{"href":"https:\/\/demoweb.info\/sexshop001\/wp-json\/wp\/v3\/product"}],"about":[{"href":"https:\/\/demoweb.info\/sexshop001\/wp-json\/wp\/v2\/types\/product"}],"replies":[{"embeddable":true,"href":"https:\/\/demoweb.info\/sexshop001\/wp-json\/wp\/v2\/comments?post=36890"}],"wp:featuredmedia":[{"embeddable":true,"href":"https:\/\/demoweb.info\/sexshop001\/wp-json\/wp\/v2\/media\/36891"}],"wp:attachment":[{"href":"https:\/\/demoweb.info\/sexshop001\/wp-json\/wp\/v2\/media?parent=36890"}],"wp:term":[{"taxonomy":"product_cat","embeddable":true,"href":"https:\/\/demoweb.info\/sexshop001\/wp-json\/wp\/v2\/product_cat?post=36890"},{"taxonomy":"product_tag","embeddable":true,"href":"https:\/\/demoweb.info\/sexshop001\/wp-json\/wp\/v2\/product_tag?post=36890"}],"curies":[{"name":"wp","href":"https:\/\/api.w.org\/{rel}","templated":true}]}}