{"id":36827,"date":"2022-01-22T13:44:44","date_gmt":"2022-01-22T12:44:44","guid":{"rendered":"https:\/\/demoweb.info\/sexshop001\/producto\/buckle-bulldog-harness-azul\/"},"modified":"2022-01-22T13:44:44","modified_gmt":"2022-01-22T12:44:44","slug":"buckle-bulldog-harness-azul","status":"publish","type":"product","link":"https:\/\/demoweb.info\/sexshop001\/producto\/buckle-bulldog-harness-azul\/","title":{"rendered":"BUCKLE BULLDOG HARNESS &#8211; AZUL"},"content":{"rendered":"<p><strong>BUCKLE BULLDOG HARNESS &#8211; S\/M &#8211; BLUE<\/strong><\/p>\n<p>Si eres un apasionado incondicional de la moda fetichista, hemos dise\u00f1ado este elegante arn\u00e9s de cuero aut\u00e9ntico. Las cuatro correas ajustables con hebillas robustas permiten que el arn\u00e9s se ci\u00f1a perfecta y c\u00f3modamente, d\u00e1ndote, a su vez, un aspecto masculino y dominante.<\/p>\n<p>Adem\u00e1s de ser un accesorio bondage ideal para usar en casa, tambi\u00e9n queda muy bien para salir a dar una vuelta o ir de fiesta. Puedes pon\u00e9rtelo por encima de la ropa o a pelo.<\/p>\n<p>\u00a1T\u00fa eliges! El arn\u00e9s ajustable est\u00e1 disponible en las tallas S\/M y L\/XL para garantizar un ajuste mucho mejor. C\u00f3digo de color: Negro &#8211; BDSM | Rojo &#8211; Fisting | Azul &#8211; Anal<\/p>\n<p><strong>CARACTER\u00cdSTICAS<\/strong><\/p>\n<ul>\n<li>Peso del producto: 405 gram<\/li>\n<li>Libre de ftalato: S\u00ed<\/li>\n<\/ul>\n","protected":false},"excerpt":{"rendered":"<p>BUCKLE BULLDOG HARNESS &#8211; S\/M &#8211; BLUE Si eres un apasionado incondicional de la moda fetichista, hemos dise\u00f1ado este elegante<\/p>\n","protected":false},"featured_media":36828,"comment_status":"open","ping_status":"open","template":"","meta":[],"product_cat":[603],"product_tag":[307,302],"class_list":["post-36827","product","type-product","status-publish","has-post-thumbnail","hentry","product_cat-arneses-ataduras","product_tag-ouch","product_tag-shots"],"bundled_by":[],"bundle_stock_status":"instock","bundle_stock_quantity":5,"bundle_virtual":false,"bundle_layout":"","bundle_add_to_cart_form_location":"","bundle_editable_in_cart":false,"bundle_sold_individually_context":"","bundle_item_grouping":"","bundle_min_size":"","bundle_max_size":"","bundled_items":[],"yoast_head":"<!-- This site is optimized with the Yoast SEO plugin v20.6 - https:\/\/yoast.com\/wordpress\/plugins\/seo\/ -->\n<title>BUCKLE BULLDOG HARNESS - AZUL - Tienda Er\u00f3tica<\/title>\n<meta name=\"robots\" content=\"noindex, follow, max-snippet:-1, max-image-preview:large, max-video-preview:-1\" \/>\n<meta property=\"og:locale\" content=\"es_ES\" \/>\n<meta property=\"og:type\" content=\"article\" \/>\n<meta property=\"og:title\" content=\"BUCKLE BULLDOG HARNESS - AZUL - Tienda Er\u00f3tica\" \/>\n<meta property=\"og:description\" content=\"BUCKLE BULLDOG HARNESS &#8211; S\/M &#8211; BLUE Si eres un apasionado incondicional de la moda fetichista, hemos dise\u00f1ado este elegante\" \/>\n<meta property=\"og:url\" content=\"https:\/\/demoweb.info\/sexshop001\/producto\/buckle-bulldog-harness-azul\/\" \/>\n<meta property=\"og:site_name\" content=\"Tienda Er\u00f3tica\" \/>\n<meta property=\"og:image\" content=\"https:\/\/demoweb.info\/sexshop001\/wp-content\/uploads\/2022\/01\/BUCKLE-BULLDOG-HARNESS-AZUL.jpg\" \/>\n\t<meta property=\"og:image:width\" content=\"550\" \/>\n\t<meta property=\"og:image:height\" content=\"550\" \/>\n\t<meta property=\"og:image:type\" content=\"image\/jpeg\" \/>\n<meta name=\"twitter:card\" content=\"summary_large_image\" \/>\n<meta name=\"twitter:label1\" content=\"Tiempo de lectura\" \/>\n\t<meta name=\"twitter:data1\" content=\"1 minuto\" \/>\n<script type=\"application\/ld+json\" class=\"yoast-schema-graph\">{\"@context\":\"https:\/\/schema.org\",\"@graph\":[{\"@type\":\"WebPage\",\"@id\":\"https:\/\/demoweb.info\/sexshop001\/producto\/buckle-bulldog-harness-azul\/\",\"url\":\"https:\/\/demoweb.info\/sexshop001\/producto\/buckle-bulldog-harness-azul\/\",\"name\":\"BUCKLE BULLDOG HARNESS - AZUL - Tienda Er\u00f3tica\",\"isPartOf\":{\"@id\":\"https:\/\/demoweb.info\/sexshop001\/#website\"},\"datePublished\":\"2022-01-22T12:44:44+00:00\",\"dateModified\":\"2022-01-22T12:44:44+00:00\",\"breadcrumb\":{\"@id\":\"https:\/\/demoweb.info\/sexshop001\/producto\/buckle-bulldog-harness-azul\/#breadcrumb\"},\"inLanguage\":\"es\",\"potentialAction\":[{\"@type\":\"ReadAction\",\"target\":[\"https:\/\/demoweb.info\/sexshop001\/producto\/buckle-bulldog-harness-azul\/\"]}]},{\"@type\":\"BreadcrumbList\",\"@id\":\"https:\/\/demoweb.info\/sexshop001\/producto\/buckle-bulldog-harness-azul\/#breadcrumb\",\"itemListElement\":[{\"@type\":\"ListItem\",\"position\":1,\"name\":\"Portada\",\"item\":\"https:\/\/demoweb.info\/sexshop001\/\"},{\"@type\":\"ListItem\",\"position\":2,\"name\":\"Tienda\",\"item\":\"https:\/\/demoweb.info\/sexshop001\/tienda\/\"},{\"@type\":\"ListItem\",\"position\":3,\"name\":\"BUCKLE BULLDOG HARNESS &#8211; AZUL\"}]},{\"@type\":\"WebSite\",\"@id\":\"https:\/\/demoweb.info\/sexshop001\/#website\",\"url\":\"https:\/\/demoweb.info\/sexshop001\/\",\"name\":\"Tienda Er\u00f3tica\",\"description\":\"DEMOWEB SL\",\"potentialAction\":[{\"@type\":\"SearchAction\",\"target\":{\"@type\":\"EntryPoint\",\"urlTemplate\":\"https:\/\/demoweb.info\/sexshop001\/?s={search_term_string}\"},\"query-input\":\"required name=search_term_string\"}],\"inLanguage\":\"es\"}]}<\/script>\n<!-- \/ Yoast SEO plugin. -->","yoast_head_json":{"title":"BUCKLE BULLDOG HARNESS - AZUL - Tienda Er\u00f3tica","robots":{"index":"noindex","follow":"follow","max-snippet":"max-snippet:-1","max-image-preview":"max-image-preview:large","max-video-preview":"max-video-preview:-1"},"og_locale":"es_ES","og_type":"article","og_title":"BUCKLE BULLDOG HARNESS - AZUL - Tienda Er\u00f3tica","og_description":"BUCKLE BULLDOG HARNESS &#8211; S\/M &#8211; BLUE Si eres un apasionado incondicional de la moda fetichista, hemos dise\u00f1ado este elegante","og_url":"https:\/\/demoweb.info\/sexshop001\/producto\/buckle-bulldog-harness-azul\/","og_site_name":"Tienda Er\u00f3tica","og_image":[{"width":550,"height":550,"url":"https:\/\/demoweb.info\/sexshop001\/wp-content\/uploads\/2022\/01\/BUCKLE-BULLDOG-HARNESS-AZUL.jpg","type":"image\/jpeg"}],"twitter_card":"summary_large_image","twitter_misc":{"Tiempo de lectura":"1 minuto"},"schema":{"@context":"https:\/\/schema.org","@graph":[{"@type":"WebPage","@id":"https:\/\/demoweb.info\/sexshop001\/producto\/buckle-bulldog-harness-azul\/","url":"https:\/\/demoweb.info\/sexshop001\/producto\/buckle-bulldog-harness-azul\/","name":"BUCKLE BULLDOG HARNESS - AZUL - Tienda Er\u00f3tica","isPartOf":{"@id":"https:\/\/demoweb.info\/sexshop001\/#website"},"datePublished":"2022-01-22T12:44:44+00:00","dateModified":"2022-01-22T12:44:44+00:00","breadcrumb":{"@id":"https:\/\/demoweb.info\/sexshop001\/producto\/buckle-bulldog-harness-azul\/#breadcrumb"},"inLanguage":"es","potentialAction":[{"@type":"ReadAction","target":["https:\/\/demoweb.info\/sexshop001\/producto\/buckle-bulldog-harness-azul\/"]}]},{"@type":"BreadcrumbList","@id":"https:\/\/demoweb.info\/sexshop001\/producto\/buckle-bulldog-harness-azul\/#breadcrumb","itemListElement":[{"@type":"ListItem","position":1,"name":"Portada","item":"https:\/\/demoweb.info\/sexshop001\/"},{"@type":"ListItem","position":2,"name":"Tienda","item":"https:\/\/demoweb.info\/sexshop001\/tienda\/"},{"@type":"ListItem","position":3,"name":"BUCKLE BULLDOG HARNESS &#8211; AZUL"}]},{"@type":"WebSite","@id":"https:\/\/demoweb.info\/sexshop001\/#website","url":"https:\/\/demoweb.info\/sexshop001\/","name":"Tienda Er\u00f3tica","description":"DEMOWEB SL","potentialAction":[{"@type":"SearchAction","target":{"@type":"EntryPoint","urlTemplate":"https:\/\/demoweb.info\/sexshop001\/?s={search_term_string}"},"query-input":"required name=search_term_string"}],"inLanguage":"es"}]}},"_links":{"self":[{"href":"https:\/\/demoweb.info\/sexshop001\/wp-json\/wp\/v3\/product\/36827","targetHints":{"allow":["GET"]}}],"collection":[{"href":"https:\/\/demoweb.info\/sexshop001\/wp-json\/wp\/v3\/product"}],"about":[{"href":"https:\/\/demoweb.info\/sexshop001\/wp-json\/wp\/v2\/types\/product"}],"replies":[{"embeddable":true,"href":"https:\/\/demoweb.info\/sexshop001\/wp-json\/wp\/v2\/comments?post=36827"}],"wp:featuredmedia":[{"embeddable":true,"href":"https:\/\/demoweb.info\/sexshop001\/wp-json\/wp\/v2\/media\/36828"}],"wp:attachment":[{"href":"https:\/\/demoweb.info\/sexshop001\/wp-json\/wp\/v2\/media?parent=36827"}],"wp:term":[{"taxonomy":"product_cat","embeddable":true,"href":"https:\/\/demoweb.info\/sexshop001\/wp-json\/wp\/v2\/product_cat?post=36827"},{"taxonomy":"product_tag","embeddable":true,"href":"https:\/\/demoweb.info\/sexshop001\/wp-json\/wp\/v2\/product_tag?post=36827"}],"curies":[{"name":"wp","href":"https:\/\/api.w.org\/{rel}","templated":true}]}}