{"id":36785,"date":"2022-01-22T13:44:05","date_gmt":"2022-01-22T12:44:05","guid":{"rendered":"https:\/\/demoweb.info\/sexshop001\/producto\/chest-bulldog-harness-negro\/"},"modified":"2022-01-22T13:44:14","modified_gmt":"2022-01-22T12:44:14","slug":"chest-bulldog-harness-negro","status":"publish","type":"product","link":"https:\/\/demoweb.info\/sexshop001\/producto\/chest-bulldog-harness-negro\/","title":{"rendered":"CHEST BULLDOG HARNESS &#8211; NEGRO"},"content":{"rendered":"<p><strong>CHEST BULLDOG HARNESS &#8211; L\/XL &#8211; BLACK<\/strong><\/p>\n<p>Este elegante arn\u00e9s est\u00e1 hecho con cuero de calidad superior y detalles de acero inoxidable para envolverte el pecho y la espalda resaltando tus curvas y tu l\u00ednea corporal.<\/p>\n<p>Las dos juntas t\u00f3ricas situadas delante y detr\u00e1s facilitan el acople de diferentes accesorios sado y le dan una vuelta de tuerca a tus fantas\u00edas bondage.<\/p>\n<p>Las hebillas situadas en los laterales del torso y en los hombros sirven para ajustar el arn\u00e9s y que se ci\u00f1a perfectamente. Puedes llevarlo a pelo para convertirte al instante en el centro de todas las miradas e irradiar tu fuerza.<\/p>\n<p>\u00a1Tambi\u00e9n se puede llevar por encima de la ropa y que todo el mundo sepa el tipo de diversi\u00f3n que te traes entre manos!<\/p>\n<p>El arn\u00e9s ajustable est\u00e1 disponible en las tallas S\/M y L\/ XL para garantizar un ajuste mucho mejor. C\u00f3digo de color: Negro &#8211; BDSM | Rojo &#8211; Fisting | Azul &#8211; Anal<\/p>\n<p><strong>CARACTER\u00cdSTICAS<\/strong><\/p>\n<ul>\n<li>Peso del producto: 380 gram<\/li>\n<li>Libre de ftalato: S\u00ed<\/li>\n<\/ul>\n","protected":false},"excerpt":{"rendered":"<p>CHEST BULLDOG HARNESS &#8211; L\/XL &#8211; BLACK Este elegante arn\u00e9s est\u00e1 hecho con cuero de calidad superior y detalles de<\/p>\n","protected":false},"featured_media":36786,"comment_status":"open","ping_status":"open","template":"","meta":[],"product_cat":[603],"product_tag":[307,302],"class_list":["post-36785","product","type-product","status-publish","has-post-thumbnail","hentry","product_cat-arneses-ataduras","product_tag-ouch","product_tag-shots"],"bundled_by":[],"bundle_stock_status":"instock","bundle_stock_quantity":1,"bundle_virtual":false,"bundle_layout":"","bundle_add_to_cart_form_location":"","bundle_editable_in_cart":false,"bundle_sold_individually_context":"","bundle_item_grouping":"","bundle_min_size":"","bundle_max_size":"","bundled_items":[],"yoast_head":"<!-- This site is optimized with the Yoast SEO plugin v20.6 - https:\/\/yoast.com\/wordpress\/plugins\/seo\/ -->\n<title>CHEST BULLDOG HARNESS - NEGRO - Tienda Er\u00f3tica<\/title>\n<meta name=\"robots\" content=\"noindex, follow, max-snippet:-1, max-image-preview:large, max-video-preview:-1\" \/>\n<meta property=\"og:locale\" content=\"es_ES\" \/>\n<meta property=\"og:type\" content=\"article\" \/>\n<meta property=\"og:title\" content=\"CHEST BULLDOG HARNESS - NEGRO - Tienda Er\u00f3tica\" \/>\n<meta property=\"og:description\" content=\"CHEST BULLDOG HARNESS &#8211; L\/XL &#8211; BLACK Este elegante arn\u00e9s est\u00e1 hecho con cuero de calidad superior y detalles de\" \/>\n<meta property=\"og:url\" content=\"https:\/\/demoweb.info\/sexshop001\/producto\/chest-bulldog-harness-negro\/\" \/>\n<meta property=\"og:site_name\" content=\"Tienda Er\u00f3tica\" \/>\n<meta property=\"article:modified_time\" content=\"2022-01-22T12:44:14+00:00\" \/>\n<meta property=\"og:image\" content=\"https:\/\/demoweb.info\/sexshop001\/wp-content\/uploads\/2022\/01\/CHEST-BULLDOG-HARNESS-NEGRO.jpg\" \/>\n\t<meta property=\"og:image:width\" content=\"550\" \/>\n\t<meta property=\"og:image:height\" content=\"550\" \/>\n\t<meta property=\"og:image:type\" content=\"image\/jpeg\" \/>\n<meta name=\"twitter:card\" content=\"summary_large_image\" \/>\n<meta name=\"twitter:label1\" content=\"Tiempo de lectura\" \/>\n\t<meta name=\"twitter:data1\" content=\"1 minuto\" \/>\n<script type=\"application\/ld+json\" class=\"yoast-schema-graph\">{\"@context\":\"https:\/\/schema.org\",\"@graph\":[{\"@type\":\"WebPage\",\"@id\":\"https:\/\/demoweb.info\/sexshop001\/producto\/chest-bulldog-harness-negro\/\",\"url\":\"https:\/\/demoweb.info\/sexshop001\/producto\/chest-bulldog-harness-negro\/\",\"name\":\"CHEST BULLDOG HARNESS - NEGRO - Tienda Er\u00f3tica\",\"isPartOf\":{\"@id\":\"https:\/\/demoweb.info\/sexshop001\/#website\"},\"datePublished\":\"2022-01-22T12:44:05+00:00\",\"dateModified\":\"2022-01-22T12:44:14+00:00\",\"breadcrumb\":{\"@id\":\"https:\/\/demoweb.info\/sexshop001\/producto\/chest-bulldog-harness-negro\/#breadcrumb\"},\"inLanguage\":\"es\",\"potentialAction\":[{\"@type\":\"ReadAction\",\"target\":[\"https:\/\/demoweb.info\/sexshop001\/producto\/chest-bulldog-harness-negro\/\"]}]},{\"@type\":\"BreadcrumbList\",\"@id\":\"https:\/\/demoweb.info\/sexshop001\/producto\/chest-bulldog-harness-negro\/#breadcrumb\",\"itemListElement\":[{\"@type\":\"ListItem\",\"position\":1,\"name\":\"Portada\",\"item\":\"https:\/\/demoweb.info\/sexshop001\/\"},{\"@type\":\"ListItem\",\"position\":2,\"name\":\"Tienda\",\"item\":\"https:\/\/demoweb.info\/sexshop001\/tienda\/\"},{\"@type\":\"ListItem\",\"position\":3,\"name\":\"CHEST BULLDOG HARNESS &#8211; NEGRO\"}]},{\"@type\":\"WebSite\",\"@id\":\"https:\/\/demoweb.info\/sexshop001\/#website\",\"url\":\"https:\/\/demoweb.info\/sexshop001\/\",\"name\":\"Tienda Er\u00f3tica\",\"description\":\"DEMOWEB SL\",\"potentialAction\":[{\"@type\":\"SearchAction\",\"target\":{\"@type\":\"EntryPoint\",\"urlTemplate\":\"https:\/\/demoweb.info\/sexshop001\/?s={search_term_string}\"},\"query-input\":\"required name=search_term_string\"}],\"inLanguage\":\"es\"}]}<\/script>\n<!-- \/ Yoast SEO plugin. -->","yoast_head_json":{"title":"CHEST BULLDOG HARNESS - NEGRO - Tienda Er\u00f3tica","robots":{"index":"noindex","follow":"follow","max-snippet":"max-snippet:-1","max-image-preview":"max-image-preview:large","max-video-preview":"max-video-preview:-1"},"og_locale":"es_ES","og_type":"article","og_title":"CHEST BULLDOG HARNESS - NEGRO - Tienda Er\u00f3tica","og_description":"CHEST BULLDOG HARNESS &#8211; L\/XL &#8211; BLACK Este elegante arn\u00e9s est\u00e1 hecho con cuero de calidad superior y detalles de","og_url":"https:\/\/demoweb.info\/sexshop001\/producto\/chest-bulldog-harness-negro\/","og_site_name":"Tienda Er\u00f3tica","article_modified_time":"2022-01-22T12:44:14+00:00","og_image":[{"width":550,"height":550,"url":"https:\/\/demoweb.info\/sexshop001\/wp-content\/uploads\/2022\/01\/CHEST-BULLDOG-HARNESS-NEGRO.jpg","type":"image\/jpeg"}],"twitter_card":"summary_large_image","twitter_misc":{"Tiempo de lectura":"1 minuto"},"schema":{"@context":"https:\/\/schema.org","@graph":[{"@type":"WebPage","@id":"https:\/\/demoweb.info\/sexshop001\/producto\/chest-bulldog-harness-negro\/","url":"https:\/\/demoweb.info\/sexshop001\/producto\/chest-bulldog-harness-negro\/","name":"CHEST BULLDOG HARNESS - NEGRO - Tienda Er\u00f3tica","isPartOf":{"@id":"https:\/\/demoweb.info\/sexshop001\/#website"},"datePublished":"2022-01-22T12:44:05+00:00","dateModified":"2022-01-22T12:44:14+00:00","breadcrumb":{"@id":"https:\/\/demoweb.info\/sexshop001\/producto\/chest-bulldog-harness-negro\/#breadcrumb"},"inLanguage":"es","potentialAction":[{"@type":"ReadAction","target":["https:\/\/demoweb.info\/sexshop001\/producto\/chest-bulldog-harness-negro\/"]}]},{"@type":"BreadcrumbList","@id":"https:\/\/demoweb.info\/sexshop001\/producto\/chest-bulldog-harness-negro\/#breadcrumb","itemListElement":[{"@type":"ListItem","position":1,"name":"Portada","item":"https:\/\/demoweb.info\/sexshop001\/"},{"@type":"ListItem","position":2,"name":"Tienda","item":"https:\/\/demoweb.info\/sexshop001\/tienda\/"},{"@type":"ListItem","position":3,"name":"CHEST BULLDOG HARNESS &#8211; NEGRO"}]},{"@type":"WebSite","@id":"https:\/\/demoweb.info\/sexshop001\/#website","url":"https:\/\/demoweb.info\/sexshop001\/","name":"Tienda Er\u00f3tica","description":"DEMOWEB SL","potentialAction":[{"@type":"SearchAction","target":{"@type":"EntryPoint","urlTemplate":"https:\/\/demoweb.info\/sexshop001\/?s={search_term_string}"},"query-input":"required name=search_term_string"}],"inLanguage":"es"}]}},"_links":{"self":[{"href":"https:\/\/demoweb.info\/sexshop001\/wp-json\/wp\/v3\/product\/36785","targetHints":{"allow":["GET"]}}],"collection":[{"href":"https:\/\/demoweb.info\/sexshop001\/wp-json\/wp\/v3\/product"}],"about":[{"href":"https:\/\/demoweb.info\/sexshop001\/wp-json\/wp\/v2\/types\/product"}],"replies":[{"embeddable":true,"href":"https:\/\/demoweb.info\/sexshop001\/wp-json\/wp\/v2\/comments?post=36785"}],"wp:featuredmedia":[{"embeddable":true,"href":"https:\/\/demoweb.info\/sexshop001\/wp-json\/wp\/v2\/media\/36786"}],"wp:attachment":[{"href":"https:\/\/demoweb.info\/sexshop001\/wp-json\/wp\/v2\/media?parent=36785"}],"wp:term":[{"taxonomy":"product_cat","embeddable":true,"href":"https:\/\/demoweb.info\/sexshop001\/wp-json\/wp\/v2\/product_cat?post=36785"},{"taxonomy":"product_tag","embeddable":true,"href":"https:\/\/demoweb.info\/sexshop001\/wp-json\/wp\/v2\/product_tag?post=36785"}],"curies":[{"name":"wp","href":"https:\/\/api.w.org\/{rel}","templated":true}]}}