{"id":36635,"date":"2022-01-22T13:42:19","date_gmt":"2022-01-22T12:42:19","guid":{"rendered":"https:\/\/demoweb.info\/sexshop001\/producto\/wrist-cuffs-sailor-theme-azul\/"},"modified":"2022-01-22T13:42:32","modified_gmt":"2022-01-22T12:42:32","slug":"wrist-cuffs-sailor-theme-azul","status":"publish","type":"product","link":"https:\/\/demoweb.info\/sexshop001\/producto\/wrist-cuffs-sailor-theme-azul\/","title":{"rendered":"WRIST CUFFS &#8211; SAILOR THEME &#8211; AZUL"},"content":{"rendered":"<p><strong>WRIST CUFFS &#8211; SAILOR THEME &#8211; BLUE<\/strong><\/p>\n<p>\u00a1Sum\u00e9rgete en un sue\u00f1o h\u00famedo con tu travieso compa\u00f1ero de barco! \u00bfEres un capit\u00e1n exigente? \u00bfO un marinero pecador? Conv\u00e9ncete con estas divertidas esposas blandas inspiradas en una tem\u00e1tica n\u00e1utica. Util\u00edzalas solas o comb\u00ednalas con las esposas para tobillos y las cuerdas hogtie disponibles con el mismo dise\u00f1o elegante. Las piezas de conexi\u00f3n y las hebillas son de color dorado y de tama\u00f1o ajustable.<\/p>\n<p><strong>CARACTER\u00cdSTICAS<\/strong><\/p>\n<ul>\n<li>Dimensiones del producto: 3,2 x 0,6 x 0,3 cm<\/li>\n<li>A prueba de agua: S\u00ed<\/li>\n<li>Libre de ftalato: S\u00ed<\/li>\n<li>Materiales: PU, Neoprene, Metal<\/li>\n<\/ul>\n","protected":false},"excerpt":{"rendered":"<p>WRIST CUFFS &#8211; SAILOR THEME &#8211; BLUE \u00a1Sum\u00e9rgete en un sue\u00f1o h\u00famedo con tu travieso compa\u00f1ero de barco! \u00bfEres un<\/p>\n","protected":false},"featured_media":36636,"comment_status":"open","ping_status":"open","template":"","meta":[],"product_cat":[508],"product_tag":[307,302],"class_list":["post-36635","product","type-product","status-publish","has-post-thumbnail","hentry","product_cat-cuero","product_tag-ouch","product_tag-shots"],"bundled_by":[],"bundle_stock_status":"instock","bundle_stock_quantity":12,"bundle_virtual":false,"bundle_layout":"","bundle_add_to_cart_form_location":"","bundle_editable_in_cart":false,"bundle_sold_individually_context":"","bundle_item_grouping":"","bundle_min_size":"","bundle_max_size":"","bundled_items":[],"yoast_head":"<!-- This site is optimized with the Yoast SEO plugin v20.6 - https:\/\/yoast.com\/wordpress\/plugins\/seo\/ -->\n<title>WRIST CUFFS - SAILOR THEME - AZUL - Tienda Er\u00f3tica<\/title>\n<meta name=\"robots\" content=\"noindex, follow, max-snippet:-1, max-image-preview:large, max-video-preview:-1\" \/>\n<meta property=\"og:locale\" content=\"es_ES\" \/>\n<meta property=\"og:type\" content=\"article\" \/>\n<meta property=\"og:title\" content=\"WRIST CUFFS - SAILOR THEME - AZUL - Tienda Er\u00f3tica\" \/>\n<meta property=\"og:description\" content=\"WRIST CUFFS &#8211; SAILOR THEME &#8211; BLUE \u00a1Sum\u00e9rgete en un sue\u00f1o h\u00famedo con tu travieso compa\u00f1ero de barco! \u00bfEres un\" \/>\n<meta property=\"og:url\" content=\"https:\/\/demoweb.info\/sexshop001\/producto\/wrist-cuffs-sailor-theme-azul\/\" \/>\n<meta property=\"og:site_name\" content=\"Tienda Er\u00f3tica\" \/>\n<meta property=\"article:modified_time\" content=\"2022-01-22T12:42:32+00:00\" \/>\n<meta property=\"og:image\" content=\"https:\/\/demoweb.info\/sexshop001\/wp-content\/uploads\/2022\/01\/WRIST-CUFFS-SAILOR-THEME-AZUL.jpg\" \/>\n\t<meta property=\"og:image:width\" content=\"550\" \/>\n\t<meta property=\"og:image:height\" content=\"550\" \/>\n\t<meta property=\"og:image:type\" content=\"image\/jpeg\" \/>\n<meta name=\"twitter:card\" content=\"summary_large_image\" \/>\n<meta name=\"twitter:label1\" content=\"Tiempo de lectura\" \/>\n\t<meta name=\"twitter:data1\" content=\"1 minuto\" \/>\n<script type=\"application\/ld+json\" class=\"yoast-schema-graph\">{\"@context\":\"https:\/\/schema.org\",\"@graph\":[{\"@type\":\"WebPage\",\"@id\":\"https:\/\/demoweb.info\/sexshop001\/producto\/wrist-cuffs-sailor-theme-azul\/\",\"url\":\"https:\/\/demoweb.info\/sexshop001\/producto\/wrist-cuffs-sailor-theme-azul\/\",\"name\":\"WRIST CUFFS - SAILOR THEME - AZUL - Tienda Er\u00f3tica\",\"isPartOf\":{\"@id\":\"https:\/\/demoweb.info\/sexshop001\/#website\"},\"datePublished\":\"2022-01-22T12:42:19+00:00\",\"dateModified\":\"2022-01-22T12:42:32+00:00\",\"breadcrumb\":{\"@id\":\"https:\/\/demoweb.info\/sexshop001\/producto\/wrist-cuffs-sailor-theme-azul\/#breadcrumb\"},\"inLanguage\":\"es\",\"potentialAction\":[{\"@type\":\"ReadAction\",\"target\":[\"https:\/\/demoweb.info\/sexshop001\/producto\/wrist-cuffs-sailor-theme-azul\/\"]}]},{\"@type\":\"BreadcrumbList\",\"@id\":\"https:\/\/demoweb.info\/sexshop001\/producto\/wrist-cuffs-sailor-theme-azul\/#breadcrumb\",\"itemListElement\":[{\"@type\":\"ListItem\",\"position\":1,\"name\":\"Portada\",\"item\":\"https:\/\/demoweb.info\/sexshop001\/\"},{\"@type\":\"ListItem\",\"position\":2,\"name\":\"Tienda\",\"item\":\"https:\/\/demoweb.info\/sexshop001\/tienda\/\"},{\"@type\":\"ListItem\",\"position\":3,\"name\":\"WRIST CUFFS &#8211; SAILOR THEME &#8211; AZUL\"}]},{\"@type\":\"WebSite\",\"@id\":\"https:\/\/demoweb.info\/sexshop001\/#website\",\"url\":\"https:\/\/demoweb.info\/sexshop001\/\",\"name\":\"Tienda Er\u00f3tica\",\"description\":\"DEMOWEB SL\",\"potentialAction\":[{\"@type\":\"SearchAction\",\"target\":{\"@type\":\"EntryPoint\",\"urlTemplate\":\"https:\/\/demoweb.info\/sexshop001\/?s={search_term_string}\"},\"query-input\":\"required name=search_term_string\"}],\"inLanguage\":\"es\"}]}<\/script>\n<!-- \/ Yoast SEO plugin. -->","yoast_head_json":{"title":"WRIST CUFFS - SAILOR THEME - AZUL - Tienda Er\u00f3tica","robots":{"index":"noindex","follow":"follow","max-snippet":"max-snippet:-1","max-image-preview":"max-image-preview:large","max-video-preview":"max-video-preview:-1"},"og_locale":"es_ES","og_type":"article","og_title":"WRIST CUFFS - SAILOR THEME - AZUL - Tienda Er\u00f3tica","og_description":"WRIST CUFFS &#8211; SAILOR THEME &#8211; BLUE \u00a1Sum\u00e9rgete en un sue\u00f1o h\u00famedo con tu travieso compa\u00f1ero de barco! \u00bfEres un","og_url":"https:\/\/demoweb.info\/sexshop001\/producto\/wrist-cuffs-sailor-theme-azul\/","og_site_name":"Tienda Er\u00f3tica","article_modified_time":"2022-01-22T12:42:32+00:00","og_image":[{"width":550,"height":550,"url":"https:\/\/demoweb.info\/sexshop001\/wp-content\/uploads\/2022\/01\/WRIST-CUFFS-SAILOR-THEME-AZUL.jpg","type":"image\/jpeg"}],"twitter_card":"summary_large_image","twitter_misc":{"Tiempo de lectura":"1 minuto"},"schema":{"@context":"https:\/\/schema.org","@graph":[{"@type":"WebPage","@id":"https:\/\/demoweb.info\/sexshop001\/producto\/wrist-cuffs-sailor-theme-azul\/","url":"https:\/\/demoweb.info\/sexshop001\/producto\/wrist-cuffs-sailor-theme-azul\/","name":"WRIST CUFFS - SAILOR THEME - AZUL - Tienda Er\u00f3tica","isPartOf":{"@id":"https:\/\/demoweb.info\/sexshop001\/#website"},"datePublished":"2022-01-22T12:42:19+00:00","dateModified":"2022-01-22T12:42:32+00:00","breadcrumb":{"@id":"https:\/\/demoweb.info\/sexshop001\/producto\/wrist-cuffs-sailor-theme-azul\/#breadcrumb"},"inLanguage":"es","potentialAction":[{"@type":"ReadAction","target":["https:\/\/demoweb.info\/sexshop001\/producto\/wrist-cuffs-sailor-theme-azul\/"]}]},{"@type":"BreadcrumbList","@id":"https:\/\/demoweb.info\/sexshop001\/producto\/wrist-cuffs-sailor-theme-azul\/#breadcrumb","itemListElement":[{"@type":"ListItem","position":1,"name":"Portada","item":"https:\/\/demoweb.info\/sexshop001\/"},{"@type":"ListItem","position":2,"name":"Tienda","item":"https:\/\/demoweb.info\/sexshop001\/tienda\/"},{"@type":"ListItem","position":3,"name":"WRIST CUFFS &#8211; SAILOR THEME &#8211; AZUL"}]},{"@type":"WebSite","@id":"https:\/\/demoweb.info\/sexshop001\/#website","url":"https:\/\/demoweb.info\/sexshop001\/","name":"Tienda Er\u00f3tica","description":"DEMOWEB SL","potentialAction":[{"@type":"SearchAction","target":{"@type":"EntryPoint","urlTemplate":"https:\/\/demoweb.info\/sexshop001\/?s={search_term_string}"},"query-input":"required name=search_term_string"}],"inLanguage":"es"}]}},"_links":{"self":[{"href":"https:\/\/demoweb.info\/sexshop001\/wp-json\/wp\/v3\/product\/36635","targetHints":{"allow":["GET"]}}],"collection":[{"href":"https:\/\/demoweb.info\/sexshop001\/wp-json\/wp\/v3\/product"}],"about":[{"href":"https:\/\/demoweb.info\/sexshop001\/wp-json\/wp\/v2\/types\/product"}],"replies":[{"embeddable":true,"href":"https:\/\/demoweb.info\/sexshop001\/wp-json\/wp\/v2\/comments?post=36635"}],"wp:featuredmedia":[{"embeddable":true,"href":"https:\/\/demoweb.info\/sexshop001\/wp-json\/wp\/v2\/media\/36636"}],"wp:attachment":[{"href":"https:\/\/demoweb.info\/sexshop001\/wp-json\/wp\/v2\/media?parent=36635"}],"wp:term":[{"taxonomy":"product_cat","embeddable":true,"href":"https:\/\/demoweb.info\/sexshop001\/wp-json\/wp\/v2\/product_cat?post=36635"},{"taxonomy":"product_tag","embeddable":true,"href":"https:\/\/demoweb.info\/sexshop001\/wp-json\/wp\/v2\/product_tag?post=36635"}],"curies":[{"name":"wp","href":"https:\/\/api.w.org\/{rel}","templated":true}]}}