{"id":36630,"date":"2022-01-22T13:42:19","date_gmt":"2022-01-22T12:42:19","guid":{"rendered":"https:\/\/demoweb.info\/sexshop001\/producto\/cuerda-bondage-de-10mt-tema-marinero-azul\/"},"modified":"2022-01-22T13:42:29","modified_gmt":"2022-01-22T12:42:29","slug":"cuerda-bondage-de-10mt-tema-marinero-azul","status":"publish","type":"product","link":"https:\/\/demoweb.info\/sexshop001\/producto\/cuerda-bondage-de-10mt-tema-marinero-azul\/","title":{"rendered":"CUERDA BONDAGE DE 10MT &#8211; TEMA MARINERO &#8211; AZUL"},"content":{"rendered":"<p><strong>10MT&#39;S BONDAGE ROPE &#8211; SAILOR THEME &#8211; BLUE<\/strong><\/p>\n<p>\u00a1Sum\u00e9rgete en un sue\u00f1o h\u00famedo con tu travieso compa\u00f1ero de barco! \u00bfEres un capit\u00e1n exigente? \u00bfO un marinero pecador? Con esta cuerda de bondage mant\u00e9n a tu pareja atada y bien atada, para que no se vaya a ninguna parte, en ning\u00fan momento.<\/p>\n<p>Disfruta del juego amo\/sumiso del bondage y sum\u00e9rgete en un mundo completamente nuevo. La cuerda es fuerte, suave y tiene una longitud de 10 metros (35 pies).<\/p>\n<p>Ofrece un sinf\u00edn de posibilidades, ya que atar (o dejar que te aten) abrir\u00e1 una nueva dimensi\u00f3n a tu vida sexual.<\/p>\n<p><strong>CARACTER\u00cdSTICAS<\/strong><\/p>\n<ul>\n<li>Dimensiones embalaje: 9 x 5 x 17 cm<\/li>\n<li>Peso embalaje: 169 gram<\/li>\n<li>Dimensiones del producto: 100 cm<\/li>\n<li>Di\u00e1metro del producto: 0,8 cm<\/li>\n<li>A prueba de agua: S\u00ed<\/li>\n<li>Libre de ftalato: S\u00ed<\/li>\n<li>Materiales: Polyesterm Cotton<\/li>\n<\/ul>\n","protected":false},"excerpt":{"rendered":"<p>10MT&#39;S BONDAGE ROPE &#8211; SAILOR THEME &#8211; BLUE \u00a1Sum\u00e9rgete en un sue\u00f1o h\u00famedo con tu travieso compa\u00f1ero de barco! \u00bfEres<\/p>\n","protected":false},"featured_media":36631,"comment_status":"open","ping_status":"open","template":"","meta":[],"product_cat":[309],"product_tag":[307,302],"class_list":["post-36630","product","type-product","status-publish","has-post-thumbnail","hentry","product_cat-cintas-y-cuerdas","product_tag-ouch","product_tag-shots"],"bundled_by":[],"bundle_stock_status":"instock","bundle_stock_quantity":12,"bundle_virtual":false,"bundle_layout":"","bundle_add_to_cart_form_location":"","bundle_editable_in_cart":false,"bundle_sold_individually_context":"","bundle_item_grouping":"","bundle_min_size":"","bundle_max_size":"","bundled_items":[],"yoast_head":"<!-- This site is optimized with the Yoast SEO plugin v20.6 - https:\/\/yoast.com\/wordpress\/plugins\/seo\/ -->\n<title>CUERDA BONDAGE DE 10MT - TEMA MARINERO - AZUL - Tienda Er\u00f3tica<\/title>\n<meta name=\"robots\" content=\"noindex, follow, max-snippet:-1, max-image-preview:large, max-video-preview:-1\" \/>\n<meta property=\"og:locale\" content=\"es_ES\" \/>\n<meta property=\"og:type\" content=\"article\" \/>\n<meta property=\"og:title\" content=\"CUERDA BONDAGE DE 10MT - TEMA MARINERO - AZUL - Tienda Er\u00f3tica\" \/>\n<meta property=\"og:description\" content=\"10MT&#039;S BONDAGE ROPE &#8211; SAILOR THEME &#8211; BLUE \u00a1Sum\u00e9rgete en un sue\u00f1o h\u00famedo con tu travieso compa\u00f1ero de barco! \u00bfEres\" \/>\n<meta property=\"og:url\" content=\"https:\/\/demoweb.info\/sexshop001\/producto\/cuerda-bondage-de-10mt-tema-marinero-azul\/\" \/>\n<meta property=\"og:site_name\" content=\"Tienda Er\u00f3tica\" \/>\n<meta property=\"article:modified_time\" content=\"2022-01-22T12:42:29+00:00\" \/>\n<meta property=\"og:image\" content=\"https:\/\/demoweb.info\/sexshop001\/wp-content\/uploads\/2022\/01\/CUERDA-BONDAGE-DE-10MT-TEMA-MARINERO-AZUL.jpg\" \/>\n\t<meta property=\"og:image:width\" content=\"550\" \/>\n\t<meta property=\"og:image:height\" content=\"550\" \/>\n\t<meta property=\"og:image:type\" content=\"image\/jpeg\" \/>\n<meta name=\"twitter:card\" content=\"summary_large_image\" \/>\n<meta name=\"twitter:label1\" content=\"Tiempo de lectura\" \/>\n\t<meta name=\"twitter:data1\" content=\"1 minuto\" \/>\n<script type=\"application\/ld+json\" class=\"yoast-schema-graph\">{\"@context\":\"https:\/\/schema.org\",\"@graph\":[{\"@type\":\"WebPage\",\"@id\":\"https:\/\/demoweb.info\/sexshop001\/producto\/cuerda-bondage-de-10mt-tema-marinero-azul\/\",\"url\":\"https:\/\/demoweb.info\/sexshop001\/producto\/cuerda-bondage-de-10mt-tema-marinero-azul\/\",\"name\":\"CUERDA BONDAGE DE 10MT - TEMA MARINERO - AZUL - Tienda Er\u00f3tica\",\"isPartOf\":{\"@id\":\"https:\/\/demoweb.info\/sexshop001\/#website\"},\"datePublished\":\"2022-01-22T12:42:19+00:00\",\"dateModified\":\"2022-01-22T12:42:29+00:00\",\"breadcrumb\":{\"@id\":\"https:\/\/demoweb.info\/sexshop001\/producto\/cuerda-bondage-de-10mt-tema-marinero-azul\/#breadcrumb\"},\"inLanguage\":\"es\",\"potentialAction\":[{\"@type\":\"ReadAction\",\"target\":[\"https:\/\/demoweb.info\/sexshop001\/producto\/cuerda-bondage-de-10mt-tema-marinero-azul\/\"]}]},{\"@type\":\"BreadcrumbList\",\"@id\":\"https:\/\/demoweb.info\/sexshop001\/producto\/cuerda-bondage-de-10mt-tema-marinero-azul\/#breadcrumb\",\"itemListElement\":[{\"@type\":\"ListItem\",\"position\":1,\"name\":\"Portada\",\"item\":\"https:\/\/demoweb.info\/sexshop001\/\"},{\"@type\":\"ListItem\",\"position\":2,\"name\":\"Tienda\",\"item\":\"https:\/\/demoweb.info\/sexshop001\/tienda\/\"},{\"@type\":\"ListItem\",\"position\":3,\"name\":\"CUERDA BONDAGE DE 10MT &#8211; TEMA MARINERO &#8211; AZUL\"}]},{\"@type\":\"WebSite\",\"@id\":\"https:\/\/demoweb.info\/sexshop001\/#website\",\"url\":\"https:\/\/demoweb.info\/sexshop001\/\",\"name\":\"Tienda Er\u00f3tica\",\"description\":\"DEMOWEB SL\",\"potentialAction\":[{\"@type\":\"SearchAction\",\"target\":{\"@type\":\"EntryPoint\",\"urlTemplate\":\"https:\/\/demoweb.info\/sexshop001\/?s={search_term_string}\"},\"query-input\":\"required name=search_term_string\"}],\"inLanguage\":\"es\"}]}<\/script>\n<!-- \/ Yoast SEO plugin. -->","yoast_head_json":{"title":"CUERDA BONDAGE DE 10MT - TEMA MARINERO - AZUL - Tienda Er\u00f3tica","robots":{"index":"noindex","follow":"follow","max-snippet":"max-snippet:-1","max-image-preview":"max-image-preview:large","max-video-preview":"max-video-preview:-1"},"og_locale":"es_ES","og_type":"article","og_title":"CUERDA BONDAGE DE 10MT - TEMA MARINERO - AZUL - Tienda Er\u00f3tica","og_description":"10MT&#39;S BONDAGE ROPE &#8211; SAILOR THEME &#8211; BLUE \u00a1Sum\u00e9rgete en un sue\u00f1o h\u00famedo con tu travieso compa\u00f1ero de barco! \u00bfEres","og_url":"https:\/\/demoweb.info\/sexshop001\/producto\/cuerda-bondage-de-10mt-tema-marinero-azul\/","og_site_name":"Tienda Er\u00f3tica","article_modified_time":"2022-01-22T12:42:29+00:00","og_image":[{"width":550,"height":550,"url":"https:\/\/demoweb.info\/sexshop001\/wp-content\/uploads\/2022\/01\/CUERDA-BONDAGE-DE-10MT-TEMA-MARINERO-AZUL.jpg","type":"image\/jpeg"}],"twitter_card":"summary_large_image","twitter_misc":{"Tiempo de lectura":"1 minuto"},"schema":{"@context":"https:\/\/schema.org","@graph":[{"@type":"WebPage","@id":"https:\/\/demoweb.info\/sexshop001\/producto\/cuerda-bondage-de-10mt-tema-marinero-azul\/","url":"https:\/\/demoweb.info\/sexshop001\/producto\/cuerda-bondage-de-10mt-tema-marinero-azul\/","name":"CUERDA BONDAGE DE 10MT - TEMA MARINERO - AZUL - Tienda Er\u00f3tica","isPartOf":{"@id":"https:\/\/demoweb.info\/sexshop001\/#website"},"datePublished":"2022-01-22T12:42:19+00:00","dateModified":"2022-01-22T12:42:29+00:00","breadcrumb":{"@id":"https:\/\/demoweb.info\/sexshop001\/producto\/cuerda-bondage-de-10mt-tema-marinero-azul\/#breadcrumb"},"inLanguage":"es","potentialAction":[{"@type":"ReadAction","target":["https:\/\/demoweb.info\/sexshop001\/producto\/cuerda-bondage-de-10mt-tema-marinero-azul\/"]}]},{"@type":"BreadcrumbList","@id":"https:\/\/demoweb.info\/sexshop001\/producto\/cuerda-bondage-de-10mt-tema-marinero-azul\/#breadcrumb","itemListElement":[{"@type":"ListItem","position":1,"name":"Portada","item":"https:\/\/demoweb.info\/sexshop001\/"},{"@type":"ListItem","position":2,"name":"Tienda","item":"https:\/\/demoweb.info\/sexshop001\/tienda\/"},{"@type":"ListItem","position":3,"name":"CUERDA BONDAGE DE 10MT &#8211; TEMA MARINERO &#8211; AZUL"}]},{"@type":"WebSite","@id":"https:\/\/demoweb.info\/sexshop001\/#website","url":"https:\/\/demoweb.info\/sexshop001\/","name":"Tienda Er\u00f3tica","description":"DEMOWEB SL","potentialAction":[{"@type":"SearchAction","target":{"@type":"EntryPoint","urlTemplate":"https:\/\/demoweb.info\/sexshop001\/?s={search_term_string}"},"query-input":"required name=search_term_string"}],"inLanguage":"es"}]}},"_links":{"self":[{"href":"https:\/\/demoweb.info\/sexshop001\/wp-json\/wp\/v3\/product\/36630","targetHints":{"allow":["GET"]}}],"collection":[{"href":"https:\/\/demoweb.info\/sexshop001\/wp-json\/wp\/v3\/product"}],"about":[{"href":"https:\/\/demoweb.info\/sexshop001\/wp-json\/wp\/v2\/types\/product"}],"replies":[{"embeddable":true,"href":"https:\/\/demoweb.info\/sexshop001\/wp-json\/wp\/v2\/comments?post=36630"}],"wp:featuredmedia":[{"embeddable":true,"href":"https:\/\/demoweb.info\/sexshop001\/wp-json\/wp\/v2\/media\/36631"}],"wp:attachment":[{"href":"https:\/\/demoweb.info\/sexshop001\/wp-json\/wp\/v2\/media?parent=36630"}],"wp:term":[{"taxonomy":"product_cat","embeddable":true,"href":"https:\/\/demoweb.info\/sexshop001\/wp-json\/wp\/v2\/product_cat?post=36630"},{"taxonomy":"product_tag","embeddable":true,"href":"https:\/\/demoweb.info\/sexshop001\/wp-json\/wp\/v2\/product_tag?post=36630"}],"curies":[{"name":"wp","href":"https:\/\/api.w.org\/{rel}","templated":true}]}}