{"id":36564,"date":"2022-01-22T13:41:42","date_gmt":"2022-01-22T12:41:42","guid":{"rendered":"https:\/\/demoweb.info\/sexshop001\/producto\/pinzas-magneticas-para-pezones-diamond-bullet-black\/"},"modified":"2022-01-22T13:41:47","modified_gmt":"2022-01-22T12:41:47","slug":"pinzas-magneticas-para-pezones-diamond-bullet-black","status":"publish","type":"product","link":"https:\/\/demoweb.info\/sexshop001\/producto\/pinzas-magneticas-para-pezones-diamond-bullet-black\/","title":{"rendered":"PINZAS MAGN\u00c9TICAS PARA PEZONES &#8211; DIAMOND BULLET &#8211; BLACK"},"content":{"rendered":"<p><strong>MAGNETIC NIPPLE CLAMPS &#8211; DIAMOND BULLET &#8211; BLACK<\/strong><\/p>\n<p>Los potentes imanes se encargan de que los sensibles pezones se queden bien apretados entre los dos lados de la pinza. T\u00fa decides cu\u00e1nta presi\u00f3n dolorosa puedes soportar. \u00a1M\u00e9telas en el congelador para que se enfr\u00eden o en una taza de agua caliente para subir la temperatura! Est\u00e1n hechas de aluminio liso, son seguras para el cuerpo, hipoalerg\u00e9nicas y f\u00e1ciles de limpiar.<\/p>\n<p><strong>CARACTER\u00cdSTICAS<\/strong><\/p>\n<ul>\n<li>Dimensiones embalaje: 10,50 x 1,50 x 11,80 cm<\/li>\n<li>Peso embalaje: 28 gram<\/li>\n<li>Dimensiones del producto: 1 x 1 x 3,5 cm<\/li>\n<li>Peso del producto: 17 gram<\/li>\n<li>Di\u00e1metro del producto: 1 cm<\/li>\n<li>A prueba de agua: S\u00ed<\/li>\n<li>Libre de ftalato: S\u00ed<\/li>\n<li>Materiales: Aluminum<\/li>\n<\/ul>\n","protected":false},"excerpt":{"rendered":"<p>MAGNETIC NIPPLE CLAMPS &#8211; DIAMOND BULLET &#8211; BLACK Los potentes imanes se encargan de que los sensibles pezones se queden<\/p>\n","protected":false},"featured_media":36565,"comment_status":"open","ping_status":"open","template":"","meta":[],"product_cat":[313],"product_tag":[307,302],"class_list":["post-36564","product","type-product","status-publish","has-post-thumbnail","hentry","product_cat-balas-y-huevos","product_tag-ouch","product_tag-shots"],"bundled_by":[],"bundle_stock_status":"instock","bundle_stock_quantity":13,"bundle_virtual":false,"bundle_layout":"","bundle_add_to_cart_form_location":"","bundle_editable_in_cart":false,"bundle_sold_individually_context":"","bundle_item_grouping":"","bundle_min_size":"","bundle_max_size":"","bundled_items":[],"yoast_head":"<!-- This site is optimized with the Yoast SEO plugin v20.6 - https:\/\/yoast.com\/wordpress\/plugins\/seo\/ -->\n<title>PINZAS MAGN\u00c9TICAS PARA PEZONES - DIAMOND BULLET - BLACK - Tienda Er\u00f3tica<\/title>\n<meta name=\"robots\" content=\"noindex, follow, max-snippet:-1, max-image-preview:large, max-video-preview:-1\" \/>\n<meta property=\"og:locale\" content=\"es_ES\" \/>\n<meta property=\"og:type\" content=\"article\" \/>\n<meta property=\"og:title\" content=\"PINZAS MAGN\u00c9TICAS PARA PEZONES - DIAMOND BULLET - BLACK - Tienda Er\u00f3tica\" \/>\n<meta property=\"og:description\" content=\"MAGNETIC NIPPLE CLAMPS &#8211; DIAMOND BULLET &#8211; BLACK Los potentes imanes se encargan de que los sensibles pezones se queden\" \/>\n<meta property=\"og:url\" content=\"https:\/\/demoweb.info\/sexshop001\/producto\/pinzas-magneticas-para-pezones-diamond-bullet-black\/\" \/>\n<meta property=\"og:site_name\" content=\"Tienda Er\u00f3tica\" \/>\n<meta property=\"article:modified_time\" content=\"2022-01-22T12:41:47+00:00\" \/>\n<meta property=\"og:image\" content=\"https:\/\/demoweb.info\/sexshop001\/wp-content\/uploads\/2022\/01\/PINZAS-MAGNETICAS-PARA-PEZONES-DIAMOND-BULLET-BLACK.jpg\" \/>\n\t<meta property=\"og:image:width\" content=\"550\" \/>\n\t<meta property=\"og:image:height\" content=\"550\" \/>\n\t<meta property=\"og:image:type\" content=\"image\/jpeg\" \/>\n<meta name=\"twitter:card\" content=\"summary_large_image\" \/>\n<meta name=\"twitter:label1\" content=\"Tiempo de lectura\" \/>\n\t<meta name=\"twitter:data1\" content=\"1 minuto\" \/>\n<script type=\"application\/ld+json\" class=\"yoast-schema-graph\">{\"@context\":\"https:\/\/schema.org\",\"@graph\":[{\"@type\":\"WebPage\",\"@id\":\"https:\/\/demoweb.info\/sexshop001\/producto\/pinzas-magneticas-para-pezones-diamond-bullet-black\/\",\"url\":\"https:\/\/demoweb.info\/sexshop001\/producto\/pinzas-magneticas-para-pezones-diamond-bullet-black\/\",\"name\":\"PINZAS MAGN\u00c9TICAS PARA PEZONES - DIAMOND BULLET - BLACK - Tienda Er\u00f3tica\",\"isPartOf\":{\"@id\":\"https:\/\/demoweb.info\/sexshop001\/#website\"},\"datePublished\":\"2022-01-22T12:41:42+00:00\",\"dateModified\":\"2022-01-22T12:41:47+00:00\",\"breadcrumb\":{\"@id\":\"https:\/\/demoweb.info\/sexshop001\/producto\/pinzas-magneticas-para-pezones-diamond-bullet-black\/#breadcrumb\"},\"inLanguage\":\"es\",\"potentialAction\":[{\"@type\":\"ReadAction\",\"target\":[\"https:\/\/demoweb.info\/sexshop001\/producto\/pinzas-magneticas-para-pezones-diamond-bullet-black\/\"]}]},{\"@type\":\"BreadcrumbList\",\"@id\":\"https:\/\/demoweb.info\/sexshop001\/producto\/pinzas-magneticas-para-pezones-diamond-bullet-black\/#breadcrumb\",\"itemListElement\":[{\"@type\":\"ListItem\",\"position\":1,\"name\":\"Portada\",\"item\":\"https:\/\/demoweb.info\/sexshop001\/\"},{\"@type\":\"ListItem\",\"position\":2,\"name\":\"Tienda\",\"item\":\"https:\/\/demoweb.info\/sexshop001\/tienda\/\"},{\"@type\":\"ListItem\",\"position\":3,\"name\":\"PINZAS MAGN\u00c9TICAS PARA PEZONES &#8211; DIAMOND BULLET &#8211; BLACK\"}]},{\"@type\":\"WebSite\",\"@id\":\"https:\/\/demoweb.info\/sexshop001\/#website\",\"url\":\"https:\/\/demoweb.info\/sexshop001\/\",\"name\":\"Tienda Er\u00f3tica\",\"description\":\"DEMOWEB SL\",\"potentialAction\":[{\"@type\":\"SearchAction\",\"target\":{\"@type\":\"EntryPoint\",\"urlTemplate\":\"https:\/\/demoweb.info\/sexshop001\/?s={search_term_string}\"},\"query-input\":\"required name=search_term_string\"}],\"inLanguage\":\"es\"}]}<\/script>\n<!-- \/ Yoast SEO plugin. -->","yoast_head_json":{"title":"PINZAS MAGN\u00c9TICAS PARA PEZONES - DIAMOND BULLET - BLACK - Tienda Er\u00f3tica","robots":{"index":"noindex","follow":"follow","max-snippet":"max-snippet:-1","max-image-preview":"max-image-preview:large","max-video-preview":"max-video-preview:-1"},"og_locale":"es_ES","og_type":"article","og_title":"PINZAS MAGN\u00c9TICAS PARA PEZONES - DIAMOND BULLET - BLACK - Tienda Er\u00f3tica","og_description":"MAGNETIC NIPPLE CLAMPS &#8211; DIAMOND BULLET &#8211; BLACK Los potentes imanes se encargan de que los sensibles pezones se queden","og_url":"https:\/\/demoweb.info\/sexshop001\/producto\/pinzas-magneticas-para-pezones-diamond-bullet-black\/","og_site_name":"Tienda Er\u00f3tica","article_modified_time":"2022-01-22T12:41:47+00:00","og_image":[{"width":550,"height":550,"url":"https:\/\/demoweb.info\/sexshop001\/wp-content\/uploads\/2022\/01\/PINZAS-MAGNETICAS-PARA-PEZONES-DIAMOND-BULLET-BLACK.jpg","type":"image\/jpeg"}],"twitter_card":"summary_large_image","twitter_misc":{"Tiempo de lectura":"1 minuto"},"schema":{"@context":"https:\/\/schema.org","@graph":[{"@type":"WebPage","@id":"https:\/\/demoweb.info\/sexshop001\/producto\/pinzas-magneticas-para-pezones-diamond-bullet-black\/","url":"https:\/\/demoweb.info\/sexshop001\/producto\/pinzas-magneticas-para-pezones-diamond-bullet-black\/","name":"PINZAS MAGN\u00c9TICAS PARA PEZONES - DIAMOND BULLET - BLACK - Tienda Er\u00f3tica","isPartOf":{"@id":"https:\/\/demoweb.info\/sexshop001\/#website"},"datePublished":"2022-01-22T12:41:42+00:00","dateModified":"2022-01-22T12:41:47+00:00","breadcrumb":{"@id":"https:\/\/demoweb.info\/sexshop001\/producto\/pinzas-magneticas-para-pezones-diamond-bullet-black\/#breadcrumb"},"inLanguage":"es","potentialAction":[{"@type":"ReadAction","target":["https:\/\/demoweb.info\/sexshop001\/producto\/pinzas-magneticas-para-pezones-diamond-bullet-black\/"]}]},{"@type":"BreadcrumbList","@id":"https:\/\/demoweb.info\/sexshop001\/producto\/pinzas-magneticas-para-pezones-diamond-bullet-black\/#breadcrumb","itemListElement":[{"@type":"ListItem","position":1,"name":"Portada","item":"https:\/\/demoweb.info\/sexshop001\/"},{"@type":"ListItem","position":2,"name":"Tienda","item":"https:\/\/demoweb.info\/sexshop001\/tienda\/"},{"@type":"ListItem","position":3,"name":"PINZAS MAGN\u00c9TICAS PARA PEZONES &#8211; DIAMOND BULLET &#8211; BLACK"}]},{"@type":"WebSite","@id":"https:\/\/demoweb.info\/sexshop001\/#website","url":"https:\/\/demoweb.info\/sexshop001\/","name":"Tienda Er\u00f3tica","description":"DEMOWEB SL","potentialAction":[{"@type":"SearchAction","target":{"@type":"EntryPoint","urlTemplate":"https:\/\/demoweb.info\/sexshop001\/?s={search_term_string}"},"query-input":"required name=search_term_string"}],"inLanguage":"es"}]}},"_links":{"self":[{"href":"https:\/\/demoweb.info\/sexshop001\/wp-json\/wp\/v3\/product\/36564","targetHints":{"allow":["GET"]}}],"collection":[{"href":"https:\/\/demoweb.info\/sexshop001\/wp-json\/wp\/v3\/product"}],"about":[{"href":"https:\/\/demoweb.info\/sexshop001\/wp-json\/wp\/v2\/types\/product"}],"replies":[{"embeddable":true,"href":"https:\/\/demoweb.info\/sexshop001\/wp-json\/wp\/v2\/comments?post=36564"}],"wp:featuredmedia":[{"embeddable":true,"href":"https:\/\/demoweb.info\/sexshop001\/wp-json\/wp\/v2\/media\/36565"}],"wp:attachment":[{"href":"https:\/\/demoweb.info\/sexshop001\/wp-json\/wp\/v2\/media?parent=36564"}],"wp:term":[{"taxonomy":"product_cat","embeddable":true,"href":"https:\/\/demoweb.info\/sexshop001\/wp-json\/wp\/v2\/product_cat?post=36564"},{"taxonomy":"product_tag","embeddable":true,"href":"https:\/\/demoweb.info\/sexshop001\/wp-json\/wp\/v2\/product_tag?post=36564"}],"curies":[{"name":"wp","href":"https:\/\/api.w.org\/{rel}","templated":true}]}}