{"id":36543,"date":"2022-01-22T13:41:00","date_gmt":"2022-01-22T12:41:00","guid":{"rendered":"https:\/\/demoweb.info\/sexshop001\/producto\/agave-recargable-purple\/"},"modified":"2022-01-22T13:41:26","modified_gmt":"2022-01-22T12:41:26","slug":"agave-recargable-purple","status":"publish","type":"product","link":"https:\/\/demoweb.info\/sexshop001\/producto\/agave-recargable-purple\/","title":{"rendered":"AGAVE RECARGABLE &#8211; PURPLE"},"content":{"rendered":"<p><strong>AGAVE RECHARGEABLE &#8211; PURPLE<\/strong><\/p>\n<p>Agave tiene un atractivo extra: 4 tentadoras extensiones en el estimulador de cl\u00edtoris. Este vibrador con forma conejo te llevar\u00e1 de viaje al maravilloso cielo de los orgasmos. Con 10 velocidades diferentes (a 5.200 rpm), este vibrador te har\u00e1 sentir un placer incre\u00edble.<\/p>\n<p>Este elegante juguete se puede usar en privado sin problema, ya que es muy silencioso (&lt;50 DB). Hecho de silicona y ABS de grado m\u00e9dico, sin ftalatos, el Agave mide 23,1 cm (9,1\u201d) de alto, tiene una longitud insertable de 13,9 cm (5,5\u201d) con una circunferencia de 3,6 cm (1,4\u201d).<\/p>\n<p>Este elegante juguete se recarga con el cable USB incluido. \u00a1Una carga de 30 minutos te dar\u00e1 60 minutos de juego desenfrenado!<\/p>\n<p><strong>CARACTER\u00cdSTICAS<\/strong><\/p>\n<ul>\n<li>Dimensiones embalaje: 10 x 5 x 24 cm<\/li>\n<li>Peso embalaje: 227 gram<\/li>\n<li>Dimensiones del producto: 23,1 cm<\/li>\n<li>Peso del producto: 150 gram<\/li>\n<li>Di\u00e1metro del producto: 3,6 cm<\/li>\n<li>Longitud insertable: 13,9 cm<\/li>\n<li>Rotaciones: 5200 RPM<\/li>\n<li>Tipos de velocidad: 10<\/li>\n<li>Velocidad m\u00faltiple: S\u00ed<\/li>\n<li>Nivel de ruido: 50 dB<\/li>\n<li>Recargable: S\u00ed<\/li>\n<li>Tiempo de recarga: 30 min<\/li>\n<li>Vida de la recarga de las bater\u00edas: 60 min<\/li>\n<li>A prueba de salpicaduras: S\u00ed<\/li>\n<li>Libre de ftalato: S\u00ed<\/li>\n<li>Materiales: Silicone, ABS<\/li>\n<\/ul>\n","protected":false},"excerpt":{"rendered":"<p>AGAVE RECHARGEABLE &#8211; PURPLE Agave tiene un atractivo extra: 4 tentadoras extensiones en el estimulador de cl\u00edtoris. Este vibrador con<\/p>\n","protected":false},"featured_media":36544,"comment_status":"open","ping_status":"open","template":"","meta":[],"product_cat":[434],"product_tag":[316,302],"class_list":["post-36543","product","type-product","status-publish","has-post-thumbnail","hentry","product_cat-doble-estimulacion-vibradores-juguetes-xxx","product_tag-luna","product_tag-shots"],"bundled_by":[],"bundle_stock_status":"instock","bundle_stock_quantity":3,"bundle_virtual":false,"bundle_layout":"","bundle_add_to_cart_form_location":"","bundle_editable_in_cart":false,"bundle_sold_individually_context":"","bundle_item_grouping":"","bundle_min_size":"","bundle_max_size":"","bundled_items":[],"yoast_head":"<!-- This site is optimized with the Yoast SEO plugin v20.6 - https:\/\/yoast.com\/wordpress\/plugins\/seo\/ -->\n<title>AGAVE RECARGABLE - PURPLE - Tienda Er\u00f3tica<\/title>\n<meta name=\"robots\" content=\"noindex, follow, max-snippet:-1, max-image-preview:large, max-video-preview:-1\" \/>\n<meta property=\"og:locale\" content=\"es_ES\" \/>\n<meta property=\"og:type\" content=\"article\" \/>\n<meta property=\"og:title\" content=\"AGAVE RECARGABLE - PURPLE - Tienda Er\u00f3tica\" \/>\n<meta property=\"og:description\" content=\"AGAVE RECHARGEABLE &#8211; PURPLE Agave tiene un atractivo extra: 4 tentadoras extensiones en el estimulador de cl\u00edtoris. Este vibrador con\" \/>\n<meta property=\"og:url\" content=\"https:\/\/demoweb.info\/sexshop001\/producto\/agave-recargable-purple\/\" \/>\n<meta property=\"og:site_name\" content=\"Tienda Er\u00f3tica\" \/>\n<meta property=\"article:modified_time\" content=\"2022-01-22T12:41:26+00:00\" \/>\n<meta property=\"og:image\" content=\"https:\/\/demoweb.info\/sexshop001\/wp-content\/uploads\/2022\/01\/AGAVE-RECARGABLE-PURPLE.jpg\" \/>\n\t<meta property=\"og:image:width\" content=\"550\" \/>\n\t<meta property=\"og:image:height\" content=\"550\" \/>\n\t<meta property=\"og:image:type\" content=\"image\/jpeg\" \/>\n<meta name=\"twitter:card\" content=\"summary_large_image\" \/>\n<meta name=\"twitter:label1\" content=\"Tiempo de lectura\" \/>\n\t<meta name=\"twitter:data1\" content=\"1 minuto\" \/>\n<script type=\"application\/ld+json\" class=\"yoast-schema-graph\">{\"@context\":\"https:\/\/schema.org\",\"@graph\":[{\"@type\":\"WebPage\",\"@id\":\"https:\/\/demoweb.info\/sexshop001\/producto\/agave-recargable-purple\/\",\"url\":\"https:\/\/demoweb.info\/sexshop001\/producto\/agave-recargable-purple\/\",\"name\":\"AGAVE RECARGABLE - PURPLE - Tienda Er\u00f3tica\",\"isPartOf\":{\"@id\":\"https:\/\/demoweb.info\/sexshop001\/#website\"},\"datePublished\":\"2022-01-22T12:41:00+00:00\",\"dateModified\":\"2022-01-22T12:41:26+00:00\",\"breadcrumb\":{\"@id\":\"https:\/\/demoweb.info\/sexshop001\/producto\/agave-recargable-purple\/#breadcrumb\"},\"inLanguage\":\"es\",\"potentialAction\":[{\"@type\":\"ReadAction\",\"target\":[\"https:\/\/demoweb.info\/sexshop001\/producto\/agave-recargable-purple\/\"]}]},{\"@type\":\"BreadcrumbList\",\"@id\":\"https:\/\/demoweb.info\/sexshop001\/producto\/agave-recargable-purple\/#breadcrumb\",\"itemListElement\":[{\"@type\":\"ListItem\",\"position\":1,\"name\":\"Portada\",\"item\":\"https:\/\/demoweb.info\/sexshop001\/\"},{\"@type\":\"ListItem\",\"position\":2,\"name\":\"Tienda\",\"item\":\"https:\/\/demoweb.info\/sexshop001\/tienda\/\"},{\"@type\":\"ListItem\",\"position\":3,\"name\":\"AGAVE RECARGABLE &#8211; PURPLE\"}]},{\"@type\":\"WebSite\",\"@id\":\"https:\/\/demoweb.info\/sexshop001\/#website\",\"url\":\"https:\/\/demoweb.info\/sexshop001\/\",\"name\":\"Tienda Er\u00f3tica\",\"description\":\"DEMOWEB SL\",\"potentialAction\":[{\"@type\":\"SearchAction\",\"target\":{\"@type\":\"EntryPoint\",\"urlTemplate\":\"https:\/\/demoweb.info\/sexshop001\/?s={search_term_string}\"},\"query-input\":\"required name=search_term_string\"}],\"inLanguage\":\"es\"}]}<\/script>\n<!-- \/ Yoast SEO plugin. -->","yoast_head_json":{"title":"AGAVE RECARGABLE - PURPLE - Tienda Er\u00f3tica","robots":{"index":"noindex","follow":"follow","max-snippet":"max-snippet:-1","max-image-preview":"max-image-preview:large","max-video-preview":"max-video-preview:-1"},"og_locale":"es_ES","og_type":"article","og_title":"AGAVE RECARGABLE - PURPLE - Tienda Er\u00f3tica","og_description":"AGAVE RECHARGEABLE &#8211; PURPLE Agave tiene un atractivo extra: 4 tentadoras extensiones en el estimulador de cl\u00edtoris. Este vibrador con","og_url":"https:\/\/demoweb.info\/sexshop001\/producto\/agave-recargable-purple\/","og_site_name":"Tienda Er\u00f3tica","article_modified_time":"2022-01-22T12:41:26+00:00","og_image":[{"width":550,"height":550,"url":"https:\/\/demoweb.info\/sexshop001\/wp-content\/uploads\/2022\/01\/AGAVE-RECARGABLE-PURPLE.jpg","type":"image\/jpeg"}],"twitter_card":"summary_large_image","twitter_misc":{"Tiempo de lectura":"1 minuto"},"schema":{"@context":"https:\/\/schema.org","@graph":[{"@type":"WebPage","@id":"https:\/\/demoweb.info\/sexshop001\/producto\/agave-recargable-purple\/","url":"https:\/\/demoweb.info\/sexshop001\/producto\/agave-recargable-purple\/","name":"AGAVE RECARGABLE - PURPLE - Tienda Er\u00f3tica","isPartOf":{"@id":"https:\/\/demoweb.info\/sexshop001\/#website"},"datePublished":"2022-01-22T12:41:00+00:00","dateModified":"2022-01-22T12:41:26+00:00","breadcrumb":{"@id":"https:\/\/demoweb.info\/sexshop001\/producto\/agave-recargable-purple\/#breadcrumb"},"inLanguage":"es","potentialAction":[{"@type":"ReadAction","target":["https:\/\/demoweb.info\/sexshop001\/producto\/agave-recargable-purple\/"]}]},{"@type":"BreadcrumbList","@id":"https:\/\/demoweb.info\/sexshop001\/producto\/agave-recargable-purple\/#breadcrumb","itemListElement":[{"@type":"ListItem","position":1,"name":"Portada","item":"https:\/\/demoweb.info\/sexshop001\/"},{"@type":"ListItem","position":2,"name":"Tienda","item":"https:\/\/demoweb.info\/sexshop001\/tienda\/"},{"@type":"ListItem","position":3,"name":"AGAVE RECARGABLE &#8211; PURPLE"}]},{"@type":"WebSite","@id":"https:\/\/demoweb.info\/sexshop001\/#website","url":"https:\/\/demoweb.info\/sexshop001\/","name":"Tienda Er\u00f3tica","description":"DEMOWEB SL","potentialAction":[{"@type":"SearchAction","target":{"@type":"EntryPoint","urlTemplate":"https:\/\/demoweb.info\/sexshop001\/?s={search_term_string}"},"query-input":"required name=search_term_string"}],"inLanguage":"es"}]}},"_links":{"self":[{"href":"https:\/\/demoweb.info\/sexshop001\/wp-json\/wp\/v3\/product\/36543","targetHints":{"allow":["GET"]}}],"collection":[{"href":"https:\/\/demoweb.info\/sexshop001\/wp-json\/wp\/v3\/product"}],"about":[{"href":"https:\/\/demoweb.info\/sexshop001\/wp-json\/wp\/v2\/types\/product"}],"replies":[{"embeddable":true,"href":"https:\/\/demoweb.info\/sexshop001\/wp-json\/wp\/v2\/comments?post=36543"}],"wp:featuredmedia":[{"embeddable":true,"href":"https:\/\/demoweb.info\/sexshop001\/wp-json\/wp\/v2\/media\/36544"}],"wp:attachment":[{"href":"https:\/\/demoweb.info\/sexshop001\/wp-json\/wp\/v2\/media?parent=36543"}],"wp:term":[{"taxonomy":"product_cat","embeddable":true,"href":"https:\/\/demoweb.info\/sexshop001\/wp-json\/wp\/v2\/product_cat?post=36543"},{"taxonomy":"product_tag","embeddable":true,"href":"https:\/\/demoweb.info\/sexshop001\/wp-json\/wp\/v2\/product_tag?post=36543"}],"curies":[{"name":"wp","href":"https:\/\/api.w.org\/{rel}","templated":true}]}}