{"id":36536,"date":"2022-01-22T13:41:00","date_gmt":"2022-01-22T12:41:00","guid":{"rendered":"https:\/\/demoweb.info\/sexshop001\/producto\/achelois-recargable-morado\/"},"modified":"2022-01-22T13:41:21","modified_gmt":"2022-01-22T12:41:21","slug":"achelois-recargable-morado","status":"publish","type":"product","link":"https:\/\/demoweb.info\/sexshop001\/producto\/achelois-recargable-morado\/","title":{"rendered":"ACHELOIS RECARGABLE &#8211; MORADO"},"content":{"rendered":"<p><strong>ACHELOIS RECHARGEABLE &#8211; PURPLE<\/strong><\/p>\n<p>La belleza p\u00farpura de Achelois te dar\u00e1 placer de dos maneras. El estimulador de cl\u00edtoris es puntiagudo para una mayor precisi\u00f3n, mientras que la parte que se introduce tiene una forma que permite llegar a todos los lugares adecuados.<\/p>\n<p>Con 10 velocidades diferentes (a 5.200 rpm), este vibrador te har\u00e1 sentir un placer incre\u00edble. Este elegante juguete se puede usar en privado sin problema, ya que es muy silencioso (&lt;50 DB).<\/p>\n<p>Hecho de silicona y ABS de grado m\u00e9dico, sin ftalatos, el Achelois mide 21,8 cm (8,6\u201d) de alto, tiene una longitud insertable de 12,7 cm (5\u201d) con una circunferencia de 4,2 cm (1,7\u201d).<\/p>\n<p>Este elegante juguete se recarga con el cable USB incluido. \u00a1Una carga de 30 minutos te dar\u00e1 60 minutos de juego desenfrenado!<\/p>\n","protected":false},"excerpt":{"rendered":"<p>ACHELOIS RECHARGEABLE &#8211; PURPLE La belleza p\u00farpura de Achelois te dar\u00e1 placer de dos maneras. El estimulador de cl\u00edtoris es<\/p>\n","protected":false},"featured_media":36537,"comment_status":"open","ping_status":"open","template":"","meta":[],"product_cat":[434],"product_tag":[316,302],"class_list":["post-36536","product","type-product","status-publish","has-post-thumbnail","hentry","product_cat-doble-estimulacion-vibradores-juguetes-xxx","product_tag-luna","product_tag-shots"],"bundled_by":[],"bundle_stock_status":"instock","bundle_stock_quantity":1,"bundle_virtual":false,"bundle_layout":"","bundle_add_to_cart_form_location":"","bundle_editable_in_cart":false,"bundle_sold_individually_context":"","bundle_item_grouping":"","bundle_min_size":"","bundle_max_size":"","bundled_items":[],"yoast_head":"<!-- This site is optimized with the Yoast SEO plugin v20.6 - https:\/\/yoast.com\/wordpress\/plugins\/seo\/ -->\n<title>ACHELOIS RECARGABLE - MORADO - Tienda Er\u00f3tica<\/title>\n<meta name=\"robots\" content=\"noindex, follow, max-snippet:-1, max-image-preview:large, max-video-preview:-1\" \/>\n<meta property=\"og:locale\" content=\"es_ES\" \/>\n<meta property=\"og:type\" content=\"article\" \/>\n<meta property=\"og:title\" content=\"ACHELOIS RECARGABLE - MORADO - Tienda Er\u00f3tica\" \/>\n<meta property=\"og:description\" content=\"ACHELOIS RECHARGEABLE &#8211; PURPLE La belleza p\u00farpura de Achelois te dar\u00e1 placer de dos maneras. El estimulador de cl\u00edtoris es\" \/>\n<meta property=\"og:url\" content=\"https:\/\/demoweb.info\/sexshop001\/producto\/achelois-recargable-morado\/\" \/>\n<meta property=\"og:site_name\" content=\"Tienda Er\u00f3tica\" \/>\n<meta property=\"article:modified_time\" content=\"2022-01-22T12:41:21+00:00\" \/>\n<meta property=\"og:image\" content=\"https:\/\/demoweb.info\/sexshop001\/wp-content\/uploads\/2022\/01\/ACHELOIS-RECARGABLE-MORADO.jpg\" \/>\n\t<meta property=\"og:image:width\" content=\"550\" \/>\n\t<meta property=\"og:image:height\" content=\"550\" \/>\n\t<meta property=\"og:image:type\" content=\"image\/jpeg\" \/>\n<meta name=\"twitter:card\" content=\"summary_large_image\" \/>\n<meta name=\"twitter:label1\" content=\"Tiempo de lectura\" \/>\n\t<meta name=\"twitter:data1\" content=\"1 minuto\" \/>\n<script type=\"application\/ld+json\" class=\"yoast-schema-graph\">{\"@context\":\"https:\/\/schema.org\",\"@graph\":[{\"@type\":\"WebPage\",\"@id\":\"https:\/\/demoweb.info\/sexshop001\/producto\/achelois-recargable-morado\/\",\"url\":\"https:\/\/demoweb.info\/sexshop001\/producto\/achelois-recargable-morado\/\",\"name\":\"ACHELOIS RECARGABLE - MORADO - Tienda Er\u00f3tica\",\"isPartOf\":{\"@id\":\"https:\/\/demoweb.info\/sexshop001\/#website\"},\"datePublished\":\"2022-01-22T12:41:00+00:00\",\"dateModified\":\"2022-01-22T12:41:21+00:00\",\"breadcrumb\":{\"@id\":\"https:\/\/demoweb.info\/sexshop001\/producto\/achelois-recargable-morado\/#breadcrumb\"},\"inLanguage\":\"es\",\"potentialAction\":[{\"@type\":\"ReadAction\",\"target\":[\"https:\/\/demoweb.info\/sexshop001\/producto\/achelois-recargable-morado\/\"]}]},{\"@type\":\"BreadcrumbList\",\"@id\":\"https:\/\/demoweb.info\/sexshop001\/producto\/achelois-recargable-morado\/#breadcrumb\",\"itemListElement\":[{\"@type\":\"ListItem\",\"position\":1,\"name\":\"Portada\",\"item\":\"https:\/\/demoweb.info\/sexshop001\/\"},{\"@type\":\"ListItem\",\"position\":2,\"name\":\"Tienda\",\"item\":\"https:\/\/demoweb.info\/sexshop001\/tienda\/\"},{\"@type\":\"ListItem\",\"position\":3,\"name\":\"ACHELOIS RECARGABLE &#8211; MORADO\"}]},{\"@type\":\"WebSite\",\"@id\":\"https:\/\/demoweb.info\/sexshop001\/#website\",\"url\":\"https:\/\/demoweb.info\/sexshop001\/\",\"name\":\"Tienda Er\u00f3tica\",\"description\":\"DEMOWEB SL\",\"potentialAction\":[{\"@type\":\"SearchAction\",\"target\":{\"@type\":\"EntryPoint\",\"urlTemplate\":\"https:\/\/demoweb.info\/sexshop001\/?s={search_term_string}\"},\"query-input\":\"required name=search_term_string\"}],\"inLanguage\":\"es\"}]}<\/script>\n<!-- \/ Yoast SEO plugin. -->","yoast_head_json":{"title":"ACHELOIS RECARGABLE - MORADO - Tienda Er\u00f3tica","robots":{"index":"noindex","follow":"follow","max-snippet":"max-snippet:-1","max-image-preview":"max-image-preview:large","max-video-preview":"max-video-preview:-1"},"og_locale":"es_ES","og_type":"article","og_title":"ACHELOIS RECARGABLE - MORADO - Tienda Er\u00f3tica","og_description":"ACHELOIS RECHARGEABLE &#8211; PURPLE La belleza p\u00farpura de Achelois te dar\u00e1 placer de dos maneras. El estimulador de cl\u00edtoris es","og_url":"https:\/\/demoweb.info\/sexshop001\/producto\/achelois-recargable-morado\/","og_site_name":"Tienda Er\u00f3tica","article_modified_time":"2022-01-22T12:41:21+00:00","og_image":[{"width":550,"height":550,"url":"https:\/\/demoweb.info\/sexshop001\/wp-content\/uploads\/2022\/01\/ACHELOIS-RECARGABLE-MORADO.jpg","type":"image\/jpeg"}],"twitter_card":"summary_large_image","twitter_misc":{"Tiempo de lectura":"1 minuto"},"schema":{"@context":"https:\/\/schema.org","@graph":[{"@type":"WebPage","@id":"https:\/\/demoweb.info\/sexshop001\/producto\/achelois-recargable-morado\/","url":"https:\/\/demoweb.info\/sexshop001\/producto\/achelois-recargable-morado\/","name":"ACHELOIS RECARGABLE - MORADO - Tienda Er\u00f3tica","isPartOf":{"@id":"https:\/\/demoweb.info\/sexshop001\/#website"},"datePublished":"2022-01-22T12:41:00+00:00","dateModified":"2022-01-22T12:41:21+00:00","breadcrumb":{"@id":"https:\/\/demoweb.info\/sexshop001\/producto\/achelois-recargable-morado\/#breadcrumb"},"inLanguage":"es","potentialAction":[{"@type":"ReadAction","target":["https:\/\/demoweb.info\/sexshop001\/producto\/achelois-recargable-morado\/"]}]},{"@type":"BreadcrumbList","@id":"https:\/\/demoweb.info\/sexshop001\/producto\/achelois-recargable-morado\/#breadcrumb","itemListElement":[{"@type":"ListItem","position":1,"name":"Portada","item":"https:\/\/demoweb.info\/sexshop001\/"},{"@type":"ListItem","position":2,"name":"Tienda","item":"https:\/\/demoweb.info\/sexshop001\/tienda\/"},{"@type":"ListItem","position":3,"name":"ACHELOIS RECARGABLE &#8211; MORADO"}]},{"@type":"WebSite","@id":"https:\/\/demoweb.info\/sexshop001\/#website","url":"https:\/\/demoweb.info\/sexshop001\/","name":"Tienda Er\u00f3tica","description":"DEMOWEB SL","potentialAction":[{"@type":"SearchAction","target":{"@type":"EntryPoint","urlTemplate":"https:\/\/demoweb.info\/sexshop001\/?s={search_term_string}"},"query-input":"required name=search_term_string"}],"inLanguage":"es"}]}},"_links":{"self":[{"href":"https:\/\/demoweb.info\/sexshop001\/wp-json\/wp\/v3\/product\/36536","targetHints":{"allow":["GET"]}}],"collection":[{"href":"https:\/\/demoweb.info\/sexshop001\/wp-json\/wp\/v3\/product"}],"about":[{"href":"https:\/\/demoweb.info\/sexshop001\/wp-json\/wp\/v2\/types\/product"}],"replies":[{"embeddable":true,"href":"https:\/\/demoweb.info\/sexshop001\/wp-json\/wp\/v2\/comments?post=36536"}],"wp:featuredmedia":[{"embeddable":true,"href":"https:\/\/demoweb.info\/sexshop001\/wp-json\/wp\/v2\/media\/36537"}],"wp:attachment":[{"href":"https:\/\/demoweb.info\/sexshop001\/wp-json\/wp\/v2\/media?parent=36536"}],"wp:term":[{"taxonomy":"product_cat","embeddable":true,"href":"https:\/\/demoweb.info\/sexshop001\/wp-json\/wp\/v2\/product_cat?post=36536"},{"taxonomy":"product_tag","embeddable":true,"href":"https:\/\/demoweb.info\/sexshop001\/wp-json\/wp\/v2\/product_tag?post=36536"}],"curies":[{"name":"wp","href":"https:\/\/api.w.org\/{rel}","templated":true}]}}