{"id":36426,"date":"2022-01-22T13:39:41","date_gmt":"2022-01-22T12:39:41","guid":{"rendered":"https:\/\/demoweb.info\/sexshop001\/producto\/luxury-bondage-kit-burgundy\/"},"modified":"2022-01-22T13:39:54","modified_gmt":"2022-01-22T12:39:54","slug":"luxury-bondage-kit-burgundy","status":"publish","type":"product","link":"https:\/\/demoweb.info\/sexshop001\/producto\/luxury-bondage-kit-burgundy\/","title":{"rendered":"LUXURY BONDAGE KIT &#8211; BURGUNDY"},"content":{"rendered":"<p><strong>LUXURY BONDAGE KIT &#8211; BURGUNDY<\/strong><\/p>\n<p>\u00bfHas tenido fantas\u00edas acerca del juego sexual de sumisi\u00f3n y dominaci\u00f3n? \u00a1Entonces, esto ser\u00e1 perfecto para empezar!<\/p>\n<p>Aseg\u00farate de que tu sumiso escuche cada una de tus instrucciones mientras bromeas y lo seduces. \u00c1talo para que tengas rienda suelta para hacer lo que deseas.<\/p>\n<p>Si eres del tipo sumiso y deseas ser a quien aten, \u00a1entonces este ser\u00e1 el regalo perfecto para tu maestro!<\/p>\n<p>&#8211; Dimensiones del producto:<\/p>\n<p>M\u00e1scara para los ojos<br \/>\nPeso: 17 gramos<br \/>\nDimensiones: 19,6&#215;5,6&#215;0,2 cm<\/p>\n<p>Mu\u00f1equeras<br \/>\nPeso: 215 gramos<br \/>\nDimensiones: 36&#215;5,4&#215;0,9 cm<\/p>\n<p>Pu\u00f1os de tobillo<br \/>\nPeso: 224 gramos<br \/>\nDimensiones: 39,5&#215;5,4&#215;0,9 cm<\/p>\n<p>Conector Hogtie<br \/>\nPeso: 100 gramos<br \/>\nDimensiones: 26,7&#215;26,7&#215;1,1 cm<\/p>\n<p>Collar con correa<br \/>\nPeso total: 220 gramos<br \/>\nPeso collar: 110 gramos<br \/>\nDimensiones: 53,2&#215;4,8&#215;0,9 cm<br \/>\nCorrea de peso: 110 gramos<br \/>\nDimensiones Correa: 98&#215;2,1&#215;0,2 cm<\/p>\n<p>Mordaza de bola transpirable<br \/>\nPeso: 90 gramos<br \/>\nDimensiones: 69,8&#215;4,2&#215;4,2<\/p>\n<p>Paleta<br \/>\nPeso: 90 gramos<br \/>\nDimensiones: 31,5&#215;6,1&#215;0,6 cm<\/p>\n<p>L\u00e1tigo<br \/>\nPeso: 60 gramos<br \/>\nDimensiones: 39,2&#215;2,3&#215;2,3 cm<\/p>\n<p>Dados Sexuales<br \/>\nPeso: 17 gramos<br \/>\nDimensiones: 2,6&#215;2,6&#215;2,6 cm<\/p>\n","protected":false},"excerpt":{"rendered":"<p>LUXURY BONDAGE KIT &#8211; BURGUNDY \u00bfHas tenido fantas\u00edas acerca del juego sexual de sumisi\u00f3n y dominaci\u00f3n? \u00a1Entonces, esto ser\u00e1 perfecto<\/p>\n","protected":false},"featured_media":36427,"comment_status":"open","ping_status":"open","template":"","meta":[],"product_cat":[333],"product_tag":[307,302],"class_list":["post-36426","product","type-product","status-publish","has-post-thumbnail","hentry","product_cat-kits-bdsm","product_tag-ouch","product_tag-shots"],"bundled_by":[],"bundle_stock_status":"outofstock","bundle_stock_quantity":0,"bundle_virtual":false,"bundle_layout":"","bundle_add_to_cart_form_location":"","bundle_editable_in_cart":false,"bundle_sold_individually_context":"","bundle_item_grouping":"","bundle_min_size":"","bundle_max_size":"","bundled_items":[],"yoast_head":"<!-- This site is optimized with the Yoast SEO plugin v20.6 - https:\/\/yoast.com\/wordpress\/plugins\/seo\/ -->\n<title>LUXURY BONDAGE KIT - BURGUNDY - Tienda Er\u00f3tica<\/title>\n<meta name=\"robots\" content=\"noindex, follow, max-snippet:-1, max-image-preview:large, max-video-preview:-1\" \/>\n<meta property=\"og:locale\" content=\"es_ES\" \/>\n<meta property=\"og:type\" content=\"article\" \/>\n<meta property=\"og:title\" content=\"LUXURY BONDAGE KIT - BURGUNDY - Tienda Er\u00f3tica\" \/>\n<meta property=\"og:description\" content=\"LUXURY BONDAGE KIT &#8211; BURGUNDY \u00bfHas tenido fantas\u00edas acerca del juego sexual de sumisi\u00f3n y dominaci\u00f3n? \u00a1Entonces, esto ser\u00e1 perfecto\" \/>\n<meta property=\"og:url\" content=\"https:\/\/demoweb.info\/sexshop001\/producto\/luxury-bondage-kit-burgundy\/\" \/>\n<meta property=\"og:site_name\" content=\"Tienda Er\u00f3tica\" \/>\n<meta property=\"article:modified_time\" content=\"2022-01-22T12:39:54+00:00\" \/>\n<meta property=\"og:image\" content=\"https:\/\/demoweb.info\/sexshop001\/wp-content\/uploads\/2022\/01\/LUXURY-BONDAGE-KIT-BURGUNDY.jpg\" \/>\n\t<meta property=\"og:image:width\" content=\"550\" \/>\n\t<meta property=\"og:image:height\" content=\"550\" \/>\n\t<meta property=\"og:image:type\" content=\"image\/jpeg\" \/>\n<meta name=\"twitter:card\" content=\"summary_large_image\" \/>\n<meta name=\"twitter:label1\" content=\"Tiempo de lectura\" \/>\n\t<meta name=\"twitter:data1\" content=\"1 minuto\" \/>\n<script type=\"application\/ld+json\" class=\"yoast-schema-graph\">{\"@context\":\"https:\/\/schema.org\",\"@graph\":[{\"@type\":\"WebPage\",\"@id\":\"https:\/\/demoweb.info\/sexshop001\/producto\/luxury-bondage-kit-burgundy\/\",\"url\":\"https:\/\/demoweb.info\/sexshop001\/producto\/luxury-bondage-kit-burgundy\/\",\"name\":\"LUXURY BONDAGE KIT - BURGUNDY - Tienda Er\u00f3tica\",\"isPartOf\":{\"@id\":\"https:\/\/demoweb.info\/sexshop001\/#website\"},\"datePublished\":\"2022-01-22T12:39:41+00:00\",\"dateModified\":\"2022-01-22T12:39:54+00:00\",\"breadcrumb\":{\"@id\":\"https:\/\/demoweb.info\/sexshop001\/producto\/luxury-bondage-kit-burgundy\/#breadcrumb\"},\"inLanguage\":\"es\",\"potentialAction\":[{\"@type\":\"ReadAction\",\"target\":[\"https:\/\/demoweb.info\/sexshop001\/producto\/luxury-bondage-kit-burgundy\/\"]}]},{\"@type\":\"BreadcrumbList\",\"@id\":\"https:\/\/demoweb.info\/sexshop001\/producto\/luxury-bondage-kit-burgundy\/#breadcrumb\",\"itemListElement\":[{\"@type\":\"ListItem\",\"position\":1,\"name\":\"Portada\",\"item\":\"https:\/\/demoweb.info\/sexshop001\/\"},{\"@type\":\"ListItem\",\"position\":2,\"name\":\"Tienda\",\"item\":\"https:\/\/demoweb.info\/sexshop001\/tienda\/\"},{\"@type\":\"ListItem\",\"position\":3,\"name\":\"LUXURY BONDAGE KIT &#8211; BURGUNDY\"}]},{\"@type\":\"WebSite\",\"@id\":\"https:\/\/demoweb.info\/sexshop001\/#website\",\"url\":\"https:\/\/demoweb.info\/sexshop001\/\",\"name\":\"Tienda Er\u00f3tica\",\"description\":\"DEMOWEB SL\",\"potentialAction\":[{\"@type\":\"SearchAction\",\"target\":{\"@type\":\"EntryPoint\",\"urlTemplate\":\"https:\/\/demoweb.info\/sexshop001\/?s={search_term_string}\"},\"query-input\":\"required name=search_term_string\"}],\"inLanguage\":\"es\"}]}<\/script>\n<!-- \/ Yoast SEO plugin. -->","yoast_head_json":{"title":"LUXURY BONDAGE KIT - BURGUNDY - Tienda Er\u00f3tica","robots":{"index":"noindex","follow":"follow","max-snippet":"max-snippet:-1","max-image-preview":"max-image-preview:large","max-video-preview":"max-video-preview:-1"},"og_locale":"es_ES","og_type":"article","og_title":"LUXURY BONDAGE KIT - BURGUNDY - Tienda Er\u00f3tica","og_description":"LUXURY BONDAGE KIT &#8211; BURGUNDY \u00bfHas tenido fantas\u00edas acerca del juego sexual de sumisi\u00f3n y dominaci\u00f3n? \u00a1Entonces, esto ser\u00e1 perfecto","og_url":"https:\/\/demoweb.info\/sexshop001\/producto\/luxury-bondage-kit-burgundy\/","og_site_name":"Tienda Er\u00f3tica","article_modified_time":"2022-01-22T12:39:54+00:00","og_image":[{"width":550,"height":550,"url":"https:\/\/demoweb.info\/sexshop001\/wp-content\/uploads\/2022\/01\/LUXURY-BONDAGE-KIT-BURGUNDY.jpg","type":"image\/jpeg"}],"twitter_card":"summary_large_image","twitter_misc":{"Tiempo de lectura":"1 minuto"},"schema":{"@context":"https:\/\/schema.org","@graph":[{"@type":"WebPage","@id":"https:\/\/demoweb.info\/sexshop001\/producto\/luxury-bondage-kit-burgundy\/","url":"https:\/\/demoweb.info\/sexshop001\/producto\/luxury-bondage-kit-burgundy\/","name":"LUXURY BONDAGE KIT - BURGUNDY - Tienda Er\u00f3tica","isPartOf":{"@id":"https:\/\/demoweb.info\/sexshop001\/#website"},"datePublished":"2022-01-22T12:39:41+00:00","dateModified":"2022-01-22T12:39:54+00:00","breadcrumb":{"@id":"https:\/\/demoweb.info\/sexshop001\/producto\/luxury-bondage-kit-burgundy\/#breadcrumb"},"inLanguage":"es","potentialAction":[{"@type":"ReadAction","target":["https:\/\/demoweb.info\/sexshop001\/producto\/luxury-bondage-kit-burgundy\/"]}]},{"@type":"BreadcrumbList","@id":"https:\/\/demoweb.info\/sexshop001\/producto\/luxury-bondage-kit-burgundy\/#breadcrumb","itemListElement":[{"@type":"ListItem","position":1,"name":"Portada","item":"https:\/\/demoweb.info\/sexshop001\/"},{"@type":"ListItem","position":2,"name":"Tienda","item":"https:\/\/demoweb.info\/sexshop001\/tienda\/"},{"@type":"ListItem","position":3,"name":"LUXURY BONDAGE KIT &#8211; BURGUNDY"}]},{"@type":"WebSite","@id":"https:\/\/demoweb.info\/sexshop001\/#website","url":"https:\/\/demoweb.info\/sexshop001\/","name":"Tienda Er\u00f3tica","description":"DEMOWEB SL","potentialAction":[{"@type":"SearchAction","target":{"@type":"EntryPoint","urlTemplate":"https:\/\/demoweb.info\/sexshop001\/?s={search_term_string}"},"query-input":"required name=search_term_string"}],"inLanguage":"es"}]}},"_links":{"self":[{"href":"https:\/\/demoweb.info\/sexshop001\/wp-json\/wp\/v3\/product\/36426","targetHints":{"allow":["GET"]}}],"collection":[{"href":"https:\/\/demoweb.info\/sexshop001\/wp-json\/wp\/v3\/product"}],"about":[{"href":"https:\/\/demoweb.info\/sexshop001\/wp-json\/wp\/v2\/types\/product"}],"replies":[{"embeddable":true,"href":"https:\/\/demoweb.info\/sexshop001\/wp-json\/wp\/v2\/comments?post=36426"}],"wp:featuredmedia":[{"embeddable":true,"href":"https:\/\/demoweb.info\/sexshop001\/wp-json\/wp\/v2\/media\/36427"}],"wp:attachment":[{"href":"https:\/\/demoweb.info\/sexshop001\/wp-json\/wp\/v2\/media?parent=36426"}],"wp:term":[{"taxonomy":"product_cat","embeddable":true,"href":"https:\/\/demoweb.info\/sexshop001\/wp-json\/wp\/v2\/product_cat?post=36426"},{"taxonomy":"product_tag","embeddable":true,"href":"https:\/\/demoweb.info\/sexshop001\/wp-json\/wp\/v2\/product_tag?post=36426"}],"curies":[{"name":"wp","href":"https:\/\/api.w.org\/{rel}","templated":true}]}}