{"id":36417,"date":"2022-01-22T13:39:41","date_gmt":"2022-01-22T12:39:41","guid":{"rendered":"https:\/\/demoweb.info\/sexshop001\/producto\/cock-master-extension-para-el-pene\/"},"modified":"2022-01-22T13:39:48","modified_gmt":"2022-01-22T12:39:48","slug":"cock-master-extension-para-el-pene","status":"publish","type":"product","link":"https:\/\/demoweb.info\/sexshop001\/producto\/cock-master-extension-para-el-pene\/","title":{"rendered":"COCK MASTER EXTENSI\u00d3N PARA EL PENE"},"content":{"rendered":"<p><strong>COCK MASTER PENIS EXTENTION WITH SOLID END &#8211; SKIN<\/strong><\/p>\n<p>\u00bfNecesitas un poco m\u00e1s de longitud y circunferencia? Cock Master es una extensi\u00f3n para el pene duradera y realista que te dar\u00e1 el tama\u00f1o que tanto deseas.<\/p>\n<p>El dildo hueco se desliza sobre un erecto o semi-erecto pene para crear un efecto de vac\u00edo incre\u00edble que asegura que no se salga. Est\u00e1 hecho de material de PVC, sin ftalatos, que incluye la f\u00f3rmula antibacteriana Sil-A-Gel.<\/p>\n<p>Caracter\u00edsticas:<br \/>\n&#8211; Longitud Total (cm): 25,4<br \/>\n&#8211; Longitud Insertable (cm): 25,4<br \/>\n&#8211; Di\u00e1metro (cm): 4,32<br \/>\n&#8211; Circunferencia (cm): 13,56<\/p>\n","protected":false},"excerpt":{"rendered":"<p>COCK MASTER PENIS EXTENTION WITH SOLID END &#8211; SKIN \u00bfNecesitas un poco m\u00e1s de longitud y circunferencia? Cock Master es<\/p>\n","protected":false},"featured_media":36418,"comment_status":"open","ping_status":"open","template":"","meta":[],"product_cat":[543],"product_tag":[460],"class_list":["post-36417","product","type-product","status-publish","has-post-thumbnail","hentry","product_cat-fundas","product_tag-doc-johnson"],"bundled_by":[],"bundle_stock_status":"outofstock","bundle_stock_quantity":0,"bundle_virtual":false,"bundle_layout":"","bundle_add_to_cart_form_location":"","bundle_editable_in_cart":false,"bundle_sold_individually_context":"","bundle_item_grouping":"","bundle_min_size":"","bundle_max_size":"","bundled_items":[],"yoast_head":"<!-- This site is optimized with the Yoast SEO plugin v20.6 - https:\/\/yoast.com\/wordpress\/plugins\/seo\/ -->\n<title>COCK MASTER EXTENSI\u00d3N PARA EL PENE - Tienda Er\u00f3tica<\/title>\n<meta name=\"robots\" content=\"noindex, follow, max-snippet:-1, max-image-preview:large, max-video-preview:-1\" \/>\n<meta property=\"og:locale\" content=\"es_ES\" \/>\n<meta property=\"og:type\" content=\"article\" \/>\n<meta property=\"og:title\" content=\"COCK MASTER EXTENSI\u00d3N PARA EL PENE - Tienda Er\u00f3tica\" \/>\n<meta property=\"og:description\" content=\"COCK MASTER PENIS EXTENTION WITH SOLID END &#8211; SKIN \u00bfNecesitas un poco m\u00e1s de longitud y circunferencia? Cock Master es\" \/>\n<meta property=\"og:url\" content=\"https:\/\/demoweb.info\/sexshop001\/producto\/cock-master-extension-para-el-pene\/\" \/>\n<meta property=\"og:site_name\" content=\"Tienda Er\u00f3tica\" \/>\n<meta property=\"article:modified_time\" content=\"2022-01-22T12:39:48+00:00\" \/>\n<meta property=\"og:image\" content=\"https:\/\/demoweb.info\/sexshop001\/wp-content\/uploads\/2022\/01\/COCK-MASTER-EXTENSION-PARA-EL-PENE.jpg\" \/>\n\t<meta property=\"og:image:width\" content=\"550\" \/>\n\t<meta property=\"og:image:height\" content=\"550\" \/>\n\t<meta property=\"og:image:type\" content=\"image\/jpeg\" \/>\n<meta name=\"twitter:card\" content=\"summary_large_image\" \/>\n<script type=\"application\/ld+json\" class=\"yoast-schema-graph\">{\"@context\":\"https:\/\/schema.org\",\"@graph\":[{\"@type\":\"WebPage\",\"@id\":\"https:\/\/demoweb.info\/sexshop001\/producto\/cock-master-extension-para-el-pene\/\",\"url\":\"https:\/\/demoweb.info\/sexshop001\/producto\/cock-master-extension-para-el-pene\/\",\"name\":\"COCK MASTER EXTENSI\u00d3N PARA EL PENE - Tienda Er\u00f3tica\",\"isPartOf\":{\"@id\":\"https:\/\/demoweb.info\/sexshop001\/#website\"},\"datePublished\":\"2022-01-22T12:39:41+00:00\",\"dateModified\":\"2022-01-22T12:39:48+00:00\",\"breadcrumb\":{\"@id\":\"https:\/\/demoweb.info\/sexshop001\/producto\/cock-master-extension-para-el-pene\/#breadcrumb\"},\"inLanguage\":\"es\",\"potentialAction\":[{\"@type\":\"ReadAction\",\"target\":[\"https:\/\/demoweb.info\/sexshop001\/producto\/cock-master-extension-para-el-pene\/\"]}]},{\"@type\":\"BreadcrumbList\",\"@id\":\"https:\/\/demoweb.info\/sexshop001\/producto\/cock-master-extension-para-el-pene\/#breadcrumb\",\"itemListElement\":[{\"@type\":\"ListItem\",\"position\":1,\"name\":\"Portada\",\"item\":\"https:\/\/demoweb.info\/sexshop001\/\"},{\"@type\":\"ListItem\",\"position\":2,\"name\":\"Tienda\",\"item\":\"https:\/\/demoweb.info\/sexshop001\/tienda\/\"},{\"@type\":\"ListItem\",\"position\":3,\"name\":\"COCK MASTER EXTENSI\u00d3N PARA EL PENE\"}]},{\"@type\":\"WebSite\",\"@id\":\"https:\/\/demoweb.info\/sexshop001\/#website\",\"url\":\"https:\/\/demoweb.info\/sexshop001\/\",\"name\":\"Tienda Er\u00f3tica\",\"description\":\"DEMOWEB SL\",\"potentialAction\":[{\"@type\":\"SearchAction\",\"target\":{\"@type\":\"EntryPoint\",\"urlTemplate\":\"https:\/\/demoweb.info\/sexshop001\/?s={search_term_string}\"},\"query-input\":\"required name=search_term_string\"}],\"inLanguage\":\"es\"}]}<\/script>\n<!-- \/ Yoast SEO plugin. -->","yoast_head_json":{"title":"COCK MASTER EXTENSI\u00d3N PARA EL PENE - Tienda Er\u00f3tica","robots":{"index":"noindex","follow":"follow","max-snippet":"max-snippet:-1","max-image-preview":"max-image-preview:large","max-video-preview":"max-video-preview:-1"},"og_locale":"es_ES","og_type":"article","og_title":"COCK MASTER EXTENSI\u00d3N PARA EL PENE - Tienda Er\u00f3tica","og_description":"COCK MASTER PENIS EXTENTION WITH SOLID END &#8211; SKIN \u00bfNecesitas un poco m\u00e1s de longitud y circunferencia? Cock Master es","og_url":"https:\/\/demoweb.info\/sexshop001\/producto\/cock-master-extension-para-el-pene\/","og_site_name":"Tienda Er\u00f3tica","article_modified_time":"2022-01-22T12:39:48+00:00","og_image":[{"width":550,"height":550,"url":"https:\/\/demoweb.info\/sexshop001\/wp-content\/uploads\/2022\/01\/COCK-MASTER-EXTENSION-PARA-EL-PENE.jpg","type":"image\/jpeg"}],"twitter_card":"summary_large_image","schema":{"@context":"https:\/\/schema.org","@graph":[{"@type":"WebPage","@id":"https:\/\/demoweb.info\/sexshop001\/producto\/cock-master-extension-para-el-pene\/","url":"https:\/\/demoweb.info\/sexshop001\/producto\/cock-master-extension-para-el-pene\/","name":"COCK MASTER EXTENSI\u00d3N PARA EL PENE - Tienda Er\u00f3tica","isPartOf":{"@id":"https:\/\/demoweb.info\/sexshop001\/#website"},"datePublished":"2022-01-22T12:39:41+00:00","dateModified":"2022-01-22T12:39:48+00:00","breadcrumb":{"@id":"https:\/\/demoweb.info\/sexshop001\/producto\/cock-master-extension-para-el-pene\/#breadcrumb"},"inLanguage":"es","potentialAction":[{"@type":"ReadAction","target":["https:\/\/demoweb.info\/sexshop001\/producto\/cock-master-extension-para-el-pene\/"]}]},{"@type":"BreadcrumbList","@id":"https:\/\/demoweb.info\/sexshop001\/producto\/cock-master-extension-para-el-pene\/#breadcrumb","itemListElement":[{"@type":"ListItem","position":1,"name":"Portada","item":"https:\/\/demoweb.info\/sexshop001\/"},{"@type":"ListItem","position":2,"name":"Tienda","item":"https:\/\/demoweb.info\/sexshop001\/tienda\/"},{"@type":"ListItem","position":3,"name":"COCK MASTER EXTENSI\u00d3N PARA EL PENE"}]},{"@type":"WebSite","@id":"https:\/\/demoweb.info\/sexshop001\/#website","url":"https:\/\/demoweb.info\/sexshop001\/","name":"Tienda Er\u00f3tica","description":"DEMOWEB SL","potentialAction":[{"@type":"SearchAction","target":{"@type":"EntryPoint","urlTemplate":"https:\/\/demoweb.info\/sexshop001\/?s={search_term_string}"},"query-input":"required name=search_term_string"}],"inLanguage":"es"}]}},"_links":{"self":[{"href":"https:\/\/demoweb.info\/sexshop001\/wp-json\/wp\/v3\/product\/36417","targetHints":{"allow":["GET"]}}],"collection":[{"href":"https:\/\/demoweb.info\/sexshop001\/wp-json\/wp\/v3\/product"}],"about":[{"href":"https:\/\/demoweb.info\/sexshop001\/wp-json\/wp\/v2\/types\/product"}],"replies":[{"embeddable":true,"href":"https:\/\/demoweb.info\/sexshop001\/wp-json\/wp\/v2\/comments?post=36417"}],"wp:featuredmedia":[{"embeddable":true,"href":"https:\/\/demoweb.info\/sexshop001\/wp-json\/wp\/v2\/media\/36418"}],"wp:attachment":[{"href":"https:\/\/demoweb.info\/sexshop001\/wp-json\/wp\/v2\/media?parent=36417"}],"wp:term":[{"taxonomy":"product_cat","embeddable":true,"href":"https:\/\/demoweb.info\/sexshop001\/wp-json\/wp\/v2\/product_cat?post=36417"},{"taxonomy":"product_tag","embeddable":true,"href":"https:\/\/demoweb.info\/sexshop001\/wp-json\/wp\/v2\/product_tag?post=36417"}],"curies":[{"name":"wp","href":"https:\/\/api.w.org\/{rel}","templated":true}]}}