{"id":36327,"date":"2022-01-22T13:38:32","date_gmt":"2022-01-22T12:38:32","guid":{"rendered":"https:\/\/demoweb.info\/sexshop001\/producto\/satisfyer-ultra-power-bullet-3-rojo\/"},"modified":"2022-01-22T13:38:49","modified_gmt":"2022-01-22T12:38:49","slug":"satisfyer-ultra-power-bullet-3-rojo","status":"publish","type":"product","link":"https:\/\/demoweb.info\/sexshop001\/producto\/satisfyer-ultra-power-bullet-3-rojo\/","title":{"rendered":"SATISFYER ULTRA POWER BULLET 3 &#8211; ROJO"},"content":{"rendered":"<p><strong>SATISFYER ULTRA POWER BULLET 3<\/strong><\/p>\n<p>ULTRA POWER BULLET 3 es la m\u00e1s peque\u00f1a de todas las balas: con pl\u00e1stico ABS en un lado y silicona aplanada para el cuerpo en el otro, tiene un dise\u00f1o familiar similar a un dedo. Disponible en rosa y blanco.<\/p>\n<p>UN PU\u00d1ADO DE PODER CONCENTRADO<br \/>\nLa Ultra Power Bullet solo tiene en mente tu placer y quiere pon\u00e9rtelo lo m\u00e1s f\u00e1cil posible: con un simple clic en su parte inferior, el amiguito se pone en marcha y te encanta con un variado programa de 5 velocidades y 7 patrones de vibraci\u00f3n. Su punta redondeada de silicona suave abraza tu piel suavemente y mima tu cl\u00edtoris en particular con vibraciones intensas y profundas.<\/p>\n<p>En movimiento, este mini vibrador Satisfyer tambi\u00e9n demuestra ser un compa\u00f1ero confiable que se esconde discretamente en su bolso hasta que se usa nuevamente, cuando y donde lo desee. \u00bfNo querr\u00e1s perderte a tu beb\u00e9 en tus aventuras de ba\u00f1o? No hay problema, porque gracias a su procesamiento impermeable (IPX7), los viajes juntos bajo la ducha o en la ba\u00f1era son sencillos.<\/p>\n<p>\u00a1DALE PODER!<br \/>\nSu juguete est\u00e1 equipado con bater\u00edas integradas y, por lo tanto, se puede recargar de forma respetuosa con el medio ambiente. El cable de carga magn\u00e9tico USB incluido se puede complementar con un enchufe de alimentaci\u00f3n est\u00e1ndar de 5 V si es necesario.<\/p>\n<p>MATERIAL Y CUIDADO<br \/>\nSu juguete a prueba de agua est\u00e1 hecho de silicona m\u00e9dica suave como la seda, que es extremadamente resbaladiza y absorbe r\u00e1pidamente el calor de su cuerpo. El juguete se puede limpiar f\u00e1cilmente con un poco de jab\u00f3n y agua tibia. Con un poco de limpiador desinfectante para juguetes , puede garantizar una higiene particularmente completa en todos los aspectos, idealmente con el spray desinfectante perfectamente coordinado de Satisfyer. Para un placer suave m\u00e1ximo, use siempre su juguete con uno de los lubricantes a base de agua de Satisfyer, que se combinan idealmente con el producto . Est\u00e1n disponibles en las variantes cl\u00e1sico, sedoso y c\u00e1lido. La composici\u00f3n vegana a base de agua es suave con el material y mantiene la superficie de su juguete agradable y flexible.<\/p>\n<p>LA MARCA SATISFYER<br \/>\nSatisfyer: \u00a1mucho m\u00e1s que una marca alemana! Todo comenz\u00f3 con la estimulaci\u00f3n sin contacto del cl\u00edtoris gracias a la tecnolog\u00eda de ondas de presi\u00f3n innovadora y patentada: la marca de bienestar sexual l\u00edder en el mundo ahora est\u00e1 enriqueciendo la vida amorosa de m\u00e1s de 25.000.000 de mujeres, hombres y parejas en m\u00e1s de 100 pa\u00edses con una amplia gama de productos. y siempre nuevas ideas y las m\u00e1s modernas tecnolog\u00edas. Con caracter\u00edsticas de calidad como silicona de alta calidad, una garant\u00eda de 15 a\u00f1os, mano de obra impermeable y motores potentes, la exitosa marca alemana siempre se preocupa por combinar tecnolog\u00eda con un dise\u00f1o excepcional en sus productos. Solo en los \u00faltimos 3 a\u00f1os, Satisfyer ha logrado ganar m\u00e1s de 250 premios internacionales de dise\u00f1o como ninguna otra empresa.<\/p>\n<p>Caracter\u00edsticas:<\/p>\n<ul>\n<li>Silicona m\u00e9dica<\/li>\n<li>Motor extremadamente potente<\/li>\n<li>12 programas de vibraci\u00f3n<\/li>\n<li>Resistente al agua (IPX7), recargable<\/li>\n<\/ul>\n","protected":false},"excerpt":{"rendered":"<p>SATISFYER ULTRA POWER BULLET 3 ULTRA POWER BULLET 3 es la m\u00e1s peque\u00f1a de todas las balas: con pl\u00e1stico ABS<\/p>\n","protected":false},"featured_media":36328,"comment_status":"open","ping_status":"open","template":"","meta":[],"product_cat":[476],"product_tag":[442,615],"class_list":["post-36327","product","type-product","status-publish","has-post-thumbnail","hentry","product_cat-silicona-balas-y-huevos","product_tag-satisfyer","product_tag-vibrator"],"bundled_by":[],"bundle_stock_status":"instock","bundle_stock_quantity":25,"bundle_virtual":false,"bundle_layout":"","bundle_add_to_cart_form_location":"","bundle_editable_in_cart":false,"bundle_sold_individually_context":"","bundle_item_grouping":"","bundle_min_size":"","bundle_max_size":"","bundled_items":[],"yoast_head":"<!-- This site is optimized with the Yoast SEO plugin v20.6 - https:\/\/yoast.com\/wordpress\/plugins\/seo\/ -->\n<title>SATISFYER ULTRA POWER BULLET 3 - ROJO - Tienda Er\u00f3tica<\/title>\n<meta name=\"robots\" content=\"noindex, follow, max-snippet:-1, max-image-preview:large, max-video-preview:-1\" \/>\n<meta property=\"og:locale\" content=\"es_ES\" \/>\n<meta property=\"og:type\" content=\"article\" \/>\n<meta property=\"og:title\" content=\"SATISFYER ULTRA POWER BULLET 3 - ROJO - Tienda Er\u00f3tica\" \/>\n<meta property=\"og:description\" content=\"SATISFYER ULTRA POWER BULLET 3 ULTRA POWER BULLET 3 es la m\u00e1s peque\u00f1a de todas las balas: con pl\u00e1stico ABS\" \/>\n<meta property=\"og:url\" content=\"https:\/\/demoweb.info\/sexshop001\/producto\/satisfyer-ultra-power-bullet-3-rojo\/\" \/>\n<meta property=\"og:site_name\" content=\"Tienda Er\u00f3tica\" \/>\n<meta property=\"article:modified_time\" content=\"2022-01-22T12:38:49+00:00\" \/>\n<meta property=\"og:image\" content=\"https:\/\/demoweb.info\/sexshop001\/wp-content\/uploads\/2022\/01\/SATISFYER-ULTRA-POWER-BULLET-3-ROJO.jpg\" \/>\n\t<meta property=\"og:image:width\" content=\"550\" \/>\n\t<meta property=\"og:image:height\" content=\"550\" \/>\n\t<meta property=\"og:image:type\" content=\"image\/jpeg\" \/>\n<meta name=\"twitter:card\" content=\"summary_large_image\" \/>\n<meta name=\"twitter:label1\" content=\"Tiempo de lectura\" \/>\n\t<meta name=\"twitter:data1\" content=\"3 minutos\" \/>\n<script type=\"application\/ld+json\" class=\"yoast-schema-graph\">{\"@context\":\"https:\/\/schema.org\",\"@graph\":[{\"@type\":\"WebPage\",\"@id\":\"https:\/\/demoweb.info\/sexshop001\/producto\/satisfyer-ultra-power-bullet-3-rojo\/\",\"url\":\"https:\/\/demoweb.info\/sexshop001\/producto\/satisfyer-ultra-power-bullet-3-rojo\/\",\"name\":\"SATISFYER ULTRA POWER BULLET 3 - ROJO - Tienda Er\u00f3tica\",\"isPartOf\":{\"@id\":\"https:\/\/demoweb.info\/sexshop001\/#website\"},\"datePublished\":\"2022-01-22T12:38:32+00:00\",\"dateModified\":\"2022-01-22T12:38:49+00:00\",\"breadcrumb\":{\"@id\":\"https:\/\/demoweb.info\/sexshop001\/producto\/satisfyer-ultra-power-bullet-3-rojo\/#breadcrumb\"},\"inLanguage\":\"es\",\"potentialAction\":[{\"@type\":\"ReadAction\",\"target\":[\"https:\/\/demoweb.info\/sexshop001\/producto\/satisfyer-ultra-power-bullet-3-rojo\/\"]}]},{\"@type\":\"BreadcrumbList\",\"@id\":\"https:\/\/demoweb.info\/sexshop001\/producto\/satisfyer-ultra-power-bullet-3-rojo\/#breadcrumb\",\"itemListElement\":[{\"@type\":\"ListItem\",\"position\":1,\"name\":\"Portada\",\"item\":\"https:\/\/demoweb.info\/sexshop001\/\"},{\"@type\":\"ListItem\",\"position\":2,\"name\":\"Tienda\",\"item\":\"https:\/\/demoweb.info\/sexshop001\/tienda\/\"},{\"@type\":\"ListItem\",\"position\":3,\"name\":\"SATISFYER ULTRA POWER BULLET 3 &#8211; ROJO\"}]},{\"@type\":\"WebSite\",\"@id\":\"https:\/\/demoweb.info\/sexshop001\/#website\",\"url\":\"https:\/\/demoweb.info\/sexshop001\/\",\"name\":\"Tienda Er\u00f3tica\",\"description\":\"DEMOWEB SL\",\"potentialAction\":[{\"@type\":\"SearchAction\",\"target\":{\"@type\":\"EntryPoint\",\"urlTemplate\":\"https:\/\/demoweb.info\/sexshop001\/?s={search_term_string}\"},\"query-input\":\"required name=search_term_string\"}],\"inLanguage\":\"es\"}]}<\/script>\n<!-- \/ Yoast SEO plugin. -->","yoast_head_json":{"title":"SATISFYER ULTRA POWER BULLET 3 - ROJO - Tienda Er\u00f3tica","robots":{"index":"noindex","follow":"follow","max-snippet":"max-snippet:-1","max-image-preview":"max-image-preview:large","max-video-preview":"max-video-preview:-1"},"og_locale":"es_ES","og_type":"article","og_title":"SATISFYER ULTRA POWER BULLET 3 - ROJO - Tienda Er\u00f3tica","og_description":"SATISFYER ULTRA POWER BULLET 3 ULTRA POWER BULLET 3 es la m\u00e1s peque\u00f1a de todas las balas: con pl\u00e1stico ABS","og_url":"https:\/\/demoweb.info\/sexshop001\/producto\/satisfyer-ultra-power-bullet-3-rojo\/","og_site_name":"Tienda Er\u00f3tica","article_modified_time":"2022-01-22T12:38:49+00:00","og_image":[{"width":550,"height":550,"url":"https:\/\/demoweb.info\/sexshop001\/wp-content\/uploads\/2022\/01\/SATISFYER-ULTRA-POWER-BULLET-3-ROJO.jpg","type":"image\/jpeg"}],"twitter_card":"summary_large_image","twitter_misc":{"Tiempo de lectura":"3 minutos"},"schema":{"@context":"https:\/\/schema.org","@graph":[{"@type":"WebPage","@id":"https:\/\/demoweb.info\/sexshop001\/producto\/satisfyer-ultra-power-bullet-3-rojo\/","url":"https:\/\/demoweb.info\/sexshop001\/producto\/satisfyer-ultra-power-bullet-3-rojo\/","name":"SATISFYER ULTRA POWER BULLET 3 - ROJO - Tienda Er\u00f3tica","isPartOf":{"@id":"https:\/\/demoweb.info\/sexshop001\/#website"},"datePublished":"2022-01-22T12:38:32+00:00","dateModified":"2022-01-22T12:38:49+00:00","breadcrumb":{"@id":"https:\/\/demoweb.info\/sexshop001\/producto\/satisfyer-ultra-power-bullet-3-rojo\/#breadcrumb"},"inLanguage":"es","potentialAction":[{"@type":"ReadAction","target":["https:\/\/demoweb.info\/sexshop001\/producto\/satisfyer-ultra-power-bullet-3-rojo\/"]}]},{"@type":"BreadcrumbList","@id":"https:\/\/demoweb.info\/sexshop001\/producto\/satisfyer-ultra-power-bullet-3-rojo\/#breadcrumb","itemListElement":[{"@type":"ListItem","position":1,"name":"Portada","item":"https:\/\/demoweb.info\/sexshop001\/"},{"@type":"ListItem","position":2,"name":"Tienda","item":"https:\/\/demoweb.info\/sexshop001\/tienda\/"},{"@type":"ListItem","position":3,"name":"SATISFYER ULTRA POWER BULLET 3 &#8211; ROJO"}]},{"@type":"WebSite","@id":"https:\/\/demoweb.info\/sexshop001\/#website","url":"https:\/\/demoweb.info\/sexshop001\/","name":"Tienda Er\u00f3tica","description":"DEMOWEB SL","potentialAction":[{"@type":"SearchAction","target":{"@type":"EntryPoint","urlTemplate":"https:\/\/demoweb.info\/sexshop001\/?s={search_term_string}"},"query-input":"required name=search_term_string"}],"inLanguage":"es"}]}},"_links":{"self":[{"href":"https:\/\/demoweb.info\/sexshop001\/wp-json\/wp\/v3\/product\/36327","targetHints":{"allow":["GET"]}}],"collection":[{"href":"https:\/\/demoweb.info\/sexshop001\/wp-json\/wp\/v3\/product"}],"about":[{"href":"https:\/\/demoweb.info\/sexshop001\/wp-json\/wp\/v2\/types\/product"}],"replies":[{"embeddable":true,"href":"https:\/\/demoweb.info\/sexshop001\/wp-json\/wp\/v2\/comments?post=36327"}],"wp:featuredmedia":[{"embeddable":true,"href":"https:\/\/demoweb.info\/sexshop001\/wp-json\/wp\/v2\/media\/36328"}],"wp:attachment":[{"href":"https:\/\/demoweb.info\/sexshop001\/wp-json\/wp\/v2\/media?parent=36327"}],"wp:term":[{"taxonomy":"product_cat","embeddable":true,"href":"https:\/\/demoweb.info\/sexshop001\/wp-json\/wp\/v2\/product_cat?post=36327"},{"taxonomy":"product_tag","embeddable":true,"href":"https:\/\/demoweb.info\/sexshop001\/wp-json\/wp\/v2\/product_tag?post=36327"}],"curies":[{"name":"wp","href":"https:\/\/api.w.org\/{rel}","templated":true}]}}