{"id":36272,"date":"2022-01-22T13:38:12","date_gmt":"2022-01-22T12:38:12","guid":{"rendered":"https:\/\/demoweb.info\/sexshop001\/producto\/satisfyer-vibrador-estimulador-de-dedo-amarillo\/"},"modified":"2022-01-22T13:38:15","modified_gmt":"2022-01-22T12:38:15","slug":"satisfyer-vibrador-estimulador-de-dedo-amarillo","status":"publish","type":"product","link":"https:\/\/demoweb.info\/sexshop001\/producto\/satisfyer-vibrador-estimulador-de-dedo-amarillo\/","title":{"rendered":"SATISFYER VIBRADOR ESTIMULADOR DE DEDO &#8211; AMARILLO"},"content":{"rendered":"<p><strong>SATISFYER TEASER FINGER VIBRATOR<\/strong><\/p>\n<p>Vibrador de dedo recargable USB con una anilla para el dedo para estimulaci\u00f3n unisex en todo el cuerpo con 12 funciones e impermeabilizaci\u00f3n.<\/p>\n<p>Este vibrador de dedo peque\u00f1o y vers\u00e1til cuenta con un peque\u00f1o lazo para el dedo, lo que hace que el TEASER sea f\u00e1cil de usar para cualquier persona. \u00a1Esta vibraci\u00f3n de dedos brinda la oportunidad para que cualquiera explore y despierte cualquier zona er\u00f3gena imaginable!<\/p>\n<p>El TEASER sabe exactamente c\u00f3mo complacer. Con una punta de la lengua m\u00e1s amplia para bailar delicadamente, esta vibra se despierta mientras se desliza por la piel. Trabajando como una extensi\u00f3n del propio dedo con controles de botones intuitivos, el TEASER es una introducci\u00f3n perfecta a las sensaciones vibratorias.<\/p>\n<p>Con 12 potentes configuraciones, una clasificaci\u00f3n de impermeabilidad IPX7 y hecho de silicona amigable para el cuerpo, \u00a1el TEASER est\u00e1 listo para bailar tango!<\/p>\n<ul>\n<li>Vibraci\u00f3n de 12 funciones<\/li>\n<li>Fuertes vibraciones profundas<\/li>\n<li>Bucle de dedo de tama\u00f1o generoso<\/li>\n<li>USB recargable<\/li>\n<li>Conector de carga magn\u00e9tica<\/li>\n<li>IPX7 a prueba de agua<\/li>\n<li>Largo: 11.4cm<\/li>\n<li>Ancho: 3,2 cm<\/li>\n<\/ul>\n","protected":false},"excerpt":{"rendered":"<p>SATISFYER TEASER FINGER VIBRATOR Vibrador de dedo recargable USB con una anilla para el dedo para estimulaci\u00f3n unisex en todo<\/p>\n","protected":false},"featured_media":36273,"comment_status":"open","ping_status":"open","template":"","meta":[],"product_cat":[552],"product_tag":[442,615],"class_list":["post-36272","product","type-product","status-publish","has-post-thumbnail","hentry","product_cat-dedales","product_tag-satisfyer","product_tag-vibrator"],"bundled_by":[],"bundle_stock_status":"instock","bundle_stock_quantity":25,"bundle_virtual":false,"bundle_layout":"","bundle_add_to_cart_form_location":"","bundle_editable_in_cart":false,"bundle_sold_individually_context":"","bundle_item_grouping":"","bundle_min_size":"","bundle_max_size":"","bundled_items":[],"yoast_head":"<!-- This site is optimized with the Yoast SEO plugin v20.6 - https:\/\/yoast.com\/wordpress\/plugins\/seo\/ -->\n<title>SATISFYER VIBRADOR ESTIMULADOR DE DEDO - AMARILLO - Tienda Er\u00f3tica<\/title>\n<meta name=\"robots\" content=\"noindex, follow, max-snippet:-1, max-image-preview:large, max-video-preview:-1\" \/>\n<meta property=\"og:locale\" content=\"es_ES\" \/>\n<meta property=\"og:type\" content=\"article\" \/>\n<meta property=\"og:title\" content=\"SATISFYER VIBRADOR ESTIMULADOR DE DEDO - AMARILLO - Tienda Er\u00f3tica\" \/>\n<meta property=\"og:description\" content=\"SATISFYER TEASER FINGER VIBRATOR Vibrador de dedo recargable USB con una anilla para el dedo para estimulaci\u00f3n unisex en todo\" \/>\n<meta property=\"og:url\" content=\"https:\/\/demoweb.info\/sexshop001\/producto\/satisfyer-vibrador-estimulador-de-dedo-amarillo\/\" \/>\n<meta property=\"og:site_name\" content=\"Tienda Er\u00f3tica\" \/>\n<meta property=\"article:modified_time\" content=\"2022-01-22T12:38:15+00:00\" \/>\n<meta property=\"og:image\" content=\"https:\/\/demoweb.info\/sexshop001\/wp-content\/uploads\/2022\/01\/SATISFYER-VIBRADOR-ESTIMULADOR-DE-DEDO-AMARILLO.jpg\" \/>\n\t<meta property=\"og:image:width\" content=\"550\" \/>\n\t<meta property=\"og:image:height\" content=\"550\" \/>\n\t<meta property=\"og:image:type\" content=\"image\/jpeg\" \/>\n<meta name=\"twitter:card\" content=\"summary_large_image\" \/>\n<meta name=\"twitter:label1\" content=\"Tiempo de lectura\" \/>\n\t<meta name=\"twitter:data1\" content=\"1 minuto\" \/>\n<script type=\"application\/ld+json\" class=\"yoast-schema-graph\">{\"@context\":\"https:\/\/schema.org\",\"@graph\":[{\"@type\":\"WebPage\",\"@id\":\"https:\/\/demoweb.info\/sexshop001\/producto\/satisfyer-vibrador-estimulador-de-dedo-amarillo\/\",\"url\":\"https:\/\/demoweb.info\/sexshop001\/producto\/satisfyer-vibrador-estimulador-de-dedo-amarillo\/\",\"name\":\"SATISFYER VIBRADOR ESTIMULADOR DE DEDO - AMARILLO - Tienda Er\u00f3tica\",\"isPartOf\":{\"@id\":\"https:\/\/demoweb.info\/sexshop001\/#website\"},\"datePublished\":\"2022-01-22T12:38:12+00:00\",\"dateModified\":\"2022-01-22T12:38:15+00:00\",\"breadcrumb\":{\"@id\":\"https:\/\/demoweb.info\/sexshop001\/producto\/satisfyer-vibrador-estimulador-de-dedo-amarillo\/#breadcrumb\"},\"inLanguage\":\"es\",\"potentialAction\":[{\"@type\":\"ReadAction\",\"target\":[\"https:\/\/demoweb.info\/sexshop001\/producto\/satisfyer-vibrador-estimulador-de-dedo-amarillo\/\"]}]},{\"@type\":\"BreadcrumbList\",\"@id\":\"https:\/\/demoweb.info\/sexshop001\/producto\/satisfyer-vibrador-estimulador-de-dedo-amarillo\/#breadcrumb\",\"itemListElement\":[{\"@type\":\"ListItem\",\"position\":1,\"name\":\"Portada\",\"item\":\"https:\/\/demoweb.info\/sexshop001\/\"},{\"@type\":\"ListItem\",\"position\":2,\"name\":\"Tienda\",\"item\":\"https:\/\/demoweb.info\/sexshop001\/tienda\/\"},{\"@type\":\"ListItem\",\"position\":3,\"name\":\"SATISFYER VIBRADOR ESTIMULADOR DE DEDO &#8211; AMARILLO\"}]},{\"@type\":\"WebSite\",\"@id\":\"https:\/\/demoweb.info\/sexshop001\/#website\",\"url\":\"https:\/\/demoweb.info\/sexshop001\/\",\"name\":\"Tienda Er\u00f3tica\",\"description\":\"DEMOWEB SL\",\"potentialAction\":[{\"@type\":\"SearchAction\",\"target\":{\"@type\":\"EntryPoint\",\"urlTemplate\":\"https:\/\/demoweb.info\/sexshop001\/?s={search_term_string}\"},\"query-input\":\"required name=search_term_string\"}],\"inLanguage\":\"es\"}]}<\/script>\n<!-- \/ Yoast SEO plugin. -->","yoast_head_json":{"title":"SATISFYER VIBRADOR ESTIMULADOR DE DEDO - AMARILLO - Tienda Er\u00f3tica","robots":{"index":"noindex","follow":"follow","max-snippet":"max-snippet:-1","max-image-preview":"max-image-preview:large","max-video-preview":"max-video-preview:-1"},"og_locale":"es_ES","og_type":"article","og_title":"SATISFYER VIBRADOR ESTIMULADOR DE DEDO - AMARILLO - Tienda Er\u00f3tica","og_description":"SATISFYER TEASER FINGER VIBRATOR Vibrador de dedo recargable USB con una anilla para el dedo para estimulaci\u00f3n unisex en todo","og_url":"https:\/\/demoweb.info\/sexshop001\/producto\/satisfyer-vibrador-estimulador-de-dedo-amarillo\/","og_site_name":"Tienda Er\u00f3tica","article_modified_time":"2022-01-22T12:38:15+00:00","og_image":[{"width":550,"height":550,"url":"https:\/\/demoweb.info\/sexshop001\/wp-content\/uploads\/2022\/01\/SATISFYER-VIBRADOR-ESTIMULADOR-DE-DEDO-AMARILLO.jpg","type":"image\/jpeg"}],"twitter_card":"summary_large_image","twitter_misc":{"Tiempo de lectura":"1 minuto"},"schema":{"@context":"https:\/\/schema.org","@graph":[{"@type":"WebPage","@id":"https:\/\/demoweb.info\/sexshop001\/producto\/satisfyer-vibrador-estimulador-de-dedo-amarillo\/","url":"https:\/\/demoweb.info\/sexshop001\/producto\/satisfyer-vibrador-estimulador-de-dedo-amarillo\/","name":"SATISFYER VIBRADOR ESTIMULADOR DE DEDO - AMARILLO - Tienda Er\u00f3tica","isPartOf":{"@id":"https:\/\/demoweb.info\/sexshop001\/#website"},"datePublished":"2022-01-22T12:38:12+00:00","dateModified":"2022-01-22T12:38:15+00:00","breadcrumb":{"@id":"https:\/\/demoweb.info\/sexshop001\/producto\/satisfyer-vibrador-estimulador-de-dedo-amarillo\/#breadcrumb"},"inLanguage":"es","potentialAction":[{"@type":"ReadAction","target":["https:\/\/demoweb.info\/sexshop001\/producto\/satisfyer-vibrador-estimulador-de-dedo-amarillo\/"]}]},{"@type":"BreadcrumbList","@id":"https:\/\/demoweb.info\/sexshop001\/producto\/satisfyer-vibrador-estimulador-de-dedo-amarillo\/#breadcrumb","itemListElement":[{"@type":"ListItem","position":1,"name":"Portada","item":"https:\/\/demoweb.info\/sexshop001\/"},{"@type":"ListItem","position":2,"name":"Tienda","item":"https:\/\/demoweb.info\/sexshop001\/tienda\/"},{"@type":"ListItem","position":3,"name":"SATISFYER VIBRADOR ESTIMULADOR DE DEDO &#8211; AMARILLO"}]},{"@type":"WebSite","@id":"https:\/\/demoweb.info\/sexshop001\/#website","url":"https:\/\/demoweb.info\/sexshop001\/","name":"Tienda Er\u00f3tica","description":"DEMOWEB SL","potentialAction":[{"@type":"SearchAction","target":{"@type":"EntryPoint","urlTemplate":"https:\/\/demoweb.info\/sexshop001\/?s={search_term_string}"},"query-input":"required name=search_term_string"}],"inLanguage":"es"}]}},"_links":{"self":[{"href":"https:\/\/demoweb.info\/sexshop001\/wp-json\/wp\/v3\/product\/36272","targetHints":{"allow":["GET"]}}],"collection":[{"href":"https:\/\/demoweb.info\/sexshop001\/wp-json\/wp\/v3\/product"}],"about":[{"href":"https:\/\/demoweb.info\/sexshop001\/wp-json\/wp\/v2\/types\/product"}],"replies":[{"embeddable":true,"href":"https:\/\/demoweb.info\/sexshop001\/wp-json\/wp\/v2\/comments?post=36272"}],"wp:featuredmedia":[{"embeddable":true,"href":"https:\/\/demoweb.info\/sexshop001\/wp-json\/wp\/v2\/media\/36273"}],"wp:attachment":[{"href":"https:\/\/demoweb.info\/sexshop001\/wp-json\/wp\/v2\/media?parent=36272"}],"wp:term":[{"taxonomy":"product_cat","embeddable":true,"href":"https:\/\/demoweb.info\/sexshop001\/wp-json\/wp\/v2\/product_cat?post=36272"},{"taxonomy":"product_tag","embeddable":true,"href":"https:\/\/demoweb.info\/sexshop001\/wp-json\/wp\/v2\/product_tag?post=36272"}],"curies":[{"name":"wp","href":"https:\/\/api.w.org\/{rel}","templated":true}]}}