{"id":36158,"date":"2022-01-22T13:36:56","date_gmt":"2022-01-22T12:36:56","guid":{"rendered":"https:\/\/demoweb.info\/sexshop001\/producto\/the-double-dip-2-plug-dildo-negro\/"},"modified":"2022-01-22T13:37:04","modified_gmt":"2022-01-22T12:37:04","slug":"the-double-dip-2-plug-dildo-negro","status":"publish","type":"product","link":"https:\/\/demoweb.info\/sexshop001\/producto\/the-double-dip-2-plug-dildo-negro\/","title":{"rendered":"THE DOUBLE DIP 2 PLUG \/ DILDO NEGRO"},"content":{"rendered":"<p><strong>PLATINUM &#8211; PREMIUM SILICONE &#8211; THE DOUBLE DIP 2 BLACK<\/strong><\/p>\n<p>\u00bfBuscas un poco de doble diversi\u00f3n? El Double Dip 2 de la colecci\u00f3n Platinum \u00a1ser\u00e1 tu opci\u00f3n perfecta!<\/p>\n<p>Disponible en color negro y azul, Negro y Azul y fabricado enteramente en silicona de alta calidad, este anillo para el pene tiene un eje ondulado elegante para un incre\u00edble placer de doble penetraci\u00f3n. Basta con colocar el anillo por encima o por debajo del eje del pene, lo que permite una estimulaci\u00f3n vaginal o anal c\u00f3moda.<\/p>\n<p>Este anillo para el pene es firme pero flexible, libre de ftalatos e hipoalerg\u00e9nico.<\/p>\n<p>Caracter\u00edsticas:<br \/>\n&#8211; Longitud Total (cm): 10,92<br \/>\n&#8211; Longitud Insertable (cm): 8,89<br \/>\n&#8211; Di\u00e1metro (cm): 5,33<br \/>\n&#8211; Circunferencia (cm): 16,75<\/p>\n","protected":false},"excerpt":{"rendered":"<p>PLATINUM &#8211; PREMIUM SILICONE &#8211; THE DOUBLE DIP 2 BLACK \u00bfBuscas un poco de doble diversi\u00f3n? El Double Dip 2<\/p>\n","protected":false},"featured_media":36159,"comment_status":"open","ping_status":"open","template":"","meta":[],"product_cat":[338],"product_tag":[460],"class_list":["post-36158","product","type-product","status-publish","has-post-thumbnail","hentry","product_cat-silicona-plugs","product_tag-doc-johnson"],"bundled_by":[],"bundle_stock_status":"instock","bundle_stock_quantity":2,"bundle_virtual":false,"bundle_layout":"","bundle_add_to_cart_form_location":"","bundle_editable_in_cart":false,"bundle_sold_individually_context":"","bundle_item_grouping":"","bundle_min_size":"","bundle_max_size":"","bundled_items":[],"yoast_head":"<!-- This site is optimized with the Yoast SEO plugin v20.6 - https:\/\/yoast.com\/wordpress\/plugins\/seo\/ -->\n<title>THE DOUBLE DIP 2 PLUG \/ DILDO NEGRO - Tienda Er\u00f3tica<\/title>\n<meta name=\"robots\" content=\"noindex, follow, max-snippet:-1, max-image-preview:large, max-video-preview:-1\" \/>\n<meta property=\"og:locale\" content=\"es_ES\" \/>\n<meta property=\"og:type\" content=\"article\" \/>\n<meta property=\"og:title\" content=\"THE DOUBLE DIP 2 PLUG \/ DILDO NEGRO - Tienda Er\u00f3tica\" \/>\n<meta property=\"og:description\" content=\"PLATINUM &#8211; PREMIUM SILICONE &#8211; THE DOUBLE DIP 2 BLACK \u00bfBuscas un poco de doble diversi\u00f3n? El Double Dip 2\" \/>\n<meta property=\"og:url\" content=\"https:\/\/demoweb.info\/sexshop001\/producto\/the-double-dip-2-plug-dildo-negro\/\" \/>\n<meta property=\"og:site_name\" content=\"Tienda Er\u00f3tica\" \/>\n<meta property=\"article:modified_time\" content=\"2022-01-22T12:37:04+00:00\" \/>\n<meta property=\"og:image\" content=\"https:\/\/demoweb.info\/sexshop001\/wp-content\/uploads\/2022\/01\/THE-DOUBLE-DIP-2-PLUG-DILDO-NEGRO.jpg\" \/>\n\t<meta property=\"og:image:width\" content=\"550\" \/>\n\t<meta property=\"og:image:height\" content=\"550\" \/>\n\t<meta property=\"og:image:type\" content=\"image\/jpeg\" \/>\n<meta name=\"twitter:card\" content=\"summary_large_image\" \/>\n<meta name=\"twitter:label1\" content=\"Tiempo de lectura\" \/>\n\t<meta name=\"twitter:data1\" content=\"1 minuto\" \/>\n<script type=\"application\/ld+json\" class=\"yoast-schema-graph\">{\"@context\":\"https:\/\/schema.org\",\"@graph\":[{\"@type\":\"WebPage\",\"@id\":\"https:\/\/demoweb.info\/sexshop001\/producto\/the-double-dip-2-plug-dildo-negro\/\",\"url\":\"https:\/\/demoweb.info\/sexshop001\/producto\/the-double-dip-2-plug-dildo-negro\/\",\"name\":\"THE DOUBLE DIP 2 PLUG \/ DILDO NEGRO - Tienda Er\u00f3tica\",\"isPartOf\":{\"@id\":\"https:\/\/demoweb.info\/sexshop001\/#website\"},\"datePublished\":\"2022-01-22T12:36:56+00:00\",\"dateModified\":\"2022-01-22T12:37:04+00:00\",\"breadcrumb\":{\"@id\":\"https:\/\/demoweb.info\/sexshop001\/producto\/the-double-dip-2-plug-dildo-negro\/#breadcrumb\"},\"inLanguage\":\"es\",\"potentialAction\":[{\"@type\":\"ReadAction\",\"target\":[\"https:\/\/demoweb.info\/sexshop001\/producto\/the-double-dip-2-plug-dildo-negro\/\"]}]},{\"@type\":\"BreadcrumbList\",\"@id\":\"https:\/\/demoweb.info\/sexshop001\/producto\/the-double-dip-2-plug-dildo-negro\/#breadcrumb\",\"itemListElement\":[{\"@type\":\"ListItem\",\"position\":1,\"name\":\"Portada\",\"item\":\"https:\/\/demoweb.info\/sexshop001\/\"},{\"@type\":\"ListItem\",\"position\":2,\"name\":\"Tienda\",\"item\":\"https:\/\/demoweb.info\/sexshop001\/tienda\/\"},{\"@type\":\"ListItem\",\"position\":3,\"name\":\"THE DOUBLE DIP 2 PLUG \/ DILDO NEGRO\"}]},{\"@type\":\"WebSite\",\"@id\":\"https:\/\/demoweb.info\/sexshop001\/#website\",\"url\":\"https:\/\/demoweb.info\/sexshop001\/\",\"name\":\"Tienda Er\u00f3tica\",\"description\":\"DEMOWEB SL\",\"potentialAction\":[{\"@type\":\"SearchAction\",\"target\":{\"@type\":\"EntryPoint\",\"urlTemplate\":\"https:\/\/demoweb.info\/sexshop001\/?s={search_term_string}\"},\"query-input\":\"required name=search_term_string\"}],\"inLanguage\":\"es\"}]}<\/script>\n<!-- \/ Yoast SEO plugin. -->","yoast_head_json":{"title":"THE DOUBLE DIP 2 PLUG \/ DILDO NEGRO - Tienda Er\u00f3tica","robots":{"index":"noindex","follow":"follow","max-snippet":"max-snippet:-1","max-image-preview":"max-image-preview:large","max-video-preview":"max-video-preview:-1"},"og_locale":"es_ES","og_type":"article","og_title":"THE DOUBLE DIP 2 PLUG \/ DILDO NEGRO - Tienda Er\u00f3tica","og_description":"PLATINUM &#8211; PREMIUM SILICONE &#8211; THE DOUBLE DIP 2 BLACK \u00bfBuscas un poco de doble diversi\u00f3n? El Double Dip 2","og_url":"https:\/\/demoweb.info\/sexshop001\/producto\/the-double-dip-2-plug-dildo-negro\/","og_site_name":"Tienda Er\u00f3tica","article_modified_time":"2022-01-22T12:37:04+00:00","og_image":[{"width":550,"height":550,"url":"https:\/\/demoweb.info\/sexshop001\/wp-content\/uploads\/2022\/01\/THE-DOUBLE-DIP-2-PLUG-DILDO-NEGRO.jpg","type":"image\/jpeg"}],"twitter_card":"summary_large_image","twitter_misc":{"Tiempo de lectura":"1 minuto"},"schema":{"@context":"https:\/\/schema.org","@graph":[{"@type":"WebPage","@id":"https:\/\/demoweb.info\/sexshop001\/producto\/the-double-dip-2-plug-dildo-negro\/","url":"https:\/\/demoweb.info\/sexshop001\/producto\/the-double-dip-2-plug-dildo-negro\/","name":"THE DOUBLE DIP 2 PLUG \/ DILDO NEGRO - Tienda Er\u00f3tica","isPartOf":{"@id":"https:\/\/demoweb.info\/sexshop001\/#website"},"datePublished":"2022-01-22T12:36:56+00:00","dateModified":"2022-01-22T12:37:04+00:00","breadcrumb":{"@id":"https:\/\/demoweb.info\/sexshop001\/producto\/the-double-dip-2-plug-dildo-negro\/#breadcrumb"},"inLanguage":"es","potentialAction":[{"@type":"ReadAction","target":["https:\/\/demoweb.info\/sexshop001\/producto\/the-double-dip-2-plug-dildo-negro\/"]}]},{"@type":"BreadcrumbList","@id":"https:\/\/demoweb.info\/sexshop001\/producto\/the-double-dip-2-plug-dildo-negro\/#breadcrumb","itemListElement":[{"@type":"ListItem","position":1,"name":"Portada","item":"https:\/\/demoweb.info\/sexshop001\/"},{"@type":"ListItem","position":2,"name":"Tienda","item":"https:\/\/demoweb.info\/sexshop001\/tienda\/"},{"@type":"ListItem","position":3,"name":"THE DOUBLE DIP 2 PLUG \/ DILDO NEGRO"}]},{"@type":"WebSite","@id":"https:\/\/demoweb.info\/sexshop001\/#website","url":"https:\/\/demoweb.info\/sexshop001\/","name":"Tienda Er\u00f3tica","description":"DEMOWEB SL","potentialAction":[{"@type":"SearchAction","target":{"@type":"EntryPoint","urlTemplate":"https:\/\/demoweb.info\/sexshop001\/?s={search_term_string}"},"query-input":"required name=search_term_string"}],"inLanguage":"es"}]}},"_links":{"self":[{"href":"https:\/\/demoweb.info\/sexshop001\/wp-json\/wp\/v3\/product\/36158","targetHints":{"allow":["GET"]}}],"collection":[{"href":"https:\/\/demoweb.info\/sexshop001\/wp-json\/wp\/v3\/product"}],"about":[{"href":"https:\/\/demoweb.info\/sexshop001\/wp-json\/wp\/v2\/types\/product"}],"replies":[{"embeddable":true,"href":"https:\/\/demoweb.info\/sexshop001\/wp-json\/wp\/v2\/comments?post=36158"}],"wp:featuredmedia":[{"embeddable":true,"href":"https:\/\/demoweb.info\/sexshop001\/wp-json\/wp\/v2\/media\/36159"}],"wp:attachment":[{"href":"https:\/\/demoweb.info\/sexshop001\/wp-json\/wp\/v2\/media?parent=36158"}],"wp:term":[{"taxonomy":"product_cat","embeddable":true,"href":"https:\/\/demoweb.info\/sexshop001\/wp-json\/wp\/v2\/product_cat?post=36158"},{"taxonomy":"product_tag","embeddable":true,"href":"https:\/\/demoweb.info\/sexshop001\/wp-json\/wp\/v2\/product_tag?post=36158"}],"curies":[{"name":"wp","href":"https:\/\/api.w.org\/{rel}","templated":true}]}}