{"id":36105,"date":"2022-01-22T13:36:27","date_gmt":"2022-01-22T12:36:27","guid":{"rendered":"https:\/\/demoweb.info\/sexshop001\/producto\/wendy-williams-kit-entrenamiento-anal-rosa\/"},"modified":"2022-01-22T13:36:32","modified_gmt":"2022-01-22T12:36:32","slug":"wendy-williams-kit-entrenamiento-anal-rosa","status":"publish","type":"product","link":"https:\/\/demoweb.info\/sexshop001\/producto\/wendy-williams-kit-entrenamiento-anal-rosa\/","title":{"rendered":"WENDY WILLIAMS KIT ENTRENAMIENTO ANAL ROSA"},"content":{"rendered":"<p><strong>WENDY WILLIAMS ANAL TRAINER KIT PINK<\/strong><\/p>\n<p>Comience con algo peque\u00f1o para terminar con fuerza. Este kit de entrenamiento anal fue dise\u00f1ado espec\u00edficamente para permitirle trabajar su camino hacia el placer. Cada plug tiene una forma \u00fanica para ofrecer sensaciones distintas.<\/p>\n<p>Gracias a su deslizante material (PVC)te ayudar\u00e1 a alcanzar ese punto que siempre has buscado incrementando poco a poco los niveles de placer.<\/p>\n<p><strong>\u00a1Atr\u00e9vete a explorar nuevos placeres!<\/strong><\/p>\n","protected":false},"excerpt":{"rendered":"<p>WENDY WILLIAMS ANAL TRAINER KIT PINK Comience con algo peque\u00f1o para terminar con fuerza. Este kit de entrenamiento anal fue<\/p>\n","protected":false},"featured_media":36106,"comment_status":"open","ping_status":"open","template":"","meta":[],"product_cat":[310],"product_tag":[460],"class_list":["post-36105","product","type-product","status-publish","has-post-thumbnail","hentry","product_cat-kits","product_tag-doc-johnson"],"bundled_by":[],"bundle_stock_status":"instock","bundle_stock_quantity":1,"bundle_virtual":false,"bundle_layout":"","bundle_add_to_cart_form_location":"","bundle_editable_in_cart":false,"bundle_sold_individually_context":"","bundle_item_grouping":"","bundle_min_size":"","bundle_max_size":"","bundled_items":[],"yoast_head":"<!-- This site is optimized with the Yoast SEO plugin v20.6 - https:\/\/yoast.com\/wordpress\/plugins\/seo\/ -->\n<title>WENDY WILLIAMS KIT ENTRENAMIENTO ANAL ROSA - Tienda Er\u00f3tica<\/title>\n<meta name=\"robots\" content=\"noindex, follow, max-snippet:-1, max-image-preview:large, max-video-preview:-1\" \/>\n<meta property=\"og:locale\" content=\"es_ES\" \/>\n<meta property=\"og:type\" content=\"article\" \/>\n<meta property=\"og:title\" content=\"WENDY WILLIAMS KIT ENTRENAMIENTO ANAL ROSA - Tienda Er\u00f3tica\" \/>\n<meta property=\"og:description\" content=\"WENDY WILLIAMS ANAL TRAINER KIT PINK Comience con algo peque\u00f1o para terminar con fuerza. Este kit de entrenamiento anal fue\" \/>\n<meta property=\"og:url\" content=\"https:\/\/demoweb.info\/sexshop001\/producto\/wendy-williams-kit-entrenamiento-anal-rosa\/\" \/>\n<meta property=\"og:site_name\" content=\"Tienda Er\u00f3tica\" \/>\n<meta property=\"article:modified_time\" content=\"2022-01-22T12:36:32+00:00\" \/>\n<meta property=\"og:image\" content=\"https:\/\/demoweb.info\/sexshop001\/wp-content\/uploads\/2022\/01\/WENDY-WILLIAMS-KIT-ENTRENAMIENTO-ANAL-ROSA.jpg\" \/>\n\t<meta property=\"og:image:width\" content=\"550\" \/>\n\t<meta property=\"og:image:height\" content=\"550\" \/>\n\t<meta property=\"og:image:type\" content=\"image\/jpeg\" \/>\n<meta name=\"twitter:card\" content=\"summary_large_image\" \/>\n<script type=\"application\/ld+json\" class=\"yoast-schema-graph\">{\"@context\":\"https:\/\/schema.org\",\"@graph\":[{\"@type\":\"WebPage\",\"@id\":\"https:\/\/demoweb.info\/sexshop001\/producto\/wendy-williams-kit-entrenamiento-anal-rosa\/\",\"url\":\"https:\/\/demoweb.info\/sexshop001\/producto\/wendy-williams-kit-entrenamiento-anal-rosa\/\",\"name\":\"WENDY WILLIAMS KIT ENTRENAMIENTO ANAL ROSA - Tienda Er\u00f3tica\",\"isPartOf\":{\"@id\":\"https:\/\/demoweb.info\/sexshop001\/#website\"},\"datePublished\":\"2022-01-22T12:36:27+00:00\",\"dateModified\":\"2022-01-22T12:36:32+00:00\",\"breadcrumb\":{\"@id\":\"https:\/\/demoweb.info\/sexshop001\/producto\/wendy-williams-kit-entrenamiento-anal-rosa\/#breadcrumb\"},\"inLanguage\":\"es\",\"potentialAction\":[{\"@type\":\"ReadAction\",\"target\":[\"https:\/\/demoweb.info\/sexshop001\/producto\/wendy-williams-kit-entrenamiento-anal-rosa\/\"]}]},{\"@type\":\"BreadcrumbList\",\"@id\":\"https:\/\/demoweb.info\/sexshop001\/producto\/wendy-williams-kit-entrenamiento-anal-rosa\/#breadcrumb\",\"itemListElement\":[{\"@type\":\"ListItem\",\"position\":1,\"name\":\"Portada\",\"item\":\"https:\/\/demoweb.info\/sexshop001\/\"},{\"@type\":\"ListItem\",\"position\":2,\"name\":\"Tienda\",\"item\":\"https:\/\/demoweb.info\/sexshop001\/tienda\/\"},{\"@type\":\"ListItem\",\"position\":3,\"name\":\"WENDY WILLIAMS KIT ENTRENAMIENTO ANAL ROSA\"}]},{\"@type\":\"WebSite\",\"@id\":\"https:\/\/demoweb.info\/sexshop001\/#website\",\"url\":\"https:\/\/demoweb.info\/sexshop001\/\",\"name\":\"Tienda Er\u00f3tica\",\"description\":\"DEMOWEB SL\",\"potentialAction\":[{\"@type\":\"SearchAction\",\"target\":{\"@type\":\"EntryPoint\",\"urlTemplate\":\"https:\/\/demoweb.info\/sexshop001\/?s={search_term_string}\"},\"query-input\":\"required name=search_term_string\"}],\"inLanguage\":\"es\"}]}<\/script>\n<!-- \/ Yoast SEO plugin. -->","yoast_head_json":{"title":"WENDY WILLIAMS KIT ENTRENAMIENTO ANAL ROSA - Tienda Er\u00f3tica","robots":{"index":"noindex","follow":"follow","max-snippet":"max-snippet:-1","max-image-preview":"max-image-preview:large","max-video-preview":"max-video-preview:-1"},"og_locale":"es_ES","og_type":"article","og_title":"WENDY WILLIAMS KIT ENTRENAMIENTO ANAL ROSA - Tienda Er\u00f3tica","og_description":"WENDY WILLIAMS ANAL TRAINER KIT PINK Comience con algo peque\u00f1o para terminar con fuerza. Este kit de entrenamiento anal fue","og_url":"https:\/\/demoweb.info\/sexshop001\/producto\/wendy-williams-kit-entrenamiento-anal-rosa\/","og_site_name":"Tienda Er\u00f3tica","article_modified_time":"2022-01-22T12:36:32+00:00","og_image":[{"width":550,"height":550,"url":"https:\/\/demoweb.info\/sexshop001\/wp-content\/uploads\/2022\/01\/WENDY-WILLIAMS-KIT-ENTRENAMIENTO-ANAL-ROSA.jpg","type":"image\/jpeg"}],"twitter_card":"summary_large_image","schema":{"@context":"https:\/\/schema.org","@graph":[{"@type":"WebPage","@id":"https:\/\/demoweb.info\/sexshop001\/producto\/wendy-williams-kit-entrenamiento-anal-rosa\/","url":"https:\/\/demoweb.info\/sexshop001\/producto\/wendy-williams-kit-entrenamiento-anal-rosa\/","name":"WENDY WILLIAMS KIT ENTRENAMIENTO ANAL ROSA - Tienda Er\u00f3tica","isPartOf":{"@id":"https:\/\/demoweb.info\/sexshop001\/#website"},"datePublished":"2022-01-22T12:36:27+00:00","dateModified":"2022-01-22T12:36:32+00:00","breadcrumb":{"@id":"https:\/\/demoweb.info\/sexshop001\/producto\/wendy-williams-kit-entrenamiento-anal-rosa\/#breadcrumb"},"inLanguage":"es","potentialAction":[{"@type":"ReadAction","target":["https:\/\/demoweb.info\/sexshop001\/producto\/wendy-williams-kit-entrenamiento-anal-rosa\/"]}]},{"@type":"BreadcrumbList","@id":"https:\/\/demoweb.info\/sexshop001\/producto\/wendy-williams-kit-entrenamiento-anal-rosa\/#breadcrumb","itemListElement":[{"@type":"ListItem","position":1,"name":"Portada","item":"https:\/\/demoweb.info\/sexshop001\/"},{"@type":"ListItem","position":2,"name":"Tienda","item":"https:\/\/demoweb.info\/sexshop001\/tienda\/"},{"@type":"ListItem","position":3,"name":"WENDY WILLIAMS KIT ENTRENAMIENTO ANAL ROSA"}]},{"@type":"WebSite","@id":"https:\/\/demoweb.info\/sexshop001\/#website","url":"https:\/\/demoweb.info\/sexshop001\/","name":"Tienda Er\u00f3tica","description":"DEMOWEB SL","potentialAction":[{"@type":"SearchAction","target":{"@type":"EntryPoint","urlTemplate":"https:\/\/demoweb.info\/sexshop001\/?s={search_term_string}"},"query-input":"required name=search_term_string"}],"inLanguage":"es"}]}},"_links":{"self":[{"href":"https:\/\/demoweb.info\/sexshop001\/wp-json\/wp\/v3\/product\/36105","targetHints":{"allow":["GET"]}}],"collection":[{"href":"https:\/\/demoweb.info\/sexshop001\/wp-json\/wp\/v3\/product"}],"about":[{"href":"https:\/\/demoweb.info\/sexshop001\/wp-json\/wp\/v2\/types\/product"}],"replies":[{"embeddable":true,"href":"https:\/\/demoweb.info\/sexshop001\/wp-json\/wp\/v2\/comments?post=36105"}],"wp:featuredmedia":[{"embeddable":true,"href":"https:\/\/demoweb.info\/sexshop001\/wp-json\/wp\/v2\/media\/36106"}],"wp:attachment":[{"href":"https:\/\/demoweb.info\/sexshop001\/wp-json\/wp\/v2\/media?parent=36105"}],"wp:term":[{"taxonomy":"product_cat","embeddable":true,"href":"https:\/\/demoweb.info\/sexshop001\/wp-json\/wp\/v2\/product_cat?post=36105"},{"taxonomy":"product_tag","embeddable":true,"href":"https:\/\/demoweb.info\/sexshop001\/wp-json\/wp\/v2\/product_tag?post=36105"}],"curies":[{"name":"wp","href":"https:\/\/api.w.org\/{rel}","templated":true}]}}