{"id":36095,"date":"2022-01-22T13:36:27","date_gmt":"2022-01-22T12:36:27","guid":{"rendered":"https:\/\/demoweb.info\/sexshop001\/producto\/las-puertas-de-la-medianoche-2\/"},"modified":"2022-01-22T13:36:27","modified_gmt":"2022-01-22T12:36:27","slug":"las-puertas-de-la-medianoche-2","status":"publish","type":"product","link":"https:\/\/demoweb.info\/sexshop001\/producto\/las-puertas-de-la-medianoche-2\/","title":{"rendered":"LAS PUERTAS DE LA MEDIANOCHE"},"content":{"rendered":"<p><strong>LAS PUERTAS DE LA MEDIANOCHE<\/p>\n<p>Lara Adrian.<\/strong><\/p>\n<p>En la \u00e1rida y helada Alaska, la exagente de polic\u00eda Jenna Darrow logra sobrevivir a un inexplicable suceso. Pero su huida la mete de lleno en un nuevo y enorme desaf\u00edo. Extra\u00f1os cambios est\u00e1n teniendo lugar en su interior y lucha consigo misma para tratar de comprender\u2014y controlar\u2014el nuevo hambre que la atenaza. Para conseguirlo busca ayuda en Boston y en una estirpe de antiguos guerrerosvampiros cuya misma existencia es de por s\u00ed un misterio. Y quiz\u00e1s el m\u00e1s misterioso de todos ellos sea Brock, un macho alfa de ojos negros y aspecto amenazante cuyas manos tienen el poder de reconfortarla, curarla&#8230; y hacerla despertar la pasi\u00f3n.<\/p>\n<p>Y mientras Jenna se recupera bajo los atentos cuidados de Brock, se ver\u00e1 arrastrada a la nueva misi\u00f3n de la Orden: detener a un cruel enemigo y su ej\u00e9rcito de asesinos en su intento de sumir a la humanidad en un reinado de terror.<\/p>\n<p>A pesar de la determinaci\u00f3n de ambos de luchar contra sus sentimientos y dejarse llevar solamente por una relaci\u00f3n f\u00edsica, Jenna y Brock muy pronto se ver\u00e1n abocados a un deseo mucho m\u00e1s salvaje que la vida y m\u00e1s fuerte que la muerte&#8230; hasta que un secreto del pasado de Brock y la mortalidad de Jenna someter\u00e1n el amor prohibido que ambos sienten a una \u00faltima prueba de fuego.<\/p>\n<ul>\n<li>N&ordm; de p\u00e1ginas: 320<\/li>\n<li>Editorial: TERCIOPELO<\/li>\n<li>Idioma: CASTELLANO<\/li>\n<li>Encuadernaci\u00f3n: Tapa blanda<\/li>\n<li>ISBN: 9788415410294<\/li>\n<li>A\u00f1o de edici\u00f3n: 2012<\/li>\n<li>Plaza de edici\u00f3n: ES<\/li>\n<li>Traductor: VIOLETA LAMBERT<\/li>\n<li>Fecha de lanzamiento: 10\/09\/2012<\/li>\n<\/ul>\n","protected":false},"excerpt":{"rendered":"<p>LAS PUERTAS DE LA MEDIANOCHE Lara Adrian. En la \u00e1rida y helada Alaska, la exagente de polic\u00eda Jenna Darrow logra<\/p>\n","protected":false},"featured_media":36096,"comment_status":"open","ping_status":"open","template":"","meta":[],"product_cat":[839],"product_tag":[415,714],"class_list":["post-36095","product","type-product","status-publish","has-post-thumbnail","hentry","product_cat-amigo-invisible","product_tag-random-house","product_tag-terciopelo"],"bundled_by":[],"bundle_stock_status":"instock","bundle_stock_quantity":3,"bundle_virtual":false,"bundle_layout":"","bundle_add_to_cart_form_location":"","bundle_editable_in_cart":false,"bundle_sold_individually_context":"","bundle_item_grouping":"","bundle_min_size":"","bundle_max_size":"","bundled_items":[],"yoast_head":"<!-- This site is optimized with the Yoast SEO plugin v20.6 - https:\/\/yoast.com\/wordpress\/plugins\/seo\/ -->\n<title>LAS PUERTAS DE LA MEDIANOCHE - Tienda Er\u00f3tica<\/title>\n<meta name=\"robots\" content=\"noindex, follow, max-snippet:-1, max-image-preview:large, max-video-preview:-1\" \/>\n<meta property=\"og:locale\" content=\"es_ES\" \/>\n<meta property=\"og:type\" content=\"article\" \/>\n<meta property=\"og:title\" content=\"LAS PUERTAS DE LA MEDIANOCHE - Tienda Er\u00f3tica\" \/>\n<meta property=\"og:description\" content=\"LAS PUERTAS DE LA MEDIANOCHE Lara Adrian. En la \u00e1rida y helada Alaska, la exagente de polic\u00eda Jenna Darrow logra\" \/>\n<meta property=\"og:url\" content=\"https:\/\/demoweb.info\/sexshop001\/producto\/las-puertas-de-la-medianoche-2\/\" \/>\n<meta property=\"og:site_name\" content=\"Tienda Er\u00f3tica\" \/>\n<meta property=\"og:image\" content=\"https:\/\/demoweb.info\/sexshop001\/wp-content\/uploads\/2022\/01\/LAS-PUERTAS-DE-LA-MEDIANOCHE-1.jpg\" \/>\n\t<meta property=\"og:image:width\" content=\"550\" \/>\n\t<meta property=\"og:image:height\" content=\"550\" \/>\n\t<meta property=\"og:image:type\" content=\"image\/jpeg\" \/>\n<meta name=\"twitter:card\" content=\"summary_large_image\" \/>\n<meta name=\"twitter:label1\" content=\"Tiempo de lectura\" \/>\n\t<meta name=\"twitter:data1\" content=\"1 minuto\" \/>\n<script type=\"application\/ld+json\" class=\"yoast-schema-graph\">{\"@context\":\"https:\/\/schema.org\",\"@graph\":[{\"@type\":\"WebPage\",\"@id\":\"https:\/\/demoweb.info\/sexshop001\/producto\/las-puertas-de-la-medianoche-2\/\",\"url\":\"https:\/\/demoweb.info\/sexshop001\/producto\/las-puertas-de-la-medianoche-2\/\",\"name\":\"LAS PUERTAS DE LA MEDIANOCHE - Tienda Er\u00f3tica\",\"isPartOf\":{\"@id\":\"https:\/\/demoweb.info\/sexshop001\/#website\"},\"datePublished\":\"2022-01-22T12:36:27+00:00\",\"dateModified\":\"2022-01-22T12:36:27+00:00\",\"breadcrumb\":{\"@id\":\"https:\/\/demoweb.info\/sexshop001\/producto\/las-puertas-de-la-medianoche-2\/#breadcrumb\"},\"inLanguage\":\"es\",\"potentialAction\":[{\"@type\":\"ReadAction\",\"target\":[\"https:\/\/demoweb.info\/sexshop001\/producto\/las-puertas-de-la-medianoche-2\/\"]}]},{\"@type\":\"BreadcrumbList\",\"@id\":\"https:\/\/demoweb.info\/sexshop001\/producto\/las-puertas-de-la-medianoche-2\/#breadcrumb\",\"itemListElement\":[{\"@type\":\"ListItem\",\"position\":1,\"name\":\"Portada\",\"item\":\"https:\/\/demoweb.info\/sexshop001\/\"},{\"@type\":\"ListItem\",\"position\":2,\"name\":\"Tienda\",\"item\":\"https:\/\/demoweb.info\/sexshop001\/tienda\/\"},{\"@type\":\"ListItem\",\"position\":3,\"name\":\"LAS PUERTAS DE LA MEDIANOCHE\"}]},{\"@type\":\"WebSite\",\"@id\":\"https:\/\/demoweb.info\/sexshop001\/#website\",\"url\":\"https:\/\/demoweb.info\/sexshop001\/\",\"name\":\"Tienda Er\u00f3tica\",\"description\":\"DEMOWEB SL\",\"potentialAction\":[{\"@type\":\"SearchAction\",\"target\":{\"@type\":\"EntryPoint\",\"urlTemplate\":\"https:\/\/demoweb.info\/sexshop001\/?s={search_term_string}\"},\"query-input\":\"required name=search_term_string\"}],\"inLanguage\":\"es\"}]}<\/script>\n<!-- \/ Yoast SEO plugin. -->","yoast_head_json":{"title":"LAS PUERTAS DE LA MEDIANOCHE - Tienda Er\u00f3tica","robots":{"index":"noindex","follow":"follow","max-snippet":"max-snippet:-1","max-image-preview":"max-image-preview:large","max-video-preview":"max-video-preview:-1"},"og_locale":"es_ES","og_type":"article","og_title":"LAS PUERTAS DE LA MEDIANOCHE - Tienda Er\u00f3tica","og_description":"LAS PUERTAS DE LA MEDIANOCHE Lara Adrian. En la \u00e1rida y helada Alaska, la exagente de polic\u00eda Jenna Darrow logra","og_url":"https:\/\/demoweb.info\/sexshop001\/producto\/las-puertas-de-la-medianoche-2\/","og_site_name":"Tienda Er\u00f3tica","og_image":[{"width":550,"height":550,"url":"https:\/\/demoweb.info\/sexshop001\/wp-content\/uploads\/2022\/01\/LAS-PUERTAS-DE-LA-MEDIANOCHE-1.jpg","type":"image\/jpeg"}],"twitter_card":"summary_large_image","twitter_misc":{"Tiempo de lectura":"1 minuto"},"schema":{"@context":"https:\/\/schema.org","@graph":[{"@type":"WebPage","@id":"https:\/\/demoweb.info\/sexshop001\/producto\/las-puertas-de-la-medianoche-2\/","url":"https:\/\/demoweb.info\/sexshop001\/producto\/las-puertas-de-la-medianoche-2\/","name":"LAS PUERTAS DE LA MEDIANOCHE - Tienda Er\u00f3tica","isPartOf":{"@id":"https:\/\/demoweb.info\/sexshop001\/#website"},"datePublished":"2022-01-22T12:36:27+00:00","dateModified":"2022-01-22T12:36:27+00:00","breadcrumb":{"@id":"https:\/\/demoweb.info\/sexshop001\/producto\/las-puertas-de-la-medianoche-2\/#breadcrumb"},"inLanguage":"es","potentialAction":[{"@type":"ReadAction","target":["https:\/\/demoweb.info\/sexshop001\/producto\/las-puertas-de-la-medianoche-2\/"]}]},{"@type":"BreadcrumbList","@id":"https:\/\/demoweb.info\/sexshop001\/producto\/las-puertas-de-la-medianoche-2\/#breadcrumb","itemListElement":[{"@type":"ListItem","position":1,"name":"Portada","item":"https:\/\/demoweb.info\/sexshop001\/"},{"@type":"ListItem","position":2,"name":"Tienda","item":"https:\/\/demoweb.info\/sexshop001\/tienda\/"},{"@type":"ListItem","position":3,"name":"LAS PUERTAS DE LA MEDIANOCHE"}]},{"@type":"WebSite","@id":"https:\/\/demoweb.info\/sexshop001\/#website","url":"https:\/\/demoweb.info\/sexshop001\/","name":"Tienda Er\u00f3tica","description":"DEMOWEB SL","potentialAction":[{"@type":"SearchAction","target":{"@type":"EntryPoint","urlTemplate":"https:\/\/demoweb.info\/sexshop001\/?s={search_term_string}"},"query-input":"required name=search_term_string"}],"inLanguage":"es"}]}},"_links":{"self":[{"href":"https:\/\/demoweb.info\/sexshop001\/wp-json\/wp\/v3\/product\/36095","targetHints":{"allow":["GET"]}}],"collection":[{"href":"https:\/\/demoweb.info\/sexshop001\/wp-json\/wp\/v3\/product"}],"about":[{"href":"https:\/\/demoweb.info\/sexshop001\/wp-json\/wp\/v2\/types\/product"}],"replies":[{"embeddable":true,"href":"https:\/\/demoweb.info\/sexshop001\/wp-json\/wp\/v2\/comments?post=36095"}],"wp:featuredmedia":[{"embeddable":true,"href":"https:\/\/demoweb.info\/sexshop001\/wp-json\/wp\/v2\/media\/36096"}],"wp:attachment":[{"href":"https:\/\/demoweb.info\/sexshop001\/wp-json\/wp\/v2\/media?parent=36095"}],"wp:term":[{"taxonomy":"product_cat","embeddable":true,"href":"https:\/\/demoweb.info\/sexshop001\/wp-json\/wp\/v2\/product_cat?post=36095"},{"taxonomy":"product_tag","embeddable":true,"href":"https:\/\/demoweb.info\/sexshop001\/wp-json\/wp\/v2\/product_tag?post=36095"}],"curies":[{"name":"wp","href":"https:\/\/api.w.org\/{rel}","templated":true}]}}