{"id":36089,"date":"2022-01-22T13:36:17","date_gmt":"2022-01-22T12:36:17","guid":{"rendered":"https:\/\/demoweb.info\/sexshop001\/producto\/leg-avenue-liguero-con-6-ligas\/"},"modified":"2022-01-22T13:36:23","modified_gmt":"2022-01-22T12:36:23","slug":"leg-avenue-liguero-con-6-ligas","status":"publish","type":"product","link":"https:\/\/demoweb.info\/sexshop001\/producto\/leg-avenue-liguero-con-6-ligas\/","title":{"rendered":"LEG AVENUE LIGUERO CON 6 LIGAS"},"content":{"rendered":"<p><strong>LEG AVENUE RETRO GARTERBELT W. 6 GARTERS<\/strong><\/p>\n<p>Liguero con 3 ligas por pierna, muy sexy, ajustable pertenece a la colecci\u00f3n<strong> Lingerie, de Leg Avenue.<\/strong><\/p>\n<p>Leg Avenue tiene los productos que estabas buscando comprometi\u00e9ndose a ofrecer a los clientes productos innovadores, precios competitivos y una gran satisfacci\u00f3n, reci\u00e9n llegados desde el distrito m\u00e1s fashion de Los \u00c1ngeles.<\/p>\n<p><strong>Nadie lo hace m\u00e1s sexy!!<\/strong><\/p>\n","protected":false},"excerpt":{"rendered":"<p>LEG AVENUE RETRO GARTERBELT W. 6 GARTERS Liguero con 3 ligas por pierna, muy sexy, ajustable pertenece a la colecci\u00f3n<\/p>\n","protected":false},"featured_media":36090,"comment_status":"open","ping_status":"open","template":"","meta":[],"product_cat":[569],"product_tag":[1013,1017],"class_list":["post-36089","product","type-product","status-publish","has-post-thumbnail","hentry","product_cat-ligas-y-ligueros","product_tag-leg-avenue","product_tag-lingerie"],"bundled_by":[],"bundle_stock_status":"instock","bundle_stock_quantity":1,"bundle_virtual":false,"bundle_layout":"","bundle_add_to_cart_form_location":"","bundle_editable_in_cart":false,"bundle_sold_individually_context":"","bundle_item_grouping":"","bundle_min_size":"","bundle_max_size":"","bundled_items":[],"yoast_head":"<!-- This site is optimized with the Yoast SEO plugin v20.6 - https:\/\/yoast.com\/wordpress\/plugins\/seo\/ -->\n<title>LEG AVENUE LIGUERO CON 6 LIGAS - Tienda Er\u00f3tica<\/title>\n<meta name=\"robots\" content=\"noindex, follow, max-snippet:-1, max-image-preview:large, max-video-preview:-1\" \/>\n<meta property=\"og:locale\" content=\"es_ES\" \/>\n<meta property=\"og:type\" content=\"article\" \/>\n<meta property=\"og:title\" content=\"LEG AVENUE LIGUERO CON 6 LIGAS - Tienda Er\u00f3tica\" \/>\n<meta property=\"og:description\" content=\"LEG AVENUE RETRO GARTERBELT W. 6 GARTERS Liguero con 3 ligas por pierna, muy sexy, ajustable pertenece a la colecci\u00f3n\" \/>\n<meta property=\"og:url\" content=\"https:\/\/demoweb.info\/sexshop001\/producto\/leg-avenue-liguero-con-6-ligas\/\" \/>\n<meta property=\"og:site_name\" content=\"Tienda Er\u00f3tica\" \/>\n<meta property=\"article:modified_time\" content=\"2022-01-22T12:36:23+00:00\" \/>\n<meta property=\"og:image\" content=\"https:\/\/demoweb.info\/sexshop001\/wp-content\/uploads\/2022\/01\/LEG-AVENUE-LIGUERO-CON-6-LIGAS.jpg\" \/>\n\t<meta property=\"og:image:width\" content=\"550\" \/>\n\t<meta property=\"og:image:height\" content=\"550\" \/>\n\t<meta property=\"og:image:type\" content=\"image\/jpeg\" \/>\n<meta name=\"twitter:card\" content=\"summary_large_image\" \/>\n<script type=\"application\/ld+json\" class=\"yoast-schema-graph\">{\"@context\":\"https:\/\/schema.org\",\"@graph\":[{\"@type\":\"WebPage\",\"@id\":\"https:\/\/demoweb.info\/sexshop001\/producto\/leg-avenue-liguero-con-6-ligas\/\",\"url\":\"https:\/\/demoweb.info\/sexshop001\/producto\/leg-avenue-liguero-con-6-ligas\/\",\"name\":\"LEG AVENUE LIGUERO CON 6 LIGAS - Tienda Er\u00f3tica\",\"isPartOf\":{\"@id\":\"https:\/\/demoweb.info\/sexshop001\/#website\"},\"datePublished\":\"2022-01-22T12:36:17+00:00\",\"dateModified\":\"2022-01-22T12:36:23+00:00\",\"breadcrumb\":{\"@id\":\"https:\/\/demoweb.info\/sexshop001\/producto\/leg-avenue-liguero-con-6-ligas\/#breadcrumb\"},\"inLanguage\":\"es\",\"potentialAction\":[{\"@type\":\"ReadAction\",\"target\":[\"https:\/\/demoweb.info\/sexshop001\/producto\/leg-avenue-liguero-con-6-ligas\/\"]}]},{\"@type\":\"BreadcrumbList\",\"@id\":\"https:\/\/demoweb.info\/sexshop001\/producto\/leg-avenue-liguero-con-6-ligas\/#breadcrumb\",\"itemListElement\":[{\"@type\":\"ListItem\",\"position\":1,\"name\":\"Portada\",\"item\":\"https:\/\/demoweb.info\/sexshop001\/\"},{\"@type\":\"ListItem\",\"position\":2,\"name\":\"Tienda\",\"item\":\"https:\/\/demoweb.info\/sexshop001\/tienda\/\"},{\"@type\":\"ListItem\",\"position\":3,\"name\":\"LEG AVENUE LIGUERO CON 6 LIGAS\"}]},{\"@type\":\"WebSite\",\"@id\":\"https:\/\/demoweb.info\/sexshop001\/#website\",\"url\":\"https:\/\/demoweb.info\/sexshop001\/\",\"name\":\"Tienda Er\u00f3tica\",\"description\":\"DEMOWEB SL\",\"potentialAction\":[{\"@type\":\"SearchAction\",\"target\":{\"@type\":\"EntryPoint\",\"urlTemplate\":\"https:\/\/demoweb.info\/sexshop001\/?s={search_term_string}\"},\"query-input\":\"required name=search_term_string\"}],\"inLanguage\":\"es\"}]}<\/script>\n<!-- \/ Yoast SEO plugin. -->","yoast_head_json":{"title":"LEG AVENUE LIGUERO CON 6 LIGAS - Tienda Er\u00f3tica","robots":{"index":"noindex","follow":"follow","max-snippet":"max-snippet:-1","max-image-preview":"max-image-preview:large","max-video-preview":"max-video-preview:-1"},"og_locale":"es_ES","og_type":"article","og_title":"LEG AVENUE LIGUERO CON 6 LIGAS - Tienda Er\u00f3tica","og_description":"LEG AVENUE RETRO GARTERBELT W. 6 GARTERS Liguero con 3 ligas por pierna, muy sexy, ajustable pertenece a la colecci\u00f3n","og_url":"https:\/\/demoweb.info\/sexshop001\/producto\/leg-avenue-liguero-con-6-ligas\/","og_site_name":"Tienda Er\u00f3tica","article_modified_time":"2022-01-22T12:36:23+00:00","og_image":[{"width":550,"height":550,"url":"https:\/\/demoweb.info\/sexshop001\/wp-content\/uploads\/2022\/01\/LEG-AVENUE-LIGUERO-CON-6-LIGAS.jpg","type":"image\/jpeg"}],"twitter_card":"summary_large_image","schema":{"@context":"https:\/\/schema.org","@graph":[{"@type":"WebPage","@id":"https:\/\/demoweb.info\/sexshop001\/producto\/leg-avenue-liguero-con-6-ligas\/","url":"https:\/\/demoweb.info\/sexshop001\/producto\/leg-avenue-liguero-con-6-ligas\/","name":"LEG AVENUE LIGUERO CON 6 LIGAS - Tienda Er\u00f3tica","isPartOf":{"@id":"https:\/\/demoweb.info\/sexshop001\/#website"},"datePublished":"2022-01-22T12:36:17+00:00","dateModified":"2022-01-22T12:36:23+00:00","breadcrumb":{"@id":"https:\/\/demoweb.info\/sexshop001\/producto\/leg-avenue-liguero-con-6-ligas\/#breadcrumb"},"inLanguage":"es","potentialAction":[{"@type":"ReadAction","target":["https:\/\/demoweb.info\/sexshop001\/producto\/leg-avenue-liguero-con-6-ligas\/"]}]},{"@type":"BreadcrumbList","@id":"https:\/\/demoweb.info\/sexshop001\/producto\/leg-avenue-liguero-con-6-ligas\/#breadcrumb","itemListElement":[{"@type":"ListItem","position":1,"name":"Portada","item":"https:\/\/demoweb.info\/sexshop001\/"},{"@type":"ListItem","position":2,"name":"Tienda","item":"https:\/\/demoweb.info\/sexshop001\/tienda\/"},{"@type":"ListItem","position":3,"name":"LEG AVENUE LIGUERO CON 6 LIGAS"}]},{"@type":"WebSite","@id":"https:\/\/demoweb.info\/sexshop001\/#website","url":"https:\/\/demoweb.info\/sexshop001\/","name":"Tienda Er\u00f3tica","description":"DEMOWEB SL","potentialAction":[{"@type":"SearchAction","target":{"@type":"EntryPoint","urlTemplate":"https:\/\/demoweb.info\/sexshop001\/?s={search_term_string}"},"query-input":"required name=search_term_string"}],"inLanguage":"es"}]}},"_links":{"self":[{"href":"https:\/\/demoweb.info\/sexshop001\/wp-json\/wp\/v3\/product\/36089","targetHints":{"allow":["GET"]}}],"collection":[{"href":"https:\/\/demoweb.info\/sexshop001\/wp-json\/wp\/v3\/product"}],"about":[{"href":"https:\/\/demoweb.info\/sexshop001\/wp-json\/wp\/v2\/types\/product"}],"replies":[{"embeddable":true,"href":"https:\/\/demoweb.info\/sexshop001\/wp-json\/wp\/v2\/comments?post=36089"}],"wp:featuredmedia":[{"embeddable":true,"href":"https:\/\/demoweb.info\/sexshop001\/wp-json\/wp\/v2\/media\/36090"}],"wp:attachment":[{"href":"https:\/\/demoweb.info\/sexshop001\/wp-json\/wp\/v2\/media?parent=36089"}],"wp:term":[{"taxonomy":"product_cat","embeddable":true,"href":"https:\/\/demoweb.info\/sexshop001\/wp-json\/wp\/v2\/product_cat?post=36089"},{"taxonomy":"product_tag","embeddable":true,"href":"https:\/\/demoweb.info\/sexshop001\/wp-json\/wp\/v2\/product_tag?post=36089"}],"curies":[{"name":"wp","href":"https:\/\/api.w.org\/{rel}","templated":true}]}}