{"id":36068,"date":"2022-01-22T13:35:54","date_gmt":"2022-01-22T12:35:54","guid":{"rendered":"https:\/\/demoweb.info\/sexshop001\/producto\/inspire-vibrating-kegel-exerciser\/"},"modified":"2022-01-22T13:36:12","modified_gmt":"2022-01-22T12:36:12","slug":"inspire-vibrating-kegel-exerciser","status":"publish","type":"product","link":"https:\/\/demoweb.info\/sexshop001\/producto\/inspire-vibrating-kegel-exerciser\/","title":{"rendered":"INSPIRE VIBRATING KEGEL EXERCISER"},"content":{"rendered":"<p><strong>INSPIRE VIBRATING KEGEL EXERCISER<\/strong><\/p>\n<p>El <em><strong>Vibrating Kegel Exerciser <\/strong><\/em>de la colecci\u00f3n <strong><em>Inspire por Calexotics<\/em><\/strong> es un ejercitador Kegel \u00fanico que ayuda a endurecer, reactivar y fortalecer los m\u00fasculos del suelo p\u00e9lvico.<\/p>\n<p>Este dise\u00f1o elegante tiene una punta de felpa suave para mayor comodidad y ofrece 10 funciones de vibraci\u00f3n, pulsaci\u00f3n y escalada, m\u00e1s 5 controles de velocidad incrementales. Se puede utilizar con o sin el mando a distancia y tambi\u00e9n cuenta con un cable de f\u00e1cil recuperaci\u00f3n. El ejercitador es recargable por USB (cable de carga incluido) y est\u00e1 hecho de silicona de primera calidad.<\/p>\n<p>La colecci\u00f3n <em><strong>Inspire<\/strong><\/em> de productos \u00edntimos est\u00e1 dirigida a mejorar la vida sexual de las mujeres. Estos productos pueden ayudar a aliviar el malestar f\u00edsico que pudiera derivarse por alguna enfermedad, la edad u otros factores y est\u00e1n construidos con cuidado para las mujeres que desean aumentar su fuerza \u00edntima, lo que resulta en una vida sexual m\u00e1s placentera.<\/p>\n<p>Una porci\u00f3n de los ingresos procedentes de la colecci\u00f3n <em><strong>Inspire<\/strong><\/em> ir\u00e1 a<em> Living Beyond Breast Cancer<\/em>: una organizaci\u00f3n que ofrece programas y servicios a las personas cuyas vidas han sido afectadas por el c\u00e1ncer de mama. Al invertir en la gama <em><strong>Inspire<\/strong><\/em> no solo complace a los consumidores con productos innovadores y \u00fatiles, tambi\u00e9n estar\u00e1s contribuyendo a una causa que vale la pena.<\/p>\n<ul>\n<li>Di\u00e1metro Exterior: 4 cm<\/li>\n<li>Longitud Total: 19 cm<\/li>\n<li>Longitud del Eje: 8 cm<\/li>\n<\/ul>\n","protected":false},"excerpt":{"rendered":"<p>INSPIRE VIBRATING KEGEL EXERCISER El Vibrating Kegel Exerciser de la colecci\u00f3n Inspire por Calexotics es un ejercitador Kegel \u00fanico que<\/p>\n","protected":false},"featured_media":36069,"comment_status":"open","ping_status":"open","template":"","meta":[],"product_cat":[1078],"product_tag":[660,1259],"class_list":["post-36068","product","type-product","status-publish","has-post-thumbnail","hentry","product_cat-bienestar","product_tag-calexotics","product_tag-inspire"],"bundled_by":[],"bundle_stock_status":"outofstock","bundle_stock_quantity":0,"bundle_virtual":false,"bundle_layout":"","bundle_add_to_cart_form_location":"","bundle_editable_in_cart":false,"bundle_sold_individually_context":"","bundle_item_grouping":"","bundle_min_size":"","bundle_max_size":"","bundled_items":[],"yoast_head":"<!-- This site is optimized with the Yoast SEO plugin v20.6 - https:\/\/yoast.com\/wordpress\/plugins\/seo\/ -->\n<title>INSPIRE VIBRATING KEGEL EXERCISER - Tienda Er\u00f3tica<\/title>\n<meta name=\"robots\" content=\"noindex, follow, max-snippet:-1, max-image-preview:large, max-video-preview:-1\" \/>\n<meta property=\"og:locale\" content=\"es_ES\" \/>\n<meta property=\"og:type\" content=\"article\" \/>\n<meta property=\"og:title\" content=\"INSPIRE VIBRATING KEGEL EXERCISER - Tienda Er\u00f3tica\" \/>\n<meta property=\"og:description\" content=\"INSPIRE VIBRATING KEGEL EXERCISER El Vibrating Kegel Exerciser de la colecci\u00f3n Inspire por Calexotics es un ejercitador Kegel \u00fanico que\" \/>\n<meta property=\"og:url\" content=\"https:\/\/demoweb.info\/sexshop001\/producto\/inspire-vibrating-kegel-exerciser\/\" \/>\n<meta property=\"og:site_name\" content=\"Tienda Er\u00f3tica\" \/>\n<meta property=\"article:modified_time\" content=\"2022-01-22T12:36:12+00:00\" \/>\n<meta property=\"og:image\" content=\"https:\/\/demoweb.info\/sexshop001\/wp-content\/uploads\/2022\/01\/INSPIRE-VIBRATING-KEGEL-EXERCISER.jpg\" \/>\n\t<meta property=\"og:image:width\" content=\"550\" \/>\n\t<meta property=\"og:image:height\" content=\"550\" \/>\n\t<meta property=\"og:image:type\" content=\"image\/jpeg\" \/>\n<meta name=\"twitter:card\" content=\"summary_large_image\" \/>\n<meta name=\"twitter:label1\" content=\"Tiempo de lectura\" \/>\n\t<meta name=\"twitter:data1\" content=\"1 minuto\" \/>\n<script type=\"application\/ld+json\" class=\"yoast-schema-graph\">{\"@context\":\"https:\/\/schema.org\",\"@graph\":[{\"@type\":\"WebPage\",\"@id\":\"https:\/\/demoweb.info\/sexshop001\/producto\/inspire-vibrating-kegel-exerciser\/\",\"url\":\"https:\/\/demoweb.info\/sexshop001\/producto\/inspire-vibrating-kegel-exerciser\/\",\"name\":\"INSPIRE VIBRATING KEGEL EXERCISER - Tienda Er\u00f3tica\",\"isPartOf\":{\"@id\":\"https:\/\/demoweb.info\/sexshop001\/#website\"},\"datePublished\":\"2022-01-22T12:35:54+00:00\",\"dateModified\":\"2022-01-22T12:36:12+00:00\",\"breadcrumb\":{\"@id\":\"https:\/\/demoweb.info\/sexshop001\/producto\/inspire-vibrating-kegel-exerciser\/#breadcrumb\"},\"inLanguage\":\"es\",\"potentialAction\":[{\"@type\":\"ReadAction\",\"target\":[\"https:\/\/demoweb.info\/sexshop001\/producto\/inspire-vibrating-kegel-exerciser\/\"]}]},{\"@type\":\"BreadcrumbList\",\"@id\":\"https:\/\/demoweb.info\/sexshop001\/producto\/inspire-vibrating-kegel-exerciser\/#breadcrumb\",\"itemListElement\":[{\"@type\":\"ListItem\",\"position\":1,\"name\":\"Portada\",\"item\":\"https:\/\/demoweb.info\/sexshop001\/\"},{\"@type\":\"ListItem\",\"position\":2,\"name\":\"Tienda\",\"item\":\"https:\/\/demoweb.info\/sexshop001\/tienda\/\"},{\"@type\":\"ListItem\",\"position\":3,\"name\":\"INSPIRE VIBRATING KEGEL EXERCISER\"}]},{\"@type\":\"WebSite\",\"@id\":\"https:\/\/demoweb.info\/sexshop001\/#website\",\"url\":\"https:\/\/demoweb.info\/sexshop001\/\",\"name\":\"Tienda Er\u00f3tica\",\"description\":\"DEMOWEB SL\",\"potentialAction\":[{\"@type\":\"SearchAction\",\"target\":{\"@type\":\"EntryPoint\",\"urlTemplate\":\"https:\/\/demoweb.info\/sexshop001\/?s={search_term_string}\"},\"query-input\":\"required name=search_term_string\"}],\"inLanguage\":\"es\"}]}<\/script>\n<!-- \/ Yoast SEO plugin. -->","yoast_head_json":{"title":"INSPIRE VIBRATING KEGEL EXERCISER - Tienda Er\u00f3tica","robots":{"index":"noindex","follow":"follow","max-snippet":"max-snippet:-1","max-image-preview":"max-image-preview:large","max-video-preview":"max-video-preview:-1"},"og_locale":"es_ES","og_type":"article","og_title":"INSPIRE VIBRATING KEGEL EXERCISER - Tienda Er\u00f3tica","og_description":"INSPIRE VIBRATING KEGEL EXERCISER El Vibrating Kegel Exerciser de la colecci\u00f3n Inspire por Calexotics es un ejercitador Kegel \u00fanico que","og_url":"https:\/\/demoweb.info\/sexshop001\/producto\/inspire-vibrating-kegel-exerciser\/","og_site_name":"Tienda Er\u00f3tica","article_modified_time":"2022-01-22T12:36:12+00:00","og_image":[{"width":550,"height":550,"url":"https:\/\/demoweb.info\/sexshop001\/wp-content\/uploads\/2022\/01\/INSPIRE-VIBRATING-KEGEL-EXERCISER.jpg","type":"image\/jpeg"}],"twitter_card":"summary_large_image","twitter_misc":{"Tiempo de lectura":"1 minuto"},"schema":{"@context":"https:\/\/schema.org","@graph":[{"@type":"WebPage","@id":"https:\/\/demoweb.info\/sexshop001\/producto\/inspire-vibrating-kegel-exerciser\/","url":"https:\/\/demoweb.info\/sexshop001\/producto\/inspire-vibrating-kegel-exerciser\/","name":"INSPIRE VIBRATING KEGEL EXERCISER - Tienda Er\u00f3tica","isPartOf":{"@id":"https:\/\/demoweb.info\/sexshop001\/#website"},"datePublished":"2022-01-22T12:35:54+00:00","dateModified":"2022-01-22T12:36:12+00:00","breadcrumb":{"@id":"https:\/\/demoweb.info\/sexshop001\/producto\/inspire-vibrating-kegel-exerciser\/#breadcrumb"},"inLanguage":"es","potentialAction":[{"@type":"ReadAction","target":["https:\/\/demoweb.info\/sexshop001\/producto\/inspire-vibrating-kegel-exerciser\/"]}]},{"@type":"BreadcrumbList","@id":"https:\/\/demoweb.info\/sexshop001\/producto\/inspire-vibrating-kegel-exerciser\/#breadcrumb","itemListElement":[{"@type":"ListItem","position":1,"name":"Portada","item":"https:\/\/demoweb.info\/sexshop001\/"},{"@type":"ListItem","position":2,"name":"Tienda","item":"https:\/\/demoweb.info\/sexshop001\/tienda\/"},{"@type":"ListItem","position":3,"name":"INSPIRE VIBRATING KEGEL EXERCISER"}]},{"@type":"WebSite","@id":"https:\/\/demoweb.info\/sexshop001\/#website","url":"https:\/\/demoweb.info\/sexshop001\/","name":"Tienda Er\u00f3tica","description":"DEMOWEB SL","potentialAction":[{"@type":"SearchAction","target":{"@type":"EntryPoint","urlTemplate":"https:\/\/demoweb.info\/sexshop001\/?s={search_term_string}"},"query-input":"required name=search_term_string"}],"inLanguage":"es"}]}},"_links":{"self":[{"href":"https:\/\/demoweb.info\/sexshop001\/wp-json\/wp\/v3\/product\/36068","targetHints":{"allow":["GET"]}}],"collection":[{"href":"https:\/\/demoweb.info\/sexshop001\/wp-json\/wp\/v3\/product"}],"about":[{"href":"https:\/\/demoweb.info\/sexshop001\/wp-json\/wp\/v2\/types\/product"}],"replies":[{"embeddable":true,"href":"https:\/\/demoweb.info\/sexshop001\/wp-json\/wp\/v2\/comments?post=36068"}],"wp:featuredmedia":[{"embeddable":true,"href":"https:\/\/demoweb.info\/sexshop001\/wp-json\/wp\/v2\/media\/36069"}],"wp:attachment":[{"href":"https:\/\/demoweb.info\/sexshop001\/wp-json\/wp\/v2\/media?parent=36068"}],"wp:term":[{"taxonomy":"product_cat","embeddable":true,"href":"https:\/\/demoweb.info\/sexshop001\/wp-json\/wp\/v2\/product_cat?post=36068"},{"taxonomy":"product_tag","embeddable":true,"href":"https:\/\/demoweb.info\/sexshop001\/wp-json\/wp\/v2\/product_tag?post=36068"}],"curies":[{"name":"wp","href":"https:\/\/api.w.org\/{rel}","templated":true}]}}